{"id":246,"date":"2026-04-29T08:15:46","date_gmt":"2026-04-29T13:15:46","guid":{"rendered":"https:\/\/blog.utp.edu.co\/unidad-basicas-aplicadas-cdr\/?page_id=246"},"modified":"2026-04-29T08:27:00","modified_gmt":"2026-04-29T13:27:00","slug":"secibad","status":"publish","type":"page","link":"https:\/\/blog.utp.edu.co\/unidad-basicas-aplicadas-cdr\/semilleros\/secibad\/","title":{"rendered":"Semillero de investigaci\u00f3n Ciencias B\u00e1sicas Aplicadas a la Actividad F\u00edsica y el Deporte (SECIBAD)\u00a0"},"content":{"rendered":"\n<div class=\"wp-block-media-text has-media-on-the-right is-stacked-on-mobile\" style=\"grid-template-columns:auto 30%\"><div class=\"wp-block-media-text__content\">\n<p class=\"has-ast-global-color-4-background-color has-background has-medium-font-size\">DESCRIPCI\u00d3N<\/p>\n<\/div><figure class=\"wp-block-media-text__media\"><img loading=\"lazy\" decoding=\"async\" width=\"687\" height=\"1024\" src=\"https:\/\/blog.utp.edu.co\/unidad-basicas-aplicadas-cdr\/files\/2026\/02\/b1c55b7f-fa63-4920-a49b-fc59d2f2bd89-687x1024.jpg\" alt=\"\" class=\"wp-image-229 size-full\" srcset=\"https:\/\/blog.utp.edu.co\/unidad-basicas-aplicadas-cdr\/files\/2026\/02\/b1c55b7f-fa63-4920-a49b-fc59d2f2bd89-687x1024.jpg 687w, https:\/\/blog.utp.edu.co\/unidad-basicas-aplicadas-cdr\/files\/2026\/02\/b1c55b7f-fa63-4920-a49b-fc59d2f2bd89-201x300.jpg 201w, https:\/\/blog.utp.edu.co\/unidad-basicas-aplicadas-cdr\/files\/2026\/02\/b1c55b7f-fa63-4920-a49b-fc59d2f2bd89-768x1144.jpg 768w, https:\/\/blog.utp.edu.co\/unidad-basicas-aplicadas-cdr\/files\/2026\/02\/b1c55b7f-fa63-4920-a49b-fc59d2f2bd89.jpg 784w\" sizes=\"auto, (max-width: 687px) 100vw, 687px\" \/><\/figure><\/div>\n\n\n\n<div class=\"wp-block-columns is-layout-flex wp-container-core-columns-is-layout-28f84493 wp-block-columns-is-layout-flex\">\n<div class=\"wp-block-column is-layout-flow wp-block-column-is-layout-flow\">\n<h6 class=\"wp-block-heading alignwide has-text-align-center has-ast-global-color-1-color has-ast-global-color-4-background-color has-text-color has-background has-link-color has-large-font-size wp-elements-45348e9266c437065358b393a2fee5fb\" style=\"border-style:none;border-width:0px\"><strong>L\u00edneas de Investigaci\u00f3n<\/strong><br><\/h6>\n\n\n\n<h3 class=\"wp-block-heading\">1\u00b0 L\u00ednea<\/h3>\n\n\n\n<p>Escriba ac\u00e1<\/p>\n\n\n\n<h3 class=\"wp-block-heading\">2\u00b0 L\u00ednea <\/h3>\n\n\n\n<p>Escriba Ac\u00e1<\/p>\n\n\n\n<h3 class=\"wp-block-heading\">3\u00b0 L\u00ednea<\/h3>\n\n\n\n<p>Aborda el papel del deporte y la recreaci\u00f3n como herramientas de transformaci\u00f3n social, formaci\u00f3n integral y construcci\u00f3n de bienestar comunitario.<\/p>\n\n\n\n<figure class=\"wp-block-image size-full\"><img loading=\"lazy\" decoding=\"async\" width=\"534\" height=\"338\" src=\"https:\/\/blog.utp.edu.co\/unidad-basicas-aplicadas-cdr\/files\/2025\/11\/cropped-Captura-de-pantalla-2025-10-23-091427-2-1.png\" alt=\"\" class=\"wp-image-73\" srcset=\"https:\/\/blog.utp.edu.co\/unidad-basicas-aplicadas-cdr\/files\/2025\/11\/cropped-Captura-de-pantalla-2025-10-23-091427-2-1.png 534w, https:\/\/blog.utp.edu.co\/unidad-basicas-aplicadas-cdr\/files\/2025\/11\/cropped-Captura-de-pantalla-2025-10-23-091427-2-1-300x190.png 300w\" sizes=\"auto, (max-width: 534px) 100vw, 534px\" \/><\/figure>\n<\/div>\n\n\n\n<div class=\"wp-block-column is-layout-flow wp-block-column-is-layout-flow\">\n<p class=\"has-text-align-right\"><strong>Nombre Docente tutor (lider) de Semillero<br>Titulo<br><\/strong>Correo<\/p>\n\n\n\n<div data-wp-context=\"{ &quot;autoclose&quot;: false, &quot;accordionItems&quot;: [] }\" data-wp-interactive=\"core\/accordion\" role=\"group\" class=\"wp-block-accordion is-layout-flow wp-block-accordion-is-layout-flow\">\n<div data-wp-class--is-open=\"state.isOpen\" data-wp-context=\"{ &quot;id&quot;: &quot;accordion-item-2&quot;, &quot;openByDefault&quot;: false }\" data-wp-init=\"callbacks.initAccordionItems\" data-wp-on-window--hashchange=\"callbacks.hashChange\" class=\"wp-block-accordion-item is-layout-flow wp-block-accordion-item-is-layout-flow\">\n<h3 class=\"wp-block-accordion-heading has-ast-global-color-1-color has-ast-global-color-4-background-color has-text-color has-background has-link-color wp-elements-ef42e81d5d8ecb4cd236f9d9c1acff2d\"><button aria-expanded=\"false\" aria-controls=\"accordion-item-2-panel\" data-wp-bind--aria-expanded=\"state.isOpen\" data-wp-on--click=\"actions.toggle\" data-wp-on--keydown=\"actions.handleKeyDown\" id=\"accordion-item-2\" type=\"button\" class=\"wp-block-accordion-heading__toggle\"><span class=\"wp-block-accordion-heading__toggle-title\">Galer\u00eda<\/span><span class=\"wp-block-accordion-heading__toggle-icon\" aria-hidden=\"true\">+<\/span><\/button><\/h3>\n\n\n\n<div inert aria-labelledby=\"accordion-item-2\" data-wp-bind--inert=\"!state.isOpen\" id=\"accordion-item-2-panel\" role=\"region\" class=\"wp-block-accordion-panel is-layout-flow wp-block-accordion-panel-is-layout-flow\">\n<figure class=\"wp-block-gallery has-nested-images columns-default is-cropped wp-block-gallery-1 is-layout-flex wp-block-gallery-is-layout-flex\"><\/figure>\n<\/div>\n<\/div>\n<\/div>\n\n\n\n<div data-wp-context=\"{ &quot;autoclose&quot;: false, &quot;accordionItems&quot;: [] }\" data-wp-interactive=\"core\/accordion\" role=\"group\" class=\"wp-block-accordion is-layout-flow wp-block-accordion-is-layout-flow\">\n<div data-wp-class--is-open=\"state.isOpen\" data-wp-context=\"{ &quot;id&quot;: &quot;accordion-item-3&quot;, &quot;openByDefault&quot;: false }\" data-wp-init=\"callbacks.initAccordionItems\" data-wp-on-window--hashchange=\"callbacks.hashChange\" class=\"wp-block-accordion-item is-layout-flow wp-block-accordion-item-is-layout-flow\">\n<h3 class=\"wp-block-accordion-heading has-ast-global-color-1-color has-text-color has-link-color wp-elements-46e8214e67455d12268cc22c6822341c\"><button aria-expanded=\"false\" aria-controls=\"accordion-item-3-panel\" data-wp-bind--aria-expanded=\"state.isOpen\" data-wp-on--click=\"actions.toggle\" data-wp-on--keydown=\"actions.handleKeyDown\" id=\"accordion-item-3\" type=\"button\" class=\"wp-block-accordion-heading__toggle\"><span class=\"wp-block-accordion-heading__toggle-title\">Redes e informaci\u00f3n<\/span><span class=\"wp-block-accordion-heading__toggle-icon\" aria-hidden=\"true\">+<\/span><\/button><\/h3>\n\n\n\n<div inert aria-labelledby=\"accordion-item-3\" data-wp-bind--inert=\"!state.isOpen\" id=\"accordion-item-3-panel\" role=\"region\" class=\"wp-block-accordion-panel is-layout-flow wp-block-accordion-panel-is-layout-flow\">\n<p><\/p>\n<\/div>\n<\/div>\n<\/div>\n\n\n\n<figure class=\"wp-block-image alignright size-large\"><img loading=\"lazy\" decoding=\"async\" width=\"687\" height=\"1024\" src=\"https:\/\/blog.utp.edu.co\/unidad-basicas-aplicadas-cdr\/files\/2026\/02\/b1c55b7f-fa63-4920-a49b-fc59d2f2bd89-687x1024.jpg\" alt=\"\" class=\"wp-image-229\" srcset=\"https:\/\/blog.utp.edu.co\/unidad-basicas-aplicadas-cdr\/files\/2026\/02\/b1c55b7f-fa63-4920-a49b-fc59d2f2bd89-687x1024.jpg 687w, https:\/\/blog.utp.edu.co\/unidad-basicas-aplicadas-cdr\/files\/2026\/02\/b1c55b7f-fa63-4920-a49b-fc59d2f2bd89-201x300.jpg 201w, https:\/\/blog.utp.edu.co\/unidad-basicas-aplicadas-cdr\/files\/2026\/02\/b1c55b7f-fa63-4920-a49b-fc59d2f2bd89-768x1144.jpg 768w, https:\/\/blog.utp.edu.co\/unidad-basicas-aplicadas-cdr\/files\/2026\/02\/b1c55b7f-fa63-4920-a49b-fc59d2f2bd89.jpg 784w\" sizes=\"auto, (max-width: 687px) 100vw, 687px\" \/><\/figure>\n<\/div>\n<\/div>\n\n\n\n<p><\/p>\n","protected":false},"excerpt":{"rendered":"<p>DESCRIPCI\u00d3N L\u00edneas de Investigaci\u00f3n 1\u00b0 L\u00ednea Escriba ac\u00e1 2\u00b0 L\u00ednea Escriba Ac\u00e1 3\u00b0 L\u00ednea Aborda el papel del deporte y [&hellip;]<\/p>\n","protected":false},"author":6509,"featured_media":0,"parent":125,"menu_order":0,"comment_status":"closed","ping_status":"closed","template":"","meta":{"site-sidebar-layout":"default","site-content-layout":"","ast-site-content-layout":"normal-width-container","site-content-style":"default","site-sidebar-style":"default","ast-global-header-display":"","ast-banner-title-visibility":"","ast-main-header-display":"","ast-hfb-above-header-display":"","ast-hfb-below-header-display":"","ast-hfb-mobile-header-display":"","site-post-title":"","ast-breadcrumbs-content":"","ast-featured-img":"","footer-sml-layout":"","ast-disable-related-posts":"","theme-transparent-header-meta":"","adv-header-id-meta":"","stick-header-meta":"","header-above-stick-meta":"","header-main-stick-meta":"","header-below-stick-meta":"","astra-migrate-meta-layouts":"default","ast-page-background-enabled":"default","ast-page-background-meta":{"desktop":{"background-color":"var(--ast-global-color-5)","background-image":"","background-repeat":"repeat","background-position":"center center","background-size":"auto","background-attachment":"scroll","background-type":"","background-media":"","overlay-type":"","overlay-color":"","overlay-opacity":"","overlay-gradient":""},"tablet":{"background-color":"","background-image":"","background-repeat":"repeat","background-position":"center center","background-size":"auto","background-attachment":"scroll","background-type":"","background-media":"","overlay-type":"","overlay-color":"","overlay-opacity":"","overlay-gradient":""},"mobile":{"background-color":"","background-image":"","background-repeat":"repeat","background-position":"center center","background-size":"auto","background-attachment":"scroll","background-type":"","background-media":"","overlay-type":"","overlay-color":"","overlay-opacity":"","overlay-gradient":""}},"ast-content-background-meta":{"desktop":{"background-color":"var(--ast-global-color-4)","background-image":"","background-repeat":"repeat","background-position":"center center","background-size":"auto","background-attachment":"scroll","background-type":"","background-media":"","overlay-type":"","overlay-color":"","overlay-opacity":"","overlay-gradient":""},"tablet":{"background-color":"var(--ast-global-color-4)","background-image":"","background-repeat":"repeat","background-position":"center center","background-size":"auto","background-attachment":"scroll","background-type":"","background-media":"","overlay-type":"","overlay-color":"","overlay-opacity":"","overlay-gradient":""},"mobile":{"background-color":"var(--ast-global-color-4)","background-image":"","background-repeat":"repeat","background-position":"center center","background-size":"auto","background-attachment":"scroll","background-type":"","background-media":"","overlay-type":"","overlay-color":"","overlay-opacity":"","overlay-gradient":""}},"footnotes":""},"class_list":["post-246","page","type-page","status-publish","hentry"],"_links":{"self":[{"href":"https:\/\/blog.utp.edu.co\/unidad-basicas-aplicadas-cdr\/wp-json\/wp\/v2\/pages\/246","targetHints":{"allow":["GET"]}}],"collection":[{"href":"https:\/\/blog.utp.edu.co\/unidad-basicas-aplicadas-cdr\/wp-json\/wp\/v2\/pages"}],"about":[{"href":"https:\/\/blog.utp.edu.co\/unidad-basicas-aplicadas-cdr\/wp-json\/wp\/v2\/types\/page"}],"author":[{"embeddable":true,"href":"https:\/\/blog.utp.edu.co\/unidad-basicas-aplicadas-cdr\/wp-json\/wp\/v2\/users\/6509"}],"replies":[{"embeddable":true,"href":"https:\/\/blog.utp.edu.co\/unidad-basicas-aplicadas-cdr\/wp-json\/wp\/v2\/comments?post=246"}],"version-history":[{"count":1,"href":"https:\/\/blog.utp.edu.co\/unidad-basicas-aplicadas-cdr\/wp-json\/wp\/v2\/pages\/246\/revisions"}],"predecessor-version":[{"id":247,"href":"https:\/\/blog.utp.edu.co\/unidad-basicas-aplicadas-cdr\/wp-json\/wp\/v2\/pages\/246\/revisions\/247"}],"up":[{"embeddable":true,"href":"https:\/\/blog.utp.edu.co\/unidad-basicas-aplicadas-cdr\/wp-json\/wp\/v2\/pages\/125"}],"wp:attachment":[{"href":"https:\/\/blog.utp.edu.co\/unidad-basicas-aplicadas-cdr\/wp-json\/wp\/v2\/media?parent=246"}],"curies":[{"name":"wp","href":"https:\/\/api.w.org\/{rel}","templated":true}]}}