{"id":21,"date":"2025-11-12T10:05:45","date_gmt":"2025-11-12T15:05:45","guid":{"rendered":"https:\/\/blog.utp.edu.co\/unidad-basicas-aplicadas-cdr\/?page_id=21"},"modified":"2026-02-17T08:54:39","modified_gmt":"2026-02-17T13:54:39","slug":"inicio","status":"publish","type":"page","link":"https:\/\/blog.utp.edu.co\/unidad-basicas-aplicadas-cdr\/","title":{"rendered":"inicio"},"content":{"rendered":"\n<div class=\"wp-block-columns alignwide is-layout-flex wp-container-core-columns-is-layout-d2da2050 wp-block-columns-is-layout-flex\" style=\"margin-bottom:0\">\n<div class=\"wp-block-column has-white-color has-vivid-cyan-blue-background-color has-text-color has-background has-link-color wp-elements-ae3251e871b00c4a088657bd5d1b2330 is-layout-flow wp-block-column-is-layout-flow\" style=\"padding-top:2em;padding-right:2em;padding-bottom:2em;padding-left:2em\">\n<h2 class=\"wp-block-heading has-text-align-center has-white-color has-text-color has-link-color wp-elements-27acf0267448b420da26bc6d7806c031\" id=\"single\" style=\"font-size:36px\"><strong>Asignaturas<\/strong><\/h2>\n\n\n\n<p class=\"has-text-align-center\" style=\"margin-top:var(--wp--preset--spacing--40);margin-bottom:var(--wp--preset--spacing--40);font-size:18px;line-height:1.5\"><strong>Semestre 2026-1<\/strong><\/p>\n\n\n\n<hr class=\"wp-block-separator has-text-color has-white-color has-alpha-channel-opacity has-white-background-color has-background is-style-wide\" style=\"margin-top:3rem;margin-bottom:3rem\" \/>\n\n\n\n<ul style=\"font-size:20px\" class=\"wp-block-list has-ast-global-color-4-color has-text-color has-link-color wp-elements-7975a1d7d1e2db055de1e5d55eeccc17\">\n<li><strong>Horarios<\/strong><\/li>\n\n\n\n<li><strong>Malla curricular<\/strong><\/li>\n\n\n\n<li><strong>Pr\u00e1cticas y Rotaciones<\/strong><\/li>\n<\/ul>\n\n\n\n<p><\/p>\n\n\n\n<p><\/p>\n\n\n\n<div class=\"wp-block-buttons alignfull is-horizontal is-content-justification-center is-layout-flex wp-container-core-buttons-is-layout-03627597 wp-block-buttons-is-layout-flex\">\n<div class=\"wp-block-button has-custom-width wp-block-button__width-100\"><a class=\"wp-block-button__link has-white-color has-text-color has-background no-border-radius wp-element-button\" href=\"https:\/\/blog.utp.edu.co\/unidad-basicas-aplicadas-cdr\/asignaturas\/\" style=\"background-color:#000000\">Ver m\u00e1s [+]<\/a><\/div>\n<\/div>\n<\/div>\n\n\n\n<div class=\"wp-block-column has-white-color has-ast-global-color-0-background-color has-text-color has-background has-link-color wp-elements-45edba2d86e853098ac24936d9028783 is-layout-flow wp-block-column-is-layout-flow\" style=\"padding-top:2em;padding-right:2em;padding-bottom:2em;padding-left:2em\">\n<h2 class=\"wp-block-heading has-text-align-center has-ast-global-color-4-color has-text-color has-link-color wp-elements-e48dea7e89de6f28ce3ea02015422151\" id=\"family\" style=\"font-size:33px\"><strong>Semilleros<\/strong> de Investigaci\u00f3n<\/h2>\n\n\n\n<p class=\"has-normal-font-size\" style=\"line-height:1.5\"><strong>Informaci\u00f3n de  las exposiciones especiales.<\/strong><\/p>\n\n\n\n<hr class=\"wp-block-separator has-css-opacity is-style-wide\" style=\"margin-top:56px;margin-bottom:56px\" \/>\n\n\n\n<ul class=\"wp-block-list has-normal-font-size\">\n<li><strong>Semillero de investigaci\u00f3n Promoci\u00f3n y Desarrollo de la Actividad F\u00edsica&nbsp; PRODAF<\/strong><\/li>\n\n\n\n<li><strong>Semillero de investigaci\u00f3n de Ciencias B\u00e1sicas Aplicadas a la Actividad F\u00edsica y el Deporte SECIBAD<\/strong><\/li>\n\n\n\n<li><strong>Biolog\u00eda aplicada al Deporte<\/strong> BIODEP<\/li>\n<\/ul>\n\n\n\n<div class=\"wp-block-buttons alignfull is-horizontal is-content-justification-center is-layout-flex wp-container-core-buttons-is-layout-03627597 wp-block-buttons-is-layout-flex\">\n<div class=\"wp-block-button has-custom-width wp-block-button__width-100 is-style-fill\"><a class=\"wp-block-button__link has-white-color has-text-color has-background no-border-radius wp-element-button\" href=\"https:\/\/blog.utp.edu.co\/unidad-basicas-aplicadas-cdr\/wp-admin\/post.php?post=125&amp;action=edit\" style=\"background-color:#000000\">Ver m\u00e1s [+]<\/a><\/div>\n<\/div>\n<\/div>\n\n\n\n<div class=\"wp-block-column has-white-color has-ast-global-color-1-background-color has-text-color has-background has-link-color wp-elements-60c111fb89d918d3216026e1683174ab is-layout-flow wp-block-column-is-layout-flow\" style=\"padding-top:2em;padding-right:2em;padding-bottom:2em;padding-left:2em\">\n<h2 class=\"wp-block-heading has-text-align-center has-ast-global-color-4-color has-text-color has-link-color wp-elements-d9b577de3e3e259f0be7c478d7eafa00\" id=\"patron\" style=\"margin-top:0;margin-bottom:0;font-size:33px\"><strong>Eventos de la Unidad<\/strong><\/h2>\n\n\n\n<p class=\"has-normal-font-size\"><strong>Seminarios, Simposios, Congresos, Talleres, Coloquios m\u00e1s!<\/strong><\/p>\n\n\n\n<hr class=\"wp-block-separator has-css-opacity is-style-wide\" style=\"margin-top:0rem;margin-bottom:0rem\" \/>\n\n\n\n<ul style=\"font-size:17px\" class=\"wp-block-list\">\n<li><strong>Entrada general y descuentos de miembro para dos adultos<\/strong><\/li>\n\n\n\n<li><strong>Cinco entradas gratuitas por exposici\u00f3n especial<\/strong><\/li>\n\n\n\n<li><strong>Seis pases de un solo uso para invitados por a\u00f1o<\/strong><\/li>\n<\/ul>\n\n\n\n<p><\/p>\n\n\n\n<div class=\"wp-block-buttons alignfull is-horizontal is-content-justification-center is-layout-flex wp-container-core-buttons-is-layout-03627597 wp-block-buttons-is-layout-flex\">\n<div class=\"wp-block-button has-custom-width wp-block-button__width-100\"><a class=\"wp-block-button__link has-white-color has-text-color has-background no-border-radius wp-element-button\" href=\"https:\/\/blog.utp.edu.co\/unidad-basicas-aplicadas-cdr\/eventos-academicos\/\" style=\"background-color:#000000\">Ver m\u00e1s [+]<\/a><\/div>\n<\/div>\n<\/div>\n<\/div>\n\n\n\n<div class=\"wp-block-media-text is-stacked-on-mobile is-vertically-aligned-center\" style=\"grid-template-columns:41% auto\"><figure class=\"wp-block-media-text__media\"><img loading=\"lazy\" decoding=\"async\" width=\"512\" height=\"512\" src=\"https:\/\/blog.utp.edu.co\/unidad-basicas-aplicadas-cdr\/files\/2025\/11\/cropped-Captura-de-pantalla-2025-10-23-091427-2.png\" alt=\"\" class=\"wp-image-10 size-full\" srcset=\"https:\/\/blog.utp.edu.co\/unidad-basicas-aplicadas-cdr\/files\/2025\/11\/cropped-Captura-de-pantalla-2025-10-23-091427-2.png 512w, https:\/\/blog.utp.edu.co\/unidad-basicas-aplicadas-cdr\/files\/2025\/11\/cropped-Captura-de-pantalla-2025-10-23-091427-2-300x300.png 300w, https:\/\/blog.utp.edu.co\/unidad-basicas-aplicadas-cdr\/files\/2025\/11\/cropped-Captura-de-pantalla-2025-10-23-091427-2-150x150.png 150w, https:\/\/blog.utp.edu.co\/unidad-basicas-aplicadas-cdr\/files\/2025\/11\/cropped-Captura-de-pantalla-2025-10-23-091427-2-370x370.png 370w, https:\/\/blog.utp.edu.co\/unidad-basicas-aplicadas-cdr\/files\/2025\/11\/cropped-Captura-de-pantalla-2025-10-23-091427-2-270x270.png 270w, https:\/\/blog.utp.edu.co\/unidad-basicas-aplicadas-cdr\/files\/2025\/11\/cropped-Captura-de-pantalla-2025-10-23-091427-2-192x192.png 192w, https:\/\/blog.utp.edu.co\/unidad-basicas-aplicadas-cdr\/files\/2025\/11\/cropped-Captura-de-pantalla-2025-10-23-091427-2-180x180.png 180w, https:\/\/blog.utp.edu.co\/unidad-basicas-aplicadas-cdr\/files\/2025\/11\/cropped-Captura-de-pantalla-2025-10-23-091427-2-32x32.png 32w\" sizes=\"auto, (max-width: 512px) 100vw, 512px\" \/><\/figure><div class=\"wp-block-media-text__content\">\n<p><\/p>\n\n\n\n<p><\/p>\n\n\n\n<p class=\"has-text-align-center has-medium-font-size\"><strong>De acuerdo al PEP mas actualizado (proyecto<\/strong><br><strong>educativo del programa), somos el campo saberes<\/strong><br><strong>que profundiza en elementos conceptuales a nivel<\/strong><br><strong>Biol\u00f3gico,\u00a0Psicol\u00f3gicos\u00a0y de\u00a0Salud, que cuenta con<\/strong><br><strong>cursos acad\u00e9micos enfocados en el conocimiento<\/strong><br><strong>del ser humano en sus dimensiones biol\u00f3gicas y<\/strong><br><strong>psicol\u00f3gicas, as\u00ed como el estudio, impacto y<\/strong><br><strong>comprensi\u00f3n de los fen\u00f3menos de la actividad<\/strong><br><strong>f\u00edsica, el deporte y la recreaci\u00f3n en los seres humanos.<\/strong><br><\/p>\n\n\n\n<figure class=\"wp-block-image alignright size-full\"><img loading=\"lazy\" decoding=\"async\" width=\"277\" height=\"98\" src=\"https:\/\/blog.utp.edu.co\/unidad-basicas-aplicadas-cdr\/files\/2025\/11\/image-3.png\" alt=\"\" class=\"wp-image-98\" \/><\/figure>\n<\/div><\/div>\n\n\n\n<div class=\"wp-block-media-text has-media-on-the-right is-stacked-on-mobile\" style=\"margin-top:0;margin-right:0;margin-bottom:0;margin-left:0;grid-template-columns:auto 31%\"><div class=\"wp-block-media-text__content\">\n<figure class=\"wp-block-image size-large is-resized\"><img loading=\"lazy\" decoding=\"async\" width=\"1024\" height=\"198\" src=\"https:\/\/blog.utp.edu.co\/unidad-basicas-aplicadas-cdr\/files\/2025\/11\/LOGO-UTP-Y-FACULTAD-COLOR-FACULTAD-1024x198.png\" alt=\"\" class=\"wp-image-81\" style=\"aspect-ratio:5.172183322724379;width:641px;height:auto\" srcset=\"https:\/\/blog.utp.edu.co\/unidad-basicas-aplicadas-cdr\/files\/2025\/11\/LOGO-UTP-Y-FACULTAD-COLOR-FACULTAD-1024x198.png 1024w, https:\/\/blog.utp.edu.co\/unidad-basicas-aplicadas-cdr\/files\/2025\/11\/LOGO-UTP-Y-FACULTAD-COLOR-FACULTAD-300x58.png 300w, https:\/\/blog.utp.edu.co\/unidad-basicas-aplicadas-cdr\/files\/2025\/11\/LOGO-UTP-Y-FACULTAD-COLOR-FACULTAD-768x148.png 768w, https:\/\/blog.utp.edu.co\/unidad-basicas-aplicadas-cdr\/files\/2025\/11\/LOGO-UTP-Y-FACULTAD-COLOR-FACULTAD-1536x297.png 1536w, https:\/\/blog.utp.edu.co\/unidad-basicas-aplicadas-cdr\/files\/2025\/11\/LOGO-UTP-Y-FACULTAD-COLOR-FACULTAD-2048x396.png 2048w\" sizes=\"auto, (max-width: 1024px) 100vw, 1024px\" \/><\/figure>\n<\/div><figure class=\"wp-block-media-text__media\"><img loading=\"lazy\" decoding=\"async\" width=\"294\" height=\"171\" src=\"https:\/\/blog.utp.edu.co\/unidad-basicas-aplicadas-cdr\/files\/2025\/11\/Facultad-CIencias-de-la-Salud-2.png\" alt=\"\" class=\"wp-image-90 size-full\" \/><\/figure><\/div>\n\n\n\n<div class=\"wp-block-buttons is-content-justification-center is-layout-flex wp-container-core-buttons-is-layout-a89b3969 wp-block-buttons-is-layout-flex\">\n<div class=\"wp-block-button\"><a class=\"wp-block-button__link has-black-background-color has-background wp-element-button\" href=\"https:\/\/maps.app.goo.gl\/mxyfG6TP2XqffWES9\">Ubicaci\u00f3n en Maps &#8211; Ver m\u00e1s [+]<\/a><\/div>\n<\/div>\n\n\n\n<p><\/p>\n","protected":false},"excerpt":{"rendered":"<p>Asignaturas Semestre 2026-1 Semilleros de Investigaci\u00f3n Informaci\u00f3n de las exposiciones especiales. Eventos de la Unidad Seminarios, Simposios, Congresos, Talleres, Coloquios [&hellip;]<\/p>\n","protected":false},"author":3281,"featured_media":0,"parent":0,"menu_order":0,"comment_status":"closed","ping_status":"closed","template":"","meta":{"site-sidebar-layout":"default","site-content-layout":"","ast-site-content-layout":"default","site-content-style":"default","site-sidebar-style":"default","ast-global-header-display":"","ast-banner-title-visibility":"","ast-main-header-display":"","ast-hfb-above-header-display":"","ast-hfb-below-header-display":"","ast-hfb-mobile-header-display":"","site-post-title":"disabled","ast-breadcrumbs-content":"","ast-featured-img":"","footer-sml-layout":"","ast-disable-related-posts":"","theme-transparent-header-meta":"","adv-header-id-meta":"","stick-header-meta":"","header-above-stick-meta":"","header-main-stick-meta":"","header-below-stick-meta":"","astra-migrate-meta-layouts":"default","ast-page-background-enabled":"default","ast-page-background-meta":{"desktop":{"background-color":"var(--ast-global-color-5)","background-image":"","background-repeat":"repeat","background-position":"center center","background-size":"auto","background-attachment":"scroll","background-type":"","background-media":"","overlay-type":"","overlay-color":"","overlay-opacity":"","overlay-gradient":""},"tablet":{"background-color":"","background-image":"","background-repeat":"repeat","background-position":"center center","background-size":"auto","background-attachment":"scroll","background-type":"","background-media":"","overlay-type":"","overlay-color":"","overlay-opacity":"","overlay-gradient":""},"mobile":{"background-color":"","background-image":"","background-repeat":"repeat","background-position":"center center","background-size":"auto","background-attachment":"scroll","background-type":"","background-media":"","overlay-type":"","overlay-color":"","overlay-opacity":"","overlay-gradient":""}},"ast-content-background-meta":{"desktop":{"background-color":"var(--ast-global-color-4)","background-image":"","background-repeat":"repeat","background-position":"center center","background-size":"auto","background-attachment":"scroll","background-type":"","background-media":"","overlay-type":"","overlay-color":"","overlay-opacity":"","overlay-gradient":""},"tablet":{"background-color":"var(--ast-global-color-4)","background-image":"","background-repeat":"repeat","background-position":"center center","background-size":"auto","background-attachment":"scroll","background-type":"","background-media":"","overlay-type":"","overlay-color":"","overlay-opacity":"","overlay-gradient":""},"mobile":{"background-color":"var(--ast-global-color-4)","background-image":"","background-repeat":"repeat","background-position":"center center","background-size":"auto","background-attachment":"scroll","background-type":"","background-media":"","overlay-type":"","overlay-color":"","overlay-opacity":"","overlay-gradient":""}},"footnotes":""},"class_list":["post-21","page","type-page","status-publish","hentry"],"_links":{"self":[{"href":"https:\/\/blog.utp.edu.co\/unidad-basicas-aplicadas-cdr\/wp-json\/wp\/v2\/pages\/21","targetHints":{"allow":["GET"]}}],"collection":[{"href":"https:\/\/blog.utp.edu.co\/unidad-basicas-aplicadas-cdr\/wp-json\/wp\/v2\/pages"}],"about":[{"href":"https:\/\/blog.utp.edu.co\/unidad-basicas-aplicadas-cdr\/wp-json\/wp\/v2\/types\/page"}],"author":[{"embeddable":true,"href":"https:\/\/blog.utp.edu.co\/unidad-basicas-aplicadas-cdr\/wp-json\/wp\/v2\/users\/3281"}],"replies":[{"embeddable":true,"href":"https:\/\/blog.utp.edu.co\/unidad-basicas-aplicadas-cdr\/wp-json\/wp\/v2\/comments?post=21"}],"version-history":[{"count":24,"href":"https:\/\/blog.utp.edu.co\/unidad-basicas-aplicadas-cdr\/wp-json\/wp\/v2\/pages\/21\/revisions"}],"predecessor-version":[{"id":217,"href":"https:\/\/blog.utp.edu.co\/unidad-basicas-aplicadas-cdr\/wp-json\/wp\/v2\/pages\/21\/revisions\/217"}],"wp:attachment":[{"href":"https:\/\/blog.utp.edu.co\/unidad-basicas-aplicadas-cdr\/wp-json\/wp\/v2\/media?parent=21"}],"curies":[{"name":"wp","href":"https:\/\/api.w.org\/{rel}","templated":true}]}}