{"id":151,"date":"2025-11-24T15:35:11","date_gmt":"2025-11-24T20:35:11","guid":{"rendered":"https:\/\/blog.utp.edu.co\/unidad-basicas-aplicadas-cdr\/?page_id=151"},"modified":"2026-04-06T13:43:58","modified_gmt":"2026-04-06T18:43:58","slug":"eventos-academicos","status":"publish","type":"page","link":"https:\/\/blog.utp.edu.co\/unidad-basicas-aplicadas-cdr\/inicio\/eventos-academicos\/","title":{"rendered":"Eventos Acad\u00e9micos"},"content":{"rendered":"\n<p class=\"has-black-color has-text-color has-link-color wp-elements-9ac00cf961d1ea846fe5a532228b76c6\"><\/p>\n\n\n\n<div class=\"wp-block-columns are-vertically-aligned-top is-layout-flex wp-container-core-columns-is-layout-28f84493 wp-block-columns-is-layout-flex\">\n<div class=\"wp-block-column is-vertically-aligned-top is-layout-flow wp-block-column-is-layout-flow\">\n<figure class=\"wp-block-gallery has-nested-images columns-default is-cropped wp-block-gallery-1 is-layout-flex wp-block-gallery-is-layout-flex\">\n<figure class=\"wp-block-image size-large has-custom-border wp-duotone-midnight\"><img loading=\"lazy\" decoding=\"async\" width=\"784\" height=\"784\" data-id=\"239\" src=\"https:\/\/blog.utp.edu.co\/unidad-basicas-aplicadas-cdr\/files\/2026\/04\/Simposios-Blog-UTP-1-edited.jpg\" alt=\"\" class=\"wp-image-239\" style=\"border-width:19px;border-top-left-radius:100px;border-top-right-radius:100px;border-bottom-left-radius:100px;border-bottom-right-radius:100px\" srcset=\"https:\/\/blog.utp.edu.co\/unidad-basicas-aplicadas-cdr\/files\/2026\/04\/Simposios-Blog-UTP-1-edited.jpg 784w, https:\/\/blog.utp.edu.co\/unidad-basicas-aplicadas-cdr\/files\/2026\/04\/Simposios-Blog-UTP-1-edited-300x300.jpg 300w, https:\/\/blog.utp.edu.co\/unidad-basicas-aplicadas-cdr\/files\/2026\/04\/Simposios-Blog-UTP-1-edited-150x150.jpg 150w, https:\/\/blog.utp.edu.co\/unidad-basicas-aplicadas-cdr\/files\/2026\/04\/Simposios-Blog-UTP-1-edited-768x768.jpg 768w\" sizes=\"auto, (max-width: 784px) 100vw, 784px\" \/><\/figure>\n<\/figure>\n<\/div>\n\n\n\n<div class=\"wp-block-column is-vertically-aligned-top is-layout-flow wp-block-column-is-layout-flow\">\n<figure class=\"wp-block-image size-large has-custom-border\" style=\"margin-top:0;margin-bottom:0\"><img loading=\"lazy\" decoding=\"async\" width=\"784\" height=\"784\" src=\"https:\/\/blog.utp.edu.co\/unidad-basicas-aplicadas-cdr\/files\/2026\/04\/Encuentros-de-Semilleros-Blog-UTP-edited.jpg\" alt=\"\" class=\"wp-image-240\" style=\"border-width:19px;border-top-left-radius:100px;border-top-right-radius:100px;border-bottom-left-radius:100px;border-bottom-right-radius:100px\" srcset=\"https:\/\/blog.utp.edu.co\/unidad-basicas-aplicadas-cdr\/files\/2026\/04\/Encuentros-de-Semilleros-Blog-UTP-edited.jpg 784w, https:\/\/blog.utp.edu.co\/unidad-basicas-aplicadas-cdr\/files\/2026\/04\/Encuentros-de-Semilleros-Blog-UTP-edited-300x300.jpg 300w, https:\/\/blog.utp.edu.co\/unidad-basicas-aplicadas-cdr\/files\/2026\/04\/Encuentros-de-Semilleros-Blog-UTP-edited-150x150.jpg 150w, https:\/\/blog.utp.edu.co\/unidad-basicas-aplicadas-cdr\/files\/2026\/04\/Encuentros-de-Semilleros-Blog-UTP-edited-768x768.jpg 768w\" sizes=\"auto, (max-width: 784px) 100vw, 784px\" \/><\/figure>\n<\/div>\n<\/div>\n\n\n\n<div class=\"wp-block-columns is-layout-flex wp-container-core-columns-is-layout-28f84493 wp-block-columns-is-layout-flex\">\n<div class=\"wp-block-column is-layout-flow wp-block-column-is-layout-flow\">\n<div class=\"wp-block-columns is-layout-flex wp-container-core-columns-is-layout-28f84493 wp-block-columns-is-layout-flex\">\n<div class=\"wp-block-column is-layout-flow wp-block-column-is-layout-flow\" style=\"flex-basis:100%\">\n<details class=\"wp-block-details alignwide has-ast-global-color-1-color has-text-color has-link-color has-large-font-size wp-elements-094b711e8cbb25f685176463f381d624 is-layout-flow wp-container-core-details-is-layout-8a368f38 wp-block-details-is-layout-flow\" style=\"font-style:normal;font-weight:700\"><summary>Simposios<\/summary>\n<p class=\"has-ast-global-color-6-color has-text-color has-link-color has-medium-font-size wp-elements-13201a1dbcd0e6413860e4d9dec52e65\">Espacios acad\u00e9micos para la divulgaci\u00f3n cient\u00edfica, donde se comparten avances en investigaci\u00f3n y conocimiento aplicado al deporte y la salud.<\/p>\n<\/details>\n<\/div>\n<\/div>\n<\/div>\n\n\n\n<div class=\"wp-block-column is-layout-flow wp-block-column-is-layout-flow\">\n<details class=\"wp-block-details has-ast-global-color-1-color has-text-color has-link-color has-large-font-size wp-elements-6e21714849e589f548d5c722ffa9a1c0 is-layout-flow wp-container-core-details-is-layout-8a368f38 wp-block-details-is-layout-flow\" style=\"font-style:normal;font-weight:700\"><summary>Encuentros de Semilleros<\/summary>\n<p class=\"has-ast-global-color-6-color has-text-color has-link-color has-medium-font-size wp-elements-4052b922386300a230da0acf76d0e051\" style=\"border-style:none;border-width:0px\">Escenarios de participaci\u00f3n estudiantil donde los semilleros presentan proyectos, fortaleciendo la investigaci\u00f3n formativa.<\/p>\n<\/details>\n<\/div>\n<\/div>\n\n\n\n<div class=\"wp-block-cover alignwide\"><img loading=\"lazy\" decoding=\"async\" width=\"1024\" height=\"683\" class=\"wp-block-cover__image-background wp-image-241\" alt=\"\" src=\"https:\/\/blog.utp.edu.co\/unidad-basicas-aplicadas-cdr\/files\/2026\/04\/Sala-de-conferencia-universitaria-moderna-1024x683.png\" data-object-fit=\"cover\" srcset=\"https:\/\/blog.utp.edu.co\/unidad-basicas-aplicadas-cdr\/files\/2026\/04\/Sala-de-conferencia-universitaria-moderna-1024x683.png 1024w, https:\/\/blog.utp.edu.co\/unidad-basicas-aplicadas-cdr\/files\/2026\/04\/Sala-de-conferencia-universitaria-moderna-300x200.png 300w, https:\/\/blog.utp.edu.co\/unidad-basicas-aplicadas-cdr\/files\/2026\/04\/Sala-de-conferencia-universitaria-moderna-768x512.png 768w, https:\/\/blog.utp.edu.co\/unidad-basicas-aplicadas-cdr\/files\/2026\/04\/Sala-de-conferencia-universitaria-moderna.png 1536w\" sizes=\"auto, (max-width: 1024px) 100vw, 1024px\" \/><span aria-hidden=\"true\" class=\"wp-block-cover__background has-background-dim\"><\/span><div class=\"wp-block-cover__inner-container is-layout-flow wp-block-cover-is-layout-flow\">\n<p class=\"has-text-align-left has-ast-global-color-4-color has-text-color has-link-color has-large-font-size wp-elements-ef328fee319e76500447d63179394574\" style=\"border-style:none;border-width:0px;border-top-left-radius:0px;border-top-right-radius:0px;border-bottom-left-radius:0px;border-bottom-right-radius:0px;margin-top:0;margin-right:0;margin-bottom:0;margin-left:0\">Pr\u00f3ximo evento destacado \ud83c\udfaf<\/p>\n\n\n<div style=\"font-style:normal;font-weight:800;\" class=\"evento-destacado wp-elements-c866eede40f98cee22daf010eaa0c665 wp-block-calendar has-small-font-size\"><table id=\"wp-calendar\" class=\"wp-calendar-table has-text-color has-ast-global-color-1-color has-background has-white-background-color has-link-color\">\n\t<caption>abril 2026<\/caption>\n\t<thead>\n\t<tr>\n\t\t<th scope=\"col\" aria-label=\"lunes\">L<\/th>\n\t\t<th scope=\"col\" aria-label=\"martes\">M<\/th>\n\t\t<th scope=\"col\" aria-label=\"mi\u00e9rcoles\">X<\/th>\n\t\t<th scope=\"col\" aria-label=\"jueves\">J<\/th>\n\t\t<th scope=\"col\" aria-label=\"viernes\">V<\/th>\n\t\t<th scope=\"col\" aria-label=\"s\u00e1bado\">S<\/th>\n\t\t<th scope=\"col\" aria-label=\"domingo\">D<\/th>\n\t<\/tr>\n\t<\/thead>\n\t<tbody>\n\t<tr>\n\t\t<td colspan=\"2\" class=\"pad\">&nbsp;<\/td><td>1<\/td><td>2<\/td><td>3<\/td><td>4<\/td><td>5<\/td>\n\t<\/tr>\n\t<tr>\n\t\t<td>6<\/td><td>7<\/td><td>8<\/td><td>9<\/td><td>10<\/td><td>11<\/td><td id=\"today\">12<\/td>\n\t<\/tr>\n\t<tr>\n\t\t<td>13<\/td><td>14<\/td><td>15<\/td><td>16<\/td><td>17<\/td><td>18<\/td><td>19<\/td>\n\t<\/tr>\n\t<tr>\n\t\t<td>20<\/td><td>21<\/td><td>22<\/td><td>23<\/td><td>24<\/td><td>25<\/td><td>26<\/td>\n\t<\/tr>\n\t<tr>\n\t\t<td>27<\/td><td>28<\/td><td>29<\/td><td>30<\/td>\n\t\t<td class=\"pad\" colspan=\"3\">&nbsp;<\/td>\n\t<\/tr>\n\t<\/tbody>\n\t<\/table><nav aria-label=\"Meses anteriores y posteriores\" class=\"wp-calendar-nav\">\n\t\t<span class=\"wp-calendar-nav-prev\"><a href=\"https:\/\/blog.utp.edu.co\/unidad-basicas-aplicadas-cdr\/2025\/11\/\">&laquo; Nov<\/a><\/span>\n\t\t<span class=\"pad\">&nbsp;<\/span>\n\t\t<span class=\"wp-calendar-nav-next\">&nbsp;<\/span>\n\t<\/nav><\/div><\/div><\/div>\n\n\n\n<p><\/p>\n","protected":false},"excerpt":{"rendered":"","protected":false},"author":6509,"featured_media":0,"parent":21,"menu_order":0,"comment_status":"closed","ping_status":"closed","template":"","meta":{"site-sidebar-layout":"default","site-content-layout":"","ast-site-content-layout":"default","site-content-style":"default","site-sidebar-style":"default","ast-global-header-display":"","ast-banner-title-visibility":"","ast-main-header-display":"","ast-hfb-above-header-display":"","ast-hfb-below-header-display":"","ast-hfb-mobile-header-display":"","site-post-title":"","ast-breadcrumbs-content":"","ast-featured-img":"","footer-sml-layout":"","ast-disable-related-posts":"","theme-transparent-header-meta":"","adv-header-id-meta":"","stick-header-meta":"","header-above-stick-meta":"","header-main-stick-meta":"","header-below-stick-meta":"","astra-migrate-meta-layouts":"default","ast-page-background-enabled":"default","ast-page-background-meta":{"desktop":{"background-color":"var(--ast-global-color-5)","background-image":"","background-repeat":"repeat","background-position":"center center","background-size":"auto","background-attachment":"scroll","background-type":"","background-media":"","overlay-type":"","overlay-color":"","overlay-opacity":"","overlay-gradient":""},"tablet":{"background-color":"","background-image":"","background-repeat":"repeat","background-position":"center center","background-size":"auto","background-attachment":"scroll","background-type":"","background-media":"","overlay-type":"","overlay-color":"","overlay-opacity":"","overlay-gradient":""},"mobile":{"background-color":"","background-image":"","background-repeat":"repeat","background-position":"center center","background-size":"auto","background-attachment":"scroll","background-type":"","background-media":"","overlay-type":"","overlay-color":"","overlay-opacity":"","overlay-gradient":""}},"ast-content-background-meta":{"desktop":{"background-color":"var(--ast-global-color-4)","background-image":"","background-repeat":"repeat","background-position":"center center","background-size":"auto","background-attachment":"scroll","background-type":"","background-media":"","overlay-type":"","overlay-color":"","overlay-opacity":"","overlay-gradient":""},"tablet":{"background-color":"var(--ast-global-color-4)","background-image":"","background-repeat":"repeat","background-position":"center center","background-size":"auto","background-attachment":"scroll","background-type":"","background-media":"","overlay-type":"","overlay-color":"","overlay-opacity":"","overlay-gradient":""},"mobile":{"background-color":"var(--ast-global-color-4)","background-image":"","background-repeat":"repeat","background-position":"center center","background-size":"auto","background-attachment":"scroll","background-type":"","background-media":"","overlay-type":"","overlay-color":"","overlay-opacity":"","overlay-gradient":""}},"footnotes":""},"class_list":["post-151","page","type-page","status-publish","hentry"],"_links":{"self":[{"href":"https:\/\/blog.utp.edu.co\/unidad-basicas-aplicadas-cdr\/wp-json\/wp\/v2\/pages\/151","targetHints":{"allow":["GET"]}}],"collection":[{"href":"https:\/\/blog.utp.edu.co\/unidad-basicas-aplicadas-cdr\/wp-json\/wp\/v2\/pages"}],"about":[{"href":"https:\/\/blog.utp.edu.co\/unidad-basicas-aplicadas-cdr\/wp-json\/wp\/v2\/types\/page"}],"author":[{"embeddable":true,"href":"https:\/\/blog.utp.edu.co\/unidad-basicas-aplicadas-cdr\/wp-json\/wp\/v2\/users\/6509"}],"replies":[{"embeddable":true,"href":"https:\/\/blog.utp.edu.co\/unidad-basicas-aplicadas-cdr\/wp-json\/wp\/v2\/comments?post=151"}],"version-history":[{"count":5,"href":"https:\/\/blog.utp.edu.co\/unidad-basicas-aplicadas-cdr\/wp-json\/wp\/v2\/pages\/151\/revisions"}],"predecessor-version":[{"id":244,"href":"https:\/\/blog.utp.edu.co\/unidad-basicas-aplicadas-cdr\/wp-json\/wp\/v2\/pages\/151\/revisions\/244"}],"up":[{"embeddable":true,"href":"https:\/\/blog.utp.edu.co\/unidad-basicas-aplicadas-cdr\/wp-json\/wp\/v2\/pages\/21"}],"wp:attachment":[{"href":"https:\/\/blog.utp.edu.co\/unidad-basicas-aplicadas-cdr\/wp-json\/wp\/v2\/media?parent=151"}],"curies":[{"name":"wp","href":"https:\/\/api.w.org\/{rel}","templated":true}]}}