{"id":125,"date":"2025-11-19T10:13:30","date_gmt":"2025-11-19T15:13:30","guid":{"rendered":"https:\/\/blog.utp.edu.co\/unidad-basicas-aplicadas-cdr\/?page_id=125"},"modified":"2026-02-23T11:58:48","modified_gmt":"2026-02-23T16:58:48","slug":"semilleros","status":"publish","type":"page","link":"https:\/\/blog.utp.edu.co\/unidad-basicas-aplicadas-cdr\/semilleros\/","title":{"rendered":"Semilleros de Investigaci\u00f3n"},"content":{"rendered":"\n<h2 class=\"wp-block-heading has-text-align-center has-large-font-size\">! Aqu\u00ed encontrar\u00e1s toda la informaci\u00f3n relacionada a los Semilleros de la Unidad de B\u00e1sicas y Aplicadas CDR \u00a1<\/h2>\n\n\n\n<div class=\"wp-block-columns is-layout-flex wp-container-core-columns-is-layout-7503d02c wp-block-columns-is-layout-flex\" style=\"border-style:none;border-width:0px\">\n<div class=\"wp-block-column is-layout-flow wp-block-column-is-layout-flow\" style=\"padding-top:var(--wp--preset--spacing--80);padding-bottom:var(--wp--preset--spacing--80)\">\n<div class=\"wp-block-cover is-light wp-duotone-000000-rgb037255-1\" style=\"padding-right:0;padding-left:0\"><img loading=\"lazy\" decoding=\"async\" width=\"1024\" height=\"687\" class=\"wp-block-cover__image-background wp-image-127 size-large\" alt=\"\" src=\"https:\/\/blog.utp.edu.co\/unidad-basicas-aplicadas-cdr\/files\/2025\/11\/Semillero-1-1024x687.jpg\" data-object-fit=\"cover\" srcset=\"https:\/\/blog.utp.edu.co\/unidad-basicas-aplicadas-cdr\/files\/2025\/11\/Semillero-1-1024x687.jpg 1024w, https:\/\/blog.utp.edu.co\/unidad-basicas-aplicadas-cdr\/files\/2025\/11\/Semillero-1-300x201.jpg 300w, https:\/\/blog.utp.edu.co\/unidad-basicas-aplicadas-cdr\/files\/2025\/11\/Semillero-1-768x516.jpg 768w, https:\/\/blog.utp.edu.co\/unidad-basicas-aplicadas-cdr\/files\/2025\/11\/Semillero-1.jpg 1168w\" sizes=\"auto, (max-width: 1024px) 100vw, 1024px\" \/><span aria-hidden=\"true\" class=\"wp-block-cover__background has-vivid-cyan-blue-background-color has-background-dim\"><\/span><div class=\"wp-block-cover__inner-container is-layout-constrained wp-container-core-cover-is-layout-520232fb wp-block-cover-is-layout-constrained\">\n<p class=\"has-text-align-center has-ast-global-color-5-color has-text-color has-link-color wp-elements-09cbe597cf4d3fe022253f9d832aceb1\" style=\"font-size:25px;font-style:normal;font-weight:900\"><strong>Promoci\u00f3n y Desarrollo de la Actividad f\u00edsica<br>(PRODAF)<\/strong><\/p>\n<\/div><\/div>\n\n\n\n<div class=\"wp-block-buttons is-content-justification-center is-layout-flex wp-container-core-buttons-is-layout-a89b3969 wp-block-buttons-is-layout-flex\">\n<div class=\"wp-block-button\"><a class=\"wp-block-button__link has-text-align-center wp-element-button\" href=\"https:\/\/blog.utp.edu.co\/unidad-basicas-aplicadas-cdr\/promocion-y-desarrollo-de-la-actividad-fisica-prodaf\/\">Ver m\u00e1s [+]<\/a><\/div>\n<\/div>\n<\/div>\n\n\n\n<div class=\"wp-block-column is-layout-flow wp-block-column-is-layout-flow\" style=\"padding-top:var(--wp--preset--spacing--80);padding-bottom:var(--wp--preset--spacing--80)\">\n<div class=\"wp-block-cover is-light wp-duotone-000000-rgb037255-2\"><img loading=\"lazy\" decoding=\"async\" width=\"1024\" height=\"687\" class=\"wp-block-cover__image-background wp-image-129 size-large\" alt=\"\" src=\"https:\/\/blog.utp.edu.co\/unidad-basicas-aplicadas-cdr\/files\/2025\/11\/Semillero-1-1-1024x687.jpg\" data-object-fit=\"cover\" srcset=\"https:\/\/blog.utp.edu.co\/unidad-basicas-aplicadas-cdr\/files\/2025\/11\/Semillero-1-1-1024x687.jpg 1024w, https:\/\/blog.utp.edu.co\/unidad-basicas-aplicadas-cdr\/files\/2025\/11\/Semillero-1-1-300x201.jpg 300w, https:\/\/blog.utp.edu.co\/unidad-basicas-aplicadas-cdr\/files\/2025\/11\/Semillero-1-1-768x516.jpg 768w, https:\/\/blog.utp.edu.co\/unidad-basicas-aplicadas-cdr\/files\/2025\/11\/Semillero-1-1.jpg 1168w\" sizes=\"auto, (max-width: 1024px) 100vw, 1024px\" \/><span aria-hidden=\"true\" class=\"wp-block-cover__background has-vivid-cyan-blue-background-color has-background-dim\"><\/span><div class=\"wp-block-cover__inner-container is-layout-constrained wp-block-cover-is-layout-constrained\">\n<p><\/p>\n\n\n\n<p class=\"has-text-align-center has-ast-global-color-4-color has-text-color has-link-color wp-elements-deb3af6fd7dc4773b31d932097006451\" style=\"font-size:25px;font-style:normal;font-weight:1000\"><strong>Ciencias B\u00e1sicas Aplicadas a la Actividad F\u00edsica y el Deporte (SECIBAD)&nbsp;<br><\/strong><\/p>\n<\/div><\/div>\n\n\n\n<div class=\"wp-block-buttons is-content-justification-center is-layout-flex wp-container-core-buttons-is-layout-a89b3969 wp-block-buttons-is-layout-flex\">\n<div class=\"wp-block-button\"><a class=\"wp-block-button__link wp-element-button\">Ver m\u00e1s [+]<\/a><\/div>\n<\/div>\n<\/div>\n\n\n\n<div class=\"wp-block-column is-layout-flow wp-block-column-is-layout-flow\" style=\"padding-top:var(--wp--preset--spacing--80);padding-bottom:var(--wp--preset--spacing--80)\">\n<div class=\"wp-block-cover is-light wp-duotone-000000-rgb037255-3\"><img loading=\"lazy\" decoding=\"async\" width=\"1024\" height=\"687\" class=\"wp-block-cover__image-background wp-image-129 size-large\" alt=\"\" src=\"https:\/\/blog.utp.edu.co\/unidad-basicas-aplicadas-cdr\/files\/2025\/11\/Semillero-1-1-1024x687.jpg\" data-object-fit=\"cover\" srcset=\"https:\/\/blog.utp.edu.co\/unidad-basicas-aplicadas-cdr\/files\/2025\/11\/Semillero-1-1-1024x687.jpg 1024w, https:\/\/blog.utp.edu.co\/unidad-basicas-aplicadas-cdr\/files\/2025\/11\/Semillero-1-1-300x201.jpg 300w, https:\/\/blog.utp.edu.co\/unidad-basicas-aplicadas-cdr\/files\/2025\/11\/Semillero-1-1-768x516.jpg 768w, https:\/\/blog.utp.edu.co\/unidad-basicas-aplicadas-cdr\/files\/2025\/11\/Semillero-1-1.jpg 1168w\" sizes=\"auto, (max-width: 1024px) 100vw, 1024px\" \/><span aria-hidden=\"true\" class=\"wp-block-cover__background has-vivid-cyan-blue-background-color has-background-dim\"><\/span><div class=\"wp-block-cover__inner-container is-layout-constrained wp-block-cover-is-layout-constrained\">\n<p><\/p>\n\n\n\n<p class=\"has-text-align-center has-ast-global-color-4-color has-text-color has-link-color wp-elements-9ccd42711bc3e68f4c1c3aa6353e0243\" style=\"font-size:25px;font-style:normal;font-weight:900\"><strong><strong>Biolog\u00eda Aplicada al Deporte <\/strong><\/strong><br><strong><strong>(BIODEP<\/strong>)&nbsp;<br><\/strong><\/p>\n<\/div><\/div>\n\n\n\n<div class=\"wp-block-buttons is-content-justification-center is-layout-flex wp-container-core-buttons-is-layout-a89b3969 wp-block-buttons-is-layout-flex\">\n<div class=\"wp-block-button\"><a class=\"wp-block-button__link wp-element-button\">Ver m\u00e1s [+]<\/a><\/div>\n<\/div>\n<\/div>\n<\/div>\n\n\n\n<div class=\"wp-block-columns is-layout-flex wp-container-core-columns-is-layout-28f84493 wp-block-columns-is-layout-flex\">\n<div class=\"wp-block-column is-layout-flow wp-block-column-is-layout-flow\" style=\"flex-basis:30%\">\n<figure class=\"wp-block-image\"><img loading=\"lazy\" decoding=\"async\" width=\"277\" height=\"98\" src=\"https:\/\/blog.utp.edu.co\/unidad-basicas-aplicadas-cdr\/files\/2025\/11\/image-3.png\" alt=\"\" class=\"wp-image-98\" \/><\/figure>\n<\/div>\n\n\n\n<div class=\"wp-block-column is-layout-flow wp-block-column-is-layout-flow\" style=\"flex-basis:70%\">\n<p class=\"has-text-align-center has-medium-font-size\"><strong>\u00a1S\u00edguenos en nuestras redes para m\u00e1s informaci\u00f3n!<\/strong><\/p>\n\n\n\n<figure class=\"wp-block-image size-large is-resized\"><img loading=\"lazy\" decoding=\"async\" width=\"1024\" height=\"198\" src=\"https:\/\/blog.utp.edu.co\/unidad-basicas-aplicadas-cdr\/files\/2025\/11\/LOGO-UTP-Y-FACULTAD-COLOR-FACULTAD-1024x198.png\" alt=\"\" class=\"wp-image-81\" style=\"aspect-ratio:5.172135161606269;width:631px;height:auto\" srcset=\"https:\/\/blog.utp.edu.co\/unidad-basicas-aplicadas-cdr\/files\/2025\/11\/LOGO-UTP-Y-FACULTAD-COLOR-FACULTAD-1024x198.png 1024w, https:\/\/blog.utp.edu.co\/unidad-basicas-aplicadas-cdr\/files\/2025\/11\/LOGO-UTP-Y-FACULTAD-COLOR-FACULTAD-300x58.png 300w, https:\/\/blog.utp.edu.co\/unidad-basicas-aplicadas-cdr\/files\/2025\/11\/LOGO-UTP-Y-FACULTAD-COLOR-FACULTAD-768x148.png 768w, https:\/\/blog.utp.edu.co\/unidad-basicas-aplicadas-cdr\/files\/2025\/11\/LOGO-UTP-Y-FACULTAD-COLOR-FACULTAD-1536x297.png 1536w, https:\/\/blog.utp.edu.co\/unidad-basicas-aplicadas-cdr\/files\/2025\/11\/LOGO-UTP-Y-FACULTAD-COLOR-FACULTAD-2048x396.png 2048w\" sizes=\"auto, (max-width: 1024px) 100vw, 1024px\" \/><\/figure>\n<\/div>\n<\/div>\n\n\n\n<p><\/p>\n","protected":false},"excerpt":{"rendered":"<p>! Aqu\u00ed encontrar\u00e1s toda la informaci\u00f3n relacionada a los Semilleros de la Unidad de B\u00e1sicas y Aplicadas CDR \u00a1 \u00a1S\u00edguenos [&hellip;]<\/p>\n","protected":false},"author":6509,"featured_media":0,"parent":0,"menu_order":0,"comment_status":"closed","ping_status":"closed","template":"","meta":{"site-sidebar-layout":"default","site-content-layout":"","ast-site-content-layout":"default","site-content-style":"default","site-sidebar-style":"default","ast-global-header-display":"","ast-banner-title-visibility":"","ast-main-header-display":"","ast-hfb-above-header-display":"","ast-hfb-below-header-display":"","ast-hfb-mobile-header-display":"","site-post-title":"","ast-breadcrumbs-content":"","ast-featured-img":"","footer-sml-layout":"","ast-disable-related-posts":"","theme-transparent-header-meta":"","adv-header-id-meta":"","stick-header-meta":"","header-above-stick-meta":"","header-main-stick-meta":"","header-below-stick-meta":"","astra-migrate-meta-layouts":"default","ast-page-background-enabled":"default","ast-page-background-meta":{"desktop":{"background-color":"var(--ast-global-color-5)","background-image":"","background-repeat":"repeat","background-position":"center center","background-size":"auto","background-attachment":"scroll","background-type":"","background-media":"","overlay-type":"","overlay-color":"","overlay-opacity":"","overlay-gradient":""},"tablet":{"background-color":"","background-image":"","background-repeat":"repeat","background-position":"center center","background-size":"auto","background-attachment":"scroll","background-type":"","background-media":"","overlay-type":"","overlay-color":"","overlay-opacity":"","overlay-gradient":""},"mobile":{"background-color":"","background-image":"","background-repeat":"repeat","background-position":"center center","background-size":"auto","background-attachment":"scroll","background-type":"","background-media":"","overlay-type":"","overlay-color":"","overlay-opacity":"","overlay-gradient":""}},"ast-content-background-meta":{"desktop":{"background-color":"var(--ast-global-color-4)","background-image":"","background-repeat":"repeat","background-position":"center center","background-size":"auto","background-attachment":"scroll","background-type":"","background-media":"","overlay-type":"","overlay-color":"","overlay-opacity":"","overlay-gradient":""},"tablet":{"background-color":"var(--ast-global-color-4)","background-image":"","background-repeat":"repeat","background-position":"center center","background-size":"auto","background-attachment":"scroll","background-type":"","background-media":"","overlay-type":"","overlay-color":"","overlay-opacity":"","overlay-gradient":""},"mobile":{"background-color":"var(--ast-global-color-4)","background-image":"","background-repeat":"repeat","background-position":"center center","background-size":"auto","background-attachment":"scroll","background-type":"","background-media":"","overlay-type":"","overlay-color":"","overlay-opacity":"","overlay-gradient":""}},"footnotes":""},"class_list":["post-125","page","type-page","status-publish","hentry"],"_links":{"self":[{"href":"https:\/\/blog.utp.edu.co\/unidad-basicas-aplicadas-cdr\/wp-json\/wp\/v2\/pages\/125","targetHints":{"allow":["GET"]}}],"collection":[{"href":"https:\/\/blog.utp.edu.co\/unidad-basicas-aplicadas-cdr\/wp-json\/wp\/v2\/pages"}],"about":[{"href":"https:\/\/blog.utp.edu.co\/unidad-basicas-aplicadas-cdr\/wp-json\/wp\/v2\/types\/page"}],"author":[{"embeddable":true,"href":"https:\/\/blog.utp.edu.co\/unidad-basicas-aplicadas-cdr\/wp-json\/wp\/v2\/users\/6509"}],"replies":[{"embeddable":true,"href":"https:\/\/blog.utp.edu.co\/unidad-basicas-aplicadas-cdr\/wp-json\/wp\/v2\/comments?post=125"}],"version-history":[{"count":14,"href":"https:\/\/blog.utp.edu.co\/unidad-basicas-aplicadas-cdr\/wp-json\/wp\/v2\/pages\/125\/revisions"}],"predecessor-version":[{"id":231,"href":"https:\/\/blog.utp.edu.co\/unidad-basicas-aplicadas-cdr\/wp-json\/wp\/v2\/pages\/125\/revisions\/231"}],"wp:attachment":[{"href":"https:\/\/blog.utp.edu.co\/unidad-basicas-aplicadas-cdr\/wp-json\/wp\/v2\/media?parent=125"}],"curies":[{"name":"wp","href":"https:\/\/api.w.org\/{rel}","templated":true}]}}