{"id":641,"date":"2018-01-23T21:00:17","date_gmt":"2018-01-23T21:00:17","guid":{"rendered":"http:\/\/blog.utp.edu.co\/renovacion-curricular\/?page_id=641"},"modified":"2024-03-21T16:50:03","modified_gmt":"2024-03-21T21:50:03","slug":"taller-sobre-renovacion-curricular","status":"publish","type":"page","link":"https:\/\/blog.utp.edu.co\/renovacion-curricular\/taller-sobre-renovacion-curricular\/","title":{"rendered":"Taller sobre renovaci\u00f3n curricular"},"content":{"rendered":"\n<figure class=\"wp-block-image size-large\"><img loading=\"lazy\" decoding=\"async\" width=\"1024\" height=\"568\" src=\"https:\/\/blog.utp.edu.co\/renovacion-curricular\/files\/2024\/03\/5-1024x568.png\" alt=\"\" class=\"wp-image-6277\" srcset=\"https:\/\/blog.utp.edu.co\/renovacion-curricular\/files\/2024\/03\/5-1024x568.png 1024w, https:\/\/blog.utp.edu.co\/renovacion-curricular\/files\/2024\/03\/5-300x167.png 300w, https:\/\/blog.utp.edu.co\/renovacion-curricular\/files\/2024\/03\/5-768x426.png 768w, https:\/\/blog.utp.edu.co\/renovacion-curricular\/files\/2024\/03\/5.png 1063w\" sizes=\"auto, (max-width: 1024px) 100vw, 1024px\" \/><\/figure>\n\n\n\n<hr class=\"wp-block-separator has-alpha-channel-opacity\" \/>\n\n\n<p><strong>Taller \u201cRenovaci\u00f3n curricular\u201d orientado por Ronald Knust<\/strong><\/p>\n<p>Con el objetivo de ofrecer herramientas para la revisi\u00f3n curricular de los programas acad\u00e9micos de la Universidad, la Vicerrector\u00eda Acad\u00e9mica organiz\u00f3 dos talleres sobre <em>\u201cRenovaci\u00f3n Curricular\u201d<\/em> orientados por el Mgs. Ronald Knust Graichen de la Universidad de Vilentum, Wageningen, Holanda; durante los d\u00edas 04, 05, 06 y 07 de diciembre en las instalaciones del Auditorio de Mec\u00e1nica de la Universidad.<\/p>\n<p>Ambas jornadas contaron con la participaci\u00f3n de los Decanos de las Facultades y los Directores de los programas acad\u00e9micos de pregrado y posgrado de la Instituci\u00f3n.\u00a0<\/p>\n<p>La din\u00e1mica de los talleres estuvo dirigida a guiar y acompa\u00f1ar a cada participante en la revisi\u00f3n del curr\u00edculo de su programa acad\u00e9mico. Algunas de las actividades de las jornadas fueron:<\/p>\n<ul>\n<li>Analizar del Plan de Estudio actual respecto a la pertinencia del programa en el contexto nacional e internacional.<\/li>\n<li>Reflexionar sobre la renovaci\u00f3n del Plan de Estudio, prop\u00f3sitos y proceso de ense\u00f1anza para el aprendizaje.<\/li>\n<li>Redactar Resultados de Aprendizaje esperados para las asignaturas.<\/li>\n<li>Seleccionar estrategias de aprendizaje y de evaluaci\u00f3n de acuerdo con los Resultados de Aprendizaje esperados de las asignaturas.<\/li>\n<\/ul>\n<p>El prop\u00f3sito es hacer de\u00a0esta iniciativa una oportunidad para la toma de consciencia de la necesidad de cambio que permea las pr\u00e1cticas educativas del siglo XXI.<\/p>\n<p>La Vicerrector\u00eda Acad\u00e9mica agradece a la comunidad universitaria por participar en estas jornadas, que permiten la construcci\u00f3n y consolidaci\u00f3n de una cultura acad\u00e9mica de la reflexi\u00f3n y mejoramiento continuo de la instituci\u00f3n.<\/p>","protected":false},"excerpt":{"rendered":"<p>Taller \u201cRenovaci\u00f3n curricular\u201d orientado por Ronald Knust Con el objetivo de ofrecer herramientas para la revisi\u00f3n curricular de los programas acad\u00e9micos de la Universidad, la Vicerrector\u00eda Acad\u00e9mica organiz\u00f3 dos talleres sobre \u201cRenovaci\u00f3n Curricular\u201d orientados por el Mgs. Ronald Knust Graichen de la Universidad de Vilentum, Wageningen, Holanda; durante los d\u00edas [&hellip;]<\/p>\n","protected":false},"author":2147,"featured_media":6216,"parent":0,"menu_order":0,"comment_status":"closed","ping_status":"closed","template":"","meta":{"footnotes":""},"class_list":["post-641","page","type-page","status-publish","has-post-thumbnail","hentry"],"_links":{"self":[{"href":"https:\/\/blog.utp.edu.co\/renovacion-curricular\/wp-json\/wp\/v2\/pages\/641","targetHints":{"allow":["GET"]}}],"collection":[{"href":"https:\/\/blog.utp.edu.co\/renovacion-curricular\/wp-json\/wp\/v2\/pages"}],"about":[{"href":"https:\/\/blog.utp.edu.co\/renovacion-curricular\/wp-json\/wp\/v2\/types\/page"}],"author":[{"embeddable":true,"href":"https:\/\/blog.utp.edu.co\/renovacion-curricular\/wp-json\/wp\/v2\/users\/2147"}],"replies":[{"embeddable":true,"href":"https:\/\/blog.utp.edu.co\/renovacion-curricular\/wp-json\/wp\/v2\/comments?post=641"}],"version-history":[{"count":5,"href":"https:\/\/blog.utp.edu.co\/renovacion-curricular\/wp-json\/wp\/v2\/pages\/641\/revisions"}],"predecessor-version":[{"id":6279,"href":"https:\/\/blog.utp.edu.co\/renovacion-curricular\/wp-json\/wp\/v2\/pages\/641\/revisions\/6279"}],"wp:featuredmedia":[{"embeddable":true,"href":"https:\/\/blog.utp.edu.co\/renovacion-curricular\/wp-json\/wp\/v2\/media\/6216"}],"wp:attachment":[{"href":"https:\/\/blog.utp.edu.co\/renovacion-curricular\/wp-json\/wp\/v2\/media?parent=641"}],"curies":[{"name":"wp","href":"https:\/\/api.w.org\/{rel}","templated":true}]}}