{"id":6343,"date":"2024-03-22T15:01:09","date_gmt":"2024-03-22T20:01:09","guid":{"rendered":"https:\/\/blog.utp.edu.co\/renovacion-curricular\/?page_id=6343"},"modified":"2024-05-31T10:03:10","modified_gmt":"2024-05-31T15:03:10","slug":"ruta-para-la-acreditacion-en-alta-calidad","status":"publish","type":"page","link":"https:\/\/blog.utp.edu.co\/renovacion-curricular\/ruta-para-la-acreditacion-en-alta-calidad\/","title":{"rendered":"Alta calidad acad\u00e9mica"},"content":{"rendered":"\n<p class=\"has-black-color has-text-color has-link-color has-medium-font-size wp-elements-eb7f221f55d49d32ab67d03d219020b1\">Un programa acad\u00e9mico de calidad se reconoce por el mejoramiento continuo en los procesos de formaci\u00f3n profesional integral.<\/p>\n\n\n\n<p class=\"has-black-color has-text-color has-link-color has-medium-font-size wp-elements-2264eee20e1f402369cf446700fd685f\">El tr\u00e1nsito a la \u201calta calidad\u201d acad\u00e9mica se construye en la cultura de la autorreflexi\u00f3n y la reflexi\u00f3n compartida, la autoevaluaci\u00f3n peri\u00f3dica de los programas, su capacidad de autorregularse e innovar en los procesos de formaci\u00f3n e impacto de esta en la sociedad.<\/p>\n\n\n<div class=\"wp-block-image\">\n<figure class=\"aligncenter size-large is-resized\"><img loading=\"lazy\" decoding=\"async\" width=\"1024\" height=\"467\" src=\"https:\/\/blog.utp.edu.co\/renovacion-curricular\/files\/2024\/04\/Captura-de-pantalla-2024-04-18-115017-1024x467.png\" alt=\"\" class=\"wp-image-6702\" style=\"width:761px;height:auto\" srcset=\"https:\/\/blog.utp.edu.co\/renovacion-curricular\/files\/2024\/04\/Captura-de-pantalla-2024-04-18-115017-1024x467.png 1024w, https:\/\/blog.utp.edu.co\/renovacion-curricular\/files\/2024\/04\/Captura-de-pantalla-2024-04-18-115017-300x137.png 300w, https:\/\/blog.utp.edu.co\/renovacion-curricular\/files\/2024\/04\/Captura-de-pantalla-2024-04-18-115017-768x350.png 768w, https:\/\/blog.utp.edu.co\/renovacion-curricular\/files\/2024\/04\/Captura-de-pantalla-2024-04-18-115017.png 1443w\" sizes=\"auto, (max-width: 1024px) 100vw, 1024px\" \/><\/figure>\n<\/div>\n\n\n<hr class=\"wp-block-separator has-alpha-channel-opacity\" \/>\n\n\n<div class=\"wp-block-image\">\n<figure class=\"aligncenter size-full\"><img loading=\"lazy\" decoding=\"async\" width=\"1000\" height=\"3800\" src=\"https:\/\/blog.utp.edu.co\/renovacion-curricular\/files\/2024\/05\/Infografia-alta-calidad-academica-1.png\" alt=\"\" class=\"wp-image-6759\" srcset=\"https:\/\/blog.utp.edu.co\/renovacion-curricular\/files\/2024\/05\/Infografia-alta-calidad-academica-1.png 1000w, https:\/\/blog.utp.edu.co\/renovacion-curricular\/files\/2024\/05\/Infografia-alta-calidad-academica-1-79x300.png 79w, https:\/\/blog.utp.edu.co\/renovacion-curricular\/files\/2024\/05\/Infografia-alta-calidad-academica-1-768x2918.png 768w, https:\/\/blog.utp.edu.co\/renovacion-curricular\/files\/2024\/05\/Infografia-alta-calidad-academica-1-404x1536.png 404w, https:\/\/blog.utp.edu.co\/renovacion-curricular\/files\/2024\/05\/Infografia-alta-calidad-academica-1-539x2048.png 539w\" sizes=\"auto, (max-width: 1000px) 100vw, 1000px\" \/><\/figure>\n<\/div>\n\n\n<hr class=\"wp-block-separator has-alpha-channel-opacity\" \/>\n\n\n\n<h2 class=\"wp-block-heading has-text-align-center has-medium-font-size\">Documentos y herramientas para la alta calidad acad\u00e9mica<\/h2>\n\n\n\n<div class=\"wp-block-columns is-layout-flex wp-container-core-columns-is-layout-28f84493 wp-block-columns-is-layout-flex\">\n<div class=\"wp-block-column is-layout-flow wp-block-column-is-layout-flow\">\n<figure class=\"wp-block-image size-full\"><a href=\"https:\/\/blog.utp.edu.co\/renovacion-curricular\/files\/2024\/05\/121-TA-07-V5-Autoevaluacion-y-acreditacion-de-programas-academicos-1.pdf\" target=\"_blank\" rel=\"noreferrer noopener\"><img loading=\"lazy\" decoding=\"async\" width=\"707\" height=\"354\" src=\"https:\/\/blog.utp.edu.co\/renovacion-curricular\/files\/2024\/04\/18-1.png\" alt=\"\" class=\"wp-image-6688\" style=\"object-fit:cover\" srcset=\"https:\/\/blog.utp.edu.co\/renovacion-curricular\/files\/2024\/04\/18-1.png 707w, https:\/\/blog.utp.edu.co\/renovacion-curricular\/files\/2024\/04\/18-1-300x150.png 300w\" sizes=\"auto, (max-width: 707px) 100vw, 707px\" \/><\/a><\/figure>\n\n\n\n<hr class=\"wp-block-separator has-alpha-channel-opacity\" \/>\n\n\n\n<figure class=\"wp-block-image size-full\"><a href=\"https:\/\/blog.utp.edu.co\/renovacion-curricular\/files\/2024\/05\/1122-ADC-04-V2-Evaluacion-y-mejoramiento-de-los-objetivos-del-programa-academico-y-los-resultados-de-aprendizaje-12.pdf\" target=\"_blank\" rel=\"noreferrer noopener\"><img loading=\"lazy\" decoding=\"async\" width=\"707\" height=\"354\" src=\"https:\/\/blog.utp.edu.co\/renovacion-curricular\/files\/2024\/04\/16-1.png\" alt=\"\" class=\"wp-image-6670\" srcset=\"https:\/\/blog.utp.edu.co\/renovacion-curricular\/files\/2024\/04\/16-1.png 707w, https:\/\/blog.utp.edu.co\/renovacion-curricular\/files\/2024\/04\/16-1-300x150.png 300w\" sizes=\"auto, (max-width: 707px) 100vw, 707px\" \/><\/a><\/figure>\n\n\n\n<hr class=\"wp-block-separator has-alpha-channel-opacity\" \/>\n\n\n\n<figure class=\"wp-block-image size-full\"><a href=\"https:\/\/blog.utp.edu.co\/renovacion-curricular\/files\/2024\/05\/121-GAD-01-V1-Seguimiento-y-evaluacion-para-los-resultados-de-aprendizaje-6.pdf\" target=\"_blank\" rel=\"noreferrer noopener\"><img loading=\"lazy\" decoding=\"async\" width=\"707\" height=\"354\" src=\"https:\/\/blog.utp.edu.co\/renovacion-curricular\/files\/2024\/04\/17-1.png\" alt=\"\" class=\"wp-image-6671\" srcset=\"https:\/\/blog.utp.edu.co\/renovacion-curricular\/files\/2024\/04\/17-1.png 707w, https:\/\/blog.utp.edu.co\/renovacion-curricular\/files\/2024\/04\/17-1-300x150.png 300w\" sizes=\"auto, (max-width: 707px) 100vw, 707px\" \/><\/a><\/figure>\n\n\n\n<hr class=\"wp-block-separator has-alpha-channel-opacity\" \/>\n<\/div>\n\n\n\n<div class=\"wp-block-column is-layout-flow wp-block-column-is-layout-flow\">\n<figure class=\"wp-block-image size-full\"><a href=\"https:\/\/blog.utp.edu.co\/renovacion-curricular\/files\/2024\/05\/Acuerdo-02-de-2020.pdf\" target=\"_blank\" rel=\"noreferrer noopener\"><img loading=\"lazy\" decoding=\"async\" width=\"709\" height=\"354\" src=\"https:\/\/blog.utp.edu.co\/renovacion-curricular\/files\/2024\/05\/8.png\" alt=\"\" class=\"wp-image-6743\" srcset=\"https:\/\/blog.utp.edu.co\/renovacion-curricular\/files\/2024\/05\/8.png 709w, https:\/\/blog.utp.edu.co\/renovacion-curricular\/files\/2024\/05\/8-300x150.png 300w\" sizes=\"auto, (max-width: 709px) 100vw, 709px\" \/><\/a><\/figure>\n\n\n\n<hr class=\"wp-block-separator has-alpha-channel-opacity\" \/>\n\n\n\n<figure class=\"wp-block-image size-full\"><a href=\"https:\/\/blog.utp.edu.co\/renovacion-curricular\/files\/2024\/05\/LINEAMIENTOS-OCTUBRE-2022-1.pdf\" target=\"_blank\" rel=\"noreferrer noopener\"><img loading=\"lazy\" decoding=\"async\" width=\"709\" height=\"354\" src=\"https:\/\/blog.utp.edu.co\/renovacion-curricular\/files\/2024\/05\/7.png\" alt=\"\" class=\"wp-image-6746\" srcset=\"https:\/\/blog.utp.edu.co\/renovacion-curricular\/files\/2024\/05\/7.png 709w, https:\/\/blog.utp.edu.co\/renovacion-curricular\/files\/2024\/05\/7-300x150.png 300w\" sizes=\"auto, (max-width: 709px) 100vw, 709px\" \/><\/a><\/figure>\n\n\n\n<hr class=\"wp-block-separator has-alpha-channel-opacity\" \/>\n\n\n\n<figure class=\"wp-block-image size-full\"><a href=\"https:\/\/blog.utp.edu.co\/renovacion-curricular\/files\/2024\/05\/Guia-04-Planes-de-Mejoramiento.pdf\" target=\"_blank\" rel=\"noreferrer noopener\"><img loading=\"lazy\" decoding=\"async\" width=\"709\" height=\"354\" src=\"https:\/\/blog.utp.edu.co\/renovacion-curricular\/files\/2024\/05\/22.png\" alt=\"\" class=\"wp-image-6747\" srcset=\"https:\/\/blog.utp.edu.co\/renovacion-curricular\/files\/2024\/05\/22.png 709w, https:\/\/blog.utp.edu.co\/renovacion-curricular\/files\/2024\/05\/22-300x150.png 300w\" sizes=\"auto, (max-width: 709px) 100vw, 709px\" \/><\/a><\/figure>\n\n\n\n<hr class=\"wp-block-separator has-alpha-channel-opacity\" \/>\n\n\n\n<figure class=\"wp-block-image size-full\"><a href=\"https:\/\/www.cna.gov.co\/1779\/w3-article-413485.html?_noredirect=1\" target=\"_blank\" rel=\"noreferrer noopener\"><img loading=\"lazy\" decoding=\"async\" width=\"709\" height=\"354\" src=\"https:\/\/blog.utp.edu.co\/renovacion-curricular\/files\/2024\/05\/21.png\" alt=\"\" class=\"wp-image-6745\" srcset=\"https:\/\/blog.utp.edu.co\/renovacion-curricular\/files\/2024\/05\/21.png 709w, https:\/\/blog.utp.edu.co\/renovacion-curricular\/files\/2024\/05\/21-300x150.png 300w\" sizes=\"auto, (max-width: 709px) 100vw, 709px\" \/><\/a><\/figure>\n\n\n\n<hr class=\"wp-block-separator has-alpha-channel-opacity\" \/>\n<\/div>\n<\/div>\n","protected":false},"excerpt":{"rendered":"<p>Un programa acad\u00e9mico de calidad se reconoce por el mejoramiento continuo en los procesos de formaci\u00f3n profesional integral. El tr\u00e1nsito a la \u201calta calidad\u201d acad\u00e9mica se construye en la cultura de la autorreflexi\u00f3n y la reflexi\u00f3n compartida, la autoevaluaci\u00f3n peri\u00f3dica de los programas, su capacidad de autorregularse e innovar en [&hellip;]<\/p>\n","protected":false},"author":6483,"featured_media":6358,"parent":0,"menu_order":0,"comment_status":"closed","ping_status":"closed","template":"","meta":{"footnotes":""},"class_list":["post-6343","page","type-page","status-publish","has-post-thumbnail","hentry"],"_links":{"self":[{"href":"https:\/\/blog.utp.edu.co\/renovacion-curricular\/wp-json\/wp\/v2\/pages\/6343","targetHints":{"allow":["GET"]}}],"collection":[{"href":"https:\/\/blog.utp.edu.co\/renovacion-curricular\/wp-json\/wp\/v2\/pages"}],"about":[{"href":"https:\/\/blog.utp.edu.co\/renovacion-curricular\/wp-json\/wp\/v2\/types\/page"}],"author":[{"embeddable":true,"href":"https:\/\/blog.utp.edu.co\/renovacion-curricular\/wp-json\/wp\/v2\/users\/6483"}],"replies":[{"embeddable":true,"href":"https:\/\/blog.utp.edu.co\/renovacion-curricular\/wp-json\/wp\/v2\/comments?post=6343"}],"version-history":[{"count":33,"href":"https:\/\/blog.utp.edu.co\/renovacion-curricular\/wp-json\/wp\/v2\/pages\/6343\/revisions"}],"predecessor-version":[{"id":6814,"href":"https:\/\/blog.utp.edu.co\/renovacion-curricular\/wp-json\/wp\/v2\/pages\/6343\/revisions\/6814"}],"wp:featuredmedia":[{"embeddable":true,"href":"https:\/\/blog.utp.edu.co\/renovacion-curricular\/wp-json\/wp\/v2\/media\/6358"}],"wp:attachment":[{"href":"https:\/\/blog.utp.edu.co\/renovacion-curricular\/wp-json\/wp\/v2\/media?parent=6343"}],"curies":[{"name":"wp","href":"https:\/\/api.w.org\/{rel}","templated":true}]}}