{"id":6342,"date":"2024-03-22T15:01:09","date_gmt":"2024-03-22T20:01:09","guid":{"rendered":"https:\/\/blog.utp.edu.co\/renovacion-curricular\/?page_id=6342"},"modified":"2024-11-21T12:54:47","modified_gmt":"2024-11-21T17:54:47","slug":"ruta-para-el-registro-calificado","status":"publish","type":"page","link":"https:\/\/blog.utp.edu.co\/renovacion-curricular\/ruta-para-el-registro-calificado\/","title":{"rendered":"Registro calificado"},"content":{"rendered":"\n<p class=\"has-black-color has-text-color has-link-color has-medium-font-size wp-elements-67e1172730501cd0895f9b2c352ebfca\">\u00abEs el instrumento del Sistema de Aseguramiento de la Calidad Educaci\u00f3n Superior mediante el cual el Estado verifica y eval\u00faa el cumplimiento de las condiciones de calidad por parte de las instituciones de educaci\u00f3n superior y aquellas habilitadas por la ley\u00bb. <em>(MEN, Decreto 1330 de 2019, p\u00e1g 5)<\/em>.<\/p>\n\n\n\n<p class=\"has-black-color has-text-color has-link-color has-medium-font-size wp-elements-8f9e3c265c5fb98e85a166ee96e8fccf\">La base del registro calificado para programas nuevos y en funcionamiento es la renovaci\u00f3n curricular.<\/p>\n\n\n\n<hr class=\"wp-block-separator has-alpha-channel-opacity\" \/>\n\n\n<div class=\"wp-block-image\">\n<figure class=\"aligncenter size-full\"><img loading=\"lazy\" decoding=\"async\" width=\"800\" height=\"2500\" src=\"https:\/\/blog.utp.edu.co\/renovacion-curricular\/files\/2024\/05\/Infografia-registro-calificado.png\" alt=\"\" class=\"wp-image-6756\" srcset=\"https:\/\/blog.utp.edu.co\/renovacion-curricular\/files\/2024\/05\/Infografia-registro-calificado.png 800w, https:\/\/blog.utp.edu.co\/renovacion-curricular\/files\/2024\/05\/Infografia-registro-calificado-96x300.png 96w, https:\/\/blog.utp.edu.co\/renovacion-curricular\/files\/2024\/05\/Infografia-registro-calificado-328x1024.png 328w, https:\/\/blog.utp.edu.co\/renovacion-curricular\/files\/2024\/05\/Infografia-registro-calificado-768x2400.png 768w, https:\/\/blog.utp.edu.co\/renovacion-curricular\/files\/2024\/05\/Infografia-registro-calificado-655x2048.png 655w\" sizes=\"auto, (max-width: 800px) 100vw, 800px\" \/><\/figure>\n<\/div>\n\n\n<hr class=\"wp-block-separator has-alpha-channel-opacity\" \/>\n\n\n\n<h2 class=\"wp-block-heading has-text-align-center has-black-color has-text-color has-link-color has-medium-font-size wp-elements-37f1c8147a333e7dfd495cdfe9ed382d\">Procedimientos y documentos para el registro calificado<\/h2>\n\n\n\n<div class=\"wp-block-columns is-layout-flex wp-container-core-columns-is-layout-28f84493 wp-block-columns-is-layout-flex\">\n<div class=\"wp-block-column is-layout-flow wp-block-column-is-layout-flow\">\n<figure class=\"wp-block-image size-full\"><a href=\"https:\/\/blog.utp.edu.co\/renovacion-curricular\/files\/2024\/05\/121-TA-12-V5-Creacion-de-Programas-Academicos-y-obtencion-de-registro-calificado-final.pdf\" target=\"_blank\" rel=\"noreferrer noopener\"><img loading=\"lazy\" decoding=\"async\" width=\"707\" height=\"354\" src=\"https:\/\/blog.utp.edu.co\/renovacion-curricular\/files\/2024\/04\/19.png\" alt=\"\" class=\"wp-image-6680\" srcset=\"https:\/\/blog.utp.edu.co\/renovacion-curricular\/files\/2024\/04\/19.png 707w, https:\/\/blog.utp.edu.co\/renovacion-curricular\/files\/2024\/04\/19-300x150.png 300w\" sizes=\"auto, (max-width: 707px) 100vw, 707px\" \/><\/a><\/figure>\n\n\n\n<hr class=\"wp-block-separator has-alpha-channel-opacity\" \/>\n\n\n\n<figure class=\"wp-block-image size-full\"><a href=\"https:\/\/blog.utp.edu.co\/renovacion-curricular\/files\/2024\/05\/12-TA-05-V9-Renovacion-de-registro-calificado-de-programas-academicos-final-1.pdf\" target=\"_blank\" rel=\"noreferrer noopener\"><img loading=\"lazy\" decoding=\"async\" width=\"707\" height=\"354\" src=\"https:\/\/blog.utp.edu.co\/renovacion-curricular\/files\/2024\/04\/15.png\" alt=\"\" class=\"wp-image-6669\" srcset=\"https:\/\/blog.utp.edu.co\/renovacion-curricular\/files\/2024\/04\/15.png 707w, https:\/\/blog.utp.edu.co\/renovacion-curricular\/files\/2024\/04\/15-300x150.png 300w\" sizes=\"auto, (max-width: 707px) 100vw, 707px\" \/><\/a><\/figure>\n\n\n\n<hr class=\"wp-block-separator has-alpha-channel-opacity\" \/>\n\n\n\n<figure class=\"wp-block-image size-full\"><a href=\"https:\/\/blog.utp.edu.co\/renovacion-curricular\/files\/2024\/05\/1122-ADC-04-V2-Evaluacion-y-mejoramiento-de-los-objetivos-del-programa-academico-y-los-resultados-de-aprendizaje-12.pdf\" target=\"_blank\" rel=\"noreferrer noopener\"><img loading=\"lazy\" decoding=\"async\" width=\"707\" height=\"354\" src=\"https:\/\/blog.utp.edu.co\/renovacion-curricular\/files\/2024\/04\/16-1.png\" alt=\"\" class=\"wp-image-6670\" srcset=\"https:\/\/blog.utp.edu.co\/renovacion-curricular\/files\/2024\/04\/16-1.png 707w, https:\/\/blog.utp.edu.co\/renovacion-curricular\/files\/2024\/04\/16-1-300x150.png 300w\" sizes=\"auto, (max-width: 707px) 100vw, 707px\" \/><\/a><\/figure>\n\n\n\n<hr class=\"wp-block-separator has-alpha-channel-opacity\" \/>\n\n\n\n<figure class=\"wp-block-image size-full\"><a href=\"https:\/\/blog.utp.edu.co\/renovacion-curricular\/files\/2024\/05\/121-GAD-01-V1-Seguimiento-y-evaluacion-para-los-resultados-de-aprendizaje-6.pdf\" target=\"_blank\" rel=\"noreferrer noopener\"><img loading=\"lazy\" decoding=\"async\" width=\"707\" height=\"354\" src=\"https:\/\/blog.utp.edu.co\/renovacion-curricular\/files\/2024\/04\/17-1.png\" alt=\"\" class=\"wp-image-6671\" srcset=\"https:\/\/blog.utp.edu.co\/renovacion-curricular\/files\/2024\/04\/17-1.png 707w, https:\/\/blog.utp.edu.co\/renovacion-curricular\/files\/2024\/04\/17-1-300x150.png 300w\" sizes=\"auto, (max-width: 707px) 100vw, 707px\" \/><\/a><\/figure>\n\n\n\n<hr class=\"wp-block-separator has-alpha-channel-opacity\" \/>\n<\/div>\n\n\n\n<div class=\"wp-block-column is-layout-flow wp-block-column-is-layout-flow\">\n<figure class=\"wp-block-image size-full\"><a href=\"https:\/\/blog.utp.edu.co\/renovacion-curricular\/files\/2024\/05\/Ley-1188-de-2008.pdf\" target=\"_blank\" rel=\"noreferrer noopener\"><img loading=\"lazy\" decoding=\"async\" width=\"709\" height=\"354\" src=\"https:\/\/blog.utp.edu.co\/renovacion-curricular\/files\/2024\/05\/9.png\" alt=\"\" class=\"wp-image-6738\" srcset=\"https:\/\/blog.utp.edu.co\/renovacion-curricular\/files\/2024\/05\/9.png 709w, https:\/\/blog.utp.edu.co\/renovacion-curricular\/files\/2024\/05\/9-300x150.png 300w\" sizes=\"auto, (max-width: 709px) 100vw, 709px\" \/><\/a><\/figure>\n\n\n\n<hr class=\"wp-block-separator has-alpha-channel-opacity\" \/>\n\n\n\n<figure class=\"wp-block-image size-full\"><a href=\"https:\/\/blog.utp.edu.co\/renovacion-curricular\/files\/2024\/05\/Decreto-1330-de-2019-MEN.pdf\" target=\"_blank\" rel=\"noreferrer noopener\"><img loading=\"lazy\" decoding=\"async\" width=\"709\" height=\"354\" src=\"https:\/\/blog.utp.edu.co\/renovacion-curricular\/files\/2024\/05\/5.png\" alt=\"\" class=\"wp-image-6740\" srcset=\"https:\/\/blog.utp.edu.co\/renovacion-curricular\/files\/2024\/05\/5.png 709w, https:\/\/blog.utp.edu.co\/renovacion-curricular\/files\/2024\/05\/5-300x150.png 300w\" sizes=\"auto, (max-width: 709px) 100vw, 709px\" \/><\/a><\/figure>\n\n\n\n<hr class=\"wp-block-separator has-alpha-channel-opacity\" \/>\n\n\n\n<figure class=\"wp-block-image size-full\"><a href=\"https:\/\/blog.utp.edu.co\/renovacion-curricular\/files\/2024\/11\/articles-400474_decreto_0529_abril_2024.pdf\" target=\"_blank\" rel=\" noreferrer noopener\"><img loading=\"lazy\" decoding=\"async\" width=\"709\" height=\"354\" src=\"https:\/\/blog.utp.edu.co\/renovacion-curricular\/files\/2024\/11\/para-Renovacion-curricular.png\" alt=\"\" class=\"wp-image-6918\" srcset=\"https:\/\/blog.utp.edu.co\/renovacion-curricular\/files\/2024\/11\/para-Renovacion-curricular.png 709w, https:\/\/blog.utp.edu.co\/renovacion-curricular\/files\/2024\/11\/para-Renovacion-curricular-300x150.png 300w\" sizes=\"auto, (max-width: 709px) 100vw, 709px\" \/><\/a><\/figure>\n<\/div>\n<\/div>\n","protected":false},"excerpt":{"rendered":"<p>\u00abEs el instrumento del Sistema de Aseguramiento de la Calidad Educaci\u00f3n Superior mediante el cual el Estado verifica y eval\u00faa el cumplimiento de las condiciones de calidad por parte de las instituciones de educaci\u00f3n superior y aquellas habilitadas por la ley\u00bb. (MEN, Decreto 1330 de 2019, p\u00e1g 5). La base [&hellip;]<\/p>\n","protected":false},"author":6483,"featured_media":6356,"parent":0,"menu_order":0,"comment_status":"closed","ping_status":"closed","template":"","meta":{"footnotes":""},"class_list":["post-6342","page","type-page","status-publish","has-post-thumbnail","hentry"],"_links":{"self":[{"href":"https:\/\/blog.utp.edu.co\/renovacion-curricular\/wp-json\/wp\/v2\/pages\/6342","targetHints":{"allow":["GET"]}}],"collection":[{"href":"https:\/\/blog.utp.edu.co\/renovacion-curricular\/wp-json\/wp\/v2\/pages"}],"about":[{"href":"https:\/\/blog.utp.edu.co\/renovacion-curricular\/wp-json\/wp\/v2\/types\/page"}],"author":[{"embeddable":true,"href":"https:\/\/blog.utp.edu.co\/renovacion-curricular\/wp-json\/wp\/v2\/users\/6483"}],"replies":[{"embeddable":true,"href":"https:\/\/blog.utp.edu.co\/renovacion-curricular\/wp-json\/wp\/v2\/comments?post=6342"}],"version-history":[{"count":33,"href":"https:\/\/blog.utp.edu.co\/renovacion-curricular\/wp-json\/wp\/v2\/pages\/6342\/revisions"}],"predecessor-version":[{"id":6922,"href":"https:\/\/blog.utp.edu.co\/renovacion-curricular\/wp-json\/wp\/v2\/pages\/6342\/revisions\/6922"}],"wp:featuredmedia":[{"embeddable":true,"href":"https:\/\/blog.utp.edu.co\/renovacion-curricular\/wp-json\/wp\/v2\/media\/6356"}],"wp:attachment":[{"href":"https:\/\/blog.utp.edu.co\/renovacion-curricular\/wp-json\/wp\/v2\/media?parent=6342"}],"curies":[{"name":"wp","href":"https:\/\/api.w.org\/{rel}","templated":true}]}}