{"id":6340,"date":"2024-03-22T15:01:09","date_gmt":"2024-03-22T20:01:09","guid":{"rendered":"https:\/\/blog.utp.edu.co\/renovacion-curricular\/?page_id=6340"},"modified":"2025-10-15T08:55:14","modified_gmt":"2025-10-15T13:55:14","slug":"ruta-para-la-renovacion-curricular","status":"publish","type":"page","link":"https:\/\/blog.utp.edu.co\/renovacion-curricular\/ruta-para-la-renovacion-curricular\/","title":{"rendered":"Renovaci\u00f3n curricular"},"content":{"rendered":"\n<p>La pol\u00edtica acad\u00e9mica curricular derivada del PEI (2018) constituye la base para la renovaci\u00f3n curricular y la consolidaci\u00f3n de la identidad institucional en los programas acad\u00e9micos de pregrado y posgrado (Acuerdo 44 de 2020).<\/p>\n\n\n\n<p>La renovaci\u00f3n curricular y la actualizaci\u00f3n del Proyecto Educativo del Programa PEP, son la base que orienta el proceso de formaci\u00f3n profesional integral.&nbsp;<\/p>\n\n\n\n<hr class=\"wp-block-separator has-alpha-channel-opacity\" \/>\n\n\n\n<div class=\"wp-block-group\"><div class=\"wp-block-group__inner-container is-layout-constrained wp-block-group-is-layout-constrained\"><div class=\"wp-block-image\">\n<figure class=\"aligncenter size-full is-resized\"><img loading=\"lazy\" decoding=\"async\" width=\"539\" height=\"2560\" src=\"https:\/\/blog.utp.edu.co\/renovacion-curricular\/files\/2025\/09\/Infografia-renovacion-curricular-scaled.png\" alt=\"\" class=\"wp-image-6972\" style=\"width:850px\" srcset=\"https:\/\/blog.utp.edu.co\/renovacion-curricular\/files\/2025\/09\/Infografia-renovacion-curricular-scaled.png 539w, https:\/\/blog.utp.edu.co\/renovacion-curricular\/files\/2025\/09\/Infografia-renovacion-curricular-63x300.png 63w, https:\/\/blog.utp.edu.co\/renovacion-curricular\/files\/2025\/09\/Infografia-renovacion-curricular-768x3648.png 768w, https:\/\/blog.utp.edu.co\/renovacion-curricular\/files\/2025\/09\/Infografia-renovacion-curricular-431x2048.png 431w\" sizes=\"auto, (max-width: 539px) 100vw, 539px\" \/><figcaption class=\"wp-element-caption\">z<\/figcaption><\/figure>\n<\/div><\/div><\/div>\n\n\n\n<hr class=\"wp-block-separator has-alpha-channel-opacity\" \/>\n\n\n\n<h2 class=\"wp-block-heading has-text-align-center has-black-color has-text-color has-link-color has-medium-font-size wp-elements-39acbae3752a452c12c73c4c000d29ed\">Documentos y herramientas para la renovaci\u00f3n curricular<\/h2>\n\n\n\n<div class=\"wp-block-columns alignwide is-layout-flex wp-container-core-columns-is-layout-28f84493 wp-block-columns-is-layout-flex\">\n<div class=\"wp-block-column is-layout-flow wp-block-column-is-layout-flow\" style=\"flex-basis:400px\">\n<figure class=\"wp-block-image size-full\"><a href=\"https:\/\/blog.utp.edu.co\/renovacion-curricular\/files\/2024\/08\/2_PEI_digital.pdf\" target=\"_blank\" rel=\"noreferrer noopener\"><img loading=\"lazy\" decoding=\"async\" width=\"709\" height=\"354\" src=\"https:\/\/blog.utp.edu.co\/renovacion-curricular\/files\/2024\/08\/para-Renovacion-curricular.png\" alt=\"\" class=\"wp-image-6868\" srcset=\"https:\/\/blog.utp.edu.co\/renovacion-curricular\/files\/2024\/08\/para-Renovacion-curricular.png 709w, https:\/\/blog.utp.edu.co\/renovacion-curricular\/files\/2024\/08\/para-Renovacion-curricular-300x150.png 300w\" sizes=\"auto, (max-width: 709px) 100vw, 709px\" \/><\/a><\/figure>\n\n\n\n<hr class=\"wp-block-separator has-alpha-channel-opacity\" \/>\n\n\n\n<figure class=\"wp-block-image size-full\"><a href=\"https:\/\/blog.utp.edu.co\/renovacion-curricular\/files\/2024\/05\/11_Orientaciones_renovacion_curricular_digital-1.pdf\" target=\"_blank\" rel=\"noreferrer noopener\"><img loading=\"lazy\" decoding=\"async\" width=\"707\" height=\"354\" src=\"https:\/\/blog.utp.edu.co\/renovacion-curricular\/files\/2024\/04\/1.png\" alt=\"\" class=\"wp-image-6661\" srcset=\"https:\/\/blog.utp.edu.co\/renovacion-curricular\/files\/2024\/04\/1.png 707w, https:\/\/blog.utp.edu.co\/renovacion-curricular\/files\/2024\/04\/1-300x150.png 300w\" sizes=\"auto, (max-width: 707px) 100vw, 707px\" \/><\/a><\/figure>\n\n\n\n<hr class=\"wp-block-separator has-alpha-channel-opacity\" \/>\n\n\n\n<figure class=\"wp-block-image size-full\"><a href=\"https:\/\/blog.utp.edu.co\/renovacion-curricular\/files\/2024\/05\/Orientaciones-Interaccio\u0301n-Acade\u0301mica-y-Curricular-con-el-Contexto-Local-Nacional-e-Internacional-18-Oct-2022.pdf\" target=\"_blank\" rel=\"noreferrer noopener\"><img loading=\"lazy\" decoding=\"async\" width=\"707\" height=\"354\" src=\"https:\/\/blog.utp.edu.co\/renovacion-curricular\/files\/2024\/04\/3.png\" alt=\"\" class=\"wp-image-6663\" srcset=\"https:\/\/blog.utp.edu.co\/renovacion-curricular\/files\/2024\/04\/3.png 707w, https:\/\/blog.utp.edu.co\/renovacion-curricular\/files\/2024\/04\/3-300x150.png 300w\" sizes=\"auto, (max-width: 707px) 100vw, 707px\" \/><\/a><\/figure>\n\n\n\n<hr class=\"wp-block-separator has-alpha-channel-opacity\" \/>\n\n\n\n<figure class=\"wp-block-image size-full\"><a class=\"\" href=\"https:\/\/blog.utp.edu.co\/renovacion-curricular\/files\/2025\/07\/ORIENTACIONES-FORMACION-PROFESIONAL-INTEGRAL-PREGRADO-23-05-25.pptx\" target=\"_blank\" rel=\" noreferrer noopener\"><img loading=\"lazy\" decoding=\"async\" width=\"709\" height=\"354\" src=\"https:\/\/blog.utp.edu.co\/renovacion-curricular\/files\/2025\/07\/para-Renovacion-curricular.png\" alt=\"\" class=\"wp-image-6944\" srcset=\"https:\/\/blog.utp.edu.co\/renovacion-curricular\/files\/2025\/07\/para-Renovacion-curricular.png 709w, https:\/\/blog.utp.edu.co\/renovacion-curricular\/files\/2025\/07\/para-Renovacion-curricular-300x150.png 300w\" sizes=\"auto, (max-width: 709px) 100vw, 709px\" \/><\/a><\/figure>\n<\/div>\n\n\n\n<div class=\"wp-block-column is-layout-flow wp-block-column-is-layout-flow\" style=\"flex-basis:400px\">\n<figure class=\"wp-block-image size-full is-resized\"><a href=\"https:\/\/blog.utp.edu.co\/renovacion-curricular\/files\/2025\/03\/Guia-1.-Reflexion-para-la-renovacion-curricular-febrero-26-de-2025.docx\" target=\"_blank\" rel=\"noreferrer noopener\"><img loading=\"lazy\" decoding=\"async\" width=\"709\" height=\"354\" src=\"https:\/\/blog.utp.edu.co\/renovacion-curricular\/files\/2024\/05\/11.png\" alt=\"\" class=\"wp-image-6725\" style=\"width:268px;height:auto\" srcset=\"https:\/\/blog.utp.edu.co\/renovacion-curricular\/files\/2024\/05\/11.png 709w, https:\/\/blog.utp.edu.co\/renovacion-curricular\/files\/2024\/05\/11-300x150.png 300w\" sizes=\"auto, (max-width: 709px) 100vw, 709px\" \/><\/a><\/figure>\n\n\n\n<hr class=\"wp-block-separator has-alpha-channel-opacity\" \/>\n\n\n\n<figure class=\"wp-block-image size-full\"><a href=\"https:\/\/blog.utp.edu.co\/renovacion-curricular\/formacion-profesional-integral-fpi-de-los-programas-academicos-de-pregrado\/\" target=\"_blank\" rel=\"noreferrer noopener\"><img loading=\"lazy\" decoding=\"async\" width=\"709\" height=\"354\" src=\"https:\/\/blog.utp.edu.co\/renovacion-curricular\/files\/2024\/05\/13.png\" alt=\"\" class=\"wp-image-6726\" srcset=\"https:\/\/blog.utp.edu.co\/renovacion-curricular\/files\/2024\/05\/13.png 709w, https:\/\/blog.utp.edu.co\/renovacion-curricular\/files\/2024\/05\/13-300x150.png 300w\" sizes=\"auto, (max-width: 709px) 100vw, 709px\" \/><\/a><\/figure>\n\n\n\n<hr class=\"wp-block-separator has-alpha-channel-opacity\" \/>\n\n\n\n<figure class=\"wp-block-image size-full is-resized\"><a href=\"https:\/\/blog.utp.edu.co\/renovacion-curricular\/files\/2025\/10\/PEP_2025_4.pdf\" target=\"_blank\" rel=\"noreferrer noopener\"><img loading=\"lazy\" decoding=\"async\" width=\"709\" height=\"354\" src=\"https:\/\/blog.utp.edu.co\/renovacion-curricular\/files\/2024\/05\/10.png\" alt=\"\" class=\"wp-image-6727\" style=\"width:268px;height:auto\" srcset=\"https:\/\/blog.utp.edu.co\/renovacion-curricular\/files\/2024\/05\/10.png 709w, https:\/\/blog.utp.edu.co\/renovacion-curricular\/files\/2024\/05\/10-300x150.png 300w\" sizes=\"auto, (max-width: 709px) 100vw, 709px\" \/><\/a><\/figure>\n<\/div>\n\n\n\n<div class=\"wp-block-column is-layout-flow wp-block-column-is-layout-flow\" style=\"flex-basis:400px\">\n<figure class=\"wp-block-image size-full\"><a href=\"https:\/\/blog.utp.edu.co\/renovacion-curricular\/files\/2024\/05\/12-TA-05-V9-Renovacion-de-registro-calificado-de-programas-academicos-final-1.pdf\" target=\"_blank\" rel=\"noreferrer noopener\"><img loading=\"lazy\" decoding=\"async\" width=\"707\" height=\"354\" src=\"https:\/\/blog.utp.edu.co\/renovacion-curricular\/files\/2024\/04\/15.png\" alt=\"\" class=\"wp-image-6669\" srcset=\"https:\/\/blog.utp.edu.co\/renovacion-curricular\/files\/2024\/04\/15.png 707w, https:\/\/blog.utp.edu.co\/renovacion-curricular\/files\/2024\/04\/15-300x150.png 300w\" sizes=\"auto, (max-width: 707px) 100vw, 707px\" \/><\/a><\/figure>\n\n\n\n<hr class=\"wp-block-separator has-alpha-channel-opacity\" \/>\n\n\n\n<figure class=\"wp-block-image size-full\"><a href=\"https:\/\/blog.utp.edu.co\/renovacion-curricular\/files\/2024\/05\/1122-ADC-04-V2-Evaluacion-y-mejoramiento-de-los-objetivos-del-programa-academico-y-los-resultados-de-aprendizaje-12.pdf\" target=\"_blank\" rel=\"noreferrer noopener\"><img loading=\"lazy\" decoding=\"async\" width=\"707\" height=\"354\" src=\"https:\/\/blog.utp.edu.co\/renovacion-curricular\/files\/2024\/04\/16-1.png\" alt=\"\" class=\"wp-image-6670\" srcset=\"https:\/\/blog.utp.edu.co\/renovacion-curricular\/files\/2024\/04\/16-1.png 707w, https:\/\/blog.utp.edu.co\/renovacion-curricular\/files\/2024\/04\/16-1-300x150.png 300w\" sizes=\"auto, (max-width: 707px) 100vw, 707px\" \/><\/a><\/figure>\n\n\n\n<hr class=\"wp-block-separator has-alpha-channel-opacity\" \/>\n\n\n\n<figure class=\"wp-block-image size-full\"><a href=\"https:\/\/blog.utp.edu.co\/renovacion-curricular\/files\/2024\/05\/121-GAD-01-V1-Seguimiento-y-evaluacion-para-los-resultados-de-aprendizaje-6.pdf\" target=\"_blank\" rel=\"noreferrer noopener\"><img loading=\"lazy\" decoding=\"async\" width=\"707\" height=\"354\" src=\"https:\/\/blog.utp.edu.co\/renovacion-curricular\/files\/2024\/04\/17-1.png\" alt=\"\" class=\"wp-image-6671\" srcset=\"https:\/\/blog.utp.edu.co\/renovacion-curricular\/files\/2024\/04\/17-1.png 707w, https:\/\/blog.utp.edu.co\/renovacion-curricular\/files\/2024\/04\/17-1-300x150.png 300w\" sizes=\"auto, (max-width: 707px) 100vw, 707px\" \/><\/a><\/figure>\n<\/div>\n\n\n\n<div class=\"wp-block-column is-vertically-aligned-stretch is-layout-flow wp-block-column-is-layout-flow\" style=\"flex-basis:400px\">\n<figure class=\"wp-block-image size-full\"><a href=\"https:\/\/blog.utp.edu.co\/renovacion-curricular\/files\/2024\/05\/Acuerdo-44-Politica-Academica-Curricular.pdf\" target=\"_blank\" rel=\"noreferrer noopener\"><img loading=\"lazy\" decoding=\"async\" width=\"709\" height=\"354\" src=\"https:\/\/blog.utp.edu.co\/renovacion-curricular\/files\/2024\/05\/23.png\" alt=\"\" class=\"wp-image-6728\" srcset=\"https:\/\/blog.utp.edu.co\/renovacion-curricular\/files\/2024\/05\/23.png 709w, https:\/\/blog.utp.edu.co\/renovacion-curricular\/files\/2024\/05\/23-300x150.png 300w\" sizes=\"auto, (max-width: 709px) 100vw, 709px\" \/><\/a><\/figure>\n\n\n\n<hr class=\"wp-block-separator has-alpha-channel-opacity\" \/>\n\n\n\n<figure class=\"wp-block-image size-full\"><a href=\"https:\/\/blog.utp.edu.co\/renovacion-curricular\/files\/2024\/06\/Acuerdo-No.-02-2023-Reexpide-Acuerdo-34-agrega-codificacion.pdf\" target=\"_blank\" rel=\"noreferrer noopener\"><img loading=\"lazy\" decoding=\"async\" width=\"709\" height=\"354\" src=\"https:\/\/blog.utp.edu.co\/renovacion-curricular\/files\/2024\/06\/para-Renovacion-curricular.png\" alt=\"\" class=\"wp-image-6825\" srcset=\"https:\/\/blog.utp.edu.co\/renovacion-curricular\/files\/2024\/06\/para-Renovacion-curricular.png 709w, https:\/\/blog.utp.edu.co\/renovacion-curricular\/files\/2024\/06\/para-Renovacion-curricular-300x150.png 300w\" sizes=\"auto, (max-width: 709px) 100vw, 709px\" \/><\/a><\/figure>\n\n\n\n<hr class=\"wp-block-separator has-alpha-channel-opacity\" \/>\n\n\n\n<figure class=\"wp-block-image size-full\"><a href=\"https:\/\/blog.utp.edu.co\/renovacion-curricular\/files\/2024\/05\/Rubrica-para-revision-de-PEP.pdf\" target=\"_blank\" rel=\"noreferrer noopener\"><img loading=\"lazy\" decoding=\"async\" width=\"709\" height=\"354\" src=\"https:\/\/blog.utp.edu.co\/renovacion-curricular\/files\/2024\/05\/24.png\" alt=\"\" class=\"wp-image-6729\" srcset=\"https:\/\/blog.utp.edu.co\/renovacion-curricular\/files\/2024\/05\/24.png 709w, https:\/\/blog.utp.edu.co\/renovacion-curricular\/files\/2024\/05\/24-300x150.png 300w\" sizes=\"auto, (max-width: 709px) 100vw, 709px\" \/><\/a><\/figure>\n\n\n\n<hr class=\"wp-block-separator has-alpha-channel-opacity\" \/>\n\n\n\n<figure class=\"wp-block-image size-full\"><a href=\"https:\/\/blog.utp.edu.co\/renovacion-curricular\/files\/2024\/06\/Rubrica-para-revision-de-la-Renovacion-curricular-2024.pdf\" target=\"_blank\" rel=\"noreferrer noopener\"><img loading=\"lazy\" decoding=\"async\" width=\"709\" height=\"354\" src=\"https:\/\/blog.utp.edu.co\/renovacion-curricular\/files\/2024\/06\/para-Renovacion-curricular-3.png\" alt=\"\" class=\"wp-image-6830\" srcset=\"https:\/\/blog.utp.edu.co\/renovacion-curricular\/files\/2024\/06\/para-Renovacion-curricular-3.png 709w, https:\/\/blog.utp.edu.co\/renovacion-curricular\/files\/2024\/06\/para-Renovacion-curricular-3-300x150.png 300w\" sizes=\"auto, (max-width: 709px) 100vw, 709px\" \/><\/a><\/figure>\n\n\n\n<hr class=\"wp-block-separator has-alpha-channel-opacity\" \/>\n\n\n\n<figure class=\"wp-block-image size-full\"><a href=\"https:\/\/blog.utp.edu.co\/renovacion-curricular\/files\/2024\/05\/2.Paradigmas_del_curriculo.pdf\" target=\"_blank\" rel=\"noreferrer noopener\"><img loading=\"lazy\" decoding=\"async\" width=\"709\" height=\"354\" src=\"https:\/\/blog.utp.edu.co\/renovacion-curricular\/files\/2024\/05\/20.png\" alt=\"\" class=\"wp-image-6730\" srcset=\"https:\/\/blog.utp.edu.co\/renovacion-curricular\/files\/2024\/05\/20.png 709w, https:\/\/blog.utp.edu.co\/renovacion-curricular\/files\/2024\/05\/20-300x150.png 300w\" sizes=\"auto, (max-width: 709px) 100vw, 709px\" \/><\/a><\/figure>\n\n\n\n<hr class=\"wp-block-separator has-alpha-channel-opacity\" \/>\n\n\n\n<figure class=\"wp-block-image size-full\"><a href=\"https:\/\/blog.utp.edu.co\/renovacion-curricular\/files\/2024\/05\/3.-Esquema_seminario_curriculo.pdf\" target=\"_blank\" rel=\"noreferrer noopener\"><img loading=\"lazy\" decoding=\"async\" width=\"709\" height=\"354\" src=\"https:\/\/blog.utp.edu.co\/renovacion-curricular\/files\/2024\/05\/25.png\" alt=\"\" class=\"wp-image-6731\" srcset=\"https:\/\/blog.utp.edu.co\/renovacion-curricular\/files\/2024\/05\/25.png 709w, https:\/\/blog.utp.edu.co\/renovacion-curricular\/files\/2024\/05\/25-300x150.png 300w\" sizes=\"auto, (max-width: 709px) 100vw, 709px\" \/><\/a><\/figure>\n\n\n\n<hr class=\"wp-block-separator has-alpha-channel-opacity\" \/>\n\n\n\n<figure class=\"wp-block-image size-full\"><a href=\"https:\/\/blog.utp.edu.co\/renovacion-curricular\/files\/2024\/08\/Documento-estructura-para-la-presentacion-del-informe-de-la-renovacion-curricular-2024-23-de-agosto.docx\" target=\"_blank\" rel=\"noreferrer noopener\"><img loading=\"lazy\" decoding=\"async\" width=\"709\" height=\"354\" src=\"https:\/\/blog.utp.edu.co\/renovacion-curricular\/files\/2024\/05\/12.png\" alt=\"\" class=\"wp-image-6733\" srcset=\"https:\/\/blog.utp.edu.co\/renovacion-curricular\/files\/2024\/05\/12.png 709w, https:\/\/blog.utp.edu.co\/renovacion-curricular\/files\/2024\/05\/12-300x150.png 300w\" sizes=\"auto, (max-width: 709px) 100vw, 709px\" \/><\/a><\/figure>\n\n\n\n<hr class=\"wp-block-separator has-alpha-channel-opacity\" \/>\n\n\n\n<figure class=\"wp-block-image size-full\"><a href=\"https:\/\/blog.utp.edu.co\/renovacion-curricular\/files\/2025\/03\/Propuesta-presentacion-renovacion-curricular-ante-CCC-o-CCP-Marzo-21-de-2025.pptx\" target=\"_blank\" rel=\"noreferrer noopener\"><img loading=\"lazy\" decoding=\"async\" width=\"709\" height=\"354\" src=\"https:\/\/blog.utp.edu.co\/renovacion-curricular\/files\/2024\/10\/para-Renovacion-curricular.png\" alt=\"\" class=\"wp-image-6915\" srcset=\"https:\/\/blog.utp.edu.co\/renovacion-curricular\/files\/2024\/10\/para-Renovacion-curricular.png 709w, https:\/\/blog.utp.edu.co\/renovacion-curricular\/files\/2024\/10\/para-Renovacion-curricular-300x150.png 300w\" sizes=\"auto, (max-width: 709px) 100vw, 709px\" \/><\/a><\/figure>\n<\/div>\n<\/div>\n","protected":false},"excerpt":{"rendered":"<p>La pol\u00edtica acad\u00e9mica curricular derivada del PEI (2018) constituye la base para la renovaci\u00f3n curricular y la consolidaci\u00f3n de la identidad institucional en los programas acad\u00e9micos de pregrado y posgrado (Acuerdo 44 de 2020). La renovaci\u00f3n curricular y la actualizaci\u00f3n del Proyecto Educativo del Programa PEP, son la base que [&hellip;]<\/p>\n","protected":false},"author":6483,"featured_media":6352,"parent":0,"menu_order":0,"comment_status":"closed","ping_status":"closed","template":"","meta":{"footnotes":""},"class_list":["post-6340","page","type-page","status-publish","has-post-thumbnail","hentry"],"_links":{"self":[{"href":"https:\/\/blog.utp.edu.co\/renovacion-curricular\/wp-json\/wp\/v2\/pages\/6340","targetHints":{"allow":["GET"]}}],"collection":[{"href":"https:\/\/blog.utp.edu.co\/renovacion-curricular\/wp-json\/wp\/v2\/pages"}],"about":[{"href":"https:\/\/blog.utp.edu.co\/renovacion-curricular\/wp-json\/wp\/v2\/types\/page"}],"author":[{"embeddable":true,"href":"https:\/\/blog.utp.edu.co\/renovacion-curricular\/wp-json\/wp\/v2\/users\/6483"}],"replies":[{"embeddable":true,"href":"https:\/\/blog.utp.edu.co\/renovacion-curricular\/wp-json\/wp\/v2\/comments?post=6340"}],"version-history":[{"count":78,"href":"https:\/\/blog.utp.edu.co\/renovacion-curricular\/wp-json\/wp\/v2\/pages\/6340\/revisions"}],"predecessor-version":[{"id":6981,"href":"https:\/\/blog.utp.edu.co\/renovacion-curricular\/wp-json\/wp\/v2\/pages\/6340\/revisions\/6981"}],"wp:featuredmedia":[{"embeddable":true,"href":"https:\/\/blog.utp.edu.co\/renovacion-curricular\/wp-json\/wp\/v2\/media\/6352"}],"wp:attachment":[{"href":"https:\/\/blog.utp.edu.co\/renovacion-curricular\/wp-json\/wp\/v2\/media?parent=6340"}],"curies":[{"name":"wp","href":"https:\/\/api.w.org\/{rel}","templated":true}]}}