{"id":621,"date":"2018-01-23T20:59:44","date_gmt":"2018-01-23T20:59:44","guid":{"rendered":"http:\/\/blog.utp.edu.co\/renovacion-curricular\/?page_id=621"},"modified":"2024-03-21T16:48:03","modified_gmt":"2024-03-21T21:48:03","slug":"claustro-con-decanos-y-directores-de-programas-academicos","status":"publish","type":"page","link":"https:\/\/blog.utp.edu.co\/renovacion-curricular\/claustro-con-decanos-y-directores-de-programas-academicos\/","title":{"rendered":"Claustro con Decanos y Directores de programas acad\u00e9micos"},"content":{"rendered":"\n<figure class=\"wp-block-image size-large\"><img loading=\"lazy\" decoding=\"async\" width=\"1024\" height=\"568\" src=\"https:\/\/blog.utp.edu.co\/renovacion-curricular\/files\/2024\/03\/1-1024x568.png\" alt=\"\" class=\"wp-image-6274\" srcset=\"https:\/\/blog.utp.edu.co\/renovacion-curricular\/files\/2024\/03\/1-1024x568.png 1024w, https:\/\/blog.utp.edu.co\/renovacion-curricular\/files\/2024\/03\/1-300x167.png 300w, https:\/\/blog.utp.edu.co\/renovacion-curricular\/files\/2024\/03\/1-768x426.png 768w, https:\/\/blog.utp.edu.co\/renovacion-curricular\/files\/2024\/03\/1.png 1063w\" sizes=\"auto, (max-width: 1024px) 100vw, 1024px\" \/><\/figure>\n\n\n\n<hr class=\"wp-block-separator has-alpha-channel-opacity\" \/>\n\n\n<p><\/p>\n<p><strong>Claustro universitario \u201cPreparaci\u00f3n para la renovaci\u00f3n curricular\u201d<\/strong><\/p>\n<p>La Vicerrector\u00eda Acad\u00e9mica realiz\u00f3 el Claustro universitario de preparaci\u00f3n para la renovaci\u00f3n curricular, el martes 28 de noviembre 2017 de 08:00 a.m. a 12:00 p.m. en las instalaciones del Auditorio de Ciencias de la Salud. Esta jornada cont\u00f3 con la participaci\u00f3n de los Decanos de las Facultades y los directores de los programas acad\u00e9micos de la Instituci\u00f3n.<\/p>\n<p>El objetivo de la jornada fue promover la reflexi\u00f3n sobre la importancia de la renovaci\u00f3n curricular en la Universidad, a la luz de las nuevas tendencias curriculares y de los lineamientos de la pol\u00edtica acad\u00e9mica curricular del Proyecto Educativo Institucional.\u00a0<\/p>\n<p>Los principales aportes de los Decanos y Directores de programas se basan en la reflexi\u00f3n sobre el paradigma curricular en el que se encuentran, y los retos que deben asumir para su articulaci\u00f3n con los lineamientos del Proyecto Educativo Institucional, y para renovar sus curr\u00edculos de acuerdo a las din\u00e1micas propias de la formaci\u00f3n profesional del siglo XXI.<\/p>\n<p>El prop\u00f3sito es hacer de\u00a0esta iniciativa una oportunidad para la construcci\u00f3n y consolidaci\u00f3n de una cultura acad\u00e9mica de la participaci\u00f3n y la reflexi\u00f3n institucional, as\u00ed como efectuar un cambio educativo y social, que tiene en cuenta la diversidad y la complejidad de la Universidad para la formaci\u00f3n de los ciudadanos y los profesionales del siglo XXI.<\/p>\n<p><strong>La Vicerrector\u00eda Acad\u00e9mica agradece a la comunidad universitaria por participar en este espacio de reflexi\u00f3n, el cual contribuye a la construcci\u00f3n colectiva de Universidad.<\/strong><\/p>","protected":false},"excerpt":{"rendered":"<p>Claustro universitario \u201cPreparaci\u00f3n para la renovaci\u00f3n curricular\u201d La Vicerrector\u00eda Acad\u00e9mica realiz\u00f3 el Claustro universitario de preparaci\u00f3n para la renovaci\u00f3n curricular, el martes 28 de noviembre 2017 de 08:00 a.m. a 12:00 p.m. en las instalaciones del Auditorio de Ciencias de la Salud. Esta jornada cont\u00f3 con la participaci\u00f3n de los [&hellip;]<\/p>\n","protected":false},"author":2147,"featured_media":1131,"parent":0,"menu_order":0,"comment_status":"closed","ping_status":"closed","template":"","meta":{"footnotes":""},"class_list":["post-621","page","type-page","status-publish","has-post-thumbnail","hentry"],"_links":{"self":[{"href":"https:\/\/blog.utp.edu.co\/renovacion-curricular\/wp-json\/wp\/v2\/pages\/621","targetHints":{"allow":["GET"]}}],"collection":[{"href":"https:\/\/blog.utp.edu.co\/renovacion-curricular\/wp-json\/wp\/v2\/pages"}],"about":[{"href":"https:\/\/blog.utp.edu.co\/renovacion-curricular\/wp-json\/wp\/v2\/types\/page"}],"author":[{"embeddable":true,"href":"https:\/\/blog.utp.edu.co\/renovacion-curricular\/wp-json\/wp\/v2\/users\/2147"}],"replies":[{"embeddable":true,"href":"https:\/\/blog.utp.edu.co\/renovacion-curricular\/wp-json\/wp\/v2\/comments?post=621"}],"version-history":[{"count":6,"href":"https:\/\/blog.utp.edu.co\/renovacion-curricular\/wp-json\/wp\/v2\/pages\/621\/revisions"}],"predecessor-version":[{"id":6595,"href":"https:\/\/blog.utp.edu.co\/renovacion-curricular\/wp-json\/wp\/v2\/pages\/621\/revisions\/6595"}],"wp:featuredmedia":[{"embeddable":true,"href":"https:\/\/blog.utp.edu.co\/renovacion-curricular\/wp-json\/wp\/v2\/media\/1131"}],"wp:attachment":[{"href":"https:\/\/blog.utp.edu.co\/renovacion-curricular\/wp-json\/wp\/v2\/media?parent=621"}],"curies":[{"name":"wp","href":"https:\/\/api.w.org\/{rel}","templated":true}]}}