{"id":4071,"date":"2018-10-26T22:20:19","date_gmt":"2018-10-26T22:20:19","guid":{"rendered":"http:\/\/blog.utp.edu.co\/renovacion-curricular\/?page_id=4071"},"modified":"2024-03-21T16:53:43","modified_gmt":"2024-03-21T21:53:43","slug":"claustro-universitario-compromiso-con-la-sostenibilidad-ambiental","status":"publish","type":"page","link":"https:\/\/blog.utp.edu.co\/renovacion-curricular\/claustro-universitario-compromiso-con-la-sostenibilidad-ambiental\/","title":{"rendered":"Claustro Universitario Compromiso con la sostenibilidad ambiental"},"content":{"rendered":"\n<figure class=\"wp-block-image size-large\"><img loading=\"lazy\" decoding=\"async\" width=\"1024\" height=\"568\" src=\"https:\/\/blog.utp.edu.co\/renovacion-curricular\/files\/2024\/03\/3-2-1024x568.png\" alt=\"\" class=\"wp-image-6283\" srcset=\"https:\/\/blog.utp.edu.co\/renovacion-curricular\/files\/2024\/03\/3-2-1024x568.png 1024w, https:\/\/blog.utp.edu.co\/renovacion-curricular\/files\/2024\/03\/3-2-300x167.png 300w, https:\/\/blog.utp.edu.co\/renovacion-curricular\/files\/2024\/03\/3-2-768x426.png 768w, https:\/\/blog.utp.edu.co\/renovacion-curricular\/files\/2024\/03\/3-2.png 1063w\" sizes=\"auto, (max-width: 1024px) 100vw, 1024px\" \/><\/figure>\n\n\n\n<hr class=\"wp-block-separator has-alpha-channel-opacity\" \/>\n\n\n<p><em>\u201cLa vinculaci\u00f3n de problemas sociales relevantes a los curr\u00edculos y a la vida acad\u00e9mica lleva a asumir el compromiso institucional con la sostenibilidad ambiental, en b\u00fasqueda de desarrollo humano, educativo y social equitativo, en el que la inclusi\u00f3n y el manejo adecuado de los recursos facilite la conservaci\u00f3n, la regeneraci\u00f3n, el restablecimiento y la resiliencia de los ecosistemas, as\u00ed como equidad y justicia social para todos\u201d<\/em><em>(Naciones Unidas, 2012)<\/em><\/p>\n<p style=\"text-align: left\">El Claustro Universitario de <em>sostenibilidad ambiental<\/em> tuvo lugar el d\u00eda 08 de agosto de 2018 de 2:00 a 5:00 pm, en el Edificio 1, Bloque A, Auditorio 1A-201 de la Universidad Tecnol\u00f3gica de Pereira,<\/p>\n<p style=\"text-align: left\">Esta jornada cont\u00f3 con la participaci\u00f3n de 17 personas, entre ellos, miembros de la Facultad de Ciencias Ambientales (Decano de la Facultad y docentes), la Vicerrector\u00eda de Responsabilidad Social y Bienestar Universitario y, el equipo de renovaci\u00f3n curricular y desarrollo docente de la Vicerrector\u00eda Acad\u00e9mica de la Universidad Tecnol\u00f3gica de Pereira.<\/p>\n<p style=\"text-align: left\">El prop\u00f3sito del claustro estuvo direccionado a realizar una reflexi\u00f3n con el equipo responsable del componente de <em>sostenibilidad ambiental <\/em>sobre la implementaci\u00f3n de este componente en los Programas acad\u00e9micos de la Universidad.<\/p>\n<p><strong>La Vicerrector\u00eda Acad\u00e9mica agradece a la comunidad universitaria por participar en este espacio de reflexi\u00f3n, el cual contribuye a la construcci\u00f3n colectiva de la Universidad.<\/strong><\/p>","protected":false},"excerpt":{"rendered":"<p>\u201cLa vinculaci\u00f3n de problemas sociales relevantes a los curr\u00edculos y a la vida acad\u00e9mica lleva a asumir el compromiso institucional con la sostenibilidad ambiental, en b\u00fasqueda de desarrollo humano, educativo y social equitativo, en el que la inclusi\u00f3n y el manejo adecuado de los recursos facilite la conservaci\u00f3n, la regeneraci\u00f3n, [&hellip;]<\/p>\n","protected":false},"author":5601,"featured_media":6282,"parent":0,"menu_order":0,"comment_status":"closed","ping_status":"closed","template":"","meta":{"footnotes":""},"class_list":["post-4071","page","type-page","status-publish","has-post-thumbnail","hentry"],"_links":{"self":[{"href":"https:\/\/blog.utp.edu.co\/renovacion-curricular\/wp-json\/wp\/v2\/pages\/4071","targetHints":{"allow":["GET"]}}],"collection":[{"href":"https:\/\/blog.utp.edu.co\/renovacion-curricular\/wp-json\/wp\/v2\/pages"}],"about":[{"href":"https:\/\/blog.utp.edu.co\/renovacion-curricular\/wp-json\/wp\/v2\/types\/page"}],"author":[{"embeddable":true,"href":"https:\/\/blog.utp.edu.co\/renovacion-curricular\/wp-json\/wp\/v2\/users\/5601"}],"replies":[{"embeddable":true,"href":"https:\/\/blog.utp.edu.co\/renovacion-curricular\/wp-json\/wp\/v2\/comments?post=4071"}],"version-history":[{"count":13,"href":"https:\/\/blog.utp.edu.co\/renovacion-curricular\/wp-json\/wp\/v2\/pages\/4071\/revisions"}],"predecessor-version":[{"id":6285,"href":"https:\/\/blog.utp.edu.co\/renovacion-curricular\/wp-json\/wp\/v2\/pages\/4071\/revisions\/6285"}],"wp:featuredmedia":[{"embeddable":true,"href":"https:\/\/blog.utp.edu.co\/renovacion-curricular\/wp-json\/wp\/v2\/media\/6282"}],"wp:attachment":[{"href":"https:\/\/blog.utp.edu.co\/renovacion-curricular\/wp-json\/wp\/v2\/media?parent=4071"}],"curies":[{"name":"wp","href":"https:\/\/api.w.org\/{rel}","templated":true}]}}