{"id":3731,"date":"2018-10-26T21:13:51","date_gmt":"2018-10-26T21:13:51","guid":{"rendered":"http:\/\/blog.utp.edu.co\/renovacion-curricular\/?page_id=3731"},"modified":"2024-03-21T16:55:22","modified_gmt":"2024-03-21T21:55:22","slug":"claustro-universitario-ciudadania-y-democracia","status":"publish","type":"page","link":"https:\/\/blog.utp.edu.co\/renovacion-curricular\/claustro-universitario-ciudadania-y-democracia\/","title":{"rendered":"Claustro Universitario Ciudadan\u00eda y democracia"},"content":{"rendered":"\n<figure class=\"wp-block-image size-large\"><img loading=\"lazy\" decoding=\"async\" width=\"1024\" height=\"568\" src=\"https:\/\/blog.utp.edu.co\/renovacion-curricular\/files\/2024\/03\/4-1024x568.png\" alt=\"\" class=\"wp-image-6287\" srcset=\"https:\/\/blog.utp.edu.co\/renovacion-curricular\/files\/2024\/03\/4-1024x568.png 1024w, https:\/\/blog.utp.edu.co\/renovacion-curricular\/files\/2024\/03\/4-300x167.png 300w, https:\/\/blog.utp.edu.co\/renovacion-curricular\/files\/2024\/03\/4-768x426.png 768w, https:\/\/blog.utp.edu.co\/renovacion-curricular\/files\/2024\/03\/4.png 1063w\" sizes=\"auto, (max-width: 1024px) 100vw, 1024px\" \/><\/figure>\n\n\n\n<hr class=\"wp-block-separator has-alpha-channel-opacity\" \/>\n\n\n<p><em>\u201cLa educac<\/em><em>i\u00f3n superior debe no s\u00f3lo proporcionar competencias s\u00f3lidas para el mundo de hoy y de ma\u00f1ana, sino contribuir adem\u00e1s a la formaci\u00f3n de ciudadanos dotados de principios \u00e9ticos, comprometidos con la construcci\u00f3n de la paz, la defensa de los derechos humanos y los valores de la democracia\u201d<\/em><\/p>\n<p><em>(UNESCO, 2009)<\/em><\/p>\n<p>El Claustro Universitario de <em>ciudadan\u00eda y democracia <\/em>tuvo lugar el d\u00eda 16 de agosto de 2018 de 8:30 a 11:30 am, en el Edificio 1, Bloque A, Auditorio 1A-201 de la Universidad Tecnol\u00f3gica de Pereira.<\/p>\n<p>Esta jornada cont\u00f3 con la participaci\u00f3n de 10 personas, entre ellos, docentes del Programa de Filosof\u00eda, el Departamento de Humanidades y, el equipo de renovaci\u00f3n curricular y desarrollo docente de la Vicerrector\u00eda Acad\u00e9mica de la Universidad Tecnol\u00f3gica de Pereira.<\/p>\n<p>El prop\u00f3sito del claustro estuvo direccionado a realizar una reflexi\u00f3n con el equipo responsable del componente de <em>ciudadan\u00eda y democracia <\/em>sobre la implementaci\u00f3n de este en los Programas acad\u00e9micos de la Universidad.<\/p>\n<p><em>\u201cLa clase debe ser el lugar de aprendizaje, del debate argumentado, de las reglas necesarias para la discusi\u00f3n, de la toma de conciencia de las necesidades y procesos de comprensi\u00f3n del pensamiento de los dem\u00e1s, de la escucha y del respeto de las voces minoritarias y marginadas. As\u00ed, el aprendizaje de la comprensi\u00f3n debe jugar un papel fundamental en el aprendizaje democr\u00e1tico\u201d<\/em><\/p>\n<p><em>(MORIN, 1999)<\/em><\/p>\n<p><strong>La Vicerrector\u00eda Acad\u00e9mica agradece a la comunidad universitaria por participar en este espacio de reflexi\u00f3n, el cual contribuye a la construcci\u00f3n colectiva de la Universidad.<\/strong><\/p>","protected":false},"excerpt":{"rendered":"<p>\u201cLa educaci\u00f3n superior debe no s\u00f3lo proporcionar competencias s\u00f3lidas para el mundo de hoy y de ma\u00f1ana, sino contribuir adem\u00e1s a la formaci\u00f3n de ciudadanos dotados de principios \u00e9ticos, comprometidos con la construcci\u00f3n de la paz, la defensa de los derechos humanos y los valores de la democracia\u201d (UNESCO, 2009) [&hellip;]<\/p>\n","protected":false},"author":5601,"featured_media":6286,"parent":0,"menu_order":0,"comment_status":"closed","ping_status":"closed","template":"","meta":{"footnotes":""},"class_list":["post-3731","page","type-page","status-publish","has-post-thumbnail","hentry"],"_links":{"self":[{"href":"https:\/\/blog.utp.edu.co\/renovacion-curricular\/wp-json\/wp\/v2\/pages\/3731","targetHints":{"allow":["GET"]}}],"collection":[{"href":"https:\/\/blog.utp.edu.co\/renovacion-curricular\/wp-json\/wp\/v2\/pages"}],"about":[{"href":"https:\/\/blog.utp.edu.co\/renovacion-curricular\/wp-json\/wp\/v2\/types\/page"}],"author":[{"embeddable":true,"href":"https:\/\/blog.utp.edu.co\/renovacion-curricular\/wp-json\/wp\/v2\/users\/5601"}],"replies":[{"embeddable":true,"href":"https:\/\/blog.utp.edu.co\/renovacion-curricular\/wp-json\/wp\/v2\/comments?post=3731"}],"version-history":[{"count":10,"href":"https:\/\/blog.utp.edu.co\/renovacion-curricular\/wp-json\/wp\/v2\/pages\/3731\/revisions"}],"predecessor-version":[{"id":6289,"href":"https:\/\/blog.utp.edu.co\/renovacion-curricular\/wp-json\/wp\/v2\/pages\/3731\/revisions\/6289"}],"wp:featuredmedia":[{"embeddable":true,"href":"https:\/\/blog.utp.edu.co\/renovacion-curricular\/wp-json\/wp\/v2\/media\/6286"}],"wp:attachment":[{"href":"https:\/\/blog.utp.edu.co\/renovacion-curricular\/wp-json\/wp\/v2\/media?parent=3731"}],"curies":[{"name":"wp","href":"https:\/\/api.w.org\/{rel}","templated":true}]}}