{"id":2661,"date":"2018-10-26T18:30:07","date_gmt":"2018-10-26T18:30:07","guid":{"rendered":"http:\/\/blog.utp.edu.co\/renovacion-curricular\/?page_id=2661"},"modified":"2024-03-21T16:51:34","modified_gmt":"2024-03-21T21:51:34","slug":"claustro-universitario-formacion-integral-y-humana","status":"publish","type":"page","link":"https:\/\/blog.utp.edu.co\/renovacion-curricular\/2018-2\/claustro-universitario-formacion-integral-y-humana\/","title":{"rendered":"Claustro Universitario Formaci\u00f3n Integral y Humana"},"content":{"rendered":"\n<figure class=\"wp-block-image size-large\"><img loading=\"lazy\" decoding=\"async\" width=\"1024\" height=\"568\" src=\"https:\/\/blog.utp.edu.co\/renovacion-curricular\/files\/2024\/03\/2-1024x568.png\" alt=\"\" class=\"wp-image-6280\" srcset=\"https:\/\/blog.utp.edu.co\/renovacion-curricular\/files\/2024\/03\/2-1024x568.png 1024w, https:\/\/blog.utp.edu.co\/renovacion-curricular\/files\/2024\/03\/2-300x167.png 300w, https:\/\/blog.utp.edu.co\/renovacion-curricular\/files\/2024\/03\/2-768x426.png 768w, https:\/\/blog.utp.edu.co\/renovacion-curricular\/files\/2024\/03\/2.png 1063w\" sizes=\"auto, (max-width: 1024px) 100vw, 1024px\" \/><\/figure>\n\n\n\n<hr class=\"wp-block-separator has-alpha-channel-opacity\" \/>\n\n\n<p style=\"text-align: left\"><em>\u201cUna formaci\u00f3n integral es aquella<\/em> <em>que contribuye a fortalecer el proceso de socializaci\u00f3n del estudiante, que afina su sensibilidad mediante el desarrollo de sus facultades art\u00edsticas, contribuye a su desarrollo moral y abre su esp\u00edritu al pensamiento cr\u00edtico\u201d\u00a0<\/em><em>(FICHTE, 1977)<\/em><\/p>\n<p style=\"text-align: left\">El Claustro Universitario de <em>formaci\u00f3n integral y humana<\/em> tuvo lugar el d\u00eda 25 de julio de 2018 de 2:00 a 5:00 pm, en el Edificio 1, Bloque A, Auditorio 1A-201 de la Universidad Tecnol\u00f3gica de Pereira.<\/p>\n<p>Esta jornada cont\u00f3 con la participaci\u00f3n de 31 personas, entre ellos, miembros de la Vicerrector\u00eda de Responsabilidad Social y Bienestar Universitario, docentes de varios programas y departamentos de la Facultad de Bellas Artes y Humanidades (Departamento de humanidades, Programa de Filosof\u00eda), el equipo de renovaci\u00f3n curricular y desarrollo docente de la Vicerrector\u00eda Acad\u00e9mica y, la Rector\u00eda de la Universidad Tecnol\u00f3gica de Pereira.<\/p>\n<p>El prop\u00f3sito del claustro era reflexionar con el equipo responsable del componente de <em>formaci\u00f3n integral y humana <\/em>sobre la implementaci\u00f3n de este componente en los Programas acad\u00e9micos de la Universidad.<\/p>\n<p><strong>La Vicerrector\u00eda Acad\u00e9mica agradece a la comunidad universitaria por participar en este espacio de reflexi\u00f3n, el cual contribuye a la construcci\u00f3n colectiva de la Universidad.<\/strong><\/p>","protected":false},"excerpt":{"rendered":"<p>\u201cUna formaci\u00f3n integral es aquella que contribuye a fortalecer el proceso de socializaci\u00f3n del estudiante, que afina su sensibilidad mediante el desarrollo de sus facultades art\u00edsticas, contribuye a su desarrollo moral y abre su esp\u00edritu al pensamiento cr\u00edtico\u201d\u00a0(FICHTE, 1977) El Claustro Universitario de formaci\u00f3n integral y humana tuvo lugar el [&hellip;]<\/p>\n","protected":false},"author":5601,"featured_media":6126,"parent":601,"menu_order":0,"comment_status":"closed","ping_status":"closed","template":"","meta":{"footnotes":""},"class_list":["post-2661","page","type-page","status-publish","has-post-thumbnail","hentry"],"_links":{"self":[{"href":"https:\/\/blog.utp.edu.co\/renovacion-curricular\/wp-json\/wp\/v2\/pages\/2661","targetHints":{"allow":["GET"]}}],"collection":[{"href":"https:\/\/blog.utp.edu.co\/renovacion-curricular\/wp-json\/wp\/v2\/pages"}],"about":[{"href":"https:\/\/blog.utp.edu.co\/renovacion-curricular\/wp-json\/wp\/v2\/types\/page"}],"author":[{"embeddable":true,"href":"https:\/\/blog.utp.edu.co\/renovacion-curricular\/wp-json\/wp\/v2\/users\/5601"}],"replies":[{"embeddable":true,"href":"https:\/\/blog.utp.edu.co\/renovacion-curricular\/wp-json\/wp\/v2\/comments?post=2661"}],"version-history":[{"count":30,"href":"https:\/\/blog.utp.edu.co\/renovacion-curricular\/wp-json\/wp\/v2\/pages\/2661\/revisions"}],"predecessor-version":[{"id":6281,"href":"https:\/\/blog.utp.edu.co\/renovacion-curricular\/wp-json\/wp\/v2\/pages\/2661\/revisions\/6281"}],"up":[{"embeddable":true,"href":"https:\/\/blog.utp.edu.co\/renovacion-curricular\/wp-json\/wp\/v2\/pages\/601"}],"wp:featuredmedia":[{"embeddable":true,"href":"https:\/\/blog.utp.edu.co\/renovacion-curricular\/wp-json\/wp\/v2\/media\/6126"}],"wp:attachment":[{"href":"https:\/\/blog.utp.edu.co\/renovacion-curricular\/wp-json\/wp\/v2\/media?parent=2661"}],"curies":[{"name":"wp","href":"https:\/\/api.w.org\/{rel}","templated":true}]}}