{"id":2161,"date":"2018-01-29T21:37:10","date_gmt":"2018-01-29T21:37:10","guid":{"rendered":"http:\/\/blog.utp.edu.co\/renovacion-curricular\/?page_id=2161"},"modified":"2025-09-18T10:30:37","modified_gmt":"2025-09-18T15:30:37","slug":"inicio-2","status":"publish","type":"page","link":"https:\/\/blog.utp.edu.co\/renovacion-curricular\/","title":{"rendered":"Inicio"},"content":{"rendered":"<div class=\"wp-block-image\">\n<figure class=\"aligncenter size-large\"><img loading=\"lazy\" decoding=\"async\" width=\"629\" height=\"1024\" src=\"https:\/\/blog.utp.edu.co\/renovacion-curricular\/files\/2025\/09\/MENSAJE-DE-INICIO-SITIO-RC-3500-x-5700-px-1-629x1024.png\" alt=\"\" class=\"wp-image-6969\" srcset=\"https:\/\/blog.utp.edu.co\/renovacion-curricular\/files\/2025\/09\/MENSAJE-DE-INICIO-SITIO-RC-3500-x-5700-px-1-629x1024.png 629w, https:\/\/blog.utp.edu.co\/renovacion-curricular\/files\/2025\/09\/MENSAJE-DE-INICIO-SITIO-RC-3500-x-5700-px-1-184x300.png 184w, https:\/\/blog.utp.edu.co\/renovacion-curricular\/files\/2025\/09\/MENSAJE-DE-INICIO-SITIO-RC-3500-x-5700-px-1-768x1251.png 768w, https:\/\/blog.utp.edu.co\/renovacion-curricular\/files\/2025\/09\/MENSAJE-DE-INICIO-SITIO-RC-3500-x-5700-px-1-943x1536.png 943w, https:\/\/blog.utp.edu.co\/renovacion-curricular\/files\/2025\/09\/MENSAJE-DE-INICIO-SITIO-RC-3500-x-5700-px-1-1258x2048.png 1258w, https:\/\/blog.utp.edu.co\/renovacion-curricular\/files\/2025\/09\/MENSAJE-DE-INICIO-SITIO-RC-3500-x-5700-px-1-scaled.png 1572w\" sizes=\"auto, (max-width: 629px) 100vw, 629px\" \/><\/figure>\n<\/div>\n\n\n<hr class=\"wp-block-separator has-alpha-channel-opacity\" \/>\n\n\n\n<div class=\"wp-block-columns is-layout-flex wp-container-core-columns-is-layout-28f84493 wp-block-columns-is-layout-flex\">\n<div class=\"wp-block-column is-layout-flow wp-block-column-is-layout-flow\"><div class=\"wp-block-image\">\n<figure class=\"aligncenter size-full is-resized\"><img loading=\"lazy\" decoding=\"async\" width=\"1127\" height=\"1011\" src=\"https:\/\/blog.utp.edu.co\/renovacion-curricular\/files\/2024\/05\/Captura-de-pantalla-2024-05-07-162414.png\" alt=\"\" class=\"wp-image-6751\" style=\"width:674px;height:auto\" srcset=\"https:\/\/blog.utp.edu.co\/renovacion-curricular\/files\/2024\/05\/Captura-de-pantalla-2024-05-07-162414.png 1127w, https:\/\/blog.utp.edu.co\/renovacion-curricular\/files\/2024\/05\/Captura-de-pantalla-2024-05-07-162414-300x269.png 300w, https:\/\/blog.utp.edu.co\/renovacion-curricular\/files\/2024\/05\/Captura-de-pantalla-2024-05-07-162414-1024x919.png 1024w, https:\/\/blog.utp.edu.co\/renovacion-curricular\/files\/2024\/05\/Captura-de-pantalla-2024-05-07-162414-768x689.png 768w\" sizes=\"auto, (max-width: 1127px) 100vw, 1127px\" \/><figcaption class=\"wp-element-caption\"><em>Diagrama: Sistema Interno de Aseguramiento de la Calidad Acad\u00e9mica (SIAC)<\/em><\/figcaption><\/figure>\n<\/div><\/div>\n<\/div>\n\n\n\n<p class=\"has-black-color has-text-color has-link-color has-medium-font-size wp-elements-5332f5611a97663c7a84eca20139c306\"><strong>Componentes del SIAC<\/strong>:<\/p>\n\n\n\n<ul class=\"wp-block-list\">\n<li class=\"has-medium-font-size\">La pol\u00edtica acad\u00e9mica curricular derivada del PEI (2018) que conlleva a la reflexi\u00f3n y renovaci\u00f3n de los programas de pregrado y posgrado.<\/li>\n\n\n\n<li class=\"has-medium-font-size\">El aseguramiento de la calidad acad\u00e9mica incluye la reflexi\u00f3n y la renovaci\u00f3n peri\u00f3dica de los registros calificados de los programas y, la b\u00fasqueda de la alta calidad y la excelencia (acreditaci\u00f3n de programas e institucional).<\/li>\n\n\n\n<li class=\"has-medium-font-size\">El mejoramiento continuo, la innovaci\u00f3n acad\u00e9mica y educativa.<\/li>\n<\/ul>\n\n\n\n<hr class=\"wp-block-separator has-alpha-channel-opacity\" \/>\n\n\n\n<div class=\"wp-block-columns is-layout-flex wp-container-core-columns-is-layout-28f84493 wp-block-columns-is-layout-flex\">\n<div class=\"wp-block-column is-layout-flow wp-block-column-is-layout-flow\">\n<figure class=\"wp-block-image size-full\"><a href=\"https:\/\/blog.utp.edu.co\/renovacion-curricular\/ruta-para-la-renovacion-curricular\/\" target=\"_blank\" rel=\"noreferrer noopener\"><img loading=\"lazy\" decoding=\"async\" width=\"707\" height=\"354\" src=\"https:\/\/blog.utp.edu.co\/renovacion-curricular\/files\/2024\/04\/para-Renovacion-curricular2.png\" alt=\"\" class=\"wp-image-6698\" srcset=\"https:\/\/blog.utp.edu.co\/renovacion-curricular\/files\/2024\/04\/para-Renovacion-curricular2.png 707w, https:\/\/blog.utp.edu.co\/renovacion-curricular\/files\/2024\/04\/para-Renovacion-curricular2-300x150.png 300w\" sizes=\"auto, (max-width: 707px) 100vw, 707px\" \/><\/a><\/figure>\n<\/div>\n\n\n\n<div class=\"wp-block-column is-layout-flow wp-block-column-is-layout-flow\">\n<figure class=\"wp-block-image size-full\"><a href=\"https:\/\/blog.utp.edu.co\/renovacion-curricular\/ruta-para-el-registro-calificado\/\" target=\"_blank\" rel=\"noreferrer noopener\"><img loading=\"lazy\" decoding=\"async\" width=\"707\" height=\"354\" src=\"https:\/\/blog.utp.edu.co\/renovacion-curricular\/files\/2024\/04\/14.png\" alt=\"\" class=\"wp-image-6696\" srcset=\"https:\/\/blog.utp.edu.co\/renovacion-curricular\/files\/2024\/04\/14.png 707w, https:\/\/blog.utp.edu.co\/renovacion-curricular\/files\/2024\/04\/14-300x150.png 300w\" sizes=\"auto, (max-width: 707px) 100vw, 707px\" \/><\/a><\/figure>\n<\/div>\n\n\n\n<div class=\"wp-block-column is-layout-flow wp-block-column-is-layout-flow\">\n<figure class=\"wp-block-image size-full\"><a href=\"https:\/\/blog.utp.edu.co\/renovacion-curricular\/ruta-para-la-acreditacion-en-alta-calidad\/\" target=\"_blank\" rel=\"noreferrer noopener\"><img loading=\"lazy\" decoding=\"async\" width=\"709\" height=\"354\" src=\"https:\/\/blog.utp.edu.co\/renovacion-curricular\/files\/2024\/05\/26.png\" alt=\"\" class=\"wp-image-6721\" srcset=\"https:\/\/blog.utp.edu.co\/renovacion-curricular\/files\/2024\/05\/26.png 709w, https:\/\/blog.utp.edu.co\/renovacion-curricular\/files\/2024\/05\/26-300x150.png 300w\" sizes=\"auto, (max-width: 709px) 100vw, 709px\" \/><\/a><\/figure>\n<\/div>\n<\/div>\n","protected":false},"excerpt":{"rendered":"<p>Componentes del SIAC:<\/p>\n","protected":false},"author":6483,"featured_media":0,"parent":0,"menu_order":0,"comment_status":"closed","ping_status":"closed","template":"","meta":{"footnotes":""},"class_list":["post-2161","page","type-page","status-publish","hentry"],"_links":{"self":[{"href":"https:\/\/blog.utp.edu.co\/renovacion-curricular\/wp-json\/wp\/v2\/pages\/2161","targetHints":{"allow":["GET"]}}],"collection":[{"href":"https:\/\/blog.utp.edu.co\/renovacion-curricular\/wp-json\/wp\/v2\/pages"}],"about":[{"href":"https:\/\/blog.utp.edu.co\/renovacion-curricular\/wp-json\/wp\/v2\/types\/page"}],"author":[{"embeddable":true,"href":"https:\/\/blog.utp.edu.co\/renovacion-curricular\/wp-json\/wp\/v2\/users\/6483"}],"replies":[{"embeddable":true,"href":"https:\/\/blog.utp.edu.co\/renovacion-curricular\/wp-json\/wp\/v2\/comments?post=2161"}],"version-history":[{"count":76,"href":"https:\/\/blog.utp.edu.co\/renovacion-curricular\/wp-json\/wp\/v2\/pages\/2161\/revisions"}],"predecessor-version":[{"id":6978,"href":"https:\/\/blog.utp.edu.co\/renovacion-curricular\/wp-json\/wp\/v2\/pages\/2161\/revisions\/6978"}],"wp:attachment":[{"href":"https:\/\/blog.utp.edu.co\/renovacion-curricular\/wp-json\/wp\/v2\/media?parent=2161"}],"curies":[{"name":"wp","href":"https:\/\/api.w.org\/{rel}","templated":true}]}}