{"id":889,"date":"2024-08-20T19:09:37","date_gmt":"2024-08-20T19:09:37","guid":{"rendered":"https:\/\/blog.utp.edu.co\/procesoreacreditacioncdr\/?page_id=889"},"modified":"2024-12-06T09:48:06","modified_gmt":"2024-12-06T14:48:06","slug":"inicio","status":"publish","type":"page","link":"https:\/\/blog.utp.edu.co\/procesoreacreditacioncdr\/","title":{"rendered":"Inicio"},"content":{"rendered":"\n<h2 class=\"wp-block-heading\">\u00a1Bienvenidos!<\/h2>\n\n\n<div class=\"wp-block-image\">\n<figure class=\"alignleft is-resized\"><img loading=\"lazy\" decoding=\"async\" width=\"220\" height=\"220\" src=\"http:\/\/blog.utp.edu.co\/procesoreacreditacioncdr\/files\/2012\/05\/pcdyr.jpg\" alt=\"\" class=\"wp-image-195\" style=\"width:210px;height:auto\" title=\"pcdyr\" srcset=\"https:\/\/blog.utp.edu.co\/procesoreacreditacioncdr\/files\/2012\/05\/pcdyr.jpg 220w, https:\/\/blog.utp.edu.co\/procesoreacreditacioncdr\/files\/2012\/05\/pcdyr-150x150.jpg 150w\" sizes=\"auto, (max-width: 220px) 100vw, 220px\" \/><\/figure>\n<\/div>\n\n\n<p>Este es un blog creado desde el programa Ciencias del Deporte y la Recreaci\u00f3n con el \u00e1nimo de informar a toda nuestra comunidad acad\u00e9mica sobre el Proceso de Reacreditaci\u00f3n que &nbsp;estamos desarrollando en este momento.<\/p>\n\n\n\n<p>Aqu\u00ed encontraremos informes de avance, publicaciones recientes, espacios&nbsp;de retroalimentaci\u00f3n gracias a sus comentarios e inquietudes y galer\u00eda de im\u00e1genes.<\/p>\n\n\n\n<p><\/p>\n\n\n\n<h2 class=\"wp-block-heading\"><a href=\"https:\/\/blog.utp.edu.co\/procesoreacreditacioncdr\/entrada-nueva-2\/\">\u00bfQu\u00e9 es una acreditaci\u00f3n?<\/a><\/h2>\n\n\n\n<p>La acreditaci\u00f3n de un programa universitario es un proceso mediante el cual una entidad evaluadora, como una agencia gubernamental o un organismo independiente, verifica si un programa acad\u00e9mico cumple con ciertos criterios de calidad. Este proceso incluye varias etapas, como la autoevaluaci\u00f3n, la evaluaci\u00f3n externa por pares y la evaluaci\u00f3n final por parte del Consejo Nacional de Acreditaci\u00f3n.<\/p>\n\n\n\n<p>La acreditaci\u00f3n tiene varios beneficios, como asegurar altos est\u00e1ndares de calidad en la docencia, infraestructura y recursos disponibles para los estudiantes. Adem\u00e1s, permite a las instituciones acceder a fondos p\u00fablicos y participar en programas de intercambio acad\u00e9mico.<\/p>\n\n\n\n<p>Tambi\u00e9n garantiza que los programas acad\u00e9micos sean coherentes y pertinentes, y que cuenten con profesores de alto nivel y recursos adecuados para el aprendizaje.<\/p>\n\n\n\n<p><\/p>\n\n\n\n<p><\/p>\n\n\n\n<p><\/p>\n","protected":false},"excerpt":{"rendered":"<p>\u00a1Bienvenidos! Este es un blog creado desde el programa Ciencias del Deporte y la Recreaci\u00f3n con el \u00e1nimo de informar a toda nuestra comunidad acad\u00e9mica sobre el Proceso de Reacreditaci\u00f3n que &nbsp;estamos desarrollando en este momento. Aqu\u00ed encontraremos informes de avance, publicaciones recientes, espacios&nbsp;de retroalimentaci\u00f3n gracias a sus comentarios e inquietudes y galer\u00eda de im\u00e1genes. [&hellip;]<\/p>\n","protected":false},"author":3281,"featured_media":0,"parent":0,"menu_order":0,"comment_status":"closed","ping_status":"closed","template":"","meta":{"_uag_custom_page_level_css":"","footnotes":""},"class_list":["post-889","page","type-page","status-publish","hentry"],"uagb_featured_image_src":{"full":false,"thumbnail":false,"medium":false,"medium_large":false,"large":false,"1536x1536":false,"2048x2048":false},"uagb_author_info":{"display_name":"jltg","author_link":"https:\/\/blog.utp.edu.co\/procesoreacreditacioncdr\/author\/joseluis\/"},"uagb_comment_info":0,"uagb_excerpt":"\u00a1Bienvenidos! Este es un blog creado desde el programa Ciencias del Deporte y la Recreaci\u00f3n con el \u00e1nimo de informar a toda nuestra comunidad acad\u00e9mica sobre el Proceso de Reacreditaci\u00f3n que &nbsp;estamos desarrollando en este momento. Aqu\u00ed encontraremos informes de avance, publicaciones recientes, espacios&nbsp;de retroalimentaci\u00f3n gracias a sus comentarios e inquietudes y galer\u00eda de im\u00e1genes.&hellip;","_links":{"self":[{"href":"https:\/\/blog.utp.edu.co\/procesoreacreditacioncdr\/wp-json\/wp\/v2\/pages\/889","targetHints":{"allow":["GET"]}}],"collection":[{"href":"https:\/\/blog.utp.edu.co\/procesoreacreditacioncdr\/wp-json\/wp\/v2\/pages"}],"about":[{"href":"https:\/\/blog.utp.edu.co\/procesoreacreditacioncdr\/wp-json\/wp\/v2\/types\/page"}],"author":[{"embeddable":true,"href":"https:\/\/blog.utp.edu.co\/procesoreacreditacioncdr\/wp-json\/wp\/v2\/users\/3281"}],"replies":[{"embeddable":true,"href":"https:\/\/blog.utp.edu.co\/procesoreacreditacioncdr\/wp-json\/wp\/v2\/comments?post=889"}],"version-history":[{"count":33,"href":"https:\/\/blog.utp.edu.co\/procesoreacreditacioncdr\/wp-json\/wp\/v2\/pages\/889\/revisions"}],"predecessor-version":[{"id":1003,"href":"https:\/\/blog.utp.edu.co\/procesoreacreditacioncdr\/wp-json\/wp\/v2\/pages\/889\/revisions\/1003"}],"wp:attachment":[{"href":"https:\/\/blog.utp.edu.co\/procesoreacreditacioncdr\/wp-json\/wp\/v2\/media?parent=889"}],"curies":[{"name":"wp","href":"https:\/\/api.w.org\/{rel}","templated":true}]}}