{"id":458,"date":"2023-11-24T21:30:55","date_gmt":"2023-11-24T21:30:55","guid":{"rendered":"https:\/\/blog.utp.edu.co\/problemasderuteo\/?page_id=458"},"modified":"2024-08-20T21:07:08","modified_gmt":"2024-08-20T21:07:08","slug":"articulos","status":"publish","type":"page","link":"https:\/\/blog.utp.edu.co\/problemasderuteo\/articulos\/","title":{"rendered":"Art\u00edculos"},"content":{"rendered":"\n<h2 class=\"wp-block-heading has-medium-font-size\">M\u00e9todo de puntos interiores aplicado al problema de transportes<\/h2>\n\n\n\n<p>Autores: Alejandro Garc\u00e9s Ruiz, Eliana Mirledy Toro, Juan Carlos Galvis M. <br>Link de acceso: <a href=\"https:\/\/www.redalyc.org\/articulo.oa?id=84911698011\">https:\/\/www.redalyc.org\/articulo.oa?id=84911698011<\/a><\/p>\n\n\n\n<h2 class=\"wp-block-heading has-medium-font-size\">Adaptaci\u00f3n de la t\u00e9cnica de particle swarm al problema de secuenciamiento de tareas<\/h2>\n\n\n\n<p>Autores: Eliana Mirledy Toro Ocampo, Mauricio Granada Echeverri, Yov Steven Restrepo G<br>Link de acceso: <a href=\"https:\/\/dialnet.unirioja.es\/servlet\/articulo?codigo=4823817\">https:\/\/dialnet.unirioja.es\/servlet\/articulo?codigo=4823817<\/a><\/p>\n\n\n\n<h2 class=\"wp-block-heading has-medium-font-size\">Soluci\u00f3n del problema de m\u00faltiples agentes viajeros resuelto mediante t\u00e9cnicas heur\u00edsticas<\/h2>\n\n\n\n<p>Autores: Eliana Mirledy Toro Ocampo, Rub\u00e9n Iv\u00e1n Bola\u00f1os, Mauricio Granada Echeverri <br>Link de acceso: <a href=\"https:\/\/www.redalyc.org\/pdf\/849\/84931680004.pdf\">https:\/\/www.redalyc.org\/pdf\/849\/84931680004.pdf<\/a><\/p>\n\n\n\n<h2 class=\"wp-block-heading has-medium-font-size\">Soluci\u00f3n del problema de ruteamiento de veh\u00edculos en la distribuci\u00f3n de papa en Colombia<\/h2>\n\n\n\n<p>Autores: Eliana Mirledy Toro Ocampo, Jhon Jairo Santa Ch\u00e1vez, Mauricio Granada Echeverri<br>Link de acceso: <a href=\"https:\/\/dialnet.unirioja.es\/servlet\/articulo?codigo=4269598\">https:\/\/dialnet.unirioja.es\/servlet\/articulo?codigo=4269598<\/a><\/p>\n\n\n\n<h2 class=\"wp-block-heading has-medium-font-size\">An\u00e1lisis de sensibilidad para el MDVRPPC multi-objetivo que considera costo e impacto ambiental<\/h2>\n\n\n\n<p>Autores: Alejando Ospina Casta\u00f1o, Eliana Mirledy Toro Ocampo, Ram\u00f3n Alfonso Gallego Rend\u00f3n<br>Link de acceso: <a href=\"https:\/\/ojs.unipamplona.edu.co\/index.php\/rcta\/article\/view\/56\">https:\/\/ojs.unipamplona.edu.co\/index.php\/rcta\/article\/view\/56<\/a><\/p>\n\n\n\n<h2 class=\"wp-block-heading has-medium-font-size\">A multi-objective model for the green capacitated location-routing problem considering environmental impact<\/h2>\n\n\n\n<p>Autores: Eliana M.&nbsp;Toro,&nbsp;John F.&nbsp;Franco,&nbsp;Mauricio Granada&nbsp;Echeverri,&nbsp;Frederico Gadelha&nbsp;Guimar\u00e3es<br>Link de acceso: <a href=\"https:\/\/www.sciencedirect.com\/science\/article\/abs\/pii\/S0360835217302176\">https:\/\/www.sciencedirect.com\/science\/article\/abs\/pii\/S0360835217302176<\/a><\/p>\n\n\n\n<h2 class=\"wp-block-heading has-medium-font-size\">Introducing radiality constraints in capacitated location-routing problems<\/h2>\n\n\n\n<p>Autores: Eliana Mirledy Toro Ocampo, Frederico G. Guimar\u00e3esb, Ram\u00f3n Alfonso Gallego Rend\u00f3n<br>Link de acceso: <a href=\"https:\/\/www.growingscience.com\/ijiec\/Vol8\/IJIEC_2017_8.pdf\">https:\/\/www.growingscience.com\/ijiec\/Vol8\/IJIEC_2017_8.pdf<\/a><\/p>\n\n\n\n<h2 class=\"wp-block-heading has-medium-font-size\">Green open location-routing problem considering economic and environmental costs<\/h2>\n\n\n\n<p>Autores: Eliana M. Toro, John F. Franco, Mauricio Granada Echeverri, Frederico G. Guimar\u00e3es, Ram\u00f3n A. Gallego Rend\u00f3n<br>Link de acceso: <a href=\"https:\/\/m.growingscience.com\/beta\/ijiec\/2410-green-open-location-routing-problem-considering-economic-and-environmental-costs.html \">https:\/\/m.growingscience.com\/beta\/ijiec\/2410-green-open-location-routing-problem-considering-economic-and-environmental-costs.html <\/a><\/p>\n\n\n\n<h2 class=\"wp-block-heading has-medium-font-size\">Soluci\u00f3n \u201cwait and see\u201d para el problema de ruteo abierto de veh\u00edculos con demandas estoc\u00e1sticas bajo un esquema de estimaci\u00f3n por puntos<\/h2>\n\n\n\n<p>Autores: Alejando Ospina Casta\u00f1o, Eliana Mirledy Toro Ocampo, Ram\u00f3n Alfonso Gallego Rend\u00f3n<br>Link de acceso: <a href=\"https:\/\/ojs.unipamplona.edu.co\/index.php\/rcta\/article\/view\/851\">https:\/\/ojs.unipamplona.edu.co\/index.php\/rcta\/article\/view\/851<\/a><\/p>\n\n\n\n<h2 class=\"wp-block-heading has-medium-font-size\">An MIP formulation for the open location-routing problem considering the topological characteristic of the solution-paths<\/h2>\n\n\n\n<p>Autores: Mauricio Granada, Eliana M. Toro, Ram\u00f3n Gallego<br>Link de acceso: <a href=\"https:\/\/onlinelibrary.wiley.com\/doi\/full\/10.1002\/net.21912\">https:\/\/onlinelibrary.wiley.com\/doi\/full\/10.1002\/net.21912<\/a><\/p>\n\n\n\n<h2 class=\"wp-block-heading has-medium-font-size\">A biobjective capacitated vehicle routing problem using metaheuristic ILS and decomposition<\/h2>\n\n\n\n<p>Autores: Luis Fernando Galindres-Guancha, Eliana Toro-Ocampo, Ram\u00f3n Gallego-Rend\u00f3n<br>Link de acceso: <a href=\"https:\/\/growingscience.com\/beta\/ijiec\/4773-a-biobjective-capacitated-vehicle-routing-problem-using-metaheuristic-ils-and-decomposition.html\">https:\/\/growingscience.com\/beta\/ijiec\/4773-a-biobjective-capacitated-vehicle-routing-problem-using-metaheuristic-ils-and-decomposition.html<\/a><\/p>\n\n\n\n<h2 class=\"wp-block-heading has-medium-font-size\">Iterated local search for the vehicle routing problem with a private fleet and a common carrier<\/h2>\n\n\n\n<p>Autores: John F. Castaneda L., Eliana M. Toro, Ramon A. Gallego R.<br>Link de acceso: <a href=\"https:\/\/www.tandfonline.com\/doi\/abs\/10.1080\/0305215X.2019.1681985\">https:\/\/www.tandfonline.com\/doi\/abs\/10.1080\/0305215X.2019.1681985<\/a><\/p>\n\n\n\n<h2 class=\"wp-block-heading has-medium-font-size\">Iterated local search multi-objective methodology for the green vehicle routing problem considering workload equity with a private fleet and a common carrier<\/h2>\n\n\n\n<p>Autores: John Fredy Castaneda Londo\u00f1o, Ram\u00f3n Alfonso Gallego Rend\u00f3n, Eliana Mirledy Toro Ocampo<br>Link de acceso: <a href=\"https:\/\/www.researchgate.net\/publication\/348124739_Iterated_local_search_multi-objective_methodology_for_the_green_vehicle_routing_problem_considering_workload_equity_with_a_private_fleet_and_a_common_carrier\">https:\/\/www.researchgate.net\/publication\/348124739_Iterated_local_search_multi-objective_methodology_for_the_green_vehicle_routing_problem_considering_workload_equity_with_a_private_fleet_and_a_common_carrier<\/a><\/p>\n\n\n\n<h2 class=\"wp-block-heading has-medium-font-size\">Soluci\u00f3n del problema de ruteo capacitado considerando efectos ambientales mediante una t\u00e9cnica h\u00edbrida<\/h2>\n\n\n\n<p>Autores: Luis Fernando Galindres Guancha, Eliana Mirledy Toro Ocampo, Antonio Escobar Zuluaga <br>Link de acceso: <a href=\"https:\/\/www.redalyc.org\/pdf\/849\/84943818002.pdf\">https:\/\/www.redalyc.org\/pdf\/849\/84943818002.pdf<\/a><\/p>\n\n\n\n<p><\/p>\n\n\n\n<h2 class=\"wp-block-heading has-medium-font-size\">A population-based algorithm for the multi travelling salesman problem<\/h2>\n\n\n\n<p>Autores: Rub\u00e9n Iv\u00e1n Bola\u00f1os, Eliana M. Toro O, Mauricio Granada E<br>Link de acceso: <a href=\"https:\/\/growingscience.com\/beta\/ijiec\/2137-a-population-based-algorithm-for-the-multi-travelling-salesman-problem.html\">https:\/\/growingscience.com\/beta\/ijiec\/2137-a-population-based-algorithm-for-the-multi-travelling-salesman-problem.html<\/a><\/p>\n\n\n\n<h2 class=\"wp-block-heading has-medium-font-size\">Literature review on the vehicle routing problem in the green transportation context<\/h2>\n\n\n\n<p>Autores: Eliana Mirledy Toro Ocampo, Antonio Hernando Escobar Zuluaga, Mauricio Granada-Echeverri<br>Link de acceso: <a href=\"https:\/\/www.researchgate.net\/publication\/290781056_LITERATURE_REVIEW_ON_THE_VEHICLE_ROUTING_PROBLEM_IN_THE_GREEN_TRANSPORTATION_CONTEXT\">https:\/\/www.researchgate.net\/publication\/290781056_LITERATURE_REVIEW_ON_THE_VEHICLE_ROUTING_PROBLEM_IN_THE_GREEN_TRANSPORTATION_CONTEXT<\/a><\/p>\n\n\n\n<h2 class=\"wp-block-heading has-medium-font-size\">Modelo matem\u00e1tico para resolver el problema de localizaci\u00f3n y ruteo con restricciones de capacidad considerando flota propia y subcontratada<\/h2>\n\n\n\n<p>Autores: Eliana Mirledy Toro-Ocampo, John Fredy Franco-Baquero,  Ram\u00f3n Alfonso Gallego Rend\u00f3n <br>Link de acceso: <a href=\"https:\/\/www.sciencedirect.com\/science\/article\/pii\/S1405774316300208\">https:\/\/www.sciencedirect.com\/science\/article\/pii\/S1405774316300208<\/a><\/p>\n\n\n\n<h2 class=\"wp-block-heading has-medium-font-size\">Desempe\u00f1o de las t\u00e9cnicas de agrupamiento para resolver el problema de ruteo con m\u00faltiples dep\u00f3sitos<\/h2>\n\n\n\n<p>Autores: Eliana M. Toro-Ocampo, Andr\u00e9s H. Dom\u00ednguez-Casta\u00f1o, Antonio H. Escobar-Zuluaga<br>Link de acceso: <a href=\"https:\/\/revistas.itm.edu.co\/index.php\/tecnologicas\/article\/view\/593\">https:\/\/revistas.itm.edu.co\/index.php\/tecnologicas\/article\/view\/593<\/a><\/p>\n\n\n\n<h2 class=\"wp-block-heading has-medium-font-size\">A mixed integer linear programming formulation for the vehicle routing problem with backhauls<\/h2>\n\n\n\n<p>Autores: Mauricio Granada Echeverri, Eliana M. Toro, Jhon Jairo Santa<br>Link de acceso: <a href=\"https:\/\/growingscience.com\/beta\/ijiec\/2961-a-mixed-integer-linear-programming-formulation-for-the-vehicle-routing-problem-with-backhauls.html\">https:\/\/growingscience.com\/beta\/ijiec\/2961-a-mixed-integer-linear-programming-formulation-for-the-vehicle-routing-problem-with-backhauls.html<\/a><\/p>\n\n\n\n<h2 class=\"wp-block-heading has-medium-font-size\">Soluci\u00f3n del MDVRP usando el algoritmo de b\u00fasqueda local iterada<\/h2>\n\n\n\n<p>Autores: Daniela Ospina Toro, Eliana Mirledy Toro Ocampo, Ram\u00f3n Alfonso Gallego Rend\u00f3n<br>Link de acceso: <a href=\"https:\/\/www.researchgate.net\/publication\/328586438_SOLUCION_DEL_MDVRP_USANDO_EL_ALGORITMO_DE_BUSQUEDA_LOCAL_ITERADA\">https:\/\/www.researchgate.net\/publication\/328586438_SOLUCION_DEL_MDVRP_USANDO_EL_ALGORITMO_DE_BUSQUEDA_LOCAL_ITERADA<\/a><\/p>\n\n\n\n<h2 class=\"wp-block-heading has-medium-font-size\">Multi-objective MDVRP solution considering route balance and cost using the ILS metaheuristic<\/h2>\n\n\n\n<p>Autores: Luis Fernando Galindres Guancha, Eliana Mirledy Toro Ocampo, Ram\u00f3n Alfonso Gallego Rend\u00f3n<br>Link de acceso: <a href=\"https:\/\/www.researchgate.net\/publication\/322166598_Multi-objective_MDVRP_solution_considering_route_balance_and_cost_using_the_ILS_metaheuristic\">https:\/\/www.researchgate.net\/publication\/322166598_Multi-objective_MDVRP_solution_considering_route_balance_and_cost_using_the_ILS_metaheuristic<\/a><\/p>\n\n\n\n<p><strong>Trends and Applications of Heuristic Algorithms in Transportation Logistics<\/strong><\/p>\n\n\n\n<p>Autores: Paola Alzate, Gustavo Isaza, Eliana Toro, Jorge Jaramillo.<br>Link de acceso: <a href=\"https:\/\/www.researchgate.net\/publication\/322166598_Multi-objective_MDVRP_solution_considering_route_balance_and_cost_using_the_ILS_metaheuristic\">https:\/\/link.springer.com\/chapter\/10.1007\/978-3-031-36957-5_41<\/a><\/p>\n\n\n\n<p><strong>Resoluci\u00f3n del problema integrado de enrutamiento y gesti\u00f3n de inventarios con m\u00faltiples veh\u00edculos mediante programaci\u00f3n lineal entera mixta<\/strong><\/p>\n\n\n\n<p>Autores: Frank Alejandro Hincapi\u00e9-Londo\u00f1o, Jhonatan Stiven Garc\u00eda-Guevara, Eliana Mirledy Toro-Ocampo.<br>Link de acceso: <a href=\"https:\/\/www.researchgate.net\/publication\/322166598_Multi-objective_MDVRP_solution_considering_route_balance_and_cost_using_the_ILS_metaheuristic\">http:\/\/www.scielo.org.co\/scielo.php?pid=S0121-750X2023000200201&amp;script=sci_arttext<\/a><\/p>\n\n\n\n<p><strong>Solving the Multi-Vehicle Inventory Routing and Management Integrated Problem Using Mixed-Integer Linear Programming<\/strong><\/p>\n\n\n\n<p>Autores: Frank Alejandro Hincapi\u00e9-Londo\u00f1o, Jhonatan Stiven Garc\u00eda-Guevara, Eliana Mirledy Toro-Ocampo.<br>Link de acceso: <a href=\"https:\/\/www.researchgate.net\/publication\/322166598_Multi-objective_MDVRP_solution_considering_route_balance_and_cost_using_the_ILS_metaheuristic\">https:\/\/scholar.google.com\/citations?view_op=view_citation&amp;hl=es&amp;user=RI8xaeUAAAAJ&amp;sortby=pubdate&amp;citation_for_view=RI8xaeUAAAAJ:kzcrU_BdoSEC<\/a><\/p>\n","protected":false},"excerpt":{"rendered":"<p>M\u00e9todo de puntos interiores aplicado al problema de transportes Autores: Alejandro Garc\u00e9s Ruiz, Eliana Mirledy Toro, Juan Carlos Galvis M. Link de acceso: https:\/\/www.redalyc.org\/articulo.oa?id=84911698011 Adaptaci\u00f3n de la t\u00e9cnica de particle swarm al problema de secuenciamiento [&hellip;]<\/p>\n","protected":false},"author":2261,"featured_media":0,"parent":0,"menu_order":0,"comment_status":"closed","ping_status":"closed","template":"","meta":{"footnotes":""},"class_list":["post-458","page","type-page","status-publish","hentry"],"_links":{"self":[{"href":"https:\/\/blog.utp.edu.co\/problemasderuteo\/wp-json\/wp\/v2\/pages\/458","targetHints":{"allow":["GET"]}}],"collection":[{"href":"https:\/\/blog.utp.edu.co\/problemasderuteo\/wp-json\/wp\/v2\/pages"}],"about":[{"href":"https:\/\/blog.utp.edu.co\/problemasderuteo\/wp-json\/wp\/v2\/types\/page"}],"author":[{"embeddable":true,"href":"https:\/\/blog.utp.edu.co\/problemasderuteo\/wp-json\/wp\/v2\/users\/2261"}],"replies":[{"embeddable":true,"href":"https:\/\/blog.utp.edu.co\/problemasderuteo\/wp-json\/wp\/v2\/comments?post=458"}],"version-history":[{"count":26,"href":"https:\/\/blog.utp.edu.co\/problemasderuteo\/wp-json\/wp\/v2\/pages\/458\/revisions"}],"predecessor-version":[{"id":501,"href":"https:\/\/blog.utp.edu.co\/problemasderuteo\/wp-json\/wp\/v2\/pages\/458\/revisions\/501"}],"wp:attachment":[{"href":"https:\/\/blog.utp.edu.co\/problemasderuteo\/wp-json\/wp\/v2\/media?parent=458"}],"curies":[{"name":"wp","href":"https:\/\/api.w.org\/{rel}","templated":true}]}}