{"id":449,"date":"2023-11-24T21:24:42","date_gmt":"2023-11-24T21:24:42","guid":{"rendered":"https:\/\/blog.utp.edu.co\/problemasderuteo\/?page_id=449"},"modified":"2023-11-24T21:29:12","modified_gmt":"2023-11-24T21:29:12","slug":"libros","status":"publish","type":"page","link":"https:\/\/blog.utp.edu.co\/problemasderuteo\/libros\/","title":{"rendered":"Libros"},"content":{"rendered":"<div class=\"wp-block-image\">\n<figure class=\"aligncenter size-full is-resized\"><img loading=\"lazy\" decoding=\"async\" width=\"494\" height=\"701\" src=\"https:\/\/blog.utp.edu.co\/problemasderuteo\/files\/2023\/11\/Captura.png\" alt=\"\" class=\"wp-image-455\" style=\"width:232px;height:auto\" srcset=\"https:\/\/blog.utp.edu.co\/problemasderuteo\/files\/2023\/11\/Captura.png 494w, https:\/\/blog.utp.edu.co\/problemasderuteo\/files\/2023\/11\/Captura-211x300.png 211w\" sizes=\"auto, (max-width: 494px) 100vw, 494px\" \/><\/figure>\n<\/div>\n\n\n<h2 class=\"wp-block-heading has-medium-font-size\">Introducci\u00f3n al problema de enrutamiento de veh\u00edculos en la log\u00edstica de distribuci\u00f3n<\/h2>\n\n\n\n<p>Autores: Ph.D. Eliana Mirledy Toro Ocampo, M.Sc. John Fredy Casta\u00f1eda Londo\u00f1o, Ph.D. Ram\u00f3n Alfonso Gallego Rend\u00f3n<br>Link de acceso: <a href=\"https:\/\/repositorio.utp.edu.co\/server\/api\/core\/bitstreams\/17dea25a-1c1b-4ff1-8226-4ecc63582c23\/content\">https:\/\/repositorio.utp.edu.co\/server\/api\/core\/bitstreams\/17dea25a-1c1b-4ff1-8226-4ecc63582c23\/content<\/a><\/p>\n","protected":false},"excerpt":{"rendered":"<p>Introducci\u00f3n al problema de enrutamiento de veh\u00edculos en la log\u00edstica de distribuci\u00f3n Autores: Ph.D. Eliana Mirledy Toro Ocampo, M.Sc. John Fredy Casta\u00f1eda Londo\u00f1o, Ph.D. Ram\u00f3n Alfonso Gallego Rend\u00f3nLink de acceso: https:\/\/repositorio.utp.edu.co\/server\/api\/core\/bitstreams\/17dea25a-1c1b-4ff1-8226-4ecc63582c23\/content<\/p>\n","protected":false},"author":2261,"featured_media":0,"parent":0,"menu_order":0,"comment_status":"closed","ping_status":"closed","template":"","meta":{"footnotes":""},"class_list":["post-449","page","type-page","status-publish","hentry"],"_links":{"self":[{"href":"https:\/\/blog.utp.edu.co\/problemasderuteo\/wp-json\/wp\/v2\/pages\/449","targetHints":{"allow":["GET"]}}],"collection":[{"href":"https:\/\/blog.utp.edu.co\/problemasderuteo\/wp-json\/wp\/v2\/pages"}],"about":[{"href":"https:\/\/blog.utp.edu.co\/problemasderuteo\/wp-json\/wp\/v2\/types\/page"}],"author":[{"embeddable":true,"href":"https:\/\/blog.utp.edu.co\/problemasderuteo\/wp-json\/wp\/v2\/users\/2261"}],"replies":[{"embeddable":true,"href":"https:\/\/blog.utp.edu.co\/problemasderuteo\/wp-json\/wp\/v2\/comments?post=449"}],"version-history":[{"count":4,"href":"https:\/\/blog.utp.edu.co\/problemasderuteo\/wp-json\/wp\/v2\/pages\/449\/revisions"}],"predecessor-version":[{"id":457,"href":"https:\/\/blog.utp.edu.co\/problemasderuteo\/wp-json\/wp\/v2\/pages\/449\/revisions\/457"}],"wp:attachment":[{"href":"https:\/\/blog.utp.edu.co\/problemasderuteo\/wp-json\/wp\/v2\/media?parent=449"}],"curies":[{"name":"wp","href":"https:\/\/api.w.org\/{rel}","templated":true}]}}