{"id":406,"date":"2023-11-24T18:18:47","date_gmt":"2023-11-24T18:18:47","guid":{"rendered":"https:\/\/blog.utp.edu.co\/problemasderuteo\/?page_id=406"},"modified":"2024-08-20T19:51:16","modified_gmt":"2024-08-20T19:51:16","slug":"trabajos-de-grado-de-ruteo","status":"publish","type":"page","link":"https:\/\/blog.utp.edu.co\/problemasderuteo\/trabajos-de-grado-de-ruteo\/","title":{"rendered":"Trabajos de grado de ruteo"},"content":{"rendered":"\n<p><\/p>\n\n\n\n<h2 class=\"wp-block-heading has-medium-font-size\">Soluci\u00f3n al problema de ruteo de veh\u00edculos con capacidad limitada \u201cCVRP\u201d a trav\u00e9s de la heur\u00edstica de barrido y la implementaci\u00f3n del algoritmo gen\u00e9tico de Chu-Beasley<\/h2>\n\n\n\n<p>Autor: Ing. Industrial Juan Pablo Orrego Cardozo<br>Directora: Ph.D. Eliana Mirledy Toro Ocampo<br>Link de acceso: <a href=\"https:\/\/repositorio.utp.edu.co\/server\/api\/core\/bitstreams\/4f93b8c7-f0ce-4503-91ab-bf165de41253\/content\">https:\/\/repositorio.utp.edu.co\/server\/api\/core\/bitstreams\/4f93b8c7-f0ce-4503-91ab-bf165de41253\/content<\/a><\/p>\n\n\n\n<h2 class=\"wp-block-heading has-medium-font-size\">A methodology for creating feeding routes in mass transit systems<\/h2>\n\n\n\n<p>Autores: M.Sc. Daniela Ospina Toro, Ph.D. Eliana Mirledy Toro Ocampo, Ph.D. Ram\u00f3n Alfonso Gallego Rend\u00f3n<br>Link de acceso: <a href=\"https:\/\/doi.org\/10.19053\/01211129.v26.n45.2017.6052\">https:\/\/doi.org\/10.19053\/01211129.v26.n45.2017.6052<\/a><\/p>\n\n\n\n<h2 class=\"wp-block-heading has-medium-font-size\">Implementaci\u00f3n del m\u00e9todo del ahorro para resolver el VRP aplicado al dise\u00f1o de una red de log\u00edstica inversa para la recolecci\u00f3n de aceite vehicular usado generado en los puntos de acopio ubicados en Pereira<\/h2>\n\n\n\n<p>Autores: Ing. Industrial Juliana Casta\u00f1eda Jim\u00e9nez, Ing. Industrial Jaime Andr\u00e9s Cardona Arias<br>Directora: Ph.D. Eliana Mirledy Toro Ocampo<br>Link de acceso: <a href=\"https:\/\/repositorio.utp.edu.co\/items\/c53aafae-91e2-4ad8-b163-20c7eabd1639\">https:\/\/repositorio.utp.edu.co\/items\/c53aafae-91e2-4ad8-b163-20c7eabd1639<\/a><\/p>\n\n\n\n<h2 class=\"wp-block-heading has-medium-font-size\">Dise\u00f1o de redes de log\u00edstica inversa: una revisi\u00f3n del estado del arte y aplicaci\u00f3n pr\u00e1ctica <\/h2>\n\n\n\n<p>Autores: Ing. Industrial Luz \u00c1ngela Fl\u00f3rez Calder\u00f3n, Ph.D. Eliana Mirledy Toro Ocampo, Ph.D. Mauricio Granada Echeverry <br>Link de acceso: <a href=\"https:\/\/www.redalyc.org\/articulo.oa?id=91126903009\">https:\/\/www.redalyc.org\/articulo.oa?id=91126903009<\/a> <\/p>\n\n\n\n<h2 class=\"wp-block-heading has-medium-font-size\">Revisi\u00f3n del estado del arte del problema de enrutamiento de veh\u00edculos con restricci\u00f3n de capacidad, CVRP, involucrado en la administraci\u00f3n de la cadena de suministro<\/h2>\n\n\n\n<p>Autora: Sandra Milena Castro Basto<br>Directora: Ph.D. Eliana Mirledy Toro Ocampo<br>Link de acceso: <a href=\"https:\/\/repositorio.utp.edu.co\/server\/api\/core\/bitstreams\/d181b9ed-f53f-411d-913a-ad47c7af6551\/content \">https:\/\/repositorio.utp.edu.co\/server\/api\/core\/bitstreams\/d181b9ed-f53f-411d-913a-ad47c7af6551\/content <\/a><\/p>\n\n\n\n<h2 class=\"wp-block-heading has-medium-font-size\">Soluci\u00f3n del problema de ruteo de veh\u00edculos dependientes del tiempo utilizando un algoritmo gen\u00e9tico modificado<\/h2>\n\n\n\n<p>Autor: M.Sc. Fredy Alexander Guasmayan Guasmayan<br>Directora: Ph.D. Eliana Mirledy Toro Ocampo<br>Link de acceso: <a href=\"https:\/\/repositorio.utp.edu.co\/server\/api\/core\/bitstreams\/33f1d290-04ba-4960-a11a-aa029588339d\/content\">https:\/\/repositorio.utp.edu.co\/server\/api\/core\/bitstreams\/33f1d290-04ba-4960-a11a-aa029588339d\/content<\/a><\/p>\n\n\n\n<h2 class=\"wp-block-heading has-medium-font-size\">Estudio del problema Transporte Multimodal En Log\u00edstica De La \u00daltima Milla<\/h2>\n\n\n\n<p>Autora: Ing. Industrial Sara Milena Lasso Rosada<br>Directora: Ph.D. Eliana Mirledy Toro Ocampo<br>Link de acceso: <a href=\"https:\/\/repositorio.utp.edu.co\/server\/api\/core\/bitstreams\/570c46cc-0c76-4503-8d46-f80d84f7d4cb\/content \">https:\/\/repositorio.utp.edu.co\/server\/api\/core\/bitstreams\/570c46cc-0c76-4503-8d46-f80d84f7d4cb\/content <\/a><\/p>\n\n\n\n<h2 class=\"wp-block-heading has-medium-font-size\">Estudio del problema Inventory Routing Problem (IRP)<\/h2>\n\n\n\n<p>Autores: Ing. Industrial Frank Alejandro Hincapi\u00e9 Londo\u00f1o, Ing. Industrial Jhonatan Stiven Garc\u00eda Guevara<br>Directora: Ph.D. Eliana Mirledy Toro Ocampo<br>Link de acceso: <a href=\"https:\/\/repositorio.utp.edu.co\/items\/96d555fe-642d-4265-9c09-c0c97fdcca1c\">https:\/\/repositorio.utp.edu.co\/items\/96d555fe-642d-4265-9c09-c0c97fdcca1c<\/a><\/p>\n\n\n\n<h2 class=\"wp-block-heading has-medium-font-size\">Caracterizaci\u00f3n del problema del transporte a\u00e9reo<\/h2>\n\n\n\n<p>Autor: Ing. Industrial Andr\u00e9s Cort\u00e9s Urrego<br>Directora: Ph.D. Eliana Mirledy Toro Ocampo<br>Link de acceso: <a href=\"https:\/\/repositorio.utp.edu.co\/items\/1fbea39a-23ef-40ad-8a56-0188ed0de531 \">https:\/\/repositorio.utp.edu.co\/items\/1fbea39a-23ef-40ad-8a56-0188ed0de531 <\/a><\/p>\n\n\n\n<h2 class=\"wp-block-heading has-medium-font-size\">Revisi\u00f3n del estado del arte del problema de ruteo abierto (OVRP)<\/h2>\n\n\n\n<p>Autora: Ing. Industrial Anderson Felipe Tangarife \u00c1lvarez<br>Directora: Ph.D. Eliana Mirledy Toro Ocampo<br>Link de acceso: <a href=\"https:\/\/repositorio.utp.edu.co\/server\/api\/core\/bitstreams\/c9b1b6cb-d8dd-40d9-aff3-0a923323c8bd\/content\">https:\/\/repositorio.utp.edu.co\/server\/api\/core\/bitstreams\/c9b1b6cb-d8dd-40d9-aff3-0a923323c8bd\/content<\/a><\/p>\n\n\n\n<h2 class=\"wp-block-heading has-medium-font-size\">B\u00fasqueda local iterada multi-objetivo para el problema de ruteo de veh\u00edculos con flota propia y subcontratada considerando costos, efectos ambientales y equidad<\/h2>\n\n\n\n<p>Autor: M.Sc. John Fredy Castaneda Londo\u00f1o<br>Director: Ph.D. Ram\u00f3n Alfonso Gallego<br>Codirectora: Ph.D. Eliana Mirledy Toro Ocampo<br>Link de acceso: <a href=\"https:\/\/repositorio.utp.edu.co\/server\/api\/core\/bitstreams\/bfae90ea-ae89-45bd-9384-6e9128ddd584\/content\">https:\/\/repositorio.utp.edu.co\/server\/api\/core\/bitstreams\/bfae90ea-ae89-45bd-9384-6e9128ddd584\/content<\/a><\/p>\n\n\n\n<h2 class=\"wp-block-heading has-medium-font-size\">Problema de localizaci\u00f3n y ruteo en centros urbanos considerando demanda estoc\u00e1stica<\/h2>\n\n\n\n<p>Autor: Ing. Industrial Juliana D\u00edez Fern\u00e1ndez<br>Directora: Ph.D. Eliana Mirledy Toro Ocampo<br>Link de acceso: <a href=\"https:\/\/repositorio.utp.edu.co\/server\/api\/core\/bitstreams\/1247aff3-e116-4f29-b75e-6b792f942116\/content\">https:\/\/repositorio.utp.edu.co\/server\/api\/core\/bitstreams\/1247aff3-e116-4f29-b75e-6b792f942116\/content<\/a> <\/p>\n\n\n\n<h2 class=\"wp-block-heading has-medium-font-size\">An\u00e1lisis de Viabilidad para Implementar una Red de Log\u00edstica Inversa en Aerogeneradores de los Parques E\u00f3licos<\/h2>\n\n\n\n<p>Autor: Ing. Industrial Kelly Johana Zapata Yarce, Ing. Industrial Jhoan Steven G\u00f3mez Padilla<br>Directora: Ph.D. Eliana Mirledy Toro Ocampo<br>Link de acceso: <a href=\"https:\/\/repositorio.utp.edu.co\/items\/b5b76e59-da2a-44ee-aab1-db1450975947\">https:\/\/repositorio.utp.edu.co\/items\/b5b76e59-da2a-44ee-aab1-db1450975947<\/a><\/p>\n\n\n\n<h2 class=\"wp-block-heading has-medium-font-size\">Soluci\u00f3n al problema de ruteo de veh\u00edculos con restricciones de capacidad considerando demanda estoc\u00e1stica &#8211; CVRPSD<\/h2>\n\n\n\n<p>Autor: Ing. Industrial Andr\u00e9s Mauricio Mena R\u00edos<br>Directora: Ph.D. Eliana Mirledy Toro Ocampo<br>Link de acceso: <a href=\"https:\/\/repositorio.utp.edu.co\/server\/api\/core\/bitstreams\/ee73c243-7c75-42c2-a77f-09f9fce838c9\/content\">https:\/\/repositorio.utp.edu.co\/server\/api\/core\/bitstreams\/ee73c243-7c75-42c2-a77f-09f9fce838c9\/content<\/a><\/p>\n\n\n\n<h2 class=\"wp-block-heading has-medium-font-size\">Problema de Localizaci\u00f3n y Ruteo en Ambientes de Ultima Milla<\/h2>\n\n\n\n<p>Autores: Ing. industrial Adri\u00e1n Sebasti\u00e1n Mu\u00f1oz Hoyos, Ing. Industrial Valeria Barrera Villegas<br>Directora: Ph.D. Eliana Mirledy Toro Ocampo<br>Link de acceso: <a href=\"https:\/\/repositorio.utp.edu.co\/server\/api\/core\/bitstreams\/c116ac98-38cd-4e0b-a429-6cfe78aeab31\/content \">https:\/\/repositorio.utp.edu.co\/server\/api\/core\/bitstreams\/c116ac98-38cd-4e0b-a429-6cfe78aeab31\/content <\/a><\/p>\n\n\n\n<h2 class=\"wp-block-heading has-medium-font-size\">Metodolog\u00eda h\u00edbrida para resolver el problema de ruteo de veh\u00edculos con dep\u00f3sitos m\u00faltiples considerando el consumo de combustible<\/h2>\n\n\n\n<p>Autora: Ing. Industrial Mar\u00eda Janeth Bravo Montenegro<br>Directora: Ph.D. Eliana Mirledy Toro Ocampo<br>Link de acceso: <a href=\"https:\/\/repositorio.utp.edu.co\/items\/32b8ac0d-5d33-467a-9b64-276656d81991\">https:\/\/repositorio.utp.edu.co\/items\/32b8ac0d-5d33-467a-9b64-276656d81991<\/a><\/p>\n\n\n\n<h2 class=\"wp-block-heading has-medium-font-size\">Revisi\u00f3n del estado del arte del problema de ruteo de veh\u00edculos con recogida y entrega (VRPPD)<\/h2>\n\n\n\n<p>Autores: Ing. Industrial Luisa Mar\u00eda Gonz\u00e1lez Murillo, Ing. Industrial  Laura Melissa Hurtado Grajales<br>Directora: Ph.D. Eliana Mirledy Toro Ocampo<br>Link de acceso: <a href=\"https:\/\/repositorioslatinoamericanos.uchile.cl\/handle\/2250\/3527865\">https:\/\/repositorioslatinoamericanos.uchile.cl\/handle\/2250\/3527865<\/a><\/p>\n\n\n\n<h2 class=\"wp-block-heading has-medium-font-size\">Aplicaci\u00f3n de la B\u00fasqueda Local Iterada a la soluci\u00f3n del problema de ruteo de veh\u00edculos con m\u00faltiples dep\u00f3sitos y flota propia y subcontratada MDVRPPC<\/h2>\n\n\n\n<p>Autores: M.Sc. Juan Manuel Amariles Zambrano<br>Directora: Ph.D. Eliana Mirledy Toro Ocampo<br>Link de acceso: <a href=\"https:\/\/repositorio.utp.edu.co\/server\/api\/core\/bitstreams\/4b0fb160-7d59-4698-bafe-ae1474f788b3\/content\">https:\/\/repositorio.utp.edu.co\/server\/api\/core\/bitstreams\/4b0fb160-7d59-4698-bafe-ae1474f788b3\/content<\/a><\/p>\n\n\n\n<h2 class=\"wp-block-heading has-medium-font-size\">Taxonom\u00eda de los problemas de ruteo de veh\u00edculos<\/h2>\n\n\n\n<p>Autor: Ing. Industrial Sebasti\u00e1n Gonz\u00e1lez Casta\u00f1o<br>Directora: Ph.D. Eliana Mirledy Toro Ocampo<br>Link de acceso: <a href=\"https:\/\/repositorio.utp.edu.co\/server\/api\/core\/bitstreams\/ed5494aa-3ee5-4021-9464-5b0e61910d91\/content\">https:\/\/repositorio.utp.edu.co\/server\/api\/core\/bitstreams\/ed5494aa-3ee5-4021-9464-5b0e61910d91\/content<\/a><\/p>\n\n\n\n<h2 class=\"wp-block-heading has-medium-font-size\">Planteamiento multiobjetivo para resolver el problema de ruteo de veh\u00edculos con restricciones de capacidad<\/h2>\n\n\n\n<p>Autor: Ing. Industrial Lilibeth Qui\u00f1ones Saavedra<br>Directora: Ph.D. Eliana Mirledy Toro Ocampo<br>Link de acceso: <a href=\"https:\/\/repositorio.utp.edu.co\/server\/api\/core\/bitstreams\/c90a02f7-0f1e-45ae-a46d-188e798b69a6\/content\">https:\/\/repositorio.utp.edu.co\/server\/api\/core\/bitstreams\/c90a02f7-0f1e-45ae-a46d-188e798b69a6\/content<\/a><\/p>\n\n\n\n<h2 class=\"wp-block-heading has-medium-font-size\">Algoritmo Bi-Objetivo Para El Problema De Enrutamiento \u00d3ptimo De Veh\u00edculos, Considerando Flota Heterog\u00e9nea Y Efectos Ambientales<\/h2>\n\n\n\n<p>Autor: M.Sc. Luz \u00c1ngela Fl\u00f3rez Calder\u00f3n<br>Directora: Ph.D. Eliana Mirledy Toro Ocampo<br>Link de acceso: <a href=\"https:\/\/repositorio.utp.edu.co\/server\/api\/core\/bitstreams\/33ccc5e4-8aae-42e4-bf28-9c3af9de9d50\/content\">https:\/\/repositorio.utp.edu.co\/server\/api\/core\/bitstreams\/33ccc5e4-8aae-42e4-bf28-9c3af9de9d50\/content<\/a><\/p>\n\n\n\n<h2 class=\"wp-block-heading has-medium-font-size\">Metaheur\u00edstica ILS para la soluci\u00f3n del problema de ruteo de veh\u00edculos con flota propia y subcontratada VRPPC<\/h2>\n\n\n\n<p>Autor: M.Sc. John Fredy Casta\u00f1eda Londo\u00f1o<br>Directora: Ph.D. Eliana Mirledy Toro Ocampo<br>Link de acceso: <a href=\"https:\/\/repositorio.utp.edu.co\/server\/api\/core\/bitstreams\/6e7e66d5-5cf7-442f-a215-466972635c4e\/content\">https:\/\/repositorio.utp.edu.co\/server\/api\/core\/bitstreams\/6e7e66d5-5cf7-442f-a215-466972635c4e\/content<\/a><\/p>\n\n\n\n<p><strong>Aplicaci\u00f3n de cadenas de Markov para resolver el problema de ruteo de veh\u00edculos abierto estoc\u00e1stico<\/strong><\/p>\n\n\n\n<p>Autora: Ingeniera Industrial Sara Medina Ru\u00edz.<br>Directora: Ph.D. Eliana Mirledy Toro Ocampo<br>Link de acceso: <\/p>\n","protected":false},"excerpt":{"rendered":"<p>Soluci\u00f3n al problema de ruteo de veh\u00edculos con capacidad limitada \u201cCVRP\u201d a trav\u00e9s de la heur\u00edstica de barrido y la implementaci\u00f3n del algoritmo gen\u00e9tico de Chu-Beasley Autor: Ing. Industrial Juan Pablo Orrego CardozoDirectora: Ph.D. Eliana [&hellip;]<\/p>\n","protected":false},"author":2261,"featured_media":0,"parent":0,"menu_order":0,"comment_status":"closed","ping_status":"closed","template":"","meta":{"footnotes":""},"class_list":["post-406","page","type-page","status-publish","hentry"],"_links":{"self":[{"href":"https:\/\/blog.utp.edu.co\/problemasderuteo\/wp-json\/wp\/v2\/pages\/406","targetHints":{"allow":["GET"]}}],"collection":[{"href":"https:\/\/blog.utp.edu.co\/problemasderuteo\/wp-json\/wp\/v2\/pages"}],"about":[{"href":"https:\/\/blog.utp.edu.co\/problemasderuteo\/wp-json\/wp\/v2\/types\/page"}],"author":[{"embeddable":true,"href":"https:\/\/blog.utp.edu.co\/problemasderuteo\/wp-json\/wp\/v2\/users\/2261"}],"replies":[{"embeddable":true,"href":"https:\/\/blog.utp.edu.co\/problemasderuteo\/wp-json\/wp\/v2\/comments?post=406"}],"version-history":[{"count":40,"href":"https:\/\/blog.utp.edu.co\/problemasderuteo\/wp-json\/wp\/v2\/pages\/406\/revisions"}],"predecessor-version":[{"id":499,"href":"https:\/\/blog.utp.edu.co\/problemasderuteo\/wp-json\/wp\/v2\/pages\/406\/revisions\/499"}],"wp:attachment":[{"href":"https:\/\/blog.utp.edu.co\/problemasderuteo\/wp-json\/wp\/v2\/media?parent=406"}],"curies":[{"name":"wp","href":"https:\/\/api.w.org\/{rel}","templated":true}]}}