{"id":298,"date":"2024-08-21T11:32:29","date_gmt":"2024-08-21T16:32:29","guid":{"rendered":"https:\/\/blog.utp.edu.co\/politica-de-gratuidad\/?page_id=298"},"modified":"2024-11-14T12:14:48","modified_gmt":"2024-11-14T17:14:48","slug":"preguntas-frecuentes","status":"publish","type":"page","link":"https:\/\/blog.utp.edu.co\/politica-de-gratuidad\/preguntas-frecuentes\/","title":{"rendered":"Preguntas frecuentes"},"content":{"rendered":"\n<figure class=\"wp-block-gallery has-nested-images columns-3 is-cropped wp-block-gallery-1 is-layout-flex wp-block-gallery-is-layout-flex\">\n<figure class=\"wp-block-image size-full\"><img loading=\"lazy\" decoding=\"async\" width=\"1920\" height=\"500\" data-id=\"489\" src=\"https:\/\/blog.utp.edu.co\/politica-de-gratuidad\/files\/2024\/10\/Banner-3-5.jpg\" alt=\"\" class=\"wp-image-489\" srcset=\"https:\/\/blog.utp.edu.co\/politica-de-gratuidad\/files\/2024\/10\/Banner-3-5.jpg 1920w, https:\/\/blog.utp.edu.co\/politica-de-gratuidad\/files\/2024\/10\/Banner-3-5-300x78.jpg 300w, https:\/\/blog.utp.edu.co\/politica-de-gratuidad\/files\/2024\/10\/Banner-3-5-1024x267.jpg 1024w, https:\/\/blog.utp.edu.co\/politica-de-gratuidad\/files\/2024\/10\/Banner-3-5-768x200.jpg 768w, https:\/\/blog.utp.edu.co\/politica-de-gratuidad\/files\/2024\/10\/Banner-3-5-1536x400.jpg 1536w\" sizes=\"auto, (max-width: 1920px) 100vw, 1920px\" \/><\/figure>\n\n\n\n<figure class=\"wp-block-image size-full\"><img loading=\"lazy\" decoding=\"async\" width=\"1920\" height=\"500\" data-id=\"483\" src=\"https:\/\/blog.utp.edu.co\/politica-de-gratuidad\/files\/2024\/10\/Banner-3-3.jpg\" alt=\"\" class=\"wp-image-483\" srcset=\"https:\/\/blog.utp.edu.co\/politica-de-gratuidad\/files\/2024\/10\/Banner-3-3.jpg 1920w, https:\/\/blog.utp.edu.co\/politica-de-gratuidad\/files\/2024\/10\/Banner-3-3-300x78.jpg 300w, https:\/\/blog.utp.edu.co\/politica-de-gratuidad\/files\/2024\/10\/Banner-3-3-1024x267.jpg 1024w, https:\/\/blog.utp.edu.co\/politica-de-gratuidad\/files\/2024\/10\/Banner-3-3-768x200.jpg 768w, https:\/\/blog.utp.edu.co\/politica-de-gratuidad\/files\/2024\/10\/Banner-3-3-1536x400.jpg 1536w\" sizes=\"auto, (max-width: 1920px) 100vw, 1920px\" \/><\/figure>\n<\/figure>\n\n\n\n<div class=\"wp-block-uagb-container uagb-block-0dc973a8 alignfull uagb-is-root-container\"><div class=\"uagb-container-inner-blocks-wrap\">\n<div class=\"wp-block-uagb-container uagb-block-e77e1206\">\n<div class=\"wp-block-uagb-advanced-heading uagb-block-cece14c7\"><h2 class=\"uagb-heading-text\">\u00bfQu\u00e9 es Pol\u00edtica de Gratuidad?<\/h2><\/div>\n\n\n\n<p>Es el beneficio otorgado por el gobierno nacional que cubre el costo neto de la matricula de los estudiantes de pregrado de las universidades p\u00fablicas.<br><br>Por lo anterior, cubre \u00fanicamente el valor de la matricula, no cubre el costo de servicios especiales, derechos de grado, cursos intersemestrales, deudas ni costos adicionales.<br><br>Aplica para todos los programas de pregrado de la UTP, incluyendo jornada especial.<br><br>A partir de 2024 la Pol\u00edtica de gratuidad acoge a los estudiantes beneficiarios de Generaci\u00f3n E<\/p>\n<\/div>\n\n\n\n<div class=\"wp-block-uagb-container uagb-block-c355998c\">\n<div class=\"wp-block-uagb-advanced-heading uagb-block-b29583e5\"><h3 class=\"uagb-heading-text\">\u00bfCu\u00e1les son los requisitos de acceso?<\/h3><\/div>\n\n\n\n<p>Estar matriculado(a) en un programa acad\u00e9mico de pregrado, no tener t\u00edtulo profesional universitario y pertenecer a alguno de los siguientes grupos:<\/p>\n\n\n\n<ul class=\"wp-block-list\">\n<li>Estrato 1, 2, 3 o sin estrato.<\/li>\n\n\n\n<li>Grupos A, B o C del Sisb\u00e9n IV<\/li>\n\n\n\n<li>Poblaci\u00f3n ind\u00edgena.<\/li>\n\n\n\n<li>Poblaci\u00f3n Rrom.<\/li>\n\n\n\n<li>Poblaci\u00f3n v\u00edctima del conflicto.<\/li>\n\n\n\n<li>Poblaci\u00f3n con discapacidad<\/li>\n\n\n\n<li>Comunidades campesinas.<\/li>\n\n\n\n<li>Poblaci\u00f3n privada de la libertad.<\/li>\n\n\n\n<li>Comunidades negras, afrocolombianas, raizales y palenqueras.<\/li>\n<\/ul>\n<\/div>\n\n\n\n<div class=\"wp-block-uagb-container uagb-block-faa55def\">\n<div class=\"wp-block-uagb-advanced-heading uagb-block-fcf25b68\"><h2 class=\"uagb-heading-text\">\u00bfC\u00f3mo postularse a la Pol\u00edtica de gratuidad en la UTP?<\/h2><\/div>\n\n\n\n<ol class=\"wp-block-list\">\n<li>Debe inscribirse a la Universidad y ser admitido.<\/li>\n\n\n\n<li>Con la informaci\u00f3n aportada en la inscripci\u00f3n se har\u00e1 una revisi\u00f3n previa del cumplimiento de los requisitos de acceso.<\/li>\n\n\n\n<li>La universidad lo registrar\u00e1 como \u201c<strong>Potencial Beneficiario<\/strong>\u201d y la aprobaci\u00f3n definitiva ser\u00e1 realizada posteriormente por parte del Ministerio de Educaci\u00f3n Nacional (MEN).&nbsp;<\/li>\n\n\n\n<li>Como \u201c<strong>Potencial beneficiario<\/strong>\u201d, se aplicar\u00e1 el descuento en el recibo de pago de manera autom\u00e1tica y debe pagar \u00fanicamente los servicios especiales, condicionado a la posterior validaci\u00f3n del MEN.<\/li>\n\n\n\n<li>Durante el semestre, debe hacer seguimiento a la notificaci\u00f3n sobre el otorgamiento definitivo del beneficio por parte del MEN.&nbsp;<\/li>\n<\/ol>\n<\/div>\n<\/div><\/div>\n\n\n\n<div class=\"wp-block-uagb-container uagb-block-7f265114 alignfull uagb-is-root-container\"><div class=\"uagb-container-inner-blocks-wrap\">\n<div class=\"wp-block-uagb-container uagb-block-74477099\">\n<div class=\"wp-block-uagb-advanced-heading uagb-block-83e38a3c\"><h2 class=\"uagb-heading-text\">\u00bfSi cancelo el semestre pierdo el beneficio?<\/h2><\/div>\n\n\n\n<p>Cancelar el semestre no es una causal de perdida del beneficio, pero debe tener en cuenta las siguientes implicaciones:<\/p>\n\n\n\n<ul class=\"wp-block-list\">\n<li><strong>Si cancela semestre durante las primeras 4 semanas de clase <\/strong>se podr\u00e1 considerar como \u00abno matriculado\u00bb sin afectar los periodos a financiar por la pol\u00edtica de Gratuidad, siempre y cuando, cuente con un documento firmado por cada uno de los docentes de las asignaturas matriculadas donde indiquen que no asisti\u00f3 a ninguna clase, este documento se env\u00eda a <a href=\"mailto:politicadegratuidad@utp.edu.co\">politicadegratuidad@utp.edu.co<\/a> antes de finalizar la cuarta semana de clase.<\/li>\n\n\n\n<li><strong>Si cancela semestre despu\u00e9s de la cuarta semana de clases<\/strong> se considera como un semestre cursado y financiado por la pol\u00edtica de gratuidad.<\/li>\n<\/ul>\n<\/div>\n\n\n\n<div class=\"wp-block-uagb-container uagb-block-7daa2c53\">\n<div class=\"wp-block-uagb-advanced-heading uagb-block-fcf62b57\"><h2 class=\"uagb-heading-text\">\u00bfPuedo cambiar de programa acad\u00e9mico?<\/h2><\/div>\n\n\n\n<p>Si, puede cambiarse programa acad\u00e9mico sin perder el beneficio teniendo en cuenta lo siguiente:<\/p>\n\n\n\n<ul class=\"wp-block-list\">\n<li>Si el cambio se realiza a un programa con mayor n\u00famero de periodos acad\u00e9micos, se habilitar\u00e1n los periodos adicionales.<\/li>\n\n\n\n<li>Si el cambio se realiza a un programa con menor n\u00famero de periodos acad\u00e9micos, se disminuir\u00e1n los per\u00edodos aprobados inicialmente.<\/li>\n<\/ul>\n\n\n\n<p>Para realizar el cambio debe hacer el proceso de transferencia interna o inscripci\u00f3n al nuevo programa siguiendo las instrucciones de registro y control acad\u00e9mico.<\/p>\n<\/div>\n\n\n\n<div class=\"wp-block-uagb-container uagb-block-9a56162f\">\n<div class=\"wp-block-uagb-advanced-heading uagb-block-7ae3c71e\"><h2 class=\"uagb-heading-text\">\u00bfCu\u00e1les son los medios de atenci\u00f3n del Ministerio de Educaci\u00f3n?<\/h2><\/div>\n\n\n\n<p><\/p>\n\n\n\n<p>Puede consultar los canales de atenci\u00f3n en el siguiente enlace: Canales de atenci\u00f3n: <a href=\"https:\/\/www.mineducacion.gov.co\/portal\/atencion-al-ciudadano\/Transparencia-y-acceso-a-informacion-publica\/138651:Canales-de-atencion\">https:\/\/www.mineducacion.gov.co\/portal\/atencion-al-ciudadano\/Transparencia-y-acceso-a-informacion-publica\/138651:Canales-de-atencion<\/a>&nbsp;<\/p>\n\n\n\n<p>Correo: <a href=\"mailto:atencionalciudadano@mineducacion.gov.co\">atencionalciudadano@mineducacion.gov.co<\/a><\/p>\n\n\n\n<p><\/p>\n<\/div>\n<\/div><\/div>\n\n\n\n<p><\/p>\n\n\n\n<div class=\"wp-block-uagb-container uagb-block-814a2fa0 alignfull uagb-is-root-container\"><div class=\"uagb-container-inner-blocks-wrap\">\n<div class=\"wp-block-uagb-container uagb-block-c5c70a8b\">\n<div class=\"wp-block-uagb-advanced-heading uagb-block-0e4f9df2\"><h2 class=\"uagb-heading-text\"><strong>\u00bfPuedo cambiar de Universidad?<\/strong><\/h2><\/div>\n\n\n\n<p>Si, puede trasladar el beneficio de la pol\u00edtica de gratuidad a otra universidad p\u00fablica del pa\u00eds y se aplicara la misma normatividad de cambios de programa. <\/p>\n\n\n\n<p>Una vez se encuentre admitido y matriculado en la nueva universidad debe solicitar el cambio de universidad al Ministerio de Educaci\u00f3n (MEN) a trav\u00e9s del correo <a href=\"mailto:atencionalciudadano@mineducacion.gov.co\" target=\"_blank\" rel=\"noreferrer noopener\">atencionalciudadano@mineducacion.gov.co<\/a>, indicando el semestre respectivo y sus datos personales.<\/p>\n\n\n\n<p>Adicionalmente, debe tener en cuenta que en caso de estar matriculado en dos universidades al tiempo solo podr\u00e1 recibir el beneficio en una.<\/p>\n<\/div>\n\n\n\n<div class=\"wp-block-uagb-container uagb-block-8c180714\">\n<div class=\"wp-block-uagb-advanced-heading uagb-block-ed431209\"><h2 class=\"uagb-heading-text\"><strong>Si ya cumplo con el requisito del Sisb\u00e9n \u00bfa d\u00f3nde debo enviar el certificado?<\/strong><\/h2><\/div>\n\n\n\n<p>No es necesario enviar el certificado a la universidad, al momento de liquidar los recibos de pago de cada semestre se revisar\u00e1 el cumplimiento de este requisito directamente en la p\u00e1gina nacional del Sisben, por lo cual, si ya se encuentra registrado en categor\u00eda A, B o C como lo establece el reglamento, se aplicar\u00e1 el descuento en el recibo de pago como un \u201c<strong>Potencial Beneficiario<\/strong>\u201d y debe pagar \u00fanicamente los servicios especiales, condicionado a la posterior validaci\u00f3n del MEN.<\/p>\n<\/div>\n\n\n\n<div class=\"wp-block-uagb-container uagb-block-a2a79f83\">\n<div class=\"wp-block-uagb-advanced-heading uagb-block-f1e37383\"><h2 class=\"uagb-heading-text\"><strong>Si tuve el beneficio en una tecnolog\u00eda \u00bfpuedo acceder nuevamente en un programa profesional?<\/strong><\/h2><\/div>\n\n\n\n<p>Si, puede ser beneficiario nuevamente, teniendo en cuenta que se descontaran los periodos ya financiados en la tecnolog\u00eda. Ejemplo: si culmin\u00f3 una tecnolog\u00eda de 6 semestres y se matricula en un programa profesional de 10 semestres, se financiar\u00e1n 4 semestres en este \u00faltimo.<\/p>\n\n\n\n<p>En estos casos, debe cumplir con los requisitos de acceso que se encuentren vigentes y seguir el procedimiento de postulaci\u00f3n al beneficio.<\/p>\n<\/div>\n<\/div><\/div>\n\n\n\n<p><\/p>\n","protected":false},"excerpt":{"rendered":"<p>\u00bfQu\u00e9 es Pol\u00edtica de Gratuidad? Es el beneficio otorgado por el gobierno nacional que cubre el costo neto de la matricula de los estudiantes de pregrado de las universidades p\u00fablicas. [&hellip;]<\/p>\n","protected":false},"author":6485,"featured_media":0,"parent":0,"menu_order":0,"comment_status":"closed","ping_status":"closed","template":"","meta":{"_uag_custom_page_level_css":"","site-sidebar-layout":"default","site-content-layout":"","ast-site-content-layout":"default","site-content-style":"default","site-sidebar-style":"default","ast-global-header-display":"","ast-banner-title-visibility":"","ast-main-header-display":"","ast-hfb-above-header-display":"","ast-hfb-below-header-display":"","ast-hfb-mobile-header-display":"","site-post-title":"","ast-breadcrumbs-content":"","ast-featured-img":"","footer-sml-layout":"","ast-disable-related-posts":"","theme-transparent-header-meta":"","adv-header-id-meta":"","stick-header-meta":"","header-above-stick-meta":"","header-main-stick-meta":"","header-below-stick-meta":"","astra-migrate-meta-layouts":"default","ast-page-background-enabled":"default","ast-page-background-meta":{"desktop":{"background-color":"var(--ast-global-color-4)","background-image":"","background-repeat":"repeat","background-position":"center center","background-size":"auto","background-attachment":"scroll","background-type":"","background-media":"","overlay-type":"","overlay-color":"","overlay-opacity":"","overlay-gradient":""},"tablet":{"background-color":"","background-image":"","background-repeat":"repeat","background-position":"center center","background-size":"auto","background-attachment":"scroll","background-type":"","background-media":"","overlay-type":"","overlay-color":"","overlay-opacity":"","overlay-gradient":""},"mobile":{"background-color":"","background-image":"","background-repeat":"repeat","background-position":"center center","background-size":"auto","background-attachment":"scroll","background-type":"","background-media":"","overlay-type":"","overlay-color":"","overlay-opacity":"","overlay-gradient":""}},"ast-content-background-meta":{"desktop":{"background-color":"var(--ast-global-color-5)","background-image":"","background-repeat":"repeat","background-position":"center center","background-size":"auto","background-attachment":"scroll","background-type":"","background-media":"","overlay-type":"","overlay-color":"","overlay-opacity":"","overlay-gradient":""},"tablet":{"background-color":"var(--ast-global-color-5)","background-image":"","background-repeat":"repeat","background-position":"center center","background-size":"auto","background-attachment":"scroll","background-type":"","background-media":"","overlay-type":"","overlay-color":"","overlay-opacity":"","overlay-gradient":""},"mobile":{"background-color":"var(--ast-global-color-5)","background-image":"","background-repeat":"repeat","background-position":"center center","background-size":"auto","background-attachment":"scroll","background-type":"","background-media":"","overlay-type":"","overlay-color":"","overlay-opacity":"","overlay-gradient":""}},"footnotes":""},"class_list":["post-298","page","type-page","status-publish","hentry"],"uagb_featured_image_src":{"full":false,"thumbnail":false,"medium":false,"medium_large":false,"large":false,"1536x1536":false,"2048x2048":false},"uagb_author_info":{"display_name":"nathaliahincapie","author_link":"https:\/\/blog.utp.edu.co\/politica-de-gratuidad\/author\/nathaliahincapie\/"},"uagb_comment_info":0,"uagb_excerpt":"\u00bfQu\u00e9 es Pol\u00edtica de Gratuidad? Es el beneficio otorgado por el gobierno nacional que cubre el costo neto de la matricula de los estudiantes de pregrado de las universidades p\u00fablicas. [&hellip;]","_links":{"self":[{"href":"https:\/\/blog.utp.edu.co\/politica-de-gratuidad\/wp-json\/wp\/v2\/pages\/298","targetHints":{"allow":["GET"]}}],"collection":[{"href":"https:\/\/blog.utp.edu.co\/politica-de-gratuidad\/wp-json\/wp\/v2\/pages"}],"about":[{"href":"https:\/\/blog.utp.edu.co\/politica-de-gratuidad\/wp-json\/wp\/v2\/types\/page"}],"author":[{"embeddable":true,"href":"https:\/\/blog.utp.edu.co\/politica-de-gratuidad\/wp-json\/wp\/v2\/users\/6485"}],"replies":[{"embeddable":true,"href":"https:\/\/blog.utp.edu.co\/politica-de-gratuidad\/wp-json\/wp\/v2\/comments?post=298"}],"version-history":[{"count":51,"href":"https:\/\/blog.utp.edu.co\/politica-de-gratuidad\/wp-json\/wp\/v2\/pages\/298\/revisions"}],"predecessor-version":[{"id":681,"href":"https:\/\/blog.utp.edu.co\/politica-de-gratuidad\/wp-json\/wp\/v2\/pages\/298\/revisions\/681"}],"wp:attachment":[{"href":"https:\/\/blog.utp.edu.co\/politica-de-gratuidad\/wp-json\/wp\/v2\/media?parent=298"}],"curies":[{"name":"wp","href":"https:\/\/api.w.org\/{rel}","templated":true}]}}