{"id":12,"date":"2024-06-06T10:01:30","date_gmt":"2024-06-06T15:01:30","guid":{"rendered":"https:\/\/blog.utp.edu.co\/politica-de-gratuidad\/?page_id=12"},"modified":"2025-09-10T10:47:22","modified_gmt":"2025-09-10T15:47:22","slug":"inicio","status":"publish","type":"page","link":"https:\/\/blog.utp.edu.co\/politica-de-gratuidad\/","title":{"rendered":"Inicio"},"content":{"rendered":"\n<div class=\"wp-block-group is-layout-constrained wp-block-group-is-layout-constrained\">\t\t\t\t\t<div\n\t\t\t\t\t\tclass=\"wp-block-uagb-image-gallery uagb-block-592aae8d     \"\n\t\t\t\t\t\tstyle=\"\"\n\t\t\t\t\t>\n\t\t\t\t\t\t\t\t\t\t\t<div data-aos= \"fade-up\" data-aos-duration=\"400\" data-aos-delay=\"0\" data-aos-easing=\"ease\" data-aos-once=\"true\" class=\"spectra-image-gallery spectra-image-gallery__layout--carousel\">\n\t\t\t\t\t\t\t\t<div class=\"uagb-slick-carousel uagb-block-592aae8d\">\n\t\t\t\t\t\t\t\t\t\t\t\t<div class='spectra-image-gallery__media-wrapper' data-spectra-gallery-image-id='145'>\n\t\t\t\t\t\t\t<div class=\"spectra-image-gallery__media spectra-image-gallery__media--carousel\">\n\t\t\t\t<picture>\n\t\t\t\t\t<source media=\"(min-width: 1024px)\" srcset=\"https:\/\/blog.utp.edu.co\/politica-de-gratuidad\/files\/2024\/08\/WhatsApp-Image-2024-06-18-at-12.02.54-PM.jpeg\">\n\t\t\t\t\t<source media=\"(min-width: 768px)\" srcset=\"https:\/\/blog.utp.edu.co\/politica-de-gratuidad\/files\/2024\/08\/WhatsApp-Image-2024-06-18-at-12.02.54-PM-1024x222.jpeg\">\n\t\t\t\t\t<img decoding=\"async\" class=\"spectra-image-gallery__media-thumbnail spectra-image-gallery__media-thumbnail--carousel\" src=\"https:\/\/blog.utp.edu.co\/politica-de-gratuidad\/files\/2024\/08\/WhatsApp-Image-2024-06-18-at-12.02.54-PM-300x65.jpeg\" alt=\"\" loading=\"lazy\" \/>\n\t\t\t\t<\/picture>\n\t\t\t\t<div class=\"spectra-image-gallery__media-thumbnail-blurrer\"><\/div>\n\t\t\t\t\t\t\t\t\t\t\t<div class=\"spectra-image-gallery__media-thumbnail-caption-wrapper spectra-image-gallery__media-thumbnail-caption-wrapper--overlay\"><\/div>\n\t\t\t\t\t\t\t\t<\/div>\n\t\t\t\t\t\t<\/div>\n\t\t\t\t\t\t\t\t\t\t\t<\/div>\n\t\t\t\t\t\t\t<\/div>\n\t\t\t\t\t\t\t\t\t\t\t<\/div>\n\t\t\t\t\t\t\t\t\t<\/div>\n\n\n\n<div class=\"wp-block-uagb-container uagb-block-6e4e7333 alignfull uagb-is-root-container\"><div class=\"uagb-container-inner-blocks-wrap\">\n<div class=\"wp-block-uagb-container uagb-block-1458335b\">\n<div class=\"wp-block-uagb-advanced-heading uagb-block-bccbe7d1\"><h2 class=\"uagb-heading-text\">\u00bfQue es la Pol\u00edtica de Gratuidad?<\/h2><\/div>\n\n\n\n<p class=\"has-text-align-center\" style=\"font-size:24px\">La Pol\u00edtica de Gratuidad conocida anteriormente como \u00abMatricula cero\u00bb consiste en el pago de la <strong>matricula<\/strong> de los estudiantes de pregrado por parte del Gobierno Nacional en cualquiera de las 64 Instituciones de Educaci\u00f3n Superior P\u00fablicas que tienen vinculaci\u00f3n presupuestal con el Ministerio de Educaci\u00f3n Nacional y que cumplen los requisitos de acceso indicados reglamento operativo de 2024.<\/p>\n<\/div>\n\n\n\n<div class=\"wp-block-uagb-container uagb-block-ed0c899b\">\n<div class=\"wp-block-uagb-image uagb-block-4cc63261 wp-block-uagb-image--layout-default wp-block-uagb-image--effect-static wp-block-uagb-image--align-none\"><figure class=\"wp-block-uagb-image__figure\"><img decoding=\"async\" src=\"https:\/\/blog.utp.edu.co\/politica-de-gratuidad\/files\/2024\/09\/Captura-de-pantalla-2024-09-19-153523.png\" alt=\"\" class=\"uag-image-408\" width=\"742\" height=\"377\" title=\"Captura de pantalla 2024-09-19 153523\" loading=\"lazy\" role=\"img\" \/><\/figure><\/div>\n<\/div>\n<\/div><\/div>\n\n\n\n<div class=\"wp-block-uagb-container uagb-block-266f5403 alignfull uagb-is-root-container\">\n<div class=\"wp-block-columns is-layout-flex wp-container-core-columns-is-layout-28f84493 wp-block-columns-is-layout-flex\">\n<div class=\"wp-block-column is-layout-flow wp-block-column-is-layout-flow\" style=\"flex-basis:100%\">\n<div class=\"wp-block-group is-layout-constrained wp-block-group-is-layout-constrained\">\n<div class=\"wp-block-columns is-layout-flex wp-container-core-columns-is-layout-28f84493 wp-block-columns-is-layout-flex\">\n<div class=\"wp-block-column is-layout-flow wp-block-column-is-layout-flow\" style=\"flex-basis:33.34%\">\n<div class=\"wp-block-uagb-image uagb-block-4360ea49 wp-block-uagb-image--layout-default wp-block-uagb-image--effect-zoomin wp-block-uagb-image--align-none\"><figure class=\"wp-block-uagb-image__figure\"><a class=\"\" href=\"https:\/\/www.mineducacion.gov.co\/1780\/articles-419531_recurso_4.pdf\" target=\"\" rel=\"noopener\"><img decoding=\"async\" src=\"https:\/\/blog.utp.edu.co\/politica-de-gratuidad\/files\/2025\/09\/WhatsApp-Image-2025-09-09-at-3.49.47-PM-1024x184.jpeg\" alt=\"\" class=\"uag-image-694\" width=\"600\" height=\"100\" title=\"WhatsApp Image 2025-09-09 at 3.49.47 PM\" loading=\"lazy\" role=\"img\" \/><\/a><\/figure><\/div>\n<\/div>\n\n\n\n<div class=\"wp-block-column is-layout-flow wp-block-column-is-layout-flow\" style=\"flex-basis:33.34%\">\n<div class=\"wp-block-uagb-image uagb-block-885ebd49 wp-block-uagb-image--layout-default wp-block-uagb-image--effect-zoomin wp-block-uagb-image--align-none\"><figure class=\"wp-block-uagb-image__figure\"><a class=\"\" href=\"https:\/\/blog.utp.edu.co\/politica-de-gratuidad\/preguntas-frecuentes\/\" target=\"\" rel=\"noopener\"><img decoding=\"async\" src=\"https:\/\/blog.utp.edu.co\/politica-de-gratuidad\/files\/2024\/10\/Captura-de-pantalla-2024-10-23-115904.png\" alt=\"\" class=\"uag-image-580\" width=\"600\" height=\"100\" title=\"Captura de pantalla 2024-10-23 115904\" loading=\"lazy\" role=\"img\" \/><\/a><\/figure><\/div>\n<\/div>\n\n\n\n<div class=\"wp-block-column is-layout-flow wp-block-column-is-layout-flow\" style=\"flex-basis:33.33%\">\n<div class=\"wp-block-uagb-image uagb-block-a5909978 wp-block-uagb-image--layout-default wp-block-uagb-image--effect-zoomin wp-block-uagb-image--align-none\"><figure class=\"wp-block-uagb-image__figure\"><a class=\"\" href=\"https:\/\/blog.utp.edu.co\/politica-de-gratuidad\/contactenos\/\" target=\"\" rel=\"noopener\"><img decoding=\"async\" src=\"https:\/\/blog.utp.edu.co\/politica-de-gratuidad\/files\/2024\/10\/Captura-de-pantalla-2024-10-23-121043.png\" alt=\"\" class=\"uag-image-581\" width=\"600\" height=\"100\" title=\"Captura de pantalla 2024-10-23 121043\" loading=\"lazy\" role=\"img\" \/><\/a><\/figure><\/div>\n<\/div>\n<\/div>\n<\/div>\n<\/div>\n<\/div>\n<\/div>\n\n\n\n<div class=\"wp-block-uagb-container uagb-layout-flex uagb-block-ee1c9baa alignfull uagb-is-root-container\">\n<div class=\"wp-block-uagb-container uagb-block-149d22f0\">\n<div class=\"wp-block-uagb-image uagb-block-79cc7fd4 wp-block-uagb-image--layout-default wp-block-uagb-image--effect-static wp-block-uagb-image--align-none\"><figure class=\"wp-block-uagb-image__figure\"><img decoding=\"async\" src=\"https:\/\/blog.utp.edu.co\/politica-de-gratuidad\/files\/2024\/10\/unidos.png\" alt=\"\" class=\"uag-image-559\" width=\"751\" height=\"120\" title=\"unidos\" loading=\"lazy\" role=\"img\" \/><\/figure><\/div>\n<\/div>\n\n\n\n<div class=\"wp-block-uagb-container uagb-layout-grid uagb-block-c6d5e385\">\n<div class=\"wp-block-uagb-image uagb-block-2709a61c wp-block-uagb-image--layout-default wp-block-uagb-image--effect-zoomin wp-block-uagb-image--align-none\"><figure class=\"wp-block-uagb-image__figure\"><a class=\"\" href=\"https:\/\/blog.utp.edu.co\/politica-de-gratuidad\/renta-joven\/\" target=\"\" rel=\"noopener\"><img decoding=\"async\" src=\"https:\/\/blog.utp.edu.co\/politica-de-gratuidad\/files\/2024\/10\/Captura-de-pantalla-2024-10-23-121018.png\" alt=\"\" class=\"uag-image-582\" width=\"600\" height=\"100\" title=\"Captura de pantalla 2024-10-23 121018\" loading=\"lazy\" role=\"img\" \/><\/a><\/figure><\/div>\n<\/div>\n\n\n\n<div class=\"wp-block-uagb-container uagb-block-4c9dafd1\">\n<div class=\"wp-block-uagb-image uagb-block-b71eb01a wp-block-uagb-image--layout-default wp-block-uagb-image--effect-static wp-block-uagb-image--align-none\"><figure class=\"wp-block-uagb-image__figure\"><img decoding=\"async\" src=\"https:\/\/blog.utp.edu.co\/politica-de-gratuidad\/files\/2024\/10\/unidos-1.png\" alt=\"\" class=\"uag-image-561\" width=\"700\" height=\"120\" title=\"unidos\" loading=\"lazy\" role=\"img\" \/><\/figure><\/div>\n<\/div>\n<\/div>\n\n\n\n<p><\/p>\n","protected":false},"excerpt":{"rendered":"<p>\u00bfQue es la Pol\u00edtica de Gratuidad? La Pol\u00edtica de Gratuidad conocida anteriormente como \u00abMatricula cero\u00bb consiste en el pago de la matricula de los estudiantes de pregrado por parte del [&hellip;]<\/p>\n","protected":false},"author":3281,"featured_media":0,"parent":0,"menu_order":0,"comment_status":"closed","ping_status":"closed","template":"","meta":{"_uag_custom_page_level_css":"","site-sidebar-layout":"default","site-content-layout":"","ast-site-content-layout":"default","site-content-style":"default","site-sidebar-style":"default","ast-global-header-display":"","ast-banner-title-visibility":"","ast-main-header-display":"","ast-hfb-above-header-display":"","ast-hfb-below-header-display":"","ast-hfb-mobile-header-display":"","site-post-title":"disabled","ast-breadcrumbs-content":"","ast-featured-img":"","footer-sml-layout":"","ast-disable-related-posts":"","theme-transparent-header-meta":"","adv-header-id-meta":"","stick-header-meta":"","header-above-stick-meta":"","header-main-stick-meta":"","header-below-stick-meta":"","astra-migrate-meta-layouts":"default","ast-page-background-enabled":"default","ast-page-background-meta":{"desktop":{"background-color":"var(--ast-global-color-4)","background-image":"","background-repeat":"repeat","background-position":"center center","background-size":"auto","background-attachment":"scroll","background-type":"","background-media":"","overlay-type":"","overlay-color":"","overlay-opacity":"","overlay-gradient":""},"tablet":{"background-color":"","background-image":"","background-repeat":"repeat","background-position":"center center","background-size":"auto","background-attachment":"scroll","background-type":"","background-media":"","overlay-type":"","overlay-color":"","overlay-opacity":"","overlay-gradient":""},"mobile":{"background-color":"","background-image":"","background-repeat":"repeat","background-position":"center center","background-size":"auto","background-attachment":"scroll","background-type":"","background-media":"","overlay-type":"","overlay-color":"","overlay-opacity":"","overlay-gradient":""}},"ast-content-background-meta":{"desktop":{"background-color":"var(--ast-global-color-5)","background-image":"","background-repeat":"repeat","background-position":"center center","background-size":"auto","background-attachment":"scroll","background-type":"","background-media":"","overlay-type":"","overlay-color":"","overlay-opacity":"","overlay-gradient":""},"tablet":{"background-color":"var(--ast-global-color-5)","background-image":"","background-repeat":"repeat","background-position":"center center","background-size":"auto","background-attachment":"scroll","background-type":"","background-media":"","overlay-type":"","overlay-color":"","overlay-opacity":"","overlay-gradient":""},"mobile":{"background-color":"var(--ast-global-color-5)","background-image":"","background-repeat":"repeat","background-position":"center center","background-size":"auto","background-attachment":"scroll","background-type":"","background-media":"","overlay-type":"","overlay-color":"","overlay-opacity":"","overlay-gradient":""}},"footnotes":""},"class_list":["post-12","page","type-page","status-publish","hentry"],"uagb_featured_image_src":{"full":false,"thumbnail":false,"medium":false,"medium_large":false,"large":false,"1536x1536":false,"2048x2048":false},"uagb_author_info":{"display_name":"jltg","author_link":"https:\/\/blog.utp.edu.co\/politica-de-gratuidad\/author\/joseluis\/"},"uagb_comment_info":0,"uagb_excerpt":"\u00bfQue es la Pol\u00edtica de Gratuidad? La Pol\u00edtica de Gratuidad conocida anteriormente como \u00abMatricula cero\u00bb consiste en el pago de la matricula de los estudiantes de pregrado por parte del [&hellip;]","_links":{"self":[{"href":"https:\/\/blog.utp.edu.co\/politica-de-gratuidad\/wp-json\/wp\/v2\/pages\/12","targetHints":{"allow":["GET"]}}],"collection":[{"href":"https:\/\/blog.utp.edu.co\/politica-de-gratuidad\/wp-json\/wp\/v2\/pages"}],"about":[{"href":"https:\/\/blog.utp.edu.co\/politica-de-gratuidad\/wp-json\/wp\/v2\/types\/page"}],"author":[{"embeddable":true,"href":"https:\/\/blog.utp.edu.co\/politica-de-gratuidad\/wp-json\/wp\/v2\/users\/3281"}],"replies":[{"embeddable":true,"href":"https:\/\/blog.utp.edu.co\/politica-de-gratuidad\/wp-json\/wp\/v2\/comments?post=12"}],"version-history":[{"count":96,"href":"https:\/\/blog.utp.edu.co\/politica-de-gratuidad\/wp-json\/wp\/v2\/pages\/12\/revisions"}],"predecessor-version":[{"id":696,"href":"https:\/\/blog.utp.edu.co\/politica-de-gratuidad\/wp-json\/wp\/v2\/pages\/12\/revisions\/696"}],"wp:attachment":[{"href":"https:\/\/blog.utp.edu.co\/politica-de-gratuidad\/wp-json\/wp\/v2\/media?parent=12"}],"curies":[{"name":"wp","href":"https:\/\/api.w.org\/{rel}","templated":true}]}}