{"id":991,"date":"2020-05-30T07:09:10","date_gmt":"2020-05-30T07:09:10","guid":{"rendered":"http:\/\/blog.utp.edu.co\/oficina-de-cultura-y-divulgacion\/?page_id=991"},"modified":"2021-04-12T19:18:31","modified_gmt":"2021-04-13T00:18:31","slug":"inicio","status":"publish","type":"page","link":"https:\/\/blog.utp.edu.co\/oficina-de-cultura-y-divulgacion\/inicio\/","title":{"rendered":"Inicio"},"content":{"rendered":"\n<h3 class=\"wp-block-heading\">\u00c0REA CULTURAL VICERSBU<\/h3>\n\n\n\n<p>El \u00e1rea Cultural  de la Universidad Tecnol\u00f3gica de Pereira nace como una iniciativa de estudiantes de una gran Colonia coste\u00f1a que exist\u00eda en la UTP en el a\u00f1o 1983. A partir de este a\u00f1o se empez\u00f3 a generar un gran movimiento cultural que la universidad no ofrec\u00eda, la cual era una necesidad imperante para los estudiantes.<\/p>\n\n\n\n<p>Posteriormente los estudiantes formaron una comisi\u00f3n cultural con danzas, m\u00fasica folcl\u00f3rica, teatro y un proceso de formaci\u00f3n cultual al cual llamaron la coordinadora estudiantil, los mismos iniciaron un convenio con la rector\u00eda la cual les asign\u00f3 un presupuesto para que realizaran las actividades que propon\u00edan; era un gran movimiento que ensayaban en el galp\u00f3n, siendo este el \u00fanico espacio disponible para hacer cualquier manifestaci\u00f3n cultural.<\/p>\n\n\n\n<p>De esta manera se fue consolidando la oficina de cultura y se fueron generando m\u00e1s expectativas. La rector\u00eda en cabeza del Dr Gabriel Jaime Cardona Orozco lider\u00f3 la creaci\u00f3n de una nueva dependencia (cultura) en servicios estudiantiles que despu\u00e9s har\u00eda parte de Bienestar Universitario y a nuestros d\u00edas se encuentra adscrita a formaci\u00f3n para la vida en la Vicerrector\u00eda de Responsabilidad Social y Bienestar Universitario.<\/p>\n\n\n\n<p>Poco a poco, con el incremento y las ideas conjuntas de la comunidad universitaria se establecieron otras prioridades como la formaci\u00f3n cultural y actividad cultural permanente, de all\u00ed nacieron actividades tan significativas como la noche cultural. Otro aspecto importante fue la representaci\u00f3n cultural de la universidad en eventos regionales de cultura y evidenci\u00e1ndose una gran trascendencia a nivel nacional siendo la oficina de cultura organizadora de varios eventos nacionales en danza, teatro, canci\u00f3n y narraci\u00f3n oral.<\/p>\n\n\n\n<p>Igualmente se empez\u00f3 a tener relevancia en el desarrollo cultural regional del nodo centro occidente de ASCUNCULTURA, al cual pertenece la UTP.<\/p>\n\n\n\n<p>Vale la pena resaltar la oportunidad de realizar festivales regionales en teatro, orquestas, festivales de la canci\u00f3n y narraci\u00f3n oral. En cuanto a este \u00faltimo se tuvo la oportunidad de realizar siete eventos nacionales que fue de Gran importancia en el desarrollo cultural de nuestra regi\u00f3n. Es as\u00ed como la narraci\u00f3n oral ha presentado gran acogida en la UTP dando como resultado el semillero de la narraci\u00f3n oral que existe en este momento denominado \u201cel tortazo\u201d.<\/p>\n\n\n\n<p>Ahora bien, el contacto con otras universidades de la de la ciudad es un aspecto preponderante para seguir potenciando y fomentando el desempe\u00f1o cultural en la regi\u00f3n y repensar esquemas de trabajo que permitan ampliar las redes culturales y sus manifestaciones.<\/p>\n\n\n\n<p>Como se ha mencionado, en la actualidad la oficina de Cultura y Divulgaci\u00f3n se encuentra adscrita a la Vicerrector\u00eda de Responsabilidad Social y Bienestar Universitario dirigida por la Doctora Diana Patricia G\u00f3mez Botero,  y el \u00e1rea de formaci\u00f3n para la vida con el liderazgo del Lic. Waldino Casta\u00f1eda Lozano, desde la cual se sigue apostando a la formaci\u00f3n integral de la comunidad universitaria. De all\u00ed la importancia de mencionar la participaci\u00f3n en la construcci\u00f3n de algunos curr\u00edculos de cultura los cuales permitir\u00e1n trascender en la formaci\u00f3n human\u00edstica integral y en la flexibilizaci\u00f3n de procesos de ense\u00f1anza y aprendizaje de la universidad con una expectativa m\u00e1s amplia del desarrollo cultural de nuestra instituci\u00f3n.<\/p>\n\n\n\n<div class=\"wp-block-group has-very-light-gray-background-color has-background\"><div class=\"wp-block-group__inner-container is-layout-flow wp-block-group-is-layout-flow\">\n<p><strong>Grupos Representativos <\/strong><\/p>\n\n\n\n<p>__________________________________________________________________________________________________________________________________<\/p>\n\n\n\n<div class=\"wp-block-group\"><div class=\"wp-block-group__inner-container is-layout-flow wp-block-group-is-layout-flow\">\n<figure class=\"wp-block-gallery aligncenter columns-4 is-cropped wp-block-gallery-1 is-layout-flex wp-block-gallery-is-layout-flex\"><ul class=\"blocks-gallery-grid\"><li class=\"blocks-gallery-item\"><figure><img loading=\"lazy\" decoding=\"async\" width=\"294\" height=\"176\" src=\"http:\/\/blog.utp.edu.co\/oficina-de-cultura-y-divulgacion\/files\/2020\/05\/escafan.jpg\" alt=\"\" data-id=\"1041\" data-link=\"http:\/\/blog.utp.edu.co\/oficina-de-cultura-y-divulgacion\/escafan\/\" class=\"wp-image-1041\" \/><figcaption class=\"blocks-gallery-item__caption\">Laboratorio Corporal Isadora Duncan<\/figcaption><\/figure><\/li><li class=\"blocks-gallery-item\"><figure><img loading=\"lazy\" decoding=\"async\" width=\"1024\" height=\"294\" src=\"http:\/\/blog.utp.edu.co\/oficina-de-cultura-y-divulgacion\/files\/2020\/05\/JCM3687Banner-1024x294.jpg\" alt=\"\" data-id=\"1391\" data-link=\"http:\/\/blog.utp.edu.co\/oficina-de-cultura-y-divulgacion\/inicio\/_jcm3687banner\/\" class=\"wp-image-1391\" srcset=\"https:\/\/blog.utp.edu.co\/oficina-de-cultura-y-divulgacion\/files\/2020\/05\/JCM3687Banner-1024x294.jpg 1024w, https:\/\/blog.utp.edu.co\/oficina-de-cultura-y-divulgacion\/files\/2020\/05\/JCM3687Banner-300x86.jpg 300w, https:\/\/blog.utp.edu.co\/oficina-de-cultura-y-divulgacion\/files\/2020\/05\/JCM3687Banner-768x220.jpg 768w, https:\/\/blog.utp.edu.co\/oficina-de-cultura-y-divulgacion\/files\/2020\/05\/JCM3687Banner.jpg 1280w\" sizes=\"auto, (max-width: 1024px) 100vw, 1024px\" \/><figcaption class=\"blocks-gallery-item__caption\">Orquesta de Cuerdas<\/figcaption><\/figure><\/li><li class=\"blocks-gallery-item\"><figure><img loading=\"lazy\" decoding=\"async\" width=\"964\" height=\"643\" src=\"http:\/\/blog.utp.edu.co\/oficina-de-cultura-y-divulgacion\/files\/2020\/05\/22860142_1660449487358808_1312097111080323882_o.jpg\" alt=\"\" data-id=\"1401\" data-link=\"http:\/\/blog.utp.edu.co\/oficina-de-cultura-y-divulgacion\/inicio\/22860142_1660449487358808_1312097111080323882_o\/\" class=\"wp-image-1401\" srcset=\"https:\/\/blog.utp.edu.co\/oficina-de-cultura-y-divulgacion\/files\/2020\/05\/22860142_1660449487358808_1312097111080323882_o.jpg 964w, https:\/\/blog.utp.edu.co\/oficina-de-cultura-y-divulgacion\/files\/2020\/05\/22860142_1660449487358808_1312097111080323882_o-300x200.jpg 300w, https:\/\/blog.utp.edu.co\/oficina-de-cultura-y-divulgacion\/files\/2020\/05\/22860142_1660449487358808_1312097111080323882_o-768x512.jpg 768w\" sizes=\"auto, (max-width: 964px) 100vw, 964px\" \/><figcaption class=\"blocks-gallery-item__caption\">Grupo de M\u00fasica y Danzas Folcl\u00f3ricas Trietnias<\/figcaption><\/figure><\/li><li class=\"blocks-gallery-item\"><figure><img loading=\"lazy\" decoding=\"async\" width=\"960\" height=\"642\" src=\"http:\/\/blog.utp.edu.co\/oficina-de-cultura-y-divulgacion\/files\/2020\/05\/87396944_2702411433209170_347200315780497408_n-1.jpg\" alt=\"\" data-id=\"1411\" data-link=\"http:\/\/blog.utp.edu.co\/oficina-de-cultura-y-divulgacion\/inicio\/87396944_2702411433209170_347200315780497408_n-2\/\" class=\"wp-image-1411\" srcset=\"https:\/\/blog.utp.edu.co\/oficina-de-cultura-y-divulgacion\/files\/2020\/05\/87396944_2702411433209170_347200315780497408_n-1.jpg 960w, https:\/\/blog.utp.edu.co\/oficina-de-cultura-y-divulgacion\/files\/2020\/05\/87396944_2702411433209170_347200315780497408_n-1-300x201.jpg 300w, https:\/\/blog.utp.edu.co\/oficina-de-cultura-y-divulgacion\/files\/2020\/05\/87396944_2702411433209170_347200315780497408_n-1-768x514.jpg 768w\" sizes=\"auto, (max-width: 960px) 100vw, 960px\" \/><figcaption class=\"blocks-gallery-item__caption\">Narraci\u00f3n Oral El Tortazo<\/figcaption><\/figure><\/li><li class=\"blocks-gallery-item\"><figure><img loading=\"lazy\" decoding=\"async\" width=\"857\" height=\"493\" src=\"http:\/\/blog.utp.edu.co\/oficina-de-cultura-y-divulgacion\/files\/2020\/05\/CpDxdsQXEAEONIe.jpg\" alt=\"\" data-id=\"1421\" data-link=\"http:\/\/blog.utp.edu.co\/oficina-de-cultura-y-divulgacion\/inicio\/cpdxdsqxeaeonie\/\" class=\"wp-image-1421\" srcset=\"https:\/\/blog.utp.edu.co\/oficina-de-cultura-y-divulgacion\/files\/2020\/05\/CpDxdsQXEAEONIe.jpg 857w, https:\/\/blog.utp.edu.co\/oficina-de-cultura-y-divulgacion\/files\/2020\/05\/CpDxdsQXEAEONIe-300x173.jpg 300w, https:\/\/blog.utp.edu.co\/oficina-de-cultura-y-divulgacion\/files\/2020\/05\/CpDxdsQXEAEONIe-768x442.jpg 768w\" sizes=\"auto, (max-width: 857px) 100vw, 857px\" \/><figcaption class=\"blocks-gallery-item__caption\">Grupo de Teatro La Escafandra<\/figcaption><\/figure><\/li><li class=\"blocks-gallery-item\"><figure><img loading=\"lazy\" decoding=\"async\" width=\"1024\" height=\"581\" src=\"http:\/\/blog.utp.edu.co\/oficina-de-cultura-y-divulgacion\/files\/2020\/05\/Orquesdta-universi-1-1024x581.png\" alt=\"\" data-id=\"1451\" data-link=\"http:\/\/blog.utp.edu.co\/oficina-de-cultura-y-divulgacion\/inicio\/orquesdta-universi-2\/\" class=\"wp-image-1451\" srcset=\"https:\/\/blog.utp.edu.co\/oficina-de-cultura-y-divulgacion\/files\/2020\/05\/Orquesdta-universi-1-1024x581.png 1024w, https:\/\/blog.utp.edu.co\/oficina-de-cultura-y-divulgacion\/files\/2020\/05\/Orquesdta-universi-1-300x170.png 300w, https:\/\/blog.utp.edu.co\/oficina-de-cultura-y-divulgacion\/files\/2020\/05\/Orquesdta-universi-1-768x436.png 768w, https:\/\/blog.utp.edu.co\/oficina-de-cultura-y-divulgacion\/files\/2020\/05\/Orquesdta-universi-1.png 1083w\" sizes=\"auto, (max-width: 1024px) 100vw, 1024px\" \/><figcaption class=\"blocks-gallery-item__caption\">Orquesta Universitaria<\/figcaption><\/figure><\/li><\/ul><\/figure>\n<\/div><\/div>\n<\/div><\/div>\n","protected":false},"excerpt":{"rendered":"<p>\u00c0REA CULTURAL VICERSBU El \u00e1rea Cultural de la Universidad Tecnol\u00f3gica de Pereira nace como una iniciativa de estudiantes de una gran Colonia coste\u00f1a que exist\u00eda en la UTP en el a\u00f1o 1983. A partir de este a\u00f1o se empez\u00f3 a generar un gran movimiento cultural que la universidad no ofrec\u00eda, la cual era una necesidad [&hellip;]<\/p>\n","protected":false},"author":6211,"featured_media":3901,"parent":0,"menu_order":1,"comment_status":"closed","ping_status":"closed","template":"","meta":{"footnotes":""},"class_list":["post-991","page","type-page","status-publish","has-post-thumbnail","hentry"],"_links":{"self":[{"href":"https:\/\/blog.utp.edu.co\/oficina-de-cultura-y-divulgacion\/wp-json\/wp\/v2\/pages\/991","targetHints":{"allow":["GET"]}}],"collection":[{"href":"https:\/\/blog.utp.edu.co\/oficina-de-cultura-y-divulgacion\/wp-json\/wp\/v2\/pages"}],"about":[{"href":"https:\/\/blog.utp.edu.co\/oficina-de-cultura-y-divulgacion\/wp-json\/wp\/v2\/types\/page"}],"author":[{"embeddable":true,"href":"https:\/\/blog.utp.edu.co\/oficina-de-cultura-y-divulgacion\/wp-json\/wp\/v2\/users\/6211"}],"replies":[{"embeddable":true,"href":"https:\/\/blog.utp.edu.co\/oficina-de-cultura-y-divulgacion\/wp-json\/wp\/v2\/comments?post=991"}],"version-history":[{"count":25,"href":"https:\/\/blog.utp.edu.co\/oficina-de-cultura-y-divulgacion\/wp-json\/wp\/v2\/pages\/991\/revisions"}],"predecessor-version":[{"id":4621,"href":"https:\/\/blog.utp.edu.co\/oficina-de-cultura-y-divulgacion\/wp-json\/wp\/v2\/pages\/991\/revisions\/4621"}],"wp:featuredmedia":[{"embeddable":true,"href":"https:\/\/blog.utp.edu.co\/oficina-de-cultura-y-divulgacion\/wp-json\/wp\/v2\/media\/3901"}],"wp:attachment":[{"href":"https:\/\/blog.utp.edu.co\/oficina-de-cultura-y-divulgacion\/wp-json\/wp\/v2\/media?parent=991"}],"curies":[{"name":"wp","href":"https:\/\/api.w.org\/{rel}","templated":true}]}}