{"id":3531,"date":"2020-10-27T20:59:01","date_gmt":"2020-10-28T01:59:01","guid":{"rendered":"http:\/\/blog.utp.edu.co\/oficina-de-cultura-y-divulgacion\/?page_id=3531"},"modified":"2020-10-29T20:16:40","modified_gmt":"2020-10-30T01:16:40","slug":"cursos-libres","status":"publish","type":"page","link":"https:\/\/blog.utp.edu.co\/oficina-de-cultura-y-divulgacion\/cursos-libres\/","title":{"rendered":"Oferta de Formaci\u00f3n cultural"},"content":{"rendered":"\n<p class=\"has-text-align-center\">VICERRECTORIA DE RESPONSABILIDAD SOCIAL Y BIENESTAR<br>UNIVERSITARIO<\/p>\n\n\n\n<p class=\"has-text-align-center\">CURSOS EN FORMACI\u00d3N ARTISTICA Y CULTURAL DIRIGIDOS A LA COMUNIDAD UNIVERSITARIA DE LA U.T.P<\/p>\n\n\n\n<p><strong>OBJETIVO:<\/strong><\/p>\n\n\n\n<p class=\"has-text-align-left\">Brindar a la comunidad universitaria formaci\u00f3n cultural , propiciando espacios para el bienestar y la calidad de vida a trav\u00e9s de la cultura y expresiones art\u00edsticas como: guitarra popular y m\u00fasica andina tradicional, percusi\u00f3n folcl\u00f3rica y ritmos antillanos y bailes de sal\u00f3n la salsa, la bachata y el merengue dominicano.<\/p>\n\n\n\n<p><strong>JUSTIFICACI\u00d3N<\/strong>: <\/p>\n\n\n\n<p>En medio de la dificultad&nbsp; y medidas adoptadas alrededor del COVID-19, desde Formaci\u00f3n Cultural de la Vicerrector\u00eda de Responsabilidad Social y Bienestar Universitario,&nbsp; se busca brindar un espacio de esparcimiento, bienestar, formaci\u00f3n integral y vivencial dirigida a la comunidad universitaria (Docentes y administrativos)donde se integre a las familias como parte fundamental del individuo y su entorno a trav\u00e9s del desarrollo de talleres, muestras y desarrollos virtuales en las \u00e1reas de la m\u00fasica como son: guitarra popular, m\u00fasica tradicional andina de nuestra zona de influencia cultural, como el bambuco, pasillo y guabinas, percusi\u00f3n folcl\u00f3rica y ritmos antillanos, ejecuci\u00f3n b\u00e1sica del tambor alegre y tambora, en ritmos como cumbia, bullerengue, tambora, son corrido, mapal\u00e9 y en ritmos antillanos, son, salsa, merengue, pre ballet y ballet para ni\u00f1as, ni\u00f1os y jovenes interesados en aprender y practicar este bello arte.<\/p>\n","protected":false},"excerpt":{"rendered":"<p>VICERRECTORIA DE RESPONSABILIDAD SOCIAL Y BIENESTARUNIVERSITARIO CURSOS EN FORMACI\u00d3N ARTISTICA Y CULTURAL DIRIGIDOS A LA COMUNIDAD UNIVERSITARIA DE LA U.T.P OBJETIVO: Brindar a la comunidad universitaria formaci\u00f3n cultural , propiciando espacios para el bienestar y la calidad de vida a trav\u00e9s de la cultura y expresiones art\u00edsticas como: guitarra popular y m\u00fasica andina tradicional, percusi\u00f3n [&hellip;]<\/p>\n","protected":false},"author":6251,"featured_media":3231,"parent":0,"menu_order":0,"comment_status":"closed","ping_status":"closed","template":"","meta":{"footnotes":""},"class_list":["post-3531","page","type-page","status-publish","has-post-thumbnail","hentry"],"_links":{"self":[{"href":"https:\/\/blog.utp.edu.co\/oficina-de-cultura-y-divulgacion\/wp-json\/wp\/v2\/pages\/3531","targetHints":{"allow":["GET"]}}],"collection":[{"href":"https:\/\/blog.utp.edu.co\/oficina-de-cultura-y-divulgacion\/wp-json\/wp\/v2\/pages"}],"about":[{"href":"https:\/\/blog.utp.edu.co\/oficina-de-cultura-y-divulgacion\/wp-json\/wp\/v2\/types\/page"}],"author":[{"embeddable":true,"href":"https:\/\/blog.utp.edu.co\/oficina-de-cultura-y-divulgacion\/wp-json\/wp\/v2\/users\/6251"}],"replies":[{"embeddable":true,"href":"https:\/\/blog.utp.edu.co\/oficina-de-cultura-y-divulgacion\/wp-json\/wp\/v2\/comments?post=3531"}],"version-history":[{"count":4,"href":"https:\/\/blog.utp.edu.co\/oficina-de-cultura-y-divulgacion\/wp-json\/wp\/v2\/pages\/3531\/revisions"}],"predecessor-version":[{"id":3841,"href":"https:\/\/blog.utp.edu.co\/oficina-de-cultura-y-divulgacion\/wp-json\/wp\/v2\/pages\/3531\/revisions\/3841"}],"wp:featuredmedia":[{"embeddable":true,"href":"https:\/\/blog.utp.edu.co\/oficina-de-cultura-y-divulgacion\/wp-json\/wp\/v2\/media\/3231"}],"wp:attachment":[{"href":"https:\/\/blog.utp.edu.co\/oficina-de-cultura-y-divulgacion\/wp-json\/wp\/v2\/media?parent=3531"}],"curies":[{"name":"wp","href":"https:\/\/api.w.org\/{rel}","templated":true}]}}