{"id":2881,"date":"2024-09-09T16:08:57","date_gmt":"2024-09-09T21:08:57","guid":{"rendered":"http:\/\/blog.utp.edu.co\/oficina-de-cultura-y-divulgacion\/?page_id=2881"},"modified":"2024-09-09T16:08:57","modified_gmt":"2024-09-09T21:08:57","slug":"quienes-somos","status":"publish","type":"page","link":"https:\/\/blog.utp.edu.co\/oficina-de-cultura-y-divulgacion\/quienes-somos\/","title":{"rendered":"Quienes S\u00f3mos"},"content":{"rendered":"\n<p class=\"has-text-align-left\"><\/p>\n\n\n\n<hr class=\"wp-block-separator has-css-opacity is-style-default\"\/>\n\n\n<div class=\"wp-block-image is-style-rounded\">\n<figure class=\"aligncenter size-large is-resized\"><img decoding=\"async\" src=\"https:\/\/s.w.org\/images\/core\/5.8\/portrait.jpg\" alt=\"Perfil lateral de una mujer con un jersey de cuello alto de color rojizo y un bolso blanco. Mira hacia arriba con los ojos cerrados.\" style=\"width:150px;height:150px\"\/><\/figure>\n<\/div>\n\n\n<blockquote class=\"wp-block-quote has-text-align-center is-style-large is-layout-flow wp-block-quote-is-layout-flow\">\n<p class=\"has-pale-pink-color has-luminous-vivid-orange-background-color has-text-color has-background has-link-color wp-elements-d18e1d8cbcf67984f593e91c38c9095b\">\u00abContribuir me hace sentir que soy \u00fatil al planeta.\u00bb<\/p>\n<cite>\u2014 Anna Wong, <em>Voluntario<\/em><\/cite><\/blockquote>\n\n\n\n<hr class=\"wp-block-separator has-css-opacity is-style-default\"\/>\n\n\n\n<div class=\"wp-block-group alignfull\"><div class=\"wp-block-group__inner-container is-layout-constrained wp-block-group-is-layout-constrained\">\n<div class=\"wp-block-cover alignfull is-light\" style=\"padding-top:var(--wp--preset--spacing--30);padding-right:var(--wp--preset--spacing--30);padding-bottom:var(--wp--preset--spacing--30);padding-left:var(--wp--preset--spacing--30);min-height:50px;aspect-ratio:unset;\"><span aria-hidden=\"true\" class=\"wp-block-cover__background has-black-background-color has-background-dim\"><\/span><img decoding=\"async\" class=\"wp-block-cover__image-background wp-image-61\" alt=\"\" src=\"https:\/\/img.rawpixel.com\/s3fs-private\/rawpixel_images\/website_content\/a017-eberhard-cco-the-after-rain.jpg?w=1200&amp;h=1200&amp;fit=clip&amp;crop=default&amp;dpr=1&amp;q=75&amp;vib=3&amp;con=3&amp;usm=15&amp;cs=srgb&amp;bg=F4F4F3&amp;ixlib=js-2.2.1&amp;s=e7b4ca0a0edcc84ba48c1f7ebf02dd5a\" style=\"object-position:50% 50%\" data-object-fit=\"cover\" data-object-position=\"50% 50%\"\/><div class=\"wp-block-cover__inner-container is-layout-flow wp-block-cover-is-layout-flow\">\n<div class=\"wp-block-group alignwide has-base-color has-text-color has-link-color wp-elements-d32eb2f6103332178c0a51862947bfd0 is-content-justification-space-between is-layout-flex wp-container-core-group-is-layout-afc22aa2 wp-block-group-is-layout-flex\" style=\"margin-top:0;margin-bottom:0\">\n<div class=\"wp-block-group is-layout-flex wp-block-group-is-layout-flex\">\n\n<h1 class=\"has-link-color wp-elements-e24c80986e13ab3d929b38d6b46e3019 wp-block-site-title has-text-color has-white-color has-medium-font-size\"><a href=\"https:\/\/blog.utp.edu.co\/oficina-de-cultura-y-divulgacion\" target=\"_self\" rel=\"home\">UNIVERSIDAD TECNOL\u00d3GICA DE PEREIRA<\/a><\/h1><\/div>\n\n\n<nav class=\"has-text-color has-white-color is-responsive items-justified-right wp-block-navigation is-content-justification-right is-layout-flex wp-container-core-navigation-is-layout-3817c3ed wp-block-navigation-is-layout-flex\" aria-label=\"Men\u00fa Navegaci\u00f3n\" \n\t\t data-wp-interactive=\"core\/navigation\" data-wp-context='{\"overlayOpenedBy\":{\"click\":false,\"hover\":false,\"focus\":false},\"type\":\"overlay\",\"roleAttribute\":\"\",\"ariaLabel\":\"Men\\u00fa\"}'><button aria-haspopup=\"dialog\" aria-label=\"Abrir el men\u00fa\" class=\"wp-block-navigation__responsive-container-open\" \n\t\t\t\tdata-wp-on--click=\"actions.openMenuOnClick\"\n\t\t\t\tdata-wp-on--keydown=\"actions.handleMenuKeydown\"\n\t\t\t><svg width=\"24\" height=\"24\" xmlns=\"http:\/\/www.w3.org\/2000\/svg\" viewBox=\"0 0 24 24\" aria-hidden=\"true\" focusable=\"false\"><path d=\"M4 7.5h16v1.5H4z\"><\/path><path d=\"M4 15h16v1.5H4z\"><\/path><\/svg><\/button>\n\t\t\t\t<div class=\"wp-block-navigation__responsive-container\"  id=\"modal-1\" \n\t\t\t\tdata-wp-class--has-modal-open=\"state.isMenuOpen\"\n\t\t\t\tdata-wp-class--is-menu-open=\"state.isMenuOpen\"\n\t\t\t\tdata-wp-watch=\"callbacks.initMenu\"\n\t\t\t\tdata-wp-on--keydown=\"actions.handleMenuKeydown\"\n\t\t\t\tdata-wp-on--focusout=\"actions.handleMenuFocusout\"\n\t\t\t\ttabindex=\"-1\"\n\t\t\t>\n\t\t\t\t\t<div class=\"wp-block-navigation__responsive-close\" tabindex=\"-1\">\n\t\t\t\t\t\t<div class=\"wp-block-navigation__responsive-dialog\" \n\t\t\t\tdata-wp-bind--aria-modal=\"state.ariaModal\"\n\t\t\t\tdata-wp-bind--aria-label=\"state.ariaLabel\"\n\t\t\t\tdata-wp-bind--role=\"state.roleAttribute\"\n\t\t\t>\n\t\t\t\t\t\t\t<button aria-label=\"Cerrar el men\u00fa\" class=\"wp-block-navigation__responsive-container-close\" \n\t\t\t\tdata-wp-on--click=\"actions.closeMenuOnClick\"\n\t\t\t><svg xmlns=\"http:\/\/www.w3.org\/2000\/svg\" viewBox=\"0 0 24 24\" width=\"24\" height=\"24\" aria-hidden=\"true\" focusable=\"false\"><path d=\"m13.06 12 6.47-6.47-1.06-1.06L12 10.94 5.53 4.47 4.47 5.53 10.94 12l-6.47 6.47 1.06 1.06L12 13.06l6.47 6.47 1.06-1.06L13.06 12Z\"><\/path><\/svg><\/button>\n\t\t\t\t\t\t\t<div class=\"wp-block-navigation__responsive-container-content\" \n\t\t\t\tdata-wp-watch=\"callbacks.focusFirstElement\"\n\t\t\t id=\"modal-1-content\">\n\t\t\t\t\t\t\t\t<ul class=\"wp-block-navigation__container has-text-color has-white-color is-responsive items-justified-right wp-block-navigation\"><li class=\" wp-block-navigation-item  menu-item menu-item-type-post_type menu-item-object-page wp-block-navigation-link\"><a class=\"wp-block-navigation-item__content\"  href=\"https:\/\/blog.utp.edu.co\/oficina-de-cultura-y-divulgacion\/inicio\/\" title=\"\"><span class=\"wp-block-navigation-item__label\">Inicio<\/span><\/a><\/li><li class=\" wp-block-navigation-item  menu-item menu-item-type-post_type menu-item-object-page wp-block-navigation-link\"><a class=\"wp-block-navigation-item__content\"  href=\"https:\/\/blog.utp.edu.co\/oficina-de-cultura-y-divulgacion\/cultura-hoy\/\" title=\"\"><span class=\"wp-block-navigation-item__label\">Cultura Hoy<\/span><\/a><\/li><li data-wp-context=\"{ &quot;submenuOpenedBy&quot;: { &quot;click&quot;: false, &quot;hover&quot;: false, &quot;focus&quot;: false }, &quot;type&quot;: &quot;submenu&quot;, &quot;modal&quot;: null, &quot;previousFocus&quot;: null }\" data-wp-interactive=\"core\/navigation\" data-wp-on--focusout=\"actions.handleMenuFocusout\" data-wp-on--keydown=\"actions.handleMenuKeydown\" data-wp-on--mouseenter=\"actions.openMenuOnHover\" data-wp-on--mouseleave=\"actions.closeMenuOnHover\" data-wp-watch=\"callbacks.initMenu\" tabindex=\"-1\" class=\"wp-block-navigation-item has-child open-on-hover-click  menu-item menu-item-type-post_type menu-item-object-page wp-block-navigation-submenu\"><a class=\"wp-block-navigation-item__content\" href=\"https:\/\/blog.utp.edu.co\/oficina-de-cultura-y-divulgacion\/grupos-representativos\/\" title=\"\"><span class=\"wp-block-navigation-item__label\">Grupos Representativos<\/span><\/a><button data-wp-bind--aria-expanded=\"state.isMenuOpen\" data-wp-on--click=\"actions.toggleMenuOnClick\" aria-label=\"Submen\u00fa de Grupos Representativos\" class=\"wp-block-navigation__submenu-icon wp-block-navigation-submenu__toggle\" ><svg xmlns=\"http:\/\/www.w3.org\/2000\/svg\" width=\"12\" height=\"12\" viewBox=\"0 0 12 12\" fill=\"none\" aria-hidden=\"true\" focusable=\"false\"><path d=\"M1.50002 4L6.00002 8L10.5 4\" stroke-width=\"1.5\"><\/path><\/svg><\/button><ul data-wp-on--focus=\"actions.openMenuOnFocus\" class=\"wp-block-navigation__submenu-container  menu-item menu-item-type-post_type menu-item-object-page wp-block-navigation-submenu\"><li class=\" wp-block-navigation-item  menu-item menu-item-type-post_type menu-item-object-post wp-block-navigation-link\"><a class=\"wp-block-navigation-item__content\"  href=\"https:\/\/blog.utp.edu.co\/oficina-de-cultura-y-divulgacion\/grupo-de-teatro-la-escafandra\/\" title=\"\"><span class=\"wp-block-navigation-item__label\">Grupo de Teatro \u00abLa Escafandra U.T.P\u00bb<\/span><\/a><\/li><li class=\" wp-block-navigation-item  menu-item menu-item-type-post_type menu-item-object-post wp-block-navigation-link\"><a class=\"wp-block-navigation-item__content\"  href=\"https:\/\/blog.utp.edu.co\/oficina-de-cultura-y-divulgacion\/grupo-de-musica-y-danzas-folcloricas-trietnias\/\" title=\"\"><span class=\"wp-block-navigation-item__label\">Grupo de M\u00fasica y Danzas Folcl\u00f3ricas \u00abTrietnias U.T.P\u00bb<\/span><\/a><\/li><li class=\" wp-block-navigation-item  menu-item menu-item-type-post_type menu-item-object-post wp-block-navigation-link\"><a class=\"wp-block-navigation-item__content\"  href=\"https:\/\/blog.utp.edu.co\/oficina-de-cultura-y-divulgacion\/laboratorio-corporal-isadora-duncan\/\" title=\"\"><span class=\"wp-block-navigation-item__label\">Laboratorio Corporal Isadora Duncan<\/span><\/a><\/li><li class=\" wp-block-navigation-item  menu-item menu-item-type-post_type menu-item-object-post wp-block-navigation-link\"><a class=\"wp-block-navigation-item__content\"  href=\"https:\/\/blog.utp.edu.co\/oficina-de-cultura-y-divulgacion\/orquesta-de-cuerdas\/\" title=\"\"><span class=\"wp-block-navigation-item__label\">Orquesta de Cuerdas  U.T.P<\/span><\/a><\/li><li class=\" wp-block-navigation-item  menu-item menu-item-type-post_type menu-item-object-post wp-block-navigation-link\"><a class=\"wp-block-navigation-item__content\"  href=\"https:\/\/blog.utp.edu.co\/oficina-de-cultura-y-divulgacion\/narracion-oral-el-tortazo\/\" title=\"\"><span class=\"wp-block-navigation-item__label\">Narraci\u00f3n Oral El Tortazo<\/span><\/a><\/li><li class=\" wp-block-navigation-item  menu-item menu-item-type-post_type menu-item-object-post wp-block-navigation-link\"><a class=\"wp-block-navigation-item__content\"  href=\"https:\/\/blog.utp.edu.co\/oficina-de-cultura-y-divulgacion\/orquesta-sinfonica\/\" title=\"\"><span class=\"wp-block-navigation-item__label\">Orquesta Sinf\u00f3nica Universidad Tecnol\u00f3gica de Pereira<\/span><\/a><\/li><li class=\" wp-block-navigation-item  menu-item menu-item-type-post_type menu-item-object-post wp-block-navigation-link\"><a class=\"wp-block-navigation-item__content\"  href=\"https:\/\/blog.utp.edu.co\/oficina-de-cultura-y-divulgacion\/orquesta-universitaria\/\" title=\"\"><span class=\"wp-block-navigation-item__label\">Orquesta Universitaria<\/span><\/a><\/li><\/ul><\/li><li class=\" wp-block-navigation-item  menu-item menu-item-type-post_type menu-item-object-page wp-block-navigation-link\"><a class=\"wp-block-navigation-item__content\"  href=\"https:\/\/blog.utp.edu.co\/oficina-de-cultura-y-divulgacion\/institucional\/\" title=\"\"><span class=\"wp-block-navigation-item__label\">Institucional<\/span><\/a><\/li><li data-wp-context=\"{ &quot;submenuOpenedBy&quot;: { &quot;click&quot;: false, &quot;hover&quot;: false, &quot;focus&quot;: false }, &quot;type&quot;: &quot;submenu&quot;, &quot;modal&quot;: null, &quot;previousFocus&quot;: null }\" data-wp-interactive=\"core\/navigation\" data-wp-on--focusout=\"actions.handleMenuFocusout\" data-wp-on--keydown=\"actions.handleMenuKeydown\" data-wp-on--mouseenter=\"actions.openMenuOnHover\" data-wp-on--mouseleave=\"actions.closeMenuOnHover\" data-wp-watch=\"callbacks.initMenu\" tabindex=\"-1\" class=\"wp-block-navigation-item has-child open-on-hover-click  menu-item menu-item-type-taxonomy menu-item-object-category wp-block-navigation-submenu\"><a class=\"wp-block-navigation-item__content\" href=\"https:\/\/blog.utp.edu.co\/oficina-de-cultura-y-divulgacion\/category\/rincon-del-video\/\" title=\"\"><span class=\"wp-block-navigation-item__label\">Rinc\u00f3n del v\u00eddeo<\/span><\/a><button data-wp-bind--aria-expanded=\"state.isMenuOpen\" data-wp-on--click=\"actions.toggleMenuOnClick\" aria-label=\"Submen\u00fa de Rinc\u00f3n del v\u00eddeo\" class=\"wp-block-navigation__submenu-icon wp-block-navigation-submenu__toggle\" ><svg xmlns=\"http:\/\/www.w3.org\/2000\/svg\" width=\"12\" height=\"12\" viewBox=\"0 0 12 12\" fill=\"none\" aria-hidden=\"true\" focusable=\"false\"><path d=\"M1.50002 4L6.00002 8L10.5 4\" stroke-width=\"1.5\"><\/path><\/svg><\/button><ul data-wp-on--focus=\"actions.openMenuOnFocus\" class=\"wp-block-navigation__submenu-container  menu-item menu-item-type-taxonomy menu-item-object-category wp-block-navigation-submenu\"><li class=\" wp-block-navigation-item  menu-item menu-item-type-post_type menu-item-object-post wp-block-navigation-link\"><a class=\"wp-block-navigation-item__content\"  href=\"https:\/\/blog.utp.edu.co\/oficina-de-cultura-y-divulgacion\/narracion-oral\/\" title=\"\"><span class=\"wp-block-navigation-item__label\">V\u00eddeos Narraci\u00f3n Oral<\/span><\/a><\/li><li class=\" wp-block-navigation-item  menu-item menu-item-type-post_type menu-item-object-post wp-block-navigation-link\"><a class=\"wp-block-navigation-item__content\"  href=\"https:\/\/blog.utp.edu.co\/oficina-de-cultura-y-divulgacion\/videos-danzas\/\" title=\"\"><span class=\"wp-block-navigation-item__label\">V\u00eddeos Danzas<\/span><\/a><\/li><li class=\" wp-block-navigation-item  menu-item menu-item-type-post_type menu-item-object-post wp-block-navigation-link\"><a class=\"wp-block-navigation-item__content\"  href=\"https:\/\/blog.utp.edu.co\/oficina-de-cultura-y-divulgacion\/musica-talento-vicerrectoria-social-de-bienestar-universitario\/\" title=\"\"><span class=\"wp-block-navigation-item__label\">M\u00fasica Talento Vicerrector\u00eda  de Responsabilidad Social y Bienestar Universitario<\/span><\/a><\/li><\/ul><\/li><li data-wp-context=\"{ &quot;submenuOpenedBy&quot;: { &quot;click&quot;: false, &quot;hover&quot;: false, &quot;focus&quot;: false }, &quot;type&quot;: &quot;submenu&quot;, &quot;modal&quot;: null, &quot;previousFocus&quot;: null }\" data-wp-interactive=\"core\/navigation\" data-wp-on--focusout=\"actions.handleMenuFocusout\" data-wp-on--keydown=\"actions.handleMenuKeydown\" data-wp-on--mouseenter=\"actions.openMenuOnHover\" data-wp-on--mouseleave=\"actions.closeMenuOnHover\" data-wp-watch=\"callbacks.initMenu\" tabindex=\"-1\" class=\"wp-block-navigation-item has-child open-on-hover-click  menu-item menu-item-type-post_type menu-item-object-page wp-block-navigation-submenu\"><a class=\"wp-block-navigation-item__content\" href=\"https:\/\/blog.utp.edu.co\/oficina-de-cultura-y-divulgacion\/cursos-libres\/\" title=\"\"><span class=\"wp-block-navigation-item__label\">Oferta de Formaci\u00f3n cultural<\/span><\/a><button data-wp-bind--aria-expanded=\"state.isMenuOpen\" data-wp-on--click=\"actions.toggleMenuOnClick\" aria-label=\"Submen\u00fa de Oferta de Formaci\u00f3n cultural\" class=\"wp-block-navigation__submenu-icon wp-block-navigation-submenu__toggle\" ><svg xmlns=\"http:\/\/www.w3.org\/2000\/svg\" width=\"12\" height=\"12\" viewBox=\"0 0 12 12\" fill=\"none\" aria-hidden=\"true\" focusable=\"false\"><path d=\"M1.50002 4L6.00002 8L10.5 4\" stroke-width=\"1.5\"><\/path><\/svg><\/button><ul data-wp-on--focus=\"actions.openMenuOnFocus\" class=\"wp-block-navigation__submenu-container  menu-item menu-item-type-post_type menu-item-object-page wp-block-navigation-submenu\"><li class=\" wp-block-navigation-item  menu-item menu-item-type-post_type menu-item-object-post wp-block-navigation-link\"><a class=\"wp-block-navigation-item__content\"  href=\"https:\/\/blog.utp.edu.co\/oficina-de-cultura-y-divulgacion\/cursos-libres-en-danzas-tradicionales-colombianas\/\" title=\"\"><span class=\"wp-block-navigation-item__label\">CURSOS LIBRES EN DANZAS TRADICIONALES COLOMBIANAS<\/span><\/a><\/li><li class=\" wp-block-navigation-item  menu-item menu-item-type-post_type menu-item-object-post wp-block-navigation-link\"><a class=\"wp-block-navigation-item__content\"  href=\"https:\/\/blog.utp.edu.co\/oficina-de-cultura-y-divulgacion\/curso-libre-en-percusion-folclorica-y-latina\/\" title=\"\"><span class=\"wp-block-navigation-item__label\">CURSO LIBRE EN CHIRIMIA Y CUERDAS<\/span><\/a><\/li><li class=\" wp-block-navigation-item  menu-item menu-item-type-post_type menu-item-object-post wp-block-navigation-link\"><a class=\"wp-block-navigation-item__content\"  href=\"https:\/\/blog.utp.edu.co\/oficina-de-cultura-y-divulgacion\/curso-libre-en-guitarra-popular\/\" title=\"\"><span class=\"wp-block-navigation-item__label\">CURSO LIBRE EN GUITARRA POPULAR<\/span><\/a><\/li><li class=\" wp-block-navigation-item  menu-item menu-item-type-post_type menu-item-object-post wp-block-navigation-link\"><a class=\"wp-block-navigation-item__content\"  href=\"https:\/\/blog.utp.edu.co\/oficina-de-cultura-y-divulgacion\/curso-libre-en-bailes-de-salon\/\" title=\"\"><span class=\"wp-block-navigation-item__label\">CURSO LIBRE EN BAILES MODERNOS<\/span><\/a><\/li><li class=\" wp-block-navigation-item  menu-item menu-item-type-post_type menu-item-object-post wp-block-navigation-link\"><a class=\"wp-block-navigation-item__content\"  href=\"https:\/\/blog.utp.edu.co\/oficina-de-cultura-y-divulgacion\/narracion-oral-2\/\" title=\"\"><span class=\"wp-block-navigation-item__label\">NARRACI\u00d3N ORAL<\/span><\/a><\/li><\/ul><\/li><li class=\" wp-block-navigation-item  menu-item menu-item-type-post_type menu-item-object-page wp-block-navigation-link\"><a class=\"wp-block-navigation-item__content\"  href=\"https:\/\/blog.utp.edu.co\/oficina-de-cultura-y-divulgacion\/diversidad-cultural\/\" title=\"\"><span class=\"wp-block-navigation-item__label\">DIVERSIDAD CULTURAL<\/span><\/a><\/li><li class=\" wp-block-navigation-item  menu-item menu-item-type-post_type menu-item-object-page wp-block-navigation-link\"><a class=\"wp-block-navigation-item__content\"  href=\"https:\/\/blog.utp.edu.co\/oficina-de-cultura-y-divulgacion\/contactenos\/\" title=\"\"><span class=\"wp-block-navigation-item__label\">Contactenos<\/span><\/a><\/li><\/ul>\n\t\t\t\t\t\t\t<\/div>\n\t\t\t\t\t\t<\/div>\n\t\t\t\t\t<\/div>\n\t\t\t\t<\/div><\/nav><\/div>\n\n\n\n<div style=\"height:33vw\" aria-hidden=\"true\" class=\"wp-block-spacer\"><\/div>\n<\/div><\/div>\n<\/div><\/div>\n\n\n\n<div class=\"wp-block-group alignfull is-content-justification-center\" style=\"margin-top:0;margin-bottom:0\"><div class=\"wp-block-group__inner-container is-layout-constrained wp-block-group-is-layout-constrained\">\n<div style=\"height:var(--wp--preset--spacing--20)\" aria-hidden=\"true\" class=\"wp-block-spacer\"><\/div>\n\n\n\n<div class=\"wp-block-group alignwide\"><div class=\"wp-block-group__inner-container is-layout-flow wp-block-group-is-layout-flow\">\n<div class=\"wp-block-columns alignwide are-vertically-aligned-top is-layout-flex wp-container-core-columns-is-layout-ac3ebc3b wp-block-columns-is-layout-flex\">\n<div class=\"wp-block-column is-vertically-aligned-top is-content-justification-left is-layout-constrained wp-container-core-column-is-layout-02d07192 wp-block-column-is-layout-constrained\">\n<h2 class=\"wp-block-heading\">Descubre un reino de oportunidades.<\/h2>\n<\/div>\n\n\n\n<div class=\"wp-block-column is-vertically-aligned-top is-layout-flow wp-block-column-is-layout-flow\" style=\"flex-basis:40%\">\n<p>Explorando el complejo tapiz de la vida, las opciones revelan rutas hacia lo excepcional, requiriendo innovaci\u00f3n, curiosidad y valent\u00eda para un viaje profundamente satisfactorio.<\/p>\n\n\n\n<div class=\"wp-block-buttons is-layout-flex wp-block-buttons-is-layout-flex\">\n<div class=\"wp-block-button\"><a class=\"wp-block-button__link wp-element-button\">empezar<\/a><\/div>\n<\/div>\n<\/div>\n<\/div>\n\n\n\n<div style=\"height:var(--wp--preset--spacing--20)\" aria-hidden=\"true\" class=\"wp-block-spacer\"><\/div>\n\n\n\n<figure class=\"wp-block-image size-large\"><img decoding=\"async\" src=\"https:\/\/pd.w.org\/2023\/07\/44364b18862589f06.53436652.jpg\" alt=\"\" style=\"aspect-ratio:16\/9;object-fit:cover\"\/><\/figure>\n<\/div><\/div>\n\n\n\n<div style=\"height:var(--wp--preset--spacing--20)\" aria-hidden=\"true\" class=\"wp-block-spacer\"><\/div>\n\n\n\n<figure class=\"wp-block-embed is-type-video is-provider-youtube wp-block-embed-youtube wp-embed-aspect-16-9 wp-has-aspect-ratio\"><div class=\"wp-block-embed__wrapper\">\n<iframe loading=\"lazy\" title=\"Metodologias Agiles: Kanban y comparativa con XP y Scrum\" width=\"640\" height=\"360\" src=\"https:\/\/www.youtube.com\/embed\/TX4yjjH4Eho?feature=oembed\" frameborder=\"0\" allow=\"accelerometer; autoplay; clipboard-write; encrypted-media; gyroscope; picture-in-picture; web-share\" referrerpolicy=\"strict-origin-when-cross-origin\" allowfullscreen><\/iframe>\n<\/div><\/figure>\n<\/div><\/div>\n\n\n\n<div class=\"wp-block-file\"><a id=\"wp-block-file--media-7c3cd844-9d75-4832-98ff-cbe496a5318d\" href=\"http:\/\/blog.utp.edu.co\/oficina-de-cultura-y-divulgacion\/files\/2021\/04\/unesco.pdf\">unesco<\/a><a href=\"http:\/\/blog.utp.edu.co\/oficina-de-cultura-y-divulgacion\/files\/2021\/04\/unesco.pdf\" class=\"wp-block-file__button wp-element-button\" download aria-describedby=\"wp-block-file--media-7c3cd844-9d75-4832-98ff-cbe496a5318d\">Descarga<\/a><\/div>\n\n\n\n<figure class=\"wp-block-video\"><video height=\"352\" style=\"aspect-ratio: 640 \/ 352;\" width=\"640\" controls src=\"http:\/\/blog.utp.edu.co\/oficina-de-cultura-y-divulgacion\/files\/2020\/09\/vid-445494096-8b152adc-3269-4b8c-965a-8e71713764f8-640x360-2.mp4\"><\/video><\/figure>\n\n\n\n<div class=\"wp-block-columns is-layout-flex wp-container-core-columns-is-layout-9d6595d7 wp-block-columns-is-layout-flex\">\n<div class=\"wp-block-column is-layout-flow wp-block-column-is-layout-flow\">\n<figure class=\"wp-block-table\"><table class=\"has-fixed-layout\"><tbody><tr><td><\/td><td><\/td><\/tr><tr><td><\/td><td><\/td><\/tr><\/tbody><\/table><\/figure>\n<\/div>\n\n\n\n<div class=\"wp-block-column is-layout-flow wp-block-column-is-layout-flow\">\n<figure class=\"wp-block-image size-full\"><img loading=\"lazy\" decoding=\"async\" width=\"960\" height=\"744\" src=\"http:\/\/blog.utp.edu.co\/oficina-de-cultura-y-divulgacion\/files\/2020\/09\/i285697114415008707._szw1280h1280-2.png\" alt=\"\" class=\"wp-image-2241\" srcset=\"https:\/\/blog.utp.edu.co\/oficina-de-cultura-y-divulgacion\/files\/2020\/09\/i285697114415008707._szw1280h1280-2.png 960w, https:\/\/blog.utp.edu.co\/oficina-de-cultura-y-divulgacion\/files\/2020\/09\/i285697114415008707._szw1280h1280-2-300x233.png 300w, https:\/\/blog.utp.edu.co\/oficina-de-cultura-y-divulgacion\/files\/2020\/09\/i285697114415008707._szw1280h1280-2-768x595.png 768w\" sizes=\"auto, (max-width: 960px) 100vw, 960px\" \/><\/figure>\n<\/div>\n\n\n\n<div class=\"wp-block-column is-layout-flow wp-block-column-is-layout-flow\">\n<p>klasdlkfasd loasdofjas dliasdioalsd liashdifpad lahsdoifabdslf\u00f1nlsa<\/p>\n<\/div>\n<\/div>\n","protected":false},"excerpt":{"rendered":"<p>\u00abContribuir me hace sentir que soy \u00fatil al planeta.\u00bb \u2014 Anna Wong, Voluntario Descubre un reino de oportunidades. Explorando el complejo tapiz de la vida, las opciones revelan rutas hacia lo excepcional, requiriendo innovaci\u00f3n, curiosidad y valent\u00eda para un viaje profundamente satisfactorio. klasdlkfasd loasdofjas dliasdioalsd liashdifpad lahsdoifabdslf\u00f1nlsa<\/p>\n","protected":false},"author":3281,"featured_media":3811,"parent":0,"menu_order":0,"comment_status":"closed","ping_status":"closed","template":"","meta":{"footnotes":""},"class_list":["post-2881","page","type-page","status-publish","has-post-thumbnail","hentry"],"_links":{"self":[{"href":"https:\/\/blog.utp.edu.co\/oficina-de-cultura-y-divulgacion\/wp-json\/wp\/v2\/pages\/2881","targetHints":{"allow":["GET"]}}],"collection":[{"href":"https:\/\/blog.utp.edu.co\/oficina-de-cultura-y-divulgacion\/wp-json\/wp\/v2\/pages"}],"about":[{"href":"https:\/\/blog.utp.edu.co\/oficina-de-cultura-y-divulgacion\/wp-json\/wp\/v2\/types\/page"}],"author":[{"embeddable":true,"href":"https:\/\/blog.utp.edu.co\/oficina-de-cultura-y-divulgacion\/wp-json\/wp\/v2\/users\/3281"}],"replies":[{"embeddable":true,"href":"https:\/\/blog.utp.edu.co\/oficina-de-cultura-y-divulgacion\/wp-json\/wp\/v2\/comments?post=2881"}],"version-history":[{"count":1,"href":"https:\/\/blog.utp.edu.co\/oficina-de-cultura-y-divulgacion\/wp-json\/wp\/v2\/pages\/2881\/revisions"}],"predecessor-version":[{"id":4626,"href":"https:\/\/blog.utp.edu.co\/oficina-de-cultura-y-divulgacion\/wp-json\/wp\/v2\/pages\/2881\/revisions\/4626"}],"wp:featuredmedia":[{"embeddable":true,"href":"https:\/\/blog.utp.edu.co\/oficina-de-cultura-y-divulgacion\/wp-json\/wp\/v2\/media\/3811"}],"wp:attachment":[{"href":"https:\/\/blog.utp.edu.co\/oficina-de-cultura-y-divulgacion\/wp-json\/wp\/v2\/media?parent=2881"}],"curies":[{"name":"wp","href":"https:\/\/api.w.org\/{rel}","templated":true}]}}