{"id":1361,"date":"2020-05-30T08:40:11","date_gmt":"2020-05-30T08:40:11","guid":{"rendered":"http:\/\/blog.utp.edu.co\/oficina-de-cultura-y-divulgacion\/?page_id=1361"},"modified":"2020-10-27T21:23:07","modified_gmt":"2020-10-28T02:23:07","slug":"grupos-representativos","status":"publish","type":"page","link":"https:\/\/blog.utp.edu.co\/oficina-de-cultura-y-divulgacion\/grupos-representativos\/","title":{"rendered":"Grupos Representativos"},"content":{"rendered":"\n<p>GRUPOS CULTURALES REPRESENTATIVOS DE LA UTP.<\/p>\n\n\n\n<p>Uno de los grandes pilares del \u00e1rea cultural de la VICERSyBU es la promoci\u00f3n y est\u00edmulos de los grupos culturales, ellos representan la UTP En eventos locales, regionales, nacionales y seg\u00fan el caso internacionales.<\/p>\n\n\n\n<p>Estos grupos tienen una funci\u00f3n altruista de apoyo a todas las actividades que se realizan en el campus universitario y fuera de \u00e9l seg\u00fan invitaciones.<\/p>\n\n\n\n<p>Los grupos que nos representan culturalmente son: grupo de teatro \u201cLa escafandra UTP \u201cTaller corporal \u201cIsadora Duncan, Orquesta Universitaria, Narraci\u00f3n oral \u201cel Tortazo, \u201cgrupo de M\u00fasica y danzas TRIETNIAS UTP \u201cinterpretes solistas y canci\u00f3n in\u00e9dita, orquesta sinf\u00f3nica y Orquesta de cuerdas.<\/p>\n\n\n\n<p>El \u00e1rea cultural vincula estos grupos a sus programaciones y a la vez nos representan institucionalmente.<\/p>\n\n\n\n<p>La UTP pertenece al nodo centro de Ascuncultura, quien es el organismo que vincula y promociona, las universidades del pa\u00eds en temas de deporte, cultura y desarrollo humano.<\/p>\n\n\n\n<p>Ascuncultura tiene un calendario anual de eventos regionales y nacionales, de los cuales nuestros representadores participan &nbsp;en:<\/p>\n\n\n\n<p>Festival Regional de teatro<\/p>\n\n\n\n<p>Festival regional de Danzas y m\u00fasica folcl\u00f3rica<\/p>\n\n\n\n<p>Festival de interpretes universitarios de la canci\u00f3n<\/p>\n\n\n\n<p>Festival regional de orquestas universitarias.<\/p>\n\n\n\n<p>Seg\u00fan la reglamentaci\u00f3n de Ascuncultura si los grupos culturales ocupan los tres primeros lugares, en los eventos regionales podr\u00e1n participar en el evento nacional de cada modalidad.<\/p>\n\n\n\n<p>Igualmente se participa como nominaci\u00f3n en el Festival Nacional de Narraci\u00f3n Oral.<\/p>\n\n\n\n<p>Las ciudades de presentaci\u00f3n de los eventos regionales, son asignadas seg\u00fan una reuni\u00f3n del nodo centro. Seg\u00fan disponibilidad de las instituciones de educaci\u00f3n superior.<\/p>\n\n\n\n<p>La vicerrector\u00eda de responsabilidad Social y Bienestar Universitario. Formaci\u00f3n para la vida y el \u00e1rea cultural apoyan estos grupos con escenograf\u00edas, vestuarios, instrumentos, directores, sitios de ensayo y si las condiciones lo ameritan se apoya socialmente a los participantes de los grupos culturales, con monitorias, bonos de apoyo en alimentaci\u00f3n y transporte, becas de matr\u00edcula.<\/p>\n\n\n\n<p>Igualmente garantiza los recursos econ\u00f3micos para los grupos culturales que nos representan en los eventos regionales y nacionales. Estos recursos son transporte terrestre, alimentaci\u00f3n, alojamiento, honorarios para los instructores y la correspondiente inscripci\u00f3n.<\/p>\n\n\n\n<p>Existe un estimulo importante considerado en el reglamento estudiantil, el cual versa que los estudiantes que participen en eventos nacionales y ocupen el primero, segundo o tercer lugar La UTP les brinda un estimulo exoner\u00e1ndolos de la matricula del semestre siguiente a la participaci\u00f3n.<\/p>\n\n\n\n<p>Los grupos culturales representativos de nuestra instituci\u00f3n, est\u00e1n disponibles para que ingrese la comunidad universitaria. Obviamente demostrando la capacidad art\u00edstica para pertenecer a ellos. Al inicio de cada semestre se hace una la convocatoria para ingresar a ellos. Para m\u00e1s informaci\u00f3n dir\u00edjase hacia el \u00e1rea cultural UTP. Donde se le brindar\u00e1 la informaci\u00f3n respectiva y se pondr\u00e1 en contacto con todos los directores de los grupos<\/p>\n\n\n\n<p>CULTURA UTP. TU MEJOR OPCION<\/p>\n\n\n\n<p>AN\u00cdMATE Y SE TU PROPIO EST\u00cdMULO<\/p>\n","protected":false},"excerpt":{"rendered":"<p>GRUPOS CULTURALES REPRESENTATIVOS DE LA UTP. Uno de los grandes pilares del \u00e1rea cultural de la VICERSyBU es la promoci\u00f3n y est\u00edmulos de los grupos culturales, ellos representan la UTP En eventos locales, regionales, nacionales y seg\u00fan el caso internacionales. Estos grupos tienen una funci\u00f3n altruista de apoyo a todas las actividades que se realizan [&hellip;]<\/p>\n","protected":false},"author":6211,"featured_media":0,"parent":0,"menu_order":4,"comment_status":"closed","ping_status":"closed","template":"","meta":{"footnotes":""},"class_list":["post-1361","page","type-page","status-publish","hentry"],"_links":{"self":[{"href":"https:\/\/blog.utp.edu.co\/oficina-de-cultura-y-divulgacion\/wp-json\/wp\/v2\/pages\/1361","targetHints":{"allow":["GET"]}}],"collection":[{"href":"https:\/\/blog.utp.edu.co\/oficina-de-cultura-y-divulgacion\/wp-json\/wp\/v2\/pages"}],"about":[{"href":"https:\/\/blog.utp.edu.co\/oficina-de-cultura-y-divulgacion\/wp-json\/wp\/v2\/types\/page"}],"author":[{"embeddable":true,"href":"https:\/\/blog.utp.edu.co\/oficina-de-cultura-y-divulgacion\/wp-json\/wp\/v2\/users\/6211"}],"replies":[{"embeddable":true,"href":"https:\/\/blog.utp.edu.co\/oficina-de-cultura-y-divulgacion\/wp-json\/wp\/v2\/comments?post=1361"}],"version-history":[{"count":2,"href":"https:\/\/blog.utp.edu.co\/oficina-de-cultura-y-divulgacion\/wp-json\/wp\/v2\/pages\/1361\/revisions"}],"predecessor-version":[{"id":3751,"href":"https:\/\/blog.utp.edu.co\/oficina-de-cultura-y-divulgacion\/wp-json\/wp\/v2\/pages\/1361\/revisions\/3751"}],"wp:attachment":[{"href":"https:\/\/blog.utp.edu.co\/oficina-de-cultura-y-divulgacion\/wp-json\/wp\/v2\/media?parent=1361"}],"curies":[{"name":"wp","href":"https:\/\/api.w.org\/{rel}","templated":true}]}}