{"id":1091,"date":"2020-05-30T07:24:09","date_gmt":"2020-05-30T07:24:09","guid":{"rendered":"http:\/\/blog.utp.edu.co\/oficina-de-cultura-y-divulgacion\/?page_id=1091"},"modified":"2020-05-30T15:37:28","modified_gmt":"2020-05-30T15:37:28","slug":"servicios","status":"publish","type":"page","link":"https:\/\/blog.utp.edu.co\/oficina-de-cultura-y-divulgacion\/servicios\/","title":{"rendered":"Servicios"},"content":{"rendered":"\n<h3 class=\"wp-block-heading\">Servicios brindados a la comunidad universitaria<\/h3>\n\n\n\n<p><\/p>\n\n\n\n<p><strong>Formaci\u00f3n Cultural&nbsp;<\/strong><\/p>\n\n\n\n<p><strong>Cursos libres en:&nbsp;<\/strong><\/p>\n\n\n\n<p>\u00a0 \u00a0* Semillero de Danzas Folcl\u00f3ricas (Estudiantes, Docentes y Empleados)<\/p>\n\n\n\n<p>&nbsp; &nbsp;* Bailes Modernos (Salsa, Bachata, Urbanos y Otros)<\/p>\n\n\n\n<p>&nbsp; &nbsp;* Teatro&nbsp;<\/p>\n\n\n\n<p>&nbsp; &nbsp;* Percusi\u00f3n y ritmos antillanos&nbsp;<\/p>\n\n\n\n<p>&nbsp; &nbsp;* Guitarra popular<\/p>\n\n\n\n<p>&nbsp; &nbsp;* T\u00e9cnica vocal&nbsp;<\/p>\n\n\n\n<p>&nbsp; &nbsp;* Semillero de narraci\u00f3n oral<\/p>\n\n\n\n<p><\/p>\n\n\n\n<p><em>Convocatorias al inicio de semestre<\/em><\/p>\n\n\n\n<p><\/p>\n\n\n\n<p><strong>Apoyo Cultural:&nbsp;<\/strong><\/p>\n\n\n\n<p>&nbsp; &nbsp;* Asesor\u00eda general en Cultura&nbsp;<\/p>\n\n\n\n<p>&nbsp; * Formulaci\u00f3n de y Ejecuci\u00f3n de Proyectos Culturales&nbsp;<\/p>\n\n\n\n<p>&nbsp; &nbsp;* Escenarios y log\u00edstica<\/p>\n\n\n\n<p>&nbsp; &nbsp;* Apoyo con amplificaci\u00f3n y monitores<br><\/p>\n","protected":false},"excerpt":{"rendered":"<p>Servicios brindados a la comunidad universitaria Formaci\u00f3n Cultural&nbsp; Cursos libres en:&nbsp; \u00a0 \u00a0* Semillero de Danzas Folcl\u00f3ricas (Estudiantes, Docentes y Empleados) &nbsp; &nbsp;* Bailes Modernos (Salsa, Bachata, Urbanos y Otros) &nbsp; &nbsp;* Teatro&nbsp; &nbsp; &nbsp;* Percusi\u00f3n y ritmos antillanos&nbsp; &nbsp; &nbsp;* Guitarra popular &nbsp; &nbsp;* T\u00e9cnica vocal&nbsp; &nbsp; &nbsp;* Semillero de narraci\u00f3n oral Convocatorias al [&hellip;]<\/p>\n","protected":false},"author":6211,"featured_media":0,"parent":0,"menu_order":2,"comment_status":"closed","ping_status":"closed","template":"","meta":{"footnotes":""},"class_list":["post-1091","page","type-page","status-publish","hentry"],"_links":{"self":[{"href":"https:\/\/blog.utp.edu.co\/oficina-de-cultura-y-divulgacion\/wp-json\/wp\/v2\/pages\/1091","targetHints":{"allow":["GET"]}}],"collection":[{"href":"https:\/\/blog.utp.edu.co\/oficina-de-cultura-y-divulgacion\/wp-json\/wp\/v2\/pages"}],"about":[{"href":"https:\/\/blog.utp.edu.co\/oficina-de-cultura-y-divulgacion\/wp-json\/wp\/v2\/types\/page"}],"author":[{"embeddable":true,"href":"https:\/\/blog.utp.edu.co\/oficina-de-cultura-y-divulgacion\/wp-json\/wp\/v2\/users\/6211"}],"replies":[{"embeddable":true,"href":"https:\/\/blog.utp.edu.co\/oficina-de-cultura-y-divulgacion\/wp-json\/wp\/v2\/comments?post=1091"}],"version-history":[{"count":4,"href":"https:\/\/blog.utp.edu.co\/oficina-de-cultura-y-divulgacion\/wp-json\/wp\/v2\/pages\/1091\/revisions"}],"predecessor-version":[{"id":1601,"href":"https:\/\/blog.utp.edu.co\/oficina-de-cultura-y-divulgacion\/wp-json\/wp\/v2\/pages\/1091\/revisions\/1601"}],"wp:attachment":[{"href":"https:\/\/blog.utp.edu.co\/oficina-de-cultura-y-divulgacion\/wp-json\/wp\/v2\/media?parent=1091"}],"curies":[{"name":"wp","href":"https:\/\/api.w.org\/{rel}","templated":true}]}}