{"id":36365,"date":"2024-06-06T09:59:37","date_gmt":"2024-06-06T14:59:37","guid":{"rendered":"https:\/\/blog.utp.edu.co\/observatoriosocial\/?page_id=36365"},"modified":"2024-06-06T09:59:38","modified_gmt":"2024-06-06T14:59:38","slug":"requisitos","status":"publish","type":"page","link":"https:\/\/blog.utp.edu.co\/observatoriosocial\/requisitos\/","title":{"rendered":"REQUISITOS"},"content":{"rendered":"\n<div class=\"wp-block-uagb-container uagb-block-da0530bf alignfull uagb-is-root-container\"><div class=\"uagb-container-inner-blocks-wrap\">\n<div class=\"wp-block-uagb-container uagb-block-ebf23013\">\n<div class=\"wp-block-uagb-image aligncenter uagb-block-aa79c08c wp-block-uagb-image--layout-default wp-block-uagb-image--effect-static wp-block-uagb-image--align-center\"><figure class=\"wp-block-uagb-image__figure\"><a class=\"\" href=\"https:\/\/blog.utp.edu.co\/observatoriosocial\/files\/2019\/04\/requisitos.png\" target=\"\" rel=\"noopener\"><img decoding=\"async\" src=\"https:\/\/blog.utp.edu.co\/observatoriosocial\/files\/2019\/04\/requisitos.png\" alt=\"\" class=\"uag-image-13391\" width=\"614\" height=\"538\" title=\"requisitos\" loading=\"lazy\" role=\"img\" \/><\/a><\/figure><\/div>\n<\/div>\n<\/div><\/div>\n\n\n\n<div class=\"wp-block-uagb-container uagb-block-211ab882 alignwide uagb-is-root-container\">\n<div class=\"wp-block-uagb-container uagb-block-7acace1e\">\n<p class=\"has-text-align-right\"><strong>ESTUDIANTES<\/strong><\/p>\n<\/div>\n\n\n\n<div class=\"wp-block-uagb-container uagb-block-759bead5\">\n<ul class=\"wp-block-list\">\n<li>Ser estudiante activo de la Universidad Tecnol\u00f3gica de Pereira<\/li>\n\n\n\n<li>Tener aprobado alg\u00fan apoyo socioecon\u00f3mico c\u00f3mo bono de transporte, bono de matr\u00edcula o bono de alimentaci\u00f3n o pertenecer a alguna beca regional o nacional.<\/li>\n<\/ul>\n<\/div>\n<\/div>\n\n\n\n<div class=\"wp-block-uagb-container uagb-block-70ef424e alignfull uagb-is-root-container\"><div class=\"uagb-container-inner-blocks-wrap\">\n<div class=\"wp-block-uagb-container uagb-block-8da51660\">\n<p class=\"has-text-align-right\"><strong>DEPENDENCIAS<\/strong><\/p>\n<\/div>\n\n\n\n<div class=\"wp-block-uagb-container uagb-block-340651c0\">\n<ul class=\"wp-block-list\">\n<li>Tener una propuesta de formaci\u00f3n alineada a los componentes del servicio social universitario.<\/li>\n\n\n\n<li>Tener un profesional adscrito a la dependencia y qu\u00e9 asuma el rol de facilitador del proceso de formaci\u00f3n.<\/li>\n\n\n\n<li>Tener la disponibilidad de tiempo y espacio para desarrollar la propuesta durante 13 talleres de dos horas semanales.<\/li>\n\n\n\n<li>Cumplir con la entrega de las asistencias de los talleres desarrollados, informes mensuales, un informe semestral y tres reportes de cumplimiento.<\/li>\n<\/ul>\n<\/div>\n<\/div><\/div>\n","protected":false},"excerpt":{"rendered":"<p>ESTUDIANTES DEPENDENCIAS<\/p>\n","protected":false},"author":57,"featured_media":0,"parent":0,"menu_order":0,"comment_status":"closed","ping_status":"closed","template":"","meta":{"_uag_custom_page_level_css":"","site-sidebar-layout":"default","site-content-layout":"","ast-site-content-layout":"default","site-content-style":"default","site-sidebar-style":"default","ast-global-header-display":"","ast-banner-title-visibility":"","ast-main-header-display":"","ast-hfb-above-header-display":"","ast-hfb-below-header-display":"","ast-hfb-mobile-header-display":"","site-post-title":"","ast-breadcrumbs-content":"","ast-featured-img":"","footer-sml-layout":"","ast-disable-related-posts":"","theme-transparent-header-meta":"","adv-header-id-meta":"","stick-header-meta":"","header-above-stick-meta":"","header-main-stick-meta":"","header-below-stick-meta":"","astra-migrate-meta-layouts":"set","ast-page-background-enabled":"default","ast-page-background-meta":{"desktop":{"background-color":"var(--ast-global-color-4)","background-image":"","background-repeat":"repeat","background-position":"center center","background-size":"auto","background-attachment":"scroll","background-type":"","background-media":"","overlay-type":"","overlay-color":"","overlay-opacity":"","overlay-gradient":""},"tablet":{"background-color":"","background-image":"","background-repeat":"repeat","background-position":"center center","background-size":"auto","background-attachment":"scroll","background-type":"","background-media":"","overlay-type":"","overlay-color":"","overlay-opacity":"","overlay-gradient":""},"mobile":{"background-color":"","background-image":"","background-repeat":"repeat","background-position":"center center","background-size":"auto","background-attachment":"scroll","background-type":"","background-media":"","overlay-type":"","overlay-color":"","overlay-opacity":"","overlay-gradient":""}},"ast-content-background-meta":{"desktop":{"background-color":"var(--ast-global-color-5)","background-image":"","background-repeat":"repeat","background-position":"center center","background-size":"auto","background-attachment":"scroll","background-type":"","background-media":"","overlay-type":"","overlay-color":"","overlay-opacity":"","overlay-gradient":""},"tablet":{"background-color":"var(--ast-global-color-5)","background-image":"","background-repeat":"repeat","background-position":"center center","background-size":"auto","background-attachment":"scroll","background-type":"","background-media":"","overlay-type":"","overlay-color":"","overlay-opacity":"","overlay-gradient":""},"mobile":{"background-color":"var(--ast-global-color-5)","background-image":"","background-repeat":"repeat","background-position":"center center","background-size":"auto","background-attachment":"scroll","background-type":"","background-media":"","overlay-type":"","overlay-color":"","overlay-opacity":"","overlay-gradient":""}},"footnotes":""},"class_list":["post-36365","page","type-page","status-publish","hentry"],"uagb_featured_image_src":{"full":false,"thumbnail":false,"medium":false,"medium_large":false,"large":false,"1536x1536":false,"2048x2048":false},"uagb_author_info":{"display_name":"observatoriosocial","author_link":"https:\/\/blog.utp.edu.co\/observatoriosocial\/author\/observatoriosocial\/"},"uagb_comment_info":0,"uagb_excerpt":"ESTUDIANTES DEPENDENCIAS","_links":{"self":[{"href":"https:\/\/blog.utp.edu.co\/observatoriosocial\/wp-json\/wp\/v2\/pages\/36365","targetHints":{"allow":["GET"]}}],"collection":[{"href":"https:\/\/blog.utp.edu.co\/observatoriosocial\/wp-json\/wp\/v2\/pages"}],"about":[{"href":"https:\/\/blog.utp.edu.co\/observatoriosocial\/wp-json\/wp\/v2\/types\/page"}],"author":[{"embeddable":true,"href":"https:\/\/blog.utp.edu.co\/observatoriosocial\/wp-json\/wp\/v2\/users\/57"}],"replies":[{"embeddable":true,"href":"https:\/\/blog.utp.edu.co\/observatoriosocial\/wp-json\/wp\/v2\/comments?post=36365"}],"version-history":[{"count":1,"href":"https:\/\/blog.utp.edu.co\/observatoriosocial\/wp-json\/wp\/v2\/pages\/36365\/revisions"}],"predecessor-version":[{"id":36366,"href":"https:\/\/blog.utp.edu.co\/observatoriosocial\/wp-json\/wp\/v2\/pages\/36365\/revisions\/36366"}],"wp:attachment":[{"href":"https:\/\/blog.utp.edu.co\/observatoriosocial\/wp-json\/wp\/v2\/media?parent=36365"}],"curies":[{"name":"wp","href":"https:\/\/api.w.org\/{rel}","templated":true}]}}