{"id":34561,"date":"2022-04-26T16:01:17","date_gmt":"2022-04-26T21:01:17","guid":{"rendered":"https:\/\/blog.utp.edu.co\/observatoriosocial\/?page_id=34561"},"modified":"2026-04-07T16:36:05","modified_gmt":"2026-04-07T21:36:05","slug":"inicio","status":"publish","type":"page","link":"https:\/\/blog.utp.edu.co\/observatoriosocial\/","title":{"rendered":"Inicio"},"content":{"rendered":"\n<div data-aos= \"fade-down\" data-aos-duration=\"400\" data-aos-delay=\"0\" data-aos-easing=\"ease\" data-aos-once=\"true\" class=\"wp-block-uagb-container uagb-block-ee59cfaf alignfull uagb-is-root-container\">\n<div class=\"wp-block-columns is-layout-flex wp-container-core-columns-is-layout-28f84493 wp-block-columns-is-layout-flex\">\n<div class=\"wp-block-column is-layout-flow wp-block-column-is-layout-flow\">\n<div class=\"wp-block-columns is-layout-flex wp-container-core-columns-is-layout-28f84493 wp-block-columns-is-layout-flex\">\n<div class=\"wp-block-column is-layout-flow wp-block-column-is-layout-flow\" style=\"flex-basis:33.33%\">\n<h2 class=\"wp-block-heading has-text-align-center has-link-color has-large-font-size wp-elements-ef41cc2d347b5c2a1d7528a3ac46672f\" style=\"padding-top:0;padding-right:0;padding-bottom:0;padding-left:0\"> <strong>OBSERVATORIO SOCIAL<\/strong><\/h2>\n\n\n\n<figure class=\"wp-block-image aligncenter size-full is-resized has-custom-border is-style-default wp-duotone-unset-1\"><a href=\"https:\/\/blog.utp.edu.co\/observatoriosocial\/files\/2024\/04\/Logo-UTP-NEGRO-294-X-176-removebg-preview.png\"><img loading=\"lazy\" decoding=\"async\" width=\"239\" height=\"143\" src=\"https:\/\/blog.utp.edu.co\/observatoriosocial\/files\/2024\/04\/Logo-UTP-NEGRO-294-X-176-removebg-preview-edited-1.png\" alt=\"\" class=\"wp-image-36106\" style=\"border-style:none;border-width:0px;border-radius:0px;width:319px;height:auto\" \/><\/a><\/figure>\n<\/div>\n\n\n\n<div class=\"wp-block-column is-layout-flow wp-block-column-is-layout-flow\" style=\"flex-basis:66.66%\">\n<p class=\"has-text-align-center has-medium-font-size\" style=\"padding-top:var(--wp--preset--spacing--70);padding-right:60px;padding-bottom:var(--wp--preset--spacing--70);padding-left:60px\">Bienvenido al blog del Observatorio Social de la Universidad Tecnol\u00f3gica de Pereira. Realizamos investigaciones, an\u00e1lisis y seguimiento de informaci\u00f3n social, demogr\u00e1fica, de salud, ambiental, cultural, acad\u00e9mica y econ\u00f3mica de la comunidad universitaria, mediante el uso de indicadores y evaluaciones de impacto que respaldan la toma de decisiones en el quehacer de la Vicerrector\u00eda de Responsabilidad Social y Bienestar Universitario, as\u00ed como de la instituci\u00f3n en general.<\/p>\n<\/div>\n<\/div>\n<\/div>\n<\/div>\n<\/div>\n\n\n\n<div class=\"wp-block-uagb-container uagb-block-c769193a alignfull uagb-is-root-container\"><div class=\"uagb-container-inner-blocks-wrap\">\n<div class=\"wp-block-uagb-container uagb-block-f7286035\">\n<div class=\"wp-block-uagb-info-box uagb-block-a99a3ce9 uagb-infobox__content-wrap  uagb-infobox-icon-above-title uagb-infobox-image-valign-top\"><div class=\"uagb-ifb-content\"><div class=\"uagb-ifb-image-content\"><img decoding=\"async\" src=\"http:\/\/blog.utp.edu.co\/observatoriosocial\/files\/2026\/03\/Investigaciones-1.png\" alt=\"\" width=\"\" height=\"0\" loading=\"lazy\" \/><\/div><div class=\"uagb-ifb-title-wrap\"><h3 class=\"uagb-ifb-title\"><strong>Investigaciones<\/strong><\/h3><\/div><div class=\"uagb-ifb-separator\"><\/div><p class=\"uagb-ifb-desc\">Accede a estudios, an\u00e1lisis e informes sobre la realidad social, econ\u00f3mica y acad\u00e9mica de la comunidad universitaria, orientados a la toma de decisiones informadas.<\/p><div class=\"uagb-ifb-button-wrapper wp-block-button\"><a href=\"\/observatoriosocial\/investigaciones\" class=\"uagb-infobox-cta-link wp-block-button__link\" target=\"_self\" rel=\"noopener noreferrer\"><span class=\"uagb-inline-editing\">Ir al sitio<\/span><\/a><\/div><\/div><\/div>\n<\/div>\n\n\n\n<div class=\"wp-block-uagb-container uagb-block-c0a14d5e\">\n<div class=\"wp-block-uagb-info-box uagb-block-97c92f41 uagb-infobox__content-wrap  uagb-infobox-icon-above-title uagb-infobox-image-valign-top\"><div class=\"uagb-ifb-content\"><div class=\"uagb-ifb-image-content\"><img decoding=\"async\" src=\"http:\/\/blog.utp.edu.co\/observatoriosocial\/files\/2026\/03\/Resultados-1.png\" alt=\"\" width=\"\" height=\"0\" loading=\"lazy\" \/><\/div><div class=\"uagb-ifb-title-wrap\"><h2 class=\"uagb-ifb-title\"><strong>Resultados solicitudes<\/strong><\/h2><\/div><div class=\"uagb-ifb-separator\"><\/div><p class=\"uagb-ifb-desc\">Consulta los resultados de las solicitudes de apoyos socioecon\u00f3micos.<\/p><div class=\"uagb-ifb-button-wrapper wp-block-button\"><a href=\"\/observatoriosocial\/resultados\" class=\"uagb-infobox-cta-link wp-block-button__link\" target=\"_self\" rel=\"noopener noreferrer\"><span class=\"uagb-inline-editing\">Ir al sitio<\/span><\/a><\/div><\/div><\/div>\n<\/div>\n\n\n\n<div class=\"wp-block-uagb-container uagb-block-c554aca7\">\n<div class=\"wp-block-uagb-info-box uagb-block-acc20436 uagb-infobox__content-wrap  uagb-infobox-icon-above-title uagb-infobox-image-valign-top\"><div class=\"uagb-ifb-content\"><div class=\"uagb-ifb-image-content\"><img decoding=\"async\" src=\"http:\/\/blog.utp.edu.co\/observatoriosocial\/files\/2026\/03\/Tableros.png\" alt=\"\" width=\"\" height=\"0\" loading=\"lazy\" \/><\/div><div class=\"uagb-ifb-title-wrap\"><h2 class=\"uagb-ifb-title\"><strong>Tableros de control<\/strong><\/h2><\/div><div class=\"uagb-ifb-separator\"><\/div><p class=\"uagb-ifb-desc\">Explora herramientas interactivas para el an\u00e1lisis y seguimiento de indicadores clave, que facilitan la visualizaci\u00f3n de informaci\u00f3n y la toma de decisiones.<\/p><div class=\"uagb-ifb-button-wrapper wp-block-button\"><a href=\"\/observatoriosocial\/tableros\" class=\"uagb-infobox-cta-link wp-block-button__link\" target=\"_self\" rel=\"noopener noreferrer\"><span class=\"uagb-inline-editing\">Ir al sitio<\/span><\/a><\/div><\/div><\/div>\n<\/div>\n\n\n\n<div class=\"wp-block-uagb-container uagb-block-2c8f98d2\">\n<div class=\"wp-block-uagb-info-box uagb-block-717afcf8 uagb-infobox__content-wrap  uagb-infobox-icon-above-title uagb-infobox-image-valign-top\"><div class=\"uagb-ifb-content\"><div class=\"uagb-ifb-image-content\"><img decoding=\"async\" src=\"http:\/\/blog.utp.edu.co\/observatoriosocial\/files\/2026\/03\/Noticias.png\" alt=\"\" width=\"\" height=\"0\" loading=\"lazy\" \/><\/div><div class=\"uagb-ifb-title-wrap\"><h3 class=\"uagb-ifb-title\"><strong>Noticias y novedades <\/strong><\/h3><\/div><div class=\"uagb-ifb-separator\"><\/div><p class=\"uagb-ifb-desc\">Mantente informado sobre actividades, eventos y actualizaciones del Observatorio Social y la Vicerrector\u00eda de Responsabilidad Social y Bienestar Universitario.<\/p><div class=\"uagb-ifb-button-wrapper wp-block-button\"><a href=\"https:\/\/blog.utp.edu.co\/observatoriosocial\/blog\/\" class=\"uagb-infobox-cta-link wp-block-button__link\" target=\"_self\" rel=\"noopener noreferrer\"><span class=\"uagb-inline-editing\">Ir al sitio<\/span><\/a><\/div><\/div><\/div>\n<\/div>\n<\/div><\/div>\n\n\n\n<p><\/p>\n","protected":false},"excerpt":{"rendered":"<p>OBSERVATORIO SOCIAL Bienvenido al blog del Observatorio Social de la Universidad Tecnol\u00f3gica de Pereira. Realizamos investigaciones, an\u00e1lisis y seguimiento de informaci\u00f3n social, demogr\u00e1fica, de salud, ambiental, cultural, acad\u00e9mica y econ\u00f3mica de la comunidad universitaria, mediante el uso de indicadores y evaluaciones de impacto que respaldan la toma de decisiones en el quehacer de la Vicerrector\u00eda [&hellip;]<\/p>\n","protected":false},"author":57,"featured_media":33021,"parent":0,"menu_order":0,"comment_status":"closed","ping_status":"closed","template":"","meta":{"_uag_custom_page_level_css":"","site-sidebar-layout":"default","site-content-layout":"","ast-site-content-layout":"default","site-content-style":"default","site-sidebar-style":"default","ast-global-header-display":"","ast-banner-title-visibility":"","ast-main-header-display":"","ast-hfb-above-header-display":"","ast-hfb-below-header-display":"","ast-hfb-mobile-header-display":"","site-post-title":"","ast-breadcrumbs-content":"","ast-featured-img":"","footer-sml-layout":"","ast-disable-related-posts":"","theme-transparent-header-meta":"","adv-header-id-meta":"","stick-header-meta":"","header-above-stick-meta":"","header-main-stick-meta":"","header-below-stick-meta":"","astra-migrate-meta-layouts":"set","ast-page-background-enabled":"default","ast-page-background-meta":{"desktop":{"background-color":"var(--ast-global-color-4)","background-image":"","background-repeat":"repeat","background-position":"center center","background-size":"auto","background-attachment":"scroll","background-type":"","background-media":"","overlay-type":"","overlay-color":"","overlay-opacity":"","overlay-gradient":""},"tablet":{"background-color":"","background-image":"","background-repeat":"repeat","background-position":"center center","background-size":"auto","background-attachment":"scroll","background-type":"","background-media":"","overlay-type":"","overlay-color":"","overlay-opacity":"","overlay-gradient":""},"mobile":{"background-color":"","background-image":"","background-repeat":"repeat","background-position":"center center","background-size":"auto","background-attachment":"scroll","background-type":"","background-media":"","overlay-type":"","overlay-color":"","overlay-opacity":"","overlay-gradient":""}},"ast-content-background-meta":{"desktop":{"background-color":"var(--ast-global-color-5)","background-image":"","background-repeat":"repeat","background-position":"center center","background-size":"auto","background-attachment":"scroll","background-type":"","background-media":"","overlay-type":"","overlay-color":"","overlay-opacity":"","overlay-gradient":""},"tablet":{"background-color":"var(--ast-global-color-5)","background-image":"","background-repeat":"repeat","background-position":"center center","background-size":"auto","background-attachment":"scroll","background-type":"","background-media":"","overlay-type":"","overlay-color":"","overlay-opacity":"","overlay-gradient":""},"mobile":{"background-color":"var(--ast-global-color-5)","background-image":"","background-repeat":"repeat","background-position":"center center","background-size":"auto","background-attachment":"scroll","background-type":"","background-media":"","overlay-type":"","overlay-color":"","overlay-opacity":"","overlay-gradient":""}},"footnotes":""},"class_list":["post-34561","page","type-page","status-publish","has-post-thumbnail","hentry"],"uagb_featured_image_src":{"full":["https:\/\/blog.utp.edu.co\/observatoriosocial\/files\/2021\/07\/Recurso2ogo.png",585,272,false],"thumbnail":["https:\/\/blog.utp.edu.co\/observatoriosocial\/files\/2021\/07\/Recurso2ogo-145x145.png",145,145,true],"medium":["https:\/\/blog.utp.edu.co\/observatoriosocial\/files\/2021\/07\/Recurso2ogo-300x139.png",300,139,true],"medium_large":["https:\/\/blog.utp.edu.co\/observatoriosocial\/files\/2021\/07\/Recurso2ogo.png",585,272,false],"large":["https:\/\/blog.utp.edu.co\/observatoriosocial\/files\/2021\/07\/Recurso2ogo.png",585,272,false],"1536x1536":["https:\/\/blog.utp.edu.co\/observatoriosocial\/files\/2021\/07\/Recurso2ogo.png",585,272,false],"2048x2048":["https:\/\/blog.utp.edu.co\/observatoriosocial\/files\/2021\/07\/Recurso2ogo.png",585,272,false]},"uagb_author_info":{"display_name":"observatoriosocial","author_link":"https:\/\/blog.utp.edu.co\/observatoriosocial\/author\/observatoriosocial\/"},"uagb_comment_info":0,"uagb_excerpt":"OBSERVATORIO SOCIAL Bienvenido al blog del Observatorio Social de la Universidad Tecnol\u00f3gica de Pereira. Realizamos investigaciones, an\u00e1lisis y seguimiento de informaci\u00f3n social, demogr\u00e1fica, de salud, ambiental, cultural, acad\u00e9mica y econ\u00f3mica de la comunidad universitaria, mediante el uso de indicadores y evaluaciones de impacto que respaldan la toma de decisiones en el quehacer de la Vicerrector\u00eda&hellip;","_links":{"self":[{"href":"https:\/\/blog.utp.edu.co\/observatoriosocial\/wp-json\/wp\/v2\/pages\/34561","targetHints":{"allow":["GET"]}}],"collection":[{"href":"https:\/\/blog.utp.edu.co\/observatoriosocial\/wp-json\/wp\/v2\/pages"}],"about":[{"href":"https:\/\/blog.utp.edu.co\/observatoriosocial\/wp-json\/wp\/v2\/types\/page"}],"author":[{"embeddable":true,"href":"https:\/\/blog.utp.edu.co\/observatoriosocial\/wp-json\/wp\/v2\/users\/57"}],"replies":[{"embeddable":true,"href":"https:\/\/blog.utp.edu.co\/observatoriosocial\/wp-json\/wp\/v2\/comments?post=34561"}],"version-history":[{"count":39,"href":"https:\/\/blog.utp.edu.co\/observatoriosocial\/wp-json\/wp\/v2\/pages\/34561\/revisions"}],"predecessor-version":[{"id":36688,"href":"https:\/\/blog.utp.edu.co\/observatoriosocial\/wp-json\/wp\/v2\/pages\/34561\/revisions\/36688"}],"wp:featuredmedia":[{"embeddable":true,"href":"https:\/\/blog.utp.edu.co\/observatoriosocial\/wp-json\/wp\/v2\/media\/33021"}],"wp:attachment":[{"href":"https:\/\/blog.utp.edu.co\/observatoriosocial\/wp-json\/wp\/v2\/media?parent=34561"}],"curies":[{"name":"wp","href":"https:\/\/api.w.org\/{rel}","templated":true}]}}