{"id":31211,"date":"2021-05-14T12:04:18","date_gmt":"2021-05-14T17:04:18","guid":{"rendered":"https:\/\/blog.utp.edu.co\/observatoriosocial\/?page_id=31211"},"modified":"2024-04-05T15:47:06","modified_gmt":"2024-04-05T20:47:06","slug":"tableros","status":"publish","type":"page","link":"https:\/\/blog.utp.edu.co\/observatoriosocial\/tableros\/","title":{"rendered":"TABLEROS"},"content":{"rendered":"\n<h2>\n\t\tTABLEROS\n\t<\/h2>\n\t\t\t\t<a href=\"https:\/\/datastudio.google.com\/reporting\/3242ac8d-ab6f-4276-a66e-cf397c9580ec\" target=\"_blank\" rel=\"noopener\">\n\t\t\t\t<img decoding=\"async\" src=\"http:\/\/blog.utp.edu.co\/observatoriosocial\/files\/2021\/07\/uno-145x145.png\" alt=\"uno\" title=\"uno\" \/>\n\t\t\t\t<\/a>\n\t\t\t<a href=\"https:\/\/datastudio.google.com\/reporting\/3242ac8d-ab6f-4276-a66e-cf397c9580ec\" target=\"_blank\" role=\"button\" rel=\"noopener\">\n\t\t\t\t\t\t\tApoyos socioecon\u00f3micos\n\t\t\t\t\t<\/a>\n\t<h6>Tablero de control con las estad\u00edsticas de los apoyos socioecon\u00f3micos discriminado por facultades y programas<\/h6>\n\t\t\t\t<a href=\"https:\/\/datastudio.google.com\/reporting\/3242ac8d-ab6f-4276-a66e-cf397c9580ec\/page\/AbuOC\" target=\"_blank\" rel=\"noopener\">\n\t\t\t\t<img decoding=\"async\" src=\"http:\/\/blog.utp.edu.co\/observatoriosocial\/files\/2021\/07\/path343-145x145.png\" alt=\"path343\" title=\"path343\" \/>\n\t\t\t\t<\/a>\n\t\t\t<a href=\"https:\/\/datastudio.google.com\/reporting\/3242ac8d-ab6f-4276-a66e-cf397c9580ec\/page\/AbuOC\" target=\"_blank\" role=\"button\" rel=\"noopener\">\n\t\t\t\t\t\t\tCaracterizaci\u00f3n Apoyados\n\t\t\t\t\t<\/a>\n\t<h6>Estudiantes apoyados seg\u00fan variables sociodemogr\u00e1ficas como sexo, edad, estrato sociecon\u00f3mico entre otras.\u00a0<\/h6>\n\t\t\t\t<a href=\"https:\/\/datastudio.google.com\/u\/0\/reporting\/3242ac8d-ab6f-4276-a66e-cf397c9580ec\/page\/Qw6IC\" target=\"_blank\" rel=\"noopener\">\n\t\t\t\t<img loading=\"lazy\" decoding=\"async\" src=\"https:\/\/blog.utp.edu.co\/observatoriosocial\/files\/2021\/07\/cuatro-145x145.png\" alt=\"cuatro\" height=\"145\" width=\"145\" title=\"cuatro\" \/>\n\t\t\t\t<\/a>\n\t\t\t<a href=\"https:\/\/datastudio.google.com\/u\/0\/reporting\/3242ac8d-ab6f-4276-a66e-cf397c9580ec\/page\/Qw6IC\" target=\"_blank\" role=\"button\" rel=\"noopener\">\n\t\t\t\t\t\t\tAtenciones PAI\n\t\t\t\t\t<\/a>\n\t<h6>Tablero de control con las estad\u00edsticas de las atenciones a estudiantes en el PAI<\/h6>\n\t\t\t\t<a href=\"https:\/\/datastudio.google.com\/reporting\/3242ac8d-ab6f-4276-a66e-cf397c9580ec\/page\/Nu6IC\" target=\"_self\" rel=\"noopener\">\n\t\t\t\t<img decoding=\"async\" src=\"http:\/\/blog.utp.edu.co\/observatoriosocial\/files\/2021\/07\/tres-145x145.png\" alt=\"tres\" title=\"tres\" \/>\n\t\t\t\t<\/a>\n\t\t\t<a href=\"https:\/\/datastudio.google.com\/reporting\/3242ac8d-ab6f-4276-a66e-cf397c9580ec\/page\/Nu6IC\" target=\"_blank\" role=\"button\" rel=\"noopener\">\n\t\t\t\t\t\t\tAtenci\u00f3n Salud Integral\n\t\t\t\t\t<\/a>\n\t<h6>Estudiantes atendidos por salud integral<\/h6>\n\t\t\t\t<a href=\"https:\/\/datastudio.google.com\/reporting\/3242ac8d-ab6f-4276-a66e-cf397c9580ec\/page\/Tt6EC\" target=\"_blank\" rel=\"noopener\">\n\t\t\t\t<img decoding=\"async\" src=\"http:\/\/blog.utp.edu.co\/observatoriosocial\/files\/2021\/07\/don-145x145.png\" alt=\"don\" title=\"don\" \/>\n\t\t\t\t<\/a>\n\t\t\t<a href=\"https:\/\/datastudio.google.com\/reporting\/3242ac8d-ab6f-4276-a66e-cf397c9580ec\/page\/Tt6EC\" target=\"_blank\" role=\"button\" rel=\"noopener\">\n\t\t\t\t\t\t\tInclusi\u00f3n Social\n\t\t\t\t\t<\/a>\n\t<h6>Caracterizaci\u00f3n de los estudiantes de la Universidad vulnerables y con capacidades especiales.<\/h6>\n\t\t\t\t<a href=\"https:\/\/datastudio.google.com\/u\/0\/reporting\/3c060588-6a56-4b11-9768-a4c668d32679\/page\/dPRZC\" target=\"_blank\" rel=\"noopener\">\n\t\t\t\t<img loading=\"lazy\" decoding=\"async\" src=\"https:\/\/blog.utp.edu.co\/observatoriosocial\/files\/2021\/07\/Monitoring-145x145.png\" alt=\"Monitoring\" height=\"145\" width=\"145\" title=\"Monitoring\" \/>\n\t\t\t\t<\/a>\n\t\t\t<a href=\"https:\/\/datastudio.google.com\/u\/0\/reporting\/3c060588-6a56-4b11-9768-a4c668d32679\/page\/dPRZC\" target=\"_blank\" role=\"button\" rel=\"noopener\">\n\t\t\t\t\t\t\tMonitoreo Estudiantes\n\t\t\t\t\t<\/a>\n\t<h6>Estad\u00edsticas de los estudiantes<\/h6>\n\n","protected":false},"excerpt":{"rendered":"","protected":false},"author":57,"featured_media":33131,"parent":0,"menu_order":0,"comment_status":"closed","ping_status":"closed","template":"","meta":{"_uag_custom_page_level_css":"","site-sidebar-layout":"default","site-content-layout":"","ast-site-content-layout":"default","site-content-style":"default","site-sidebar-style":"default","ast-global-header-display":"","ast-banner-title-visibility":"","ast-main-header-display":"","ast-hfb-above-header-display":"","ast-hfb-below-header-display":"","ast-hfb-mobile-header-display":"","site-post-title":"","ast-breadcrumbs-content":"","ast-featured-img":"","footer-sml-layout":"","ast-disable-related-posts":"","theme-transparent-header-meta":"","adv-header-id-meta":"","stick-header-meta":"","header-above-stick-meta":"","header-main-stick-meta":"","header-below-stick-meta":"","astra-migrate-meta-layouts":"default","ast-page-background-enabled":"default","ast-page-background-meta":{"desktop":{"background-color":"var(--ast-global-color-4)","background-image":"","background-repeat":"repeat","background-position":"center center","background-size":"auto","background-attachment":"scroll","background-type":"","background-media":"","overlay-type":"","overlay-color":"","overlay-opacity":"","overlay-gradient":""},"tablet":{"background-color":"","background-image":"","background-repeat":"repeat","background-position":"center center","background-size":"auto","background-attachment":"scroll","background-type":"","background-media":"","overlay-type":"","overlay-color":"","overlay-opacity":"","overlay-gradient":""},"mobile":{"background-color":"","background-image":"","background-repeat":"repeat","background-position":"center center","background-size":"auto","background-attachment":"scroll","background-type":"","background-media":"","overlay-type":"","overlay-color":"","overlay-opacity":"","overlay-gradient":""}},"ast-content-background-meta":{"desktop":{"background-color":"var(--ast-global-color-5)","background-image":"","background-repeat":"repeat","background-position":"center center","background-size":"auto","background-attachment":"scroll","background-type":"","background-media":"","overlay-type":"","overlay-color":"","overlay-opacity":"","overlay-gradient":""},"tablet":{"background-color":"var(--ast-global-color-5)","background-image":"","background-repeat":"repeat","background-position":"center center","background-size":"auto","background-attachment":"scroll","background-type":"","background-media":"","overlay-type":"","overlay-color":"","overlay-opacity":"","overlay-gradient":""},"mobile":{"background-color":"var(--ast-global-color-5)","background-image":"","background-repeat":"repeat","background-position":"center center","background-size":"auto","background-attachment":"scroll","background-type":"","background-media":"","overlay-type":"","overlay-color":"","overlay-opacity":"","overlay-gradient":""}},"footnotes":""},"class_list":["post-31211","page","type-page","status-publish","has-post-thumbnail","hentry"],"uagb_featured_image_src":{"full":["https:\/\/blog.utp.edu.co\/observatoriosocial\/files\/2021\/07\/school.png",512,512,false],"thumbnail":["https:\/\/blog.utp.edu.co\/observatoriosocial\/files\/2021\/07\/school-145x145.png",145,145,true],"medium":["https:\/\/blog.utp.edu.co\/observatoriosocial\/files\/2021\/07\/school-300x300.png",300,300,true],"medium_large":["https:\/\/blog.utp.edu.co\/observatoriosocial\/files\/2021\/07\/school.png",512,512,false],"large":["https:\/\/blog.utp.edu.co\/observatoriosocial\/files\/2021\/07\/school.png",512,512,false],"1536x1536":["https:\/\/blog.utp.edu.co\/observatoriosocial\/files\/2021\/07\/school.png",512,512,false],"2048x2048":["https:\/\/blog.utp.edu.co\/observatoriosocial\/files\/2021\/07\/school.png",512,512,false]},"uagb_author_info":{"display_name":"observatoriosocial","author_link":"https:\/\/blog.utp.edu.co\/observatoriosocial\/author\/observatoriosocial\/"},"uagb_comment_info":0,"uagb_excerpt":null,"_links":{"self":[{"href":"https:\/\/blog.utp.edu.co\/observatoriosocial\/wp-json\/wp\/v2\/pages\/31211","targetHints":{"allow":["GET"]}}],"collection":[{"href":"https:\/\/blog.utp.edu.co\/observatoriosocial\/wp-json\/wp\/v2\/pages"}],"about":[{"href":"https:\/\/blog.utp.edu.co\/observatoriosocial\/wp-json\/wp\/v2\/types\/page"}],"author":[{"embeddable":true,"href":"https:\/\/blog.utp.edu.co\/observatoriosocial\/wp-json\/wp\/v2\/users\/57"}],"replies":[{"embeddable":true,"href":"https:\/\/blog.utp.edu.co\/observatoriosocial\/wp-json\/wp\/v2\/comments?post=31211"}],"version-history":[{"count":25,"href":"https:\/\/blog.utp.edu.co\/observatoriosocial\/wp-json\/wp\/v2\/pages\/31211\/revisions"}],"predecessor-version":[{"id":33561,"href":"https:\/\/blog.utp.edu.co\/observatoriosocial\/wp-json\/wp\/v2\/pages\/31211\/revisions\/33561"}],"wp:featuredmedia":[{"embeddable":true,"href":"https:\/\/blog.utp.edu.co\/observatoriosocial\/wp-json\/wp\/v2\/media\/33131"}],"wp:attachment":[{"href":"https:\/\/blog.utp.edu.co\/observatoriosocial\/wp-json\/wp\/v2\/media?parent=31211"}],"curies":[{"name":"wp","href":"https:\/\/api.w.org\/{rel}","templated":true}]}}