{"id":2591,"date":"2017-09-29T18:41:55","date_gmt":"2017-09-29T18:41:55","guid":{"rendered":"http:\/\/blog.utp.edu.co\/observatoriosocial\/?page_id=2591"},"modified":"2024-08-01T15:00:10","modified_gmt":"2024-08-01T20:00:10","slug":"investigaciones","status":"publish","type":"page","link":"https:\/\/blog.utp.edu.co\/observatoriosocial\/investigaciones\/","title":{"rendered":"INVESTIGACIONES"},"content":{"rendered":"\n<div class=\"wp-block-uagb-container uagb-block-61f0d571 alignfull uagb-is-root-container\"><div class=\"uagb-container-inner-blocks-wrap\">\n<h2 class=\"wp-block-heading has-text-align-center has-x-large-font-size\" style=\"padding-top:0;padding-right:0;padding-bottom:0;padding-left:0\"><strong>INVESTIGACIONES <\/strong><\/h2>\n\n\n\n<div class=\"wp-block-uagb-container uagb-block-08661ddc alignwide uagb-is-root-container\">\n<div class=\"wp-block-uagb-container uagb-block-4bffce68\">\n<h5 class=\"wp-block-heading has-small-font-size\" style=\"padding-top:0;padding-right:0;padding-bottom:0;padding-left:0\"><img decoding=\"async\" src=\"https:\/\/cdn-icons-png.flaticon.com\/512\/6064\/6064792.png\" alt=\"\"><\/h5>\n<\/div>\n\n\n\n<div class=\"wp-block-uagb-container uagb-layout-grid uagb-block-71a46303\">\n<p class=\"has-text-align-left has-ast-global-color-5-color has-text-color has-link-color has-medium-font-size wp-elements-0f02327a9c354048f341f988243cd685\"><strong>El Observatorio Social permite dar respuesta a los lineamientos dados por el Ministerio de Educaci\u00f3n Nacional, cuando se\u00f1ala que: \u00abLa investigaci\u00f3n debe ser\u00a0parte fundamental del bienestar\u00bb. El Observatorio Social cumple una labor fundamental para dar cumplimiento a los lineamientos del bienestar en las instituciones de educaci\u00f3n superior y para la acreditaci\u00f3n de alta calidad de la Instituci\u00f3n y de los programas, tal como\u00a0se se\u00f1al\u00f3 en un principio. Adicionalmente, los resultados que se generan a trav\u00e9s de la investigaci\u00f3n, el an\u00e1lisis y el seguimiento de la informaci\u00f3n, ha permitido la configuraci\u00f3n y ajuste de estrategias de impacto e intervenci\u00f3n estudiantil.<\/strong><\/p>\n<\/div>\n<\/div>\n<\/div><\/div>\n\n\n\n<div class=\"wp-block-uagb-container uagb-block-4d5c220b alignwide uagb-is-root-container\">\n<p><em><b>(Para acceder a los documentos y presentaciones de las INVESTIGACIONES E INFORMES dar click en los <\/b><b>t\u00edtulos<\/b><b>).<\/b><\/em><\/p>\n\n\n\n<h4 class=\"wp-block-heading\"><strong>INVESTIGACIONES 2023<\/strong><\/h4>\n\n\n\n<div class=\"wp-block-group is-layout-constrained wp-block-group-is-layout-constrained\">\n<div class=\"wp-block-columns is-layout-flex wp-container-core-columns-is-layout-28f84493 wp-block-columns-is-layout-flex\">\n<div class=\"wp-block-column is-layout-flow wp-block-column-is-layout-flow\" style=\"flex-basis:100%\">\n<div class=\"wp-block-uagb-container uagb-block-6b40a9ed\">\n<div class=\"wp-block-columns is-layout-flex wp-container-core-columns-is-layout-28f84493 wp-block-columns-is-layout-flex\">\n<div class=\"wp-block-column is-layout-flow wp-block-column-is-layout-flow\">\n<ul class=\"wp-block-list\">\n<li><b><a href=\"http:\/\/blog.utp.edu.co\/observatoriosocial\/files\/2024\/05\/INFORME-CALIDAD-DE-VIDA-2023.pdf\">CALIDAD DE VIDA EN CONTEXTOS UNIVERSITARIOS <\/a><\/b><strong><a href=\"http:\/\/blog.utp.edu.co\/observatoriosocial\/files\/2024\/05\/INFORME-CALIDAD-DE-VIDA-2023.pdf\"><b>202<\/b>3<\/a><\/strong><\/li>\n\n\n\n<li><strong><a href=\"http:\/\/blog.utp.edu.co\/observatoriosocial\/files\/2024\/05\/Informe-Impacto-PAI_2023.pdf\">IMPACTO PAI EN LA DECERSION ESTUDIANTIL 2023<\/a><\/strong><\/li>\n\n\n\n<li><strong><a href=\"http:\/\/blog.utp.edu.co\/observatoriosocial\/files\/2024\/05\/Informe-genero_2023.pdf\">INFORME PERSPECTIVA DE GENERO<\/a><\/strong><\/li>\n\n\n\n<li><strong><a href=\"http:\/\/blog.utp.edu.co\/observatoriosocial\/files\/2024\/05\/Estudio-del-ecosistema-alimentos-UTP_2023.pdf\">ESTUDIO DEL ECOSISTEMA DE ALIMENTOS UTP<\/a><\/strong><\/li>\n\n\n\n<li><strong><a href=\"http:\/\/blog.utp.edu.co\/observatoriosocial\/files\/2024\/05\/Caracterizacion-vulnerabilidad-2023.pdf\">CARACTERIZACION DE VULNERABILIADAD 2023<\/a><\/strong><\/li>\n\n\n\n<li><strong><a href=\"http:\/\/blog.utp.edu.co\/observatoriosocial\/files\/2024\/05\/Informe-Tecnico-Prediccion-Desercion_2023.pdf\">ESTUDIO TECNICO EN LA PREDICCION DE DECERSION 2023<\/a><\/strong><\/li>\n<\/ul>\n<\/div>\n\n\n\n<div class=\"wp-block-column is-layout-flow wp-block-column-is-layout-flow\"><\/div>\n<\/div>\n<\/div>\n<\/div>\n<\/div>\n<\/div>\n\n\n\n<h4 class=\"wp-block-heading\"><strong>INVESTIGACIONES 2022<\/strong><\/h4>\n\n\n\n<div class=\"wp-block-uagb-container uagb-block-69c62758\">\n<div class=\"wp-block-columns is-layout-flex wp-container-core-columns-is-layout-28f84493 wp-block-columns-is-layout-flex\">\n<div class=\"wp-block-column is-layout-flow wp-block-column-is-layout-flow\">\n<ul class=\"wp-block-list\">\n<li><a href=\"http:\/\/blog.utp.edu.co\/observatoriosocial\/files\/2024\/05\/RESULTADOS-CALIDAD-DE-VIDA-2022.pdf\"><b>CALIDAD DE VIDA EN CONTEXTOS UNIVERSITARIOS <\/b><strong><b>202<\/b><\/strong>2<\/a><\/li>\n\n\n\n<li><strong><a href=\"http:\/\/blog.utp.edu.co\/observatoriosocial\/files\/2024\/05\/Estudio-1_caracterizacion-e-identificacion-de-problematicas-2022.pdf\">ESTUDIO DE INDENTIFICACION Y CARACTERIZACION DE PROBLEMATICAS<\/a><\/strong><\/li>\n\n\n\n<li><strong><a href=\"http:\/\/blog.utp.edu.co\/observatoriosocial\/files\/2024\/05\/Estudio-3.-Identificacion-de-grupos-vulnerables_2022.pdf\">INDENTIFICACION DE GRUPOS VULNERABLES 2022<\/a><\/strong><\/li>\n\n\n\n<li><strong><a href=\"http:\/\/blog.utp.edu.co\/observatoriosocial\/files\/2024\/05\/Estudio-1_caracterizacion-e-identificacion-de-problematicas-2022-1.pdf\">CARACTERIZACION DE VULNERABILIADAD 2022<\/a><\/strong><\/li>\n<\/ul>\n<\/div>\n\n\n\n<div class=\"wp-block-column is-layout-flow wp-block-column-is-layout-flow\"><\/div>\n<\/div>\n<\/div>\n\n\n\n<h4 class=\"wp-block-heading\"><strong>INVESTIGACIONES 2021-2<\/strong><\/h4>\n\n\n\n<div class=\"wp-block-uagb-container uagb-block-a200f991\">\n<div class=\"wp-block-columns is-layout-flex wp-container-core-columns-is-layout-28f84493 wp-block-columns-is-layout-flex\">\n<div class=\"wp-block-column is-layout-flow wp-block-column-is-layout-flow\">\n<ul class=\"wp-block-list\">\n<li><a href=\"http:\/\/blog.utp.edu.co\/observatoriosocial\/files\/2022\/04\/RESULTADOS-CALIDAD-DE-VIDA-2021-2.pdf\"><b>CALIDAD DE VIDA EN CONTEXTOS UNIVERSITARIOS 2021<\/b><\/a><\/li>\n\n\n\n<li><strong><a href=\"http:\/\/blog.utp.edu.co\/observatoriosocial\/files\/2022\/04\/Resultados-problematicas-UTP_2021.pdf\">ESTUDIO PROBLEMATICAS SOCIALES<\/a><\/strong><\/li>\n<\/ul>\n<\/div>\n\n\n\n<div class=\"wp-block-column is-layout-flow wp-block-column-is-layout-flow\"><\/div>\n<\/div>\n<\/div>\n\n\n\n<h4 class=\"wp-block-heading\"><strong>INVESTIGACIONES 2021-1<\/strong><\/h4>\n\n\n\n<div class=\"wp-block-uagb-container uagb-block-cb00f4dd\">\n<div class=\"wp-block-columns is-layout-flex wp-container-core-columns-is-layout-28f84493 wp-block-columns-is-layout-flex\">\n<div class=\"wp-block-column is-layout-flow wp-block-column-is-layout-flow\">\n<ul class=\"wp-block-list\">\n<li><a href=\"http:\/\/blog.utp.edu.co\/observatoriosocial\/files\/2021\/06\/INFORME-AVANCES-MOTIVOS-DE-DESERCION.pdf\"><b>AN\u00c1LISIS DE LAS CAUSAS DE DESERCI\u00d3N DE LOS ESTUDIANTES DE LA UNIVERSIDAD TECNOL\u00d3GICA DE PEREIRA 2020-2 A 2021-1<\/b><\/a><\/li>\n\n\n\n<li><a href=\"http:\/\/blog.utp.edu.co\/observatoriosocial\/files\/2021\/07\/Encuesta-percepcion-presencialidad.pptx.pdf\"><strong>RESULTADO DE ENCUESTA DE RESULTADOS DE PERCEPCI\u00d3N PRESENCIALIDAD<\/strong><\/a><\/li>\n\n\n\n<li><strong><a href=\"http:\/\/blog.utp.edu.co\/observatoriosocial\/files\/2021\/07\/Informe-Generacion-E.pptx.pdf\">AN\u00c1LISIS PROGRAMA GENERACI\u00d3N EQUIDAD<\/a><\/strong><\/li>\n\n\n\n<li><b>PROFUNDIZACI\u00d3N DE PROBLEM\u00c1TICAS SOCIALES EN LA POBLACI\u00d3N ESTUDIANTIL VULNERABLE DE LA UTP<\/b><\/li>\n<\/ul>\n<\/div>\n\n\n\n<div class=\"wp-block-column is-layout-flow wp-block-column-is-layout-flow\"><\/div>\n<\/div>\n<\/div>\n\n\n\n<h4 class=\"wp-block-heading\"><strong>INVESTIGACIONES 2020-2<\/strong><\/h4>\n\n\n\n<div class=\"wp-block-uagb-container uagb-block-cc9e3b52\">\n<div class=\"wp-block-columns is-layout-flex wp-container-core-columns-is-layout-28f84493 wp-block-columns-is-layout-flex\">\n<div class=\"wp-block-column is-layout-flow wp-block-column-is-layout-flow\">\n<ul class=\"wp-block-list\">\n<li><strong><a href=\"http:\/\/blog.utp.edu.co\/observatoriosocial\/files\/2021\/07\/IDENTIFICACION-POBLACION-VULNERABLE-2020-2.pdf\">RESULTADOS ESTUDIO IDENTIFICACI\u00d3N DE POBLACI\u00d3N VULNERABLE DE LA UTP-2020<\/a><\/strong><\/li>\n\n\n\n<li><strong><a href=\"http:\/\/blog.utp.edu.co\/observatoriosocial\/files\/2021\/06\/ESTUDIO-ESTADISTICO-RETROSPECTIVO.pdf\">ESTUDIO ESTAD\u00cdSTICO RETROSPECTIVO DEL PROGRAMA DE ACOMPA\u00d1AMIENTO INTEGRAL DE LA UNIVERSIDAD TECNOL\u00d3GICA DE PEREIRA<\/a><\/strong><\/li>\n\n\n\n<li><strong><a href=\"http:\/\/blog.utp.edu.co\/observatoriosocial\/files\/2021\/07\/Calidad-de-vida-2020-Presentacion.pdf\">RESULTADOS ESTUDIO DE MEDICI\u00d3N DE CALIDAD DE VIDA DE ESTUDIANATES DE LA UTP- 2020<\/a><\/strong><\/li>\n\n\n\n<li><strong><a href=\"http:\/\/blog.utp.edu.co\/observatoriosocial\/files\/2021\/07\/CARACTERIZACION-DE-POBLACION-VULNERABLE-2020-2.pdf\">CARACTERIZACI\u00d3N DE POBLACI\u00d3N VULNERABLE<\/a><\/strong><\/li>\n\n\n\n<li><strong><a href=\"http:\/\/blog.utp.edu.co\/observatoriosocial\/files\/2021\/07\/Informe_problematicas-sociales_2020-2.pdf\">RESULTADO DE IDENTIFICACI\u00d3N DE PROBLEM\u00c1TICAS SOCIALES DE LA POBLACI\u00d3N VULNERABLE DE LA UTP<\/a><\/strong><\/li>\n<\/ul>\n<\/div>\n\n\n\n<div class=\"wp-block-column is-layout-flow wp-block-column-is-layout-flow\"><\/div>\n<\/div>\n<\/div>\n<\/div>\n\n\n\n<div class=\"wp-block-uagb-container uagb-block-6dfa11b3 alignfull uagb-is-root-container\"><div class=\"uagb-container-inner-blocks-wrap\"><\/div><\/div>\n","protected":false},"excerpt":{"rendered":"<p>INVESTIGACIONES El Observatorio Social permite dar respuesta a los lineamientos dados por el Ministerio de Educaci\u00f3n Nacional, cuando se\u00f1ala que: \u00abLa investigaci\u00f3n debe ser\u00a0parte fundamental del bienestar\u00bb. El Observatorio Social cumple una labor fundamental para dar cumplimiento a los lineamientos del bienestar en las instituciones de educaci\u00f3n superior y para la acreditaci\u00f3n de alta calidad [&hellip;]<\/p>\n","protected":false},"author":57,"featured_media":0,"parent":0,"menu_order":0,"comment_status":"closed","ping_status":"closed","template":"","meta":{"_uag_custom_page_level_css":"","site-sidebar-layout":"default","site-content-layout":"","ast-site-content-layout":"default","site-content-style":"default","site-sidebar-style":"default","ast-global-header-display":"","ast-banner-title-visibility":"","ast-main-header-display":"","ast-hfb-above-header-display":"","ast-hfb-below-header-display":"","ast-hfb-mobile-header-display":"","site-post-title":"","ast-breadcrumbs-content":"","ast-featured-img":"","footer-sml-layout":"","ast-disable-related-posts":"","theme-transparent-header-meta":"","adv-header-id-meta":"","stick-header-meta":"","header-above-stick-meta":"","header-main-stick-meta":"","header-below-stick-meta":"","astra-migrate-meta-layouts":"set","ast-page-background-enabled":"default","ast-page-background-meta":{"desktop":{"background-color":"var(--ast-global-color-4)","background-image":"","background-repeat":"repeat","background-position":"center center","background-size":"auto","background-attachment":"scroll","background-type":"","background-media":"","overlay-type":"","overlay-color":"","overlay-opacity":"","overlay-gradient":""},"tablet":{"background-color":"","background-image":"","background-repeat":"repeat","background-position":"center center","background-size":"auto","background-attachment":"scroll","background-type":"","background-media":"","overlay-type":"","overlay-color":"","overlay-opacity":"","overlay-gradient":""},"mobile":{"background-color":"","background-image":"","background-repeat":"repeat","background-position":"center center","background-size":"auto","background-attachment":"scroll","background-type":"","background-media":"","overlay-type":"","overlay-color":"","overlay-opacity":"","overlay-gradient":""}},"ast-content-background-meta":{"desktop":{"background-color":"var(--ast-global-color-5)","background-image":"","background-repeat":"repeat","background-position":"center center","background-size":"auto","background-attachment":"scroll","background-type":"","background-media":"","overlay-type":"","overlay-color":"","overlay-opacity":"","overlay-gradient":""},"tablet":{"background-color":"var(--ast-global-color-5)","background-image":"","background-repeat":"repeat","background-position":"center center","background-size":"auto","background-attachment":"scroll","background-type":"","background-media":"","overlay-type":"","overlay-color":"","overlay-opacity":"","overlay-gradient":""},"mobile":{"background-color":"var(--ast-global-color-5)","background-image":"","background-repeat":"repeat","background-position":"center center","background-size":"auto","background-attachment":"scroll","background-type":"","background-media":"","overlay-type":"","overlay-color":"","overlay-opacity":"","overlay-gradient":""}},"footnotes":""},"class_list":["post-2591","page","type-page","status-publish","hentry"],"uagb_featured_image_src":{"full":false,"thumbnail":false,"medium":false,"medium_large":false,"large":false,"1536x1536":false,"2048x2048":false},"uagb_author_info":{"display_name":"observatoriosocial","author_link":"https:\/\/blog.utp.edu.co\/observatoriosocial\/author\/observatoriosocial\/"},"uagb_comment_info":0,"uagb_excerpt":"INVESTIGACIONES El Observatorio Social permite dar respuesta a los lineamientos dados por el Ministerio de Educaci\u00f3n Nacional, cuando se\u00f1ala que: \u00abLa investigaci\u00f3n debe ser\u00a0parte fundamental del bienestar\u00bb. El Observatorio Social cumple una labor fundamental para dar cumplimiento a los lineamientos del bienestar en las instituciones de educaci\u00f3n superior y para la acreditaci\u00f3n de alta calidad&hellip;","_links":{"self":[{"href":"https:\/\/blog.utp.edu.co\/observatoriosocial\/wp-json\/wp\/v2\/pages\/2591","targetHints":{"allow":["GET"]}}],"collection":[{"href":"https:\/\/blog.utp.edu.co\/observatoriosocial\/wp-json\/wp\/v2\/pages"}],"about":[{"href":"https:\/\/blog.utp.edu.co\/observatoriosocial\/wp-json\/wp\/v2\/types\/page"}],"author":[{"embeddable":true,"href":"https:\/\/blog.utp.edu.co\/observatoriosocial\/wp-json\/wp\/v2\/users\/57"}],"replies":[{"embeddable":true,"href":"https:\/\/blog.utp.edu.co\/observatoriosocial\/wp-json\/wp\/v2\/comments?post=2591"}],"version-history":[{"count":83,"href":"https:\/\/blog.utp.edu.co\/observatoriosocial\/wp-json\/wp\/v2\/pages\/2591\/revisions"}],"predecessor-version":[{"id":36395,"href":"https:\/\/blog.utp.edu.co\/observatoriosocial\/wp-json\/wp\/v2\/pages\/2591\/revisions\/36395"}],"wp:attachment":[{"href":"https:\/\/blog.utp.edu.co\/observatoriosocial\/wp-json\/wp\/v2\/media?parent=2591"}],"curies":[{"name":"wp","href":"https:\/\/api.w.org\/{rel}","templated":true}]}}