{"id":15321,"date":"2019-07-22T19:23:58","date_gmt":"2019-07-22T19:23:58","guid":{"rendered":"http:\/\/blog.utp.edu.co\/observatoriosocial\/?page_id=15321"},"modified":"2024-06-04T15:57:38","modified_gmt":"2024-06-04T20:57:38","slug":"voluntariado","status":"publish","type":"page","link":"https:\/\/blog.utp.edu.co\/observatoriosocial\/voluntariado\/","title":{"rendered":"VOLUNTARIADO"},"content":{"rendered":"\n<p><\/p>\n\n\n<p style=\"text-align: center\"><strong>VOLUNTARIADO<\/strong><br \/>El voluntariado es una forma de participaci\u00f3n social en el que las personas donan su tiempo, su experiencia, su conocimiento, sus competencias en beneficio de la comunidad universitaria para el cumplimiento misional de nuestra universidad y la formaci\u00f3n de profesionales integrales.<a href=\"http:\/\/blog.utp.edu.co\/observatoriosocial\/files\/2019\/05\/VOLUNTARIADO.jpg\"><br \/><img loading=\"lazy\" decoding=\"async\" class=\"aligncenter wp-image-13511\" src=\"http:\/\/blog.utp.edu.co\/observatoriosocial\/files\/2019\/05\/VOLUNTARIADO.jpg\" alt=\"\" width=\"472\" height=\"375\" srcset=\"https:\/\/blog.utp.edu.co\/observatoriosocial\/files\/2019\/05\/VOLUNTARIADO.jpg 876w, https:\/\/blog.utp.edu.co\/observatoriosocial\/files\/2019\/05\/VOLUNTARIADO-300x238.jpg 300w, https:\/\/blog.utp.edu.co\/observatoriosocial\/files\/2019\/05\/VOLUNTARIADO-768x610.jpg 768w\" sizes=\"auto, (max-width: 472px) 100vw, 472px\" \/><\/a><\/p>\n<table style=\"height: 383px\" width=\"1191\">\n<tbody>\n<tr style=\"height: 351px\">\n<td style=\"height: 351px;width: 95px\"><a href=\"http:\/\/blog.utp.edu.co\/observatoriosocial\/files\/2019\/04\/ESTUDIANTES.png\"><img loading=\"lazy\" decoding=\"async\" class=\"aligncenter wp-image-12901\" src=\"http:\/\/blog.utp.edu.co\/observatoriosocial\/files\/2019\/04\/ESTUDIANTES.png\" alt=\"\" width=\"160\" height=\"340\" srcset=\"https:\/\/blog.utp.edu.co\/observatoriosocial\/files\/2019\/04\/ESTUDIANTES.png 181w, https:\/\/blog.utp.edu.co\/observatoriosocial\/files\/2019\/04\/ESTUDIANTES-141x300.png 141w\" sizes=\"auto, (max-width: 160px) 100vw, 160px\" \/><\/a><\/td>\n<td style=\"height: 351px;width: 465px\">\n<p><strong>\u00a0 \u00a0 \u00a0ESTAMENTOS VOLUNTARIOS<\/strong><\/p>\n<ul>\n<li>Estudiantes que no reciben un apoyo socioecon\u00f3mico pero que les evoca hacer una corresponsabilidad social.<\/li>\n<li>Todos los estamentos (Docentes, administrativos, Egresados o Jubilados) que se articulen para donar su tiempo y conocimiento en los diferentes procesos de formaci\u00f3n.<\/li>\n<li>Comunidad externa. Personas acreditadas qu\u00e9 tengan un conocimiento acorde a los 4 componentes del proceso y qu\u00e9 quieran donar su tiempo y conocimiento en los diferentes procesos de formaci\u00f3n.<\/li>\n<\/ul>\n<\/td>\n<\/tr>\n<\/tbody>\n<\/table>\n<p><a href=\"https:\/\/forms.gle\/SivzQLcM2qBtaV5HA\"><img loading=\"lazy\" decoding=\"async\" class=\"aligncenter wp-image-17381 size-full\" src=\"http:\/\/blog.utp.edu.co\/observatoriosocial\/files\/2019\/09\/Inscripci\u00f3n.png\" alt=\"\" width=\"258\" height=\"146\" \/><\/a><\/p>","protected":false},"excerpt":{"rendered":"<p>VOLUNTARIADOEl voluntariado es una forma de participaci\u00f3n social en el que las personas donan su tiempo, su experiencia, su conocimiento, sus competencias en beneficio de la comunidad universitaria para el cumplimiento misional de nuestra universidad y la formaci\u00f3n de profesionales integrales. \u00a0 \u00a0 \u00a0ESTAMENTOS VOLUNTARIOS Estudiantes que no reciben un apoyo socioecon\u00f3mico pero que les [&hellip;]<\/p>\n","protected":false},"author":57,"featured_media":24721,"parent":0,"menu_order":0,"comment_status":"closed","ping_status":"closed","template":"","meta":{"_uag_custom_page_level_css":"","site-sidebar-layout":"default","site-content-layout":"","ast-site-content-layout":"default","site-content-style":"default","site-sidebar-style":"default","ast-global-header-display":"","ast-banner-title-visibility":"","ast-main-header-display":"","ast-hfb-above-header-display":"","ast-hfb-below-header-display":"","ast-hfb-mobile-header-display":"","site-post-title":"","ast-breadcrumbs-content":"","ast-featured-img":"","footer-sml-layout":"","ast-disable-related-posts":"","theme-transparent-header-meta":"","adv-header-id-meta":"","stick-header-meta":"","header-above-stick-meta":"","header-main-stick-meta":"","header-below-stick-meta":"","astra-migrate-meta-layouts":"set","ast-page-background-enabled":"default","ast-page-background-meta":{"desktop":{"background-color":"var(--ast-global-color-4)","background-image":"","background-repeat":"repeat","background-position":"center center","background-size":"auto","background-attachment":"scroll","background-type":"","background-media":"","overlay-type":"","overlay-color":"","overlay-opacity":"","overlay-gradient":""},"tablet":{"background-color":"","background-image":"","background-repeat":"repeat","background-position":"center center","background-size":"auto","background-attachment":"scroll","background-type":"","background-media":"","overlay-type":"","overlay-color":"","overlay-opacity":"","overlay-gradient":""},"mobile":{"background-color":"","background-image":"","background-repeat":"repeat","background-position":"center center","background-size":"auto","background-attachment":"scroll","background-type":"","background-media":"","overlay-type":"","overlay-color":"","overlay-opacity":"","overlay-gradient":""}},"ast-content-background-meta":{"desktop":{"background-color":"var(--ast-global-color-5)","background-image":"","background-repeat":"repeat","background-position":"center center","background-size":"auto","background-attachment":"scroll","background-type":"","background-media":"","overlay-type":"","overlay-color":"","overlay-opacity":"","overlay-gradient":""},"tablet":{"background-color":"var(--ast-global-color-5)","background-image":"","background-repeat":"repeat","background-position":"center center","background-size":"auto","background-attachment":"scroll","background-type":"","background-media":"","overlay-type":"","overlay-color":"","overlay-opacity":"","overlay-gradient":""},"mobile":{"background-color":"var(--ast-global-color-5)","background-image":"","background-repeat":"repeat","background-position":"center center","background-size":"auto","background-attachment":"scroll","background-type":"","background-media":"","overlay-type":"","overlay-color":"","overlay-opacity":"","overlay-gradient":""}},"footnotes":""},"class_list":["post-15321","page","type-page","status-publish","has-post-thumbnail","hentry"],"uagb_featured_image_src":{"full":["https:\/\/blog.utp.edu.co\/observatoriosocial\/files\/2020\/02\/Captura-1.png",39,31,false],"thumbnail":["https:\/\/blog.utp.edu.co\/observatoriosocial\/files\/2020\/02\/Captura-1.png",39,31,false],"medium":["https:\/\/blog.utp.edu.co\/observatoriosocial\/files\/2020\/02\/Captura-1.png",39,31,false],"medium_large":["https:\/\/blog.utp.edu.co\/observatoriosocial\/files\/2020\/02\/Captura-1.png",39,31,false],"large":["https:\/\/blog.utp.edu.co\/observatoriosocial\/files\/2020\/02\/Captura-1.png",39,31,false],"1536x1536":["https:\/\/blog.utp.edu.co\/observatoriosocial\/files\/2020\/02\/Captura-1.png",39,31,false],"2048x2048":["https:\/\/blog.utp.edu.co\/observatoriosocial\/files\/2020\/02\/Captura-1.png",39,31,false]},"uagb_author_info":{"display_name":"observatoriosocial","author_link":"https:\/\/blog.utp.edu.co\/observatoriosocial\/author\/observatoriosocial\/"},"uagb_comment_info":0,"uagb_excerpt":"VOLUNTARIADOEl voluntariado es una forma de participaci\u00f3n social en el que las personas donan su tiempo, su experiencia, su conocimiento, sus competencias en beneficio de la comunidad universitaria para el cumplimiento misional de nuestra universidad y la formaci\u00f3n de profesionales integrales. \u00a0 \u00a0 \u00a0ESTAMENTOS VOLUNTARIOS Estudiantes que no reciben un apoyo socioecon\u00f3mico pero que les&hellip;","_links":{"self":[{"href":"https:\/\/blog.utp.edu.co\/observatoriosocial\/wp-json\/wp\/v2\/pages\/15321","targetHints":{"allow":["GET"]}}],"collection":[{"href":"https:\/\/blog.utp.edu.co\/observatoriosocial\/wp-json\/wp\/v2\/pages"}],"about":[{"href":"https:\/\/blog.utp.edu.co\/observatoriosocial\/wp-json\/wp\/v2\/types\/page"}],"author":[{"embeddable":true,"href":"https:\/\/blog.utp.edu.co\/observatoriosocial\/wp-json\/wp\/v2\/users\/57"}],"replies":[{"embeddable":true,"href":"https:\/\/blog.utp.edu.co\/observatoriosocial\/wp-json\/wp\/v2\/comments?post=15321"}],"version-history":[{"count":15,"href":"https:\/\/blog.utp.edu.co\/observatoriosocial\/wp-json\/wp\/v2\/pages\/15321\/revisions"}],"predecessor-version":[{"id":36337,"href":"https:\/\/blog.utp.edu.co\/observatoriosocial\/wp-json\/wp\/v2\/pages\/15321\/revisions\/36337"}],"wp:featuredmedia":[{"embeddable":true,"href":"https:\/\/blog.utp.edu.co\/observatoriosocial\/wp-json\/wp\/v2\/media\/24721"}],"wp:attachment":[{"href":"https:\/\/blog.utp.edu.co\/observatoriosocial\/wp-json\/wp\/v2\/media?parent=15321"}],"curies":[{"name":"wp","href":"https:\/\/api.w.org\/{rel}","templated":true}]}}