{"id":15211,"date":"2019-07-22T14:37:26","date_gmt":"2019-07-22T14:37:26","guid":{"rendered":"http:\/\/blog.utp.edu.co\/observatoriosocial\/?page_id=15211"},"modified":"2024-06-06T10:00:51","modified_gmt":"2024-06-06T15:00:51","slug":"estructura-organizacional","status":"publish","type":"page","link":"https:\/\/blog.utp.edu.co\/observatoriosocial\/estructura-organizacional\/","title":{"rendered":"ESTRUCTURA ORGANIZACIONAL"},"content":{"rendered":"\n<p class=\"has-text-align-center\"><a href=\"http:\/\/blog.utp.edu.co\/observatoriosocial\/files\/2021\/08\/LIDERES-DE-PROCESO.png\"><\/a><\/p>\n\n\n\n<div class=\"wp-block-uagb-container uagb-block-a0de724a alignfull uagb-is-root-container\"><div class=\"uagb-container-inner-blocks-wrap\">\n<div class=\"wp-block-group is-layout-constrained wp-block-group-is-layout-constrained\">\n<p class=\"has-text-align-center has-large-font-size\"><strong>SERVICIO SOCIAL UNIVERSITARIO Y VOLUNTARIADO<\/strong><\/p>\n\n\n\n<p class=\"has-text-align-center has-medium-font-size\" style=\"margin-top:0;margin-right:var(--wp--preset--spacing--80);margin-bottom:0;margin-left:var(--wp--preset--spacing--80)\">Son procesos de corresponsabilidad social que buscan&nbsp; Planear y desarrollar estrategias que contribuyan a la formaci\u00f3n integral de los estudiantes en el \u00e1mbito humano, aplicando su aprendizaje en contextos sociales desde un modelo de DAR &#8211; RECIBIR \u2013 DEVOLVER tanto al interior como al exterior de la Universidad, mediante procesos vivenciales enmarcados en los valores institucionales, la paz y la convivencia.<\/p>\n<\/div>\n<\/div><\/div>\n\n\n\n<div class=\"wp-block-uagb-container uagb-block-e59f552f alignfull uagb-is-root-container\"><div class=\"uagb-container-inner-blocks-wrap\">\n<div class=\"wp-block-uagb-image aligncenter uagb-block-5d441f53 wp-block-uagb-image--layout-default wp-block-uagb-image--effect-static wp-block-uagb-image--align-center\"><figure class=\"wp-block-uagb-image__figure\"><a class=\"\" href=\"https:\/\/blog.utp.edu.co\/observatoriosocial\/files\/2024\/06\/org.jpg\" target=\"\" rel=\"noopener\"><img decoding=\"async\" src=\"https:\/\/blog.utp.edu.co\/observatoriosocial\/files\/2024\/06\/org-576x1024.jpg\" alt=\"\" class=\"uag-image-36312\" width=\"513\" height=\"866\" title=\"org\" loading=\"lazy\" role=\"img\" \/><\/a><\/figure><\/div>\n<\/div><\/div>\n\n\n\n<div class=\"wp-block-uagb-advanced-heading uagb-block-47bc4b0b\"><h2 class=\"uagb-heading-text\"><strong>HERRAMIENTA PARA EL CAMBIO SOCIAL Y EL APRENDIZAJE SIGNIFICATIVO<\/strong><\/h2><\/div>\n\n\n\n<p><\/p>\n\n\n\n<p class=\"has-text-align-center has-medium-font-size\" style=\"padding-top:0;padding-right:var(--wp--preset--spacing--80);padding-bottom:0;padding-left:var(--wp--preset--spacing--80)\">El Servicio Social Universitario y Voluntariado es un proceso bidireccional, por un lado, los estudiantes ponen en pr\u00e1ctica sus conocimientos, desarrollando habilidades como la comunicaci\u00f3n, el trabajo en equipo y la resoluci\u00f3n de problemas y por otro lado, la comunidad universitaria recibe el beneficio de la energ\u00eda y el conocimiento fresco que aportan los estudiantes. De este modo, el servicio social se convierte en una herramienta para el cambio social y el aprendizaje significativo. Adem\u00e1s, el servicio social fomenta el compromiso ciudadano y la responsabilidad social en los estudiantes. Les permite comprender las necesidades y los desaf\u00edos que enfrentan las comunidades, creando conciencia sobre temas como la desigualdad, la justicia social y la sostenibilidad.<\/p>\n\n\n\n<div class=\"wp-block-uagb-image aligncenter uagb-block-d7df5e3a wp-block-uagb-image--layout-default wp-block-uagb-image--effect-static wp-block-uagb-image--align-center\"><figure class=\"wp-block-uagb-image__figure\"><a class=\"\" href=\"https:\/\/blog.utp.edu.co\/observatoriosocial\/files\/2024\/06\/PROCESO-DE-CORRESPONSABILIDAD-SOCIAL_20240603_181406_0000.png\" target=\"\" rel=\"noopener\"><img decoding=\"async\" src=\"https:\/\/blog.utp.edu.co\/observatoriosocial\/files\/2024\/06\/PROCESO-DE-CORRESPONSABILIDAD-SOCIAL_20240603_181406_0000-785x589.png\" alt=\"\" class=\"uag-image-36313\" width=\"795\" height=\"768\" title=\"PROCESO-DE-CORRESPONSABILIDAD-SOCIAL_20240603_181406_0000\" loading=\"lazy\" role=\"img\" \/><\/a><\/figure><\/div>\n\n\n\n<figure class=\"wp-block-table is-style-regular has-medium-font-size\"><table style=\"border-style:none;border-width:0px\"><tbody><tr><td><a href=\"http:\/\/blog.utp.edu.co\/observatoriosocial\/files\/2019\/04\/FACILITADORES.png\"><img loading=\"lazy\" decoding=\"async\" width=\"330\" height=\"316\" class=\"aligncenter  wp-image-12881\" src=\"http:\/\/blog.utp.edu.co\/observatoriosocial\/files\/2019\/04\/FACILITADORES.png\" alt=\"\" srcset=\"https:\/\/blog.utp.edu.co\/observatoriosocial\/files\/2019\/04\/FACILITADORES.png 330w, https:\/\/blog.utp.edu.co\/observatoriosocial\/files\/2019\/04\/FACILITADORES-300x287.png 300w\" sizes=\"auto, (max-width: 330px) 100vw, 330px\" \/><\/a><\/td><td><span style=\"color: #003366\"><em><strong>&nbsp;<\/strong><\/em><\/span><br><span style=\"color: #003366\"><em><strong>FACILITADORES DE FACILITADORES.<\/strong><\/em><\/span>&nbsp;Son estudiantes, docentes o administrativos de las diferentes dependencias de la universidad que tienen la habilidad de guiar, moderar y facilitar encuentros, talleres, sesiones de trabajo en equipo y otros eventos, de manera que se optimice la participaci\u00f3n, se fomente la colaboraci\u00f3n para lograr objetivos espec\u00edficos de la l\u00ednea de formaci\u00f3n.<\/td><\/tr><tr><td><a href=\"http:\/\/blog.utp.edu.co\/observatoriosocial\/files\/2019\/04\/VOLUNTARIOS.png\"><img loading=\"lazy\" decoding=\"async\" width=\"590\" height=\"392\" class=\"aligncenter  wp-image-12891\" src=\"http:\/\/blog.utp.edu.co\/observatoriosocial\/files\/2019\/04\/VOLUNTARIOS.png\" alt=\"\" srcset=\"https:\/\/blog.utp.edu.co\/observatoriosocial\/files\/2019\/04\/VOLUNTARIOS.png 590w, https:\/\/blog.utp.edu.co\/observatoriosocial\/files\/2019\/04\/VOLUNTARIOS-300x199.png 300w\" sizes=\"auto, (max-width: 590px) 100vw, 590px\" \/><\/a><\/td><td><b style=\"color: #003366;font-family: inherit\"><i>ESTUDIANTES.<\/i><\/b>Todos los estudiantes que reciben un apoyo socioecon\u00f3mico c\u00f3mo Bono de Transporte, Bono de Matr\u00edcula, Bono de Alimentaci\u00f3n o alguna Beca Regional o Nacional.<\/td><\/tr><tr><td><a href=\"http:\/\/blog.utp.edu.co\/observatoriosocial\/files\/2019\/04\/ESTUDIANTES.png\"><img loading=\"lazy\" decoding=\"async\" width=\"181\" height=\"385\" class=\"aligncenter  wp-image-12901\" src=\"http:\/\/blog.utp.edu.co\/observatoriosocial\/files\/2019\/04\/ESTUDIANTES.png\" alt=\"\" srcset=\"https:\/\/blog.utp.edu.co\/observatoriosocial\/files\/2019\/04\/ESTUDIANTES.png 181w, https:\/\/blog.utp.edu.co\/observatoriosocial\/files\/2019\/04\/ESTUDIANTES-141x300.png 141w\" sizes=\"auto, (max-width: 181px) 100vw, 181px\" \/><\/a><\/td><td><span style=\"color: #003366\"><b><i>VOLUNTARIOS<\/i><\/b><\/span>&nbsp;<br>\u2022Estudiantes que no reciben un apoyo socioecon\u00f3mico pero que les evoca hacer una corresponsabilidad social.<br>\u2022Todos los estamentos (Docentes, administrativos, Egresados o Jubilados) que se articulen para donar su tiempo y conocimiento en los diferentes procesos de formaci\u00f3n.<br>\u2022Comunidad externa. Personas acreditadas qu\u00e9 tengan un conocimiento acorde a los 4 componentes del proceso y qu\u00e9 quieran donar su tiempo y conocimiento en los diferentes procesos de formaci\u00f3n.<\/td><\/tr><\/tbody><\/table><\/figure>\n\n\n\n<figure class=\"wp-block-table\"><table style=\"border-style:none;border-width:0px\"><tbody><tr><td><a href=\"http:\/\/blog.utp.edu.co\/observatoriosocial\/horizonte\/\"><img decoding=\"async\" class=\"aligncenter size-full wp-image-12241\" src=\"http:\/\/blog.utp.edu.co\/observatoriosocial\/files\/2019\/05\/HORIZONTE.png\" alt=\"\" width=\"155\"><\/a><\/td><td><a href=\"https:\/\/blog.utp.edu.co\/observatoriosocial\/requisitos\/\"><img decoding=\"async\" width=\"155\" class=\"aligncenter size-full wp-image-12251\" src=\"http:\/\/blog.utp.edu.co\/observatoriosocial\/files\/2019\/05\/REQUISITOS.png\" alt=\"\" srcset=\"https:\/\/blog.utp.edu.co\/observatoriosocial\/files\/2019\/05\/REQUISITOS.png 179w, https:\/\/blog.utp.edu.co\/observatoriosocial\/files\/2019\/05\/REQUISITOS-50x50.png 50w\" sizes=\"(max-width: 179px) 100vw, 179px\" \/><\/a><\/td><td><a href=\"https:\/\/datastudio.google.com\/s\/i4g7YkEbVas\"><img decoding=\"async\" class=\"aligncenter size-full wp-image-12231\" src=\"http:\/\/blog.utp.edu.co\/observatoriosocial\/files\/2019\/05\/HISTORICO.png\" alt=\"\" width=\"150\"><\/a><\/td><td><a href=\"http:\/\/blog.utp.edu.co\/observatoriosocial\/informes-cualitativos\/\"><img decoding=\"async\" class=\"aligncenter size-full wp-image-13821\" src=\"http:\/\/blog.utp.edu.co\/observatoriosocial\/files\/2019\/04\/Informes.png\" alt=\"\" width=\"150\"><\/a><\/td><\/tr><\/tbody><\/table><\/figure>\n","protected":false},"excerpt":{"rendered":"<p>SERVICIO SOCIAL UNIVERSITARIO Y VOLUNTARIADO Son procesos de corresponsabilidad social que buscan&nbsp; Planear y desarrollar estrategias que contribuyan a la formaci\u00f3n integral de los estudiantes en el \u00e1mbito humano, aplicando su aprendizaje en contextos sociales desde un modelo de DAR &#8211; RECIBIR \u2013 DEVOLVER tanto al interior como al exterior de la Universidad, mediante procesos [&hellip;]<\/p>\n","protected":false},"author":57,"featured_media":4771,"parent":0,"menu_order":0,"comment_status":"closed","ping_status":"closed","template":"","meta":{"_uag_custom_page_level_css":"","site-sidebar-layout":"default","site-content-layout":"","ast-site-content-layout":"default","site-content-style":"default","site-sidebar-style":"default","ast-global-header-display":"","ast-banner-title-visibility":"","ast-main-header-display":"","ast-hfb-above-header-display":"","ast-hfb-below-header-display":"","ast-hfb-mobile-header-display":"","site-post-title":"","ast-breadcrumbs-content":"","ast-featured-img":"","footer-sml-layout":"","ast-disable-related-posts":"","theme-transparent-header-meta":"","adv-header-id-meta":"","stick-header-meta":"","header-above-stick-meta":"","header-main-stick-meta":"","header-below-stick-meta":"","astra-migrate-meta-layouts":"set","ast-page-background-enabled":"default","ast-page-background-meta":{"desktop":{"background-color":"var(--ast-global-color-4)","background-image":"","background-repeat":"repeat","background-position":"center center","background-size":"auto","background-attachment":"scroll","background-type":"","background-media":"","overlay-type":"","overlay-color":"","overlay-opacity":"","overlay-gradient":""},"tablet":{"background-color":"","background-image":"","background-repeat":"repeat","background-position":"center center","background-size":"auto","background-attachment":"scroll","background-type":"","background-media":"","overlay-type":"","overlay-color":"","overlay-opacity":"","overlay-gradient":""},"mobile":{"background-color":"","background-image":"","background-repeat":"repeat","background-position":"center center","background-size":"auto","background-attachment":"scroll","background-type":"","background-media":"","overlay-type":"","overlay-color":"","overlay-opacity":"","overlay-gradient":""}},"ast-content-background-meta":{"desktop":{"background-color":"var(--ast-global-color-5)","background-image":"","background-repeat":"repeat","background-position":"center center","background-size":"auto","background-attachment":"scroll","background-type":"","background-media":"","overlay-type":"","overlay-color":"","overlay-opacity":"","overlay-gradient":""},"tablet":{"background-color":"var(--ast-global-color-5)","background-image":"","background-repeat":"repeat","background-position":"center center","background-size":"auto","background-attachment":"scroll","background-type":"","background-media":"","overlay-type":"","overlay-color":"","overlay-opacity":"","overlay-gradient":""},"mobile":{"background-color":"var(--ast-global-color-5)","background-image":"","background-repeat":"repeat","background-position":"center center","background-size":"auto","background-attachment":"scroll","background-type":"","background-media":"","overlay-type":"","overlay-color":"","overlay-opacity":"","overlay-gradient":""}},"footnotes":""},"class_list":["post-15211","page","type-page","status-publish","has-post-thumbnail","hentry"],"uagb_featured_image_src":{"full":["https:\/\/blog.utp.edu.co\/observatoriosocial\/files\/2018\/03\/imagen-destacada.png",1195,23,false],"thumbnail":["https:\/\/blog.utp.edu.co\/observatoriosocial\/files\/2018\/03\/imagen-destacada-150x23.png",145,22,true],"medium":["https:\/\/blog.utp.edu.co\/observatoriosocial\/files\/2018\/03\/imagen-destacada-300x6.png",300,6,true],"medium_large":["https:\/\/blog.utp.edu.co\/observatoriosocial\/files\/2018\/03\/imagen-destacada-768x15.png",768,15,true],"large":["https:\/\/blog.utp.edu.co\/observatoriosocial\/files\/2018\/03\/imagen-destacada-1024x20.png",785,15,true],"1536x1536":["https:\/\/blog.utp.edu.co\/observatoriosocial\/files\/2018\/03\/imagen-destacada.png",1195,23,false],"2048x2048":["https:\/\/blog.utp.edu.co\/observatoriosocial\/files\/2018\/03\/imagen-destacada.png",1195,23,false]},"uagb_author_info":{"display_name":"observatoriosocial","author_link":"https:\/\/blog.utp.edu.co\/observatoriosocial\/author\/observatoriosocial\/"},"uagb_comment_info":0,"uagb_excerpt":"SERVICIO SOCIAL UNIVERSITARIO Y VOLUNTARIADO Son procesos de corresponsabilidad social que buscan&nbsp; Planear y desarrollar estrategias que contribuyan a la formaci\u00f3n integral de los estudiantes en el \u00e1mbito humano, aplicando su aprendizaje en contextos sociales desde un modelo de DAR &#8211; RECIBIR \u2013 DEVOLVER tanto al interior como al exterior de la Universidad, mediante procesos&hellip;","_links":{"self":[{"href":"https:\/\/blog.utp.edu.co\/observatoriosocial\/wp-json\/wp\/v2\/pages\/15211","targetHints":{"allow":["GET"]}}],"collection":[{"href":"https:\/\/blog.utp.edu.co\/observatoriosocial\/wp-json\/wp\/v2\/pages"}],"about":[{"href":"https:\/\/blog.utp.edu.co\/observatoriosocial\/wp-json\/wp\/v2\/types\/page"}],"author":[{"embeddable":true,"href":"https:\/\/blog.utp.edu.co\/observatoriosocial\/wp-json\/wp\/v2\/users\/57"}],"replies":[{"embeddable":true,"href":"https:\/\/blog.utp.edu.co\/observatoriosocial\/wp-json\/wp\/v2\/comments?post=15211"}],"version-history":[{"count":56,"href":"https:\/\/blog.utp.edu.co\/observatoriosocial\/wp-json\/wp\/v2\/pages\/15211\/revisions"}],"predecessor-version":[{"id":36367,"href":"https:\/\/blog.utp.edu.co\/observatoriosocial\/wp-json\/wp\/v2\/pages\/15211\/revisions\/36367"}],"wp:featuredmedia":[{"embeddable":true,"href":"https:\/\/blog.utp.edu.co\/observatoriosocial\/wp-json\/wp\/v2\/media\/4771"}],"wp:attachment":[{"href":"https:\/\/blog.utp.edu.co\/observatoriosocial\/wp-json\/wp\/v2\/media?parent=15211"}],"curies":[{"name":"wp","href":"https:\/\/api.w.org\/{rel}","templated":true}]}}