{"id":14901,"date":"2019-07-22T14:32:09","date_gmt":"2019-07-22T14:32:09","guid":{"rendered":"http:\/\/blog.utp.edu.co\/observatoriosocial\/?page_id=14901"},"modified":"2024-06-04T14:36:15","modified_gmt":"2024-06-04T19:36:15","slug":"antecedentes","status":"publish","type":"page","link":"https:\/\/blog.utp.edu.co\/observatoriosocial\/antecedentes\/","title":{"rendered":"ANTECEDENTES"},"content":{"rendered":"\n<p><\/p>\n\n\n\n<div class=\"wp-block-uagb-container uagb-block-d9cd2a43 alignfull uagb-is-root-container\"><div class=\"uagb-container-inner-blocks-wrap\"><\/div><\/div>\n\n\n\n<figure class=\"wp-block-table is-style-stripes has-medium-font-size\"><table class=\"has-border-color has-ast-global-color-6-border-color has-fixed-layout\" style=\"border-width:2px\"><tbody><tr><td class=\"has-text-align-center\" data-align=\"center\"><a href=\"http:\/\/blog.utp.edu.co\/observatoriosocial\/files\/2019\/04\/FORMADORES-2.png\"><img decoding=\"async\" src=\"http:\/\/blog.utp.edu.co\/observatoriosocial\/files\/2019\/04\/FORMADORES-2.png\" alt=\"\" style=\"width: 280px\"><\/a><\/td><td>Proyecto:\u00a0Formaci\u00f3n de Formadores en Cultura Ciudadana, por medio de la Red Universitaria por la Paz, la Cultura y la Convivencia Social, 2001. Universidad Cat\u00f3lica Popular de Risaralda \u2013 Universidad Tecnol\u00f3gica de Pereira<\/td><\/tr><tr><td class=\"has-text-align-center\" data-align=\"center\"><a href=\"http:\/\/blog.utp.edu.co\/observatoriosocial\/files\/2019\/04\/CONVIVENCIA.png\"><img decoding=\"async\" src=\"http:\/\/blog.utp.edu.co\/observatoriosocial\/files\/2019\/04\/CONVIVENCIA.png\" alt=\"\"><\/a><\/td><td>Aprobaci\u00f3n y escalamiento del proyecto Formaci\u00f3n de Formadores en Cultura Ciudadana en el Pleno regional de Bienestar Universitario de la Asociaci\u00f3n Colombiana de Universidades -ASCUN-. Cultura y Bienestar. Fusagasug\u00e1, 2002 (r\u00e9plicas en las universidades del CRES Centro Occidente con el apoyo del FODESEP 2002-2004).<\/td><\/tr><tr><td class=\"has-text-align-center\" data-align=\"center\"><a href=\"http:\/\/blog.utp.edu.co\/observatoriosocial\/files\/2019\/05\/PARTICIPACION-1.png\"><img decoding=\"async\" src=\"http:\/\/blog.utp.edu.co\/observatoriosocial\/files\/2019\/05\/PARTICIPACION-1.png\" alt=\"\"><\/a><\/td><td>Adopci\u00f3n como lineamiento para la formaci\u00f3n pol\u00edtica y la participaci\u00f3n ciudadana en las Universidades de Colombia, durante el encuentro ASCUN Rectores, a\u00f1o 2004.<\/td><\/tr><tr><td class=\"has-text-align-center\" data-align=\"center\"><a href=\"http:\/\/blog.utp.edu.co\/observatoriosocial\/files\/2019\/05\/ACUERDO.png\"><img decoding=\"async\" src=\"http:\/\/blog.utp.edu.co\/observatoriosocial\/files\/2019\/05\/ACUERDO.png\" alt=\"\"><\/a><\/td><td>Pol\u00edtica institucional de Cultura Ciudadana y Convivencia Social: ACUERDO N\u00ba 51 DEL 16 DE DICIEMBRE DE 2005, Consejo Superior de la Universidad Tecnol\u00f3gica de Pereira. \u201cEs deber de la universidad formalizar, apoyar e impulsar la formaci\u00f3n ciudadana y la convivencia social como parte fundamental del proceso educativo y de responsabilidad social recogida en la misi\u00f3n institucional.<\/td><\/tr><tr><td class=\"has-text-align-center\" data-align=\"center\"><a href=\"http:\/\/blog.utp.edu.co\/observatoriosocial\/files\/2019\/04\/EXTENSION-e1557414515477.png\"><img decoding=\"async\" src=\"http:\/\/blog.utp.edu.co\/observatoriosocial\/files\/2019\/04\/EXTENSION-e1557414515477.png\" alt=\"\" style=\"width: 300px\"><\/a><\/td><td>Pol\u00edtica de extensi\u00f3n para las universidades de Colombia. ASCUN 2008. \u201cLa extensi\u00f3n parece estar en un momento en el cual requiere de aportes externos que permitan su mayor dinamizaci\u00f3n en el \u00e1mbito nacional y la concreci\u00f3n de las instituciones de educaci\u00f3n superior como actores que, consciente y expl\u00edcitamente, aportan al desarrollo social formando no s\u00f3lo excelentes profesionales sino activos ciudadanos implicados en sus realidades locales y en los contextos regionales, nacionales e internacionales.\u201d(\u2026) Contempla adem\u00e1s, la responsabilidad social y la gesti\u00f3n social.<\/td><\/tr><tr><td class=\"has-text-align-center\" data-align=\"center\"><a href=\"http:\/\/blog.utp.edu.co\/observatoriosocial\/files\/2019\/04\/PDI_negro.png\"><img decoding=\"async\" width=\"250\" src=\"http:\/\/blog.utp.edu.co\/observatoriosocial\/files\/2019\/04\/PDI_negro.png\" alt=\"\"><\/a><\/td><td>Plan de Desarrollo Institucional \u2013 La universidad que tienes en mente- 2009-2019. \u201cFines de la instituci\u00f3n (Realizar aportes en el desarrollo social, econ\u00f3mico, ambiental sostenible, sustentable, competitivo, cient\u00edfico, tecnol\u00f3gico y financiero de los participantes en las alianzas estrat\u00e9gicas enmarcados dentro del respeto y la \u00e9tica): Objetivo 2 y 3.<\/td><\/tr><tr><td class=\"has-text-align-center\" data-align=\"center\"><a href=\"http:\/\/blog.utp.edu.co\/observatoriosocial\/files\/2019\/04\/EstructuraAntigua.png\"><img decoding=\"async\" src=\"http:\/\/blog.utp.edu.co\/observatoriosocial\/files\/2019\/04\/EstructuraAntigua.png\" alt=\"\"><\/a><\/td><td>Acuerdo del CS N\u00b001 del 19 de febrero del a\u00f1o 2010, recogen las iniciativas del proyecto de formaci\u00f3n en cultura ciudadana y convivencia social; dise\u00f1an y presentan un nuevo proyecto que lo integra, pero adem\u00e1s ampl\u00eda el abordaje de la Formaci\u00f3n Pol\u00edtica, \u00c9tica y Est\u00e9tica, denominado C\u00e1tedra de Responsabilidad Social, \u00c9tica y Universidad \u2013CRESEU- que surge como escenario de extensi\u00f3n intramural y extracurricular; con el objetivo de, promover la reflexi\u00f3n sobre el papel que debe cumplir la universidad en la sociedad contempor\u00e1nea, especialmente en relaci\u00f3n con los desaf\u00edos globales humanitarios, pol\u00edticos y ambientales, y formula un modelo de despliegue universitario nombrado \u2013Servicio Social Universitario- que desde esta perspectiva, responde a la necesidad de formar profesionales comprometidos con la justicia social, la justicia econ\u00f3mica y la justicia ambiental, mediante el fortalecimiento del trabajo en red y la corresponsabilidad.<\/td><\/tr><tr><td class=\"has-text-align-center\" data-align=\"center\"><a href=\"http:\/\/blog.utp.edu.co\/observatoriosocial\/files\/2019\/04\/Estructura-VRSyBU-orbita2-1.jpg\"><img decoding=\"async\" src=\"http:\/\/blog.utp.edu.co\/observatoriosocial\/files\/2019\/04\/Estructura-VRSyBU-orbita2-1.jpg\" alt=\"\"><\/a><\/td><td>Modificaci\u00f3n del objetivo Bienestar Institucional. Acuerdo N\u00b046 del 14 de diciembre del a\u00f1o 2010.\u201cQue la Vicerrector\u00eda de Responsabilidad Social y Bienestar Universitario, consciente del desarrollo Institucional, requiere adecuarse a las din\u00e1micas de la comunidad interna y caracterizarse por un enfoque que consolide el sistema de bienestar social universitario en la cultura institucional desde la perspectiva de la formaci\u00f3n integral, raz\u00f3n por la cual viene adelantando un proceso de revisi\u00f3n y ajuste de su estructura organizacional.<\/td><\/tr><tr><td class=\"has-text-align-center\" data-align=\"center\"><a href=\"http:\/\/blog.utp.edu.co\/observatoriosocial\/files\/2019\/07\/mapa-procesos.png\"><img decoding=\"async\" src=\"http:\/\/blog.utp.edu.co\/observatoriosocial\/files\/2019\/07\/mapa-procesos.png\" alt=\"\"><\/a><\/td><td>Modificaci\u00f3n del objetivo Bienestar Institucional. Acuerdo N\u00b046 del 14 de diciembre del a\u00f1o 2010.\u201cQue la Vicerrector\u00eda de Responsabilidad Social y Bienestar Universitario, consciente del desarrollo Institucional, requiere adecuarse a las din\u00e1micas de la comunidad interna y caracterizarse por un enfoque que consolide el sistema de bienestar social universitario en la cultura institucional desde la perspectiva de la formaci\u00f3n integral, raz\u00f3n por la cual viene adelantando un proceso de revisi\u00f3n y ajuste de su estructura organizacional.<\/td><\/tr><tr><td class=\"has-text-align-center\" data-align=\"center\"><img loading=\"lazy\" decoding=\"async\" width=\"592\" height=\"749\" class=\"wp-image-36309\" style=\"width: 187px\" src=\"http:\/\/blog.utp.edu.co\/observatoriosocial\/files\/2024\/06\/libro.png\" alt=\"\" srcset=\"https:\/\/blog.utp.edu.co\/observatoriosocial\/files\/2024\/06\/libro.png 592w, https:\/\/blog.utp.edu.co\/observatoriosocial\/files\/2024\/06\/libro-237x300.png 237w\" sizes=\"auto, (max-width: 592px) 100vw, 592px\" \/><\/td><td>Reforma integral de la estructura organizacional de la Universidad. Acuerdo N\u00b014 del 5 de junio del a\u00f1o 2014.Entre otras, se crean las unidades de Formaci\u00f3n para la Vida y Gesti\u00f3n Social. Siendo la primera la encargada de desarrollar procesos y estrategias de formaci\u00f3n integral tendientes a trabajar las dimensiones \u00e9tica, ambiental, social, est\u00e9tica, pol\u00edtica: la c\u00e1tedra de responsabilidad social, \u00e9tica y universidad en Formaci\u00f3n para la Vida y el ejercicio pr\u00e1ctico del Servicio Social y Voluntariado en Gesti\u00f3n Social.<\/td><\/tr><tr><td class=\"has-text-align-center\" data-align=\"center\"><a href=\"http:\/\/blog.utp.edu.co\/observatoriosocial\/files\/2019\/04\/PEI.png\"><img decoding=\"async\" src=\"http:\/\/blog.utp.edu.co\/observatoriosocial\/files\/2019\/04\/PEI.png\" alt=\"\" style=\"width: 330px\"><\/a><\/td><td>El PEI institucional aprobado por el Acuerdo N\u00b004 del 6 de febrero del a\u00f1o 2018 marca como uno de los lineamientos centrales, la Formaci\u00f3n profesional Integral: formaci\u00f3n humana, formaci\u00f3n en pensamiento cr\u00edtico, formaci\u00f3n ciudadana y democracia y compromiso con la sostenibilidad ambiental.<\/td><\/tr><tr><td class=\"has-text-align-center\" data-align=\"center\"><img loading=\"lazy\" decoding=\"async\" width=\"1024\" height=\"768\" class=\"wp-image-36302\" style=\"width: 360px\" src=\"http:\/\/blog.utp.edu.co\/observatoriosocial\/files\/2024\/06\/GESTION-SOCIAL-1.jpg\" alt=\"\" srcset=\"https:\/\/blog.utp.edu.co\/observatoriosocial\/files\/2024\/06\/GESTION-SOCIAL-1.jpg 1024w, https:\/\/blog.utp.edu.co\/observatoriosocial\/files\/2024\/06\/GESTION-SOCIAL-1-300x225.jpg 300w, https:\/\/blog.utp.edu.co\/observatoriosocial\/files\/2024\/06\/GESTION-SOCIAL-1-785x589.jpg 785w, https:\/\/blog.utp.edu.co\/observatoriosocial\/files\/2024\/06\/GESTION-SOCIAL-1-768x576.jpg 768w\" sizes=\"auto, (max-width: 1024px) 100vw, 1024px\" \/><a href=\"https:\/\/blog.utp.edu.co\/observatoriosocial\/files\/2024\/06\/GESTION-SOCIAL-1.jpg\"><\/a><a class=\"\" href=\"https:\/\/blog.utp.edu.co\/observatoriosocial\/files\/2024\/06\/GESTION-SOCIAL.jpg\"><\/a><a class=\"\" href=\"https:\/\/blog.utp.edu.co\/observatoriosocial\/files\/2024\/06\/GESTION-SOCIAL.jpg\"><\/a><a class=\"\" href=\"https:\/\/blog.utp.edu.co\/observatoriosocial\/files\/2024\/06\/GESTION-SOCIAL.jpg\"><\/a><\/td><td>La modernizaci\u00f3n administrativa qu\u00e9 inici\u00f3 en el 2023-II formaliz\u00f3 a Gesti\u00f3n Social c\u00f3mo una de las \u00e1reas fundamentales de la Vicerrector\u00eda de Responsabilidad Social y Bienestar universitario y dentro del \u00e1rea le dio reconocimiento al Servicio Social Universitario y Voluntariado c\u00f3mo los procesos de corresponsabilidad social, que buscan Planear y desarrollar estrategias que contribuyan a la formaci\u00f3n integral de los estudiantes en el \u00e1mbito humano, aplicando su aprendizaje en contextos sociales desde un modelo de DAR &#8211; RECIBIR \u2013 DEVOLVER tanto al interior como al exterior de la Universidad, mediante procesos vivenciales enmarcados en los valores institucionales, la paz y la convivencia.<\/td><\/tr><\/tbody><\/table><\/figure>\n\n\n\n<div class=\"wp-block-uagb-container uagb-block-6b9c9ebd alignfull uagb-is-root-container\"><div class=\"uagb-container-inner-blocks-wrap\"><\/div><\/div>\n\n\n\n<p><\/p>\n\n\n\n<p><\/p>\n","protected":false},"excerpt":{"rendered":"<p>Proyecto:\u00a0Formaci\u00f3n de Formadores en Cultura Ciudadana, por medio de la Red Universitaria por la Paz, la Cultura y la Convivencia Social, 2001. Universidad Cat\u00f3lica Popular de Risaralda \u2013 Universidad Tecnol\u00f3gica de Pereira Aprobaci\u00f3n y escalamiento del proyecto Formaci\u00f3n de Formadores en Cultura Ciudadana en el Pleno regional de Bienestar Universitario de la Asociaci\u00f3n Colombiana de [&hellip;]<\/p>\n","protected":false},"author":57,"featured_media":10461,"parent":0,"menu_order":0,"comment_status":"closed","ping_status":"closed","template":"","meta":{"_uag_custom_page_level_css":"","site-sidebar-layout":"default","site-content-layout":"","ast-site-content-layout":"default","site-content-style":"default","site-sidebar-style":"default","ast-global-header-display":"","ast-banner-title-visibility":"","ast-main-header-display":"","ast-hfb-above-header-display":"","ast-hfb-below-header-display":"","ast-hfb-mobile-header-display":"","site-post-title":"","ast-breadcrumbs-content":"","ast-featured-img":"","footer-sml-layout":"","ast-disable-related-posts":"","theme-transparent-header-meta":"","adv-header-id-meta":"","stick-header-meta":"","header-above-stick-meta":"","header-main-stick-meta":"","header-below-stick-meta":"","astra-migrate-meta-layouts":"set","ast-page-background-enabled":"default","ast-page-background-meta":{"desktop":{"background-color":"var(--ast-global-color-4)","background-image":"","background-repeat":"repeat","background-position":"center center","background-size":"auto","background-attachment":"scroll","background-type":"","background-media":"","overlay-type":"","overlay-color":"","overlay-opacity":"","overlay-gradient":""},"tablet":{"background-color":"","background-image":"","background-repeat":"repeat","background-position":"center center","background-size":"auto","background-attachment":"scroll","background-type":"","background-media":"","overlay-type":"","overlay-color":"","overlay-opacity":"","overlay-gradient":""},"mobile":{"background-color":"","background-image":"","background-repeat":"repeat","background-position":"center center","background-size":"auto","background-attachment":"scroll","background-type":"","background-media":"","overlay-type":"","overlay-color":"","overlay-opacity":"","overlay-gradient":""}},"ast-content-background-meta":{"desktop":{"background-color":"var(--ast-global-color-5)","background-image":"","background-repeat":"repeat","background-position":"center center","background-size":"auto","background-attachment":"scroll","background-type":"","background-media":"","overlay-type":"","overlay-color":"","overlay-opacity":"","overlay-gradient":""},"tablet":{"background-color":"var(--ast-global-color-5)","background-image":"","background-repeat":"repeat","background-position":"center center","background-size":"auto","background-attachment":"scroll","background-type":"","background-media":"","overlay-type":"","overlay-color":"","overlay-opacity":"","overlay-gradient":""},"mobile":{"background-color":"var(--ast-global-color-5)","background-image":"","background-repeat":"repeat","background-position":"center center","background-size":"auto","background-attachment":"scroll","background-type":"","background-media":"","overlay-type":"","overlay-color":"","overlay-opacity":"","overlay-gradient":""}},"footnotes":""},"class_list":["post-14901","page","type-page","status-publish","has-post-thumbnail","hentry"],"uagb_featured_image_src":{"full":["https:\/\/blog.utp.edu.co\/observatoriosocial\/files\/2019\/04\/Estructura-VRSyBU-orbita2-1.jpg",1028,500,false],"thumbnail":["https:\/\/blog.utp.edu.co\/observatoriosocial\/files\/2019\/04\/Estructura-VRSyBU-orbita2-1-150x150.jpg",145,145,true],"medium":["https:\/\/blog.utp.edu.co\/observatoriosocial\/files\/2019\/04\/Estructura-VRSyBU-orbita2-1-300x146.jpg",300,146,true],"medium_large":["https:\/\/blog.utp.edu.co\/observatoriosocial\/files\/2019\/04\/Estructura-VRSyBU-orbita2-1-768x374.jpg",768,374,true],"large":["https:\/\/blog.utp.edu.co\/observatoriosocial\/files\/2019\/04\/Estructura-VRSyBU-orbita2-1-1024x498.jpg",785,382,true],"1536x1536":["https:\/\/blog.utp.edu.co\/observatoriosocial\/files\/2019\/04\/Estructura-VRSyBU-orbita2-1.jpg",1028,500,false],"2048x2048":["https:\/\/blog.utp.edu.co\/observatoriosocial\/files\/2019\/04\/Estructura-VRSyBU-orbita2-1.jpg",1028,500,false]},"uagb_author_info":{"display_name":"observatoriosocial","author_link":"https:\/\/blog.utp.edu.co\/observatoriosocial\/author\/observatoriosocial\/"},"uagb_comment_info":0,"uagb_excerpt":"Proyecto:\u00a0Formaci\u00f3n de Formadores en Cultura Ciudadana, por medio de la Red Universitaria por la Paz, la Cultura y la Convivencia Social, 2001. Universidad Cat\u00f3lica Popular de Risaralda \u2013 Universidad Tecnol\u00f3gica de Pereira Aprobaci\u00f3n y escalamiento del proyecto Formaci\u00f3n de Formadores en Cultura Ciudadana en el Pleno regional de Bienestar Universitario de la Asociaci\u00f3n Colombiana de&hellip;","_links":{"self":[{"href":"https:\/\/blog.utp.edu.co\/observatoriosocial\/wp-json\/wp\/v2\/pages\/14901","targetHints":{"allow":["GET"]}}],"collection":[{"href":"https:\/\/blog.utp.edu.co\/observatoriosocial\/wp-json\/wp\/v2\/pages"}],"about":[{"href":"https:\/\/blog.utp.edu.co\/observatoriosocial\/wp-json\/wp\/v2\/types\/page"}],"author":[{"embeddable":true,"href":"https:\/\/blog.utp.edu.co\/observatoriosocial\/wp-json\/wp\/v2\/users\/57"}],"replies":[{"embeddable":true,"href":"https:\/\/blog.utp.edu.co\/observatoriosocial\/wp-json\/wp\/v2\/comments?post=14901"}],"version-history":[{"count":13,"href":"https:\/\/blog.utp.edu.co\/observatoriosocial\/wp-json\/wp\/v2\/pages\/14901\/revisions"}],"predecessor-version":[{"id":36311,"href":"https:\/\/blog.utp.edu.co\/observatoriosocial\/wp-json\/wp\/v2\/pages\/14901\/revisions\/36311"}],"wp:featuredmedia":[{"embeddable":true,"href":"https:\/\/blog.utp.edu.co\/observatoriosocial\/wp-json\/wp\/v2\/media\/10461"}],"wp:attachment":[{"href":"https:\/\/blog.utp.edu.co\/observatoriosocial\/wp-json\/wp\/v2\/media?parent=14901"}],"curies":[{"name":"wp","href":"https:\/\/api.w.org\/{rel}","templated":true}]}}