{"id":2315,"date":"2011-05-01T22:22:12","date_gmt":"2011-05-01T22:22:12","guid":{"rendered":"http:\/\/blog.utp.edu.co\/metalografia\/?page_id=2315"},"modified":"2017-06-14T12:19:35","modified_gmt":"2017-06-14T17:19:35","slug":"mapa-del-sitio","status":"publish","type":"page","link":"https:\/\/blog.utp.edu.co\/metalografia\/mapa-del-sitio\/","title":{"rendered":"Mapa del sitio"},"content":{"rendered":"<p>METALOGRAFIA I<\/p>\n<p><a href=\"http:\/\/blog.utp.edu.co\/metalografia\/2011\/05\/01\/1-generalidades-de-los-materiales\/\">1. Generalidades de los materiales<\/a><br \/>\n1.1 Materiales puros.<br \/>\n1.2 Materiales no puros (mezclas).<br \/>\n1.3 Enlaces qu\u00edmicos.<br \/>\n1.4 Materiales de ingenier\u00eda.<\/p>\n<p>&nbsp;<\/p>\n<p><a href=\"http:\/\/blog.utp.edu.co\/metalografia\/2011\/05\/09\/3-cristalografia\/\">3. Cristalograf\u00eda.<\/a><br \/>\n3.1 Redes de Bravais.<br \/>\n3.2 Sistema c\u00fabico y hexagonal.<br \/>\n3.3 Factor de empaquetamiento.<br \/>\n3.4 Densidad volum\u00e9trica.<br \/>\n3.5 \u00cdndices de Miller.<br \/>\n3.6 Planos cristalinos.<br \/>\n3.7 Densidad planar.<br \/>\n3.8 Difracci\u00f3n de rayos X.<br \/>\n3.9 Imperfecciones cristalinas.<\/p>\n<p><a href=\"http:\/\/blog.utp.edu.co\/metalografia\/2011\/05\/27\/4-diagrama-de-equilibrio-y-procesos-de-solidificacion-de-sustancias-puras-y-mezclas\/\">4. Aleaciones- diagramas de equilibrio.<\/a><br \/>\n4.1 Proceso de solidificaci\u00f3n.<br \/>\n4.2 Construcci\u00f3n de los diagramas de fase (Pb-Sn).<br \/>\n4.3 Diagramas de solubilidad parcial.<br \/>\n4.4 Diagramas de solubilidad total.<br \/>\n4.5 Regla de la palanca para determinar proporciones de la soluci\u00f3n.<\/p>\n<p><a href=\"http:\/\/blog.utp.edu.co\/metalografia\/2011\/05\/18\/5-5-diagrama-hierro-carbono-puntos-criticos-y-ejemplos-de-regla-de-la-palanca\/\">5. Diagrama Fe-C.<\/a>\u00a0\u00a0\u00a0\u00a0\u00a0\u00a0\u00a0\u00a05.1 Estable.<br \/>\n5.2 Metaestable.<br \/>\n5.3 Microestructuras.<br \/>\n5.4 Aceros: definici\u00f3n y clasificaci\u00f3n.<br \/>\n5.5 Fundiciones de hierro.<\/p>\n<p><a href=\"http:\/\/blog.utp.edu.co\/metalografia\/2011\/05\/08\/6-tratamientos-termicos\/\">6. Tratamientos t\u00e9rmicos de acero.<\/a><br \/>\n6.1 Termof\u00edsicos.<br \/>\n6.1.1 Temple.<br \/>\n6.1.2 Revenido.<br \/>\n6.1.3 Recocidos.<br \/>\n6.1.4 Normalizado.<br \/>\n6.1.5 Isot\u00e9rmico.<br \/>\n6.1.6 Templabilidad.<br \/>\n6.2 Diagramas temperatura, tiempo, deformaci\u00f3n (TTT)<br \/>\n6.3 Termo qu\u00edmicos<\/p>\n<p><a href=\"http:\/\/blog.utp.edu.co\/metalografia\/2011\/05\/05\/7-aceros-inoxidables\/\">7. Aceros inoxidables.<\/a><br \/>\n7.1 Definici\u00f3n.<br \/>\n7.2 Clasificaci\u00f3n.<br \/>\n7.3 Diagramas de equilibrio.<\/p>\n<p><a href=\"http:\/\/blog.utp.edu.co\/metalografia\/2011\/05\/05\/8-otros-mecanismos-de-endurecimiento-de-metales\/\">8. Otros mecanismos de endurecimiento de metales.<\/a><\/p>\n<p><a href=\"http:\/\/blog.utp.edu.co\/metalografia\/2011\/05\/07\/9-principios-de-corrosion\/\">9. Principios de corrosi\u00f3n.<\/a><br \/>\n9.1 Clasificaci\u00f3n.<br \/>\n9.2 Celda electroqu\u00edmica.<br \/>\n9.3 Pila galv\u00e1nica.<br \/>\n9.4 Procesos industriales de recubrimientos.<\/p>\n<p><a href=\"http:\/\/blog.utp.edu.co\/metalografia\/2010\/11\/05\/ensayos-no-destructivos\/\">10. Ensayos no destructivos<\/a><br \/>\n10.1 Introducci\u00f3n<br \/>\n10.2 Termograf\u00eda<br \/>\n10.3 RAYOS X<br \/>\n10.4 Ultrasonido<br \/>\n10.5 Resonancia<br \/>\n10.6 Corriente inducida<br \/>\n10.7 Part\u00edculas magn\u00e9ticas<br \/>\n10.8 Tintas penetrantes<br \/>\n10.9 Inspecci\u00f3n visual<br \/>\n10.10 Soldaduras<\/p>\n","protected":false},"excerpt":{"rendered":"<p>METALOGRAFIA I 1. Generalidades de los materiales 1.1 Materiales puros. 1.2 Materiales no puros (mezclas). 1.3 Enlaces qu\u00edmicos. 1.4 Materiales de ingenier\u00eda. &nbsp; 3. Cristalograf\u00eda. 3.1 Redes de Bravais. 3.2 Sistema c\u00fabico y hexagonal. 3.3 Factor de empaquetamiento. 3.4 Densidad &hellip; <a href=\"https:\/\/blog.utp.edu.co\/metalografia\/mapa-del-sitio\/\">Sigue leyendo <span class=\"meta-nav\">&rarr;<\/span><\/a><\/p>\n","protected":false},"author":155,"featured_media":0,"parent":0,"menu_order":0,"comment_status":"open","ping_status":"open","template":"","meta":{"footnotes":""},"class_list":["post-2315","page","type-page","status-publish","hentry"],"_links":{"self":[{"href":"https:\/\/blog.utp.edu.co\/metalografia\/wp-json\/wp\/v2\/pages\/2315","targetHints":{"allow":["GET"]}}],"collection":[{"href":"https:\/\/blog.utp.edu.co\/metalografia\/wp-json\/wp\/v2\/pages"}],"about":[{"href":"https:\/\/blog.utp.edu.co\/metalografia\/wp-json\/wp\/v2\/types\/page"}],"author":[{"embeddable":true,"href":"https:\/\/blog.utp.edu.co\/metalografia\/wp-json\/wp\/v2\/users\/155"}],"replies":[{"embeddable":true,"href":"https:\/\/blog.utp.edu.co\/metalografia\/wp-json\/wp\/v2\/comments?post=2315"}],"version-history":[{"count":22,"href":"https:\/\/blog.utp.edu.co\/metalografia\/wp-json\/wp\/v2\/pages\/2315\/revisions"}],"predecessor-version":[{"id":23381,"href":"https:\/\/blog.utp.edu.co\/metalografia\/wp-json\/wp\/v2\/pages\/2315\/revisions\/23381"}],"wp:attachment":[{"href":"https:\/\/blog.utp.edu.co\/metalografia\/wp-json\/wp\/v2\/media?parent=2315"}],"curies":[{"name":"wp","href":"https:\/\/api.w.org\/{rel}","templated":true}]}}