{"id":2,"date":"2010-10-15T22:18:37","date_gmt":"2010-10-15T22:18:37","guid":{"rendered":"http:\/\/blog.utp.edu.co\/metalografia\/?page_id=2"},"modified":"2011-04-07T12:56:43","modified_gmt":"2011-04-07T12:56:43","slug":"acerca-de","status":"publish","type":"page","link":"https:\/\/blog.utp.edu.co\/metalografia\/acerca-de\/","title":{"rendered":"Acerca de"},"content":{"rendered":"<p>Este es un blog de estudiantes de Ingenier\u00eda Mec\u00e1nica de la asignatura Metalograf\u00eda I, Universidad Tecnol\u00f3gica de Pereira, administrada por el docente, Ingeniero M.Sc. Manuel Pinz\u00f3n Candelario.<\/p>\n<p>En \u00e9ste encontrar\u00e1n informaci\u00f3n te\u00f3rica, ejemplos y aplicaciones industriales de los metales y sus aleaciones. El tema se encuentra dividido en cap\u00edtulos generales que siguen la secuencia siguiente:<\/p>\n<ul>\n<li>Breve descripci\u00f3n de los elementos qu\u00edmicos y sus enlaces<\/li>\n<li> Sustancias puras y mezclas<\/li>\n<li> Cristalograf\u00eda<\/li>\n<li> Diagramas de equilibrio<\/li>\n<li> Aleaci\u00f3n hierro-carbono<\/li>\n<li> Tratamientos t\u00e9rmicos<\/li>\n<li> Procesos de corrosi\u00f3n<\/li>\n<li> Protecci\u00f3n de metales.<\/li>\n<\/ul>\n<p>Se espera que sea una gu\u00eda acad\u00e9mica importante para el estudio did\u00e1ctico del tema. Las opiniones y comentarios de visitantes son muy valiosos.<\/p>\n","protected":false},"excerpt":{"rendered":"<p>Este es un blog de estudiantes de Ingenier\u00eda Mec\u00e1nica de la asignatura Metalograf\u00eda I, Universidad Tecnol\u00f3gica de Pereira, administrada por el docente, Ingeniero M.Sc. Manuel Pinz\u00f3n Candelario. En \u00e9ste encontrar\u00e1n informaci\u00f3n te\u00f3rica, ejemplos y aplicaciones industriales de los metales y &hellip; <a href=\"https:\/\/blog.utp.edu.co\/metalografia\/acerca-de\/\">Sigue leyendo <span class=\"meta-nav\">&rarr;<\/span><\/a><\/p>\n","protected":false},"author":127,"featured_media":0,"parent":0,"menu_order":0,"comment_status":"open","ping_status":"closed","template":"","meta":{"footnotes":""},"class_list":["post-2","page","type-page","status-publish","hentry"],"_links":{"self":[{"href":"https:\/\/blog.utp.edu.co\/metalografia\/wp-json\/wp\/v2\/pages\/2","targetHints":{"allow":["GET"]}}],"collection":[{"href":"https:\/\/blog.utp.edu.co\/metalografia\/wp-json\/wp\/v2\/pages"}],"about":[{"href":"https:\/\/blog.utp.edu.co\/metalografia\/wp-json\/wp\/v2\/types\/page"}],"author":[{"embeddable":true,"href":"https:\/\/blog.utp.edu.co\/metalografia\/wp-json\/wp\/v2\/users\/127"}],"replies":[{"embeddable":true,"href":"https:\/\/blog.utp.edu.co\/metalografia\/wp-json\/wp\/v2\/comments?post=2"}],"version-history":[{"count":7,"href":"https:\/\/blog.utp.edu.co\/metalografia\/wp-json\/wp\/v2\/pages\/2\/revisions"}],"predecessor-version":[{"id":122,"href":"https:\/\/blog.utp.edu.co\/metalografia\/wp-json\/wp\/v2\/pages\/2\/revisions\/122"}],"wp:attachment":[{"href":"https:\/\/blog.utp.edu.co\/metalografia\/wp-json\/wp\/v2\/media?parent=2"}],"curies":[{"name":"wp","href":"https:\/\/api.w.org\/{rel}","templated":true}]}}