{"id":45,"date":"2011-03-08T18:39:12","date_gmt":"2011-03-08T18:39:12","guid":{"rendered":"http:\/\/blog.utp.edu.co\/laboratorioredes\/"},"modified":"2011-03-12T20:11:58","modified_gmt":"2011-03-12T20:11:58","slug":"1er-laboratorio","status":"publish","type":"page","link":"https:\/\/blog.utp.edu.co\/laboratorioredes\/1er-laboratorio\/","title":{"rendered":"Primer Laboratorio"},"content":{"rendered":"<p>Ahora vamos utilizar un servidor web instalado en el servidor Linux llamado Apache, los servicios de este tipo se est\u00e1n ejecutando en el servidor permanentemente.<\/p>\n<p>Lo primero que se debe hacer es encontrar la\u00a0direcci\u00f3n\u00a0IP que el servidor tiene asignada, recordemos que este servidor esta obteniendo la\u00a0configuraci\u00f3n\u00a0IP a trav\u00e9s de un servidor DHCP, en la vida real un servidor debe tener la\u00a0direcci\u00f3n\u00a0IP configurada\u00a0est\u00e1ticamente.<\/p>\n<p>Para encontrar la direccion IP abrimos una terminal y escribimos el comando\u00a0<em>ifconfig,<\/em> en la salida de esta comando vemos mucha informacion, primero vemos el nombre de la tarjeta de red, en los sistemas operativos linux la tarjeta de red se llama <em>ethx,<\/em> donde <em>x<\/em> generalmente se cambia por un numero de acuerdo a la cantidad de tarjetas de red que tenga el servidor, para nuestro caso podremos ver algo como <em>eth0 \u00f3 eth1, <\/em>lea cuidadosamente e identifique la\u00a0informaci\u00f3n\u00a0que ve de acuerdo a lo aprendido en las clases pasadas.<\/p>\n<p><a href=\"http:\/\/blog.utp.edu.co\/laboratorioredes\/files\/2011\/03\/lab1_1.png\"><img loading=\"lazy\" decoding=\"async\" class=\"alignnone size-full wp-image-46\" src=\"http:\/\/blog.utp.edu.co\/laboratorioredes\/files\/2011\/03\/lab1_1.png\" alt=\"\" width=\"798\" height=\"596\" srcset=\"https:\/\/blog.utp.edu.co\/laboratorioredes\/files\/2011\/03\/lab1_1.png 798w, https:\/\/blog.utp.edu.co\/laboratorioredes\/files\/2011\/03\/lab1_1-300x224.png 300w\" sizes=\"auto, (max-width: 798px) 100vw, 798px\" \/><\/a><\/p>\n<p>Tambi\u00e9n vemos una interfaz llamada lo, cual es esta interfaz?<\/p>\n<p>Muy bien despu\u00e9s de encontrar la direcci\u00f3n IP de su servidor Linux, abrimos un navegador en Windows y escribimos la\u00a0direcci\u00f3n\u00a0IP en el navegador, pero antes de esto y para no tener ning\u00fan inconveniente vamos a desactivar la configuraci\u00f3n del proxy en el navegador, como ustedes son muy inteligentes los dejo que encuentren dicha configuraci\u00f3n por si mismos y la desactiven.<\/p>\n<p>Primero que todo iniciamos el servidor web, esto generalmente se hace\u00a0autom\u00e1ticamente, pero por cosas del destino hoy lo inicializamos manualmente, para hacerlo ejecutamos el comando que se muestra en la imagen, esto se debe hacer en la <em>terminal o consola<\/em>, recuerde que\u00a0despu\u00e9s\u00a0que presiona <em>enter<\/em> el password es <em>utp<\/em><\/p>\n<p><em>sudo \/usr\/local\/apache2\/bin\/apachectl start<\/em><\/p>\n<p><a href=\"http:\/\/blog.utp.edu.co\/laboratorioredes\/files\/2011\/03\/lab1_iniciar_apache.png\"><img loading=\"lazy\" decoding=\"async\" class=\"alignnone size-full wp-image-61\" src=\"http:\/\/blog.utp.edu.co\/laboratorioredes\/files\/2011\/03\/lab1_iniciar_apache.png\" alt=\"\" width=\"656\" height=\"464\" srcset=\"https:\/\/blog.utp.edu.co\/laboratorioredes\/files\/2011\/03\/lab1_iniciar_apache.png 656w, https:\/\/blog.utp.edu.co\/laboratorioredes\/files\/2011\/03\/lab1_iniciar_apache-300x212.png 300w\" sizes=\"auto, (max-width: 656px) 100vw, 656px\" \/><\/a><\/p>\n<p><a href=\"http:\/\/blog.utp.edu.co\/laboratorioredes\/files\/2011\/03\/lab1_iniciar_apache.png\"><\/a>Ahora si escriban la direcci\u00f3n IP de su servidor \u00a0en su navegador web desde Windows<\/p>\n<p><a href=\"http:\/\/blog.utp.edu.co\/laboratorioredes\/files\/2011\/03\/lab1_5.png\"><img loading=\"lazy\" decoding=\"async\" class=\"alignnone size-full wp-image-53\" src=\"http:\/\/blog.utp.edu.co\/laboratorioredes\/files\/2011\/03\/lab1_5.png\" alt=\"\" width=\"770\" height=\"566\" srcset=\"https:\/\/blog.utp.edu.co\/laboratorioredes\/files\/2011\/03\/lab1_5.png 770w, https:\/\/blog.utp.edu.co\/laboratorioredes\/files\/2011\/03\/lab1_5-300x220.png 300w\" sizes=\"auto, (max-width: 770px) 100vw, 770px\" \/><\/a><\/p>\n<p>Normalmente deber\u00eda mostrar un mensaje como el de la imagen y a todos nos saldr\u00e1 igual, ahora lo que vamos a hacer es crear nuestra primera pagina web y verla desde el navegador, para hacer esto abrimos el editor de texto y creamos el siguiente archivo con este contenido.<\/p>\n<p><a href=\"http:\/\/blog.utp.edu.co\/laboratorioredes\/files\/2011\/03\/lab1_21.png\"><img loading=\"lazy\" decoding=\"async\" class=\"alignnone size-full wp-image-54\" src=\"http:\/\/blog.utp.edu.co\/laboratorioredes\/files\/2011\/03\/lab1_21.png\" alt=\"\" width=\"799\" height=\"601\" srcset=\"https:\/\/blog.utp.edu.co\/laboratorioredes\/files\/2011\/03\/lab1_21.png 799w, https:\/\/blog.utp.edu.co\/laboratorioredes\/files\/2011\/03\/lab1_21-300x225.png 300w\" sizes=\"auto, (max-width: 799px) 100vw, 799px\" \/><\/a><\/p>\n<p>En este momento estamos utilizando un usuario sin privilegios de administrador en el servidor Linux, algunas tareas no las podremos realizar normalmente, para evitar eso en el siguiente paso en la consola vamos a escribir los siguiente:<\/p>\n<p><a href=\"http:\/\/blog.utp.edu.co\/laboratorioredes\/files\/2011\/03\/lab2_permiso_htdocs.png\"><img loading=\"lazy\" decoding=\"async\" class=\"alignnone size-full wp-image-62\" src=\"http:\/\/blog.utp.edu.co\/laboratorioredes\/files\/2011\/03\/lab2_permiso_htdocs.png\" alt=\"\" width=\"693\" height=\"461\" srcset=\"https:\/\/blog.utp.edu.co\/laboratorioredes\/files\/2011\/03\/lab2_permiso_htdocs.png 693w, https:\/\/blog.utp.edu.co\/laboratorioredes\/files\/2011\/03\/lab2_permiso_htdocs-300x199.png 300w\" sizes=\"auto, (max-width: 693px) 100vw, 693px\" \/><\/a><\/p>\n<p>Cuando nos pregunte por el password recuerden que es <em>utp,<\/em> lo que estamos haciendo\u00a0aqu\u00ed\u00a0es dando los permisos de escritura para que el usuario estudiante pueda guardar la pagina creada en el directorio del servidor web.<\/p>\n<p>Ahora este archivo lo vamos a guardar el directorio desde donde el servidor web toma las paginas web y archivos y los manda a los usuarios que lo requieren el cual es <em>\/usr\/local\/apache2\/htdocs<\/em>. Debemos tener cuidad que lo guardemos con el nombre correcto y el la carpeta adecuada.<\/p>\n<p><a href=\"http:\/\/blog.utp.edu.co\/laboratorioredes\/files\/2011\/03\/lab1_guardar_html.png\"><img loading=\"lazy\" decoding=\"async\" class=\"alignnone size-full wp-image-63\" src=\"http:\/\/blog.utp.edu.co\/laboratorioredes\/files\/2011\/03\/lab1_guardar_html.png\" alt=\"\" width=\"796\" height=\"549\" srcset=\"https:\/\/blog.utp.edu.co\/laboratorioredes\/files\/2011\/03\/lab1_guardar_html.png 796w, https:\/\/blog.utp.edu.co\/laboratorioredes\/files\/2011\/03\/lab1_guardar_html-300x206.png 300w\" sizes=\"auto, (max-width: 796px) 100vw, 796px\" \/><\/a><\/p>\n<p>Despu\u00e9s de esto pasamos al navegador web de Windows y solicitamos la pagina web que hemos creado recientemente.<\/p>\n<p><a href=\"http:\/\/blog.utp.edu.co\/laboratorioredes\/files\/2011\/03\/lab1_6.png\"><img loading=\"lazy\" decoding=\"async\" class=\"alignnone size-full wp-image-55\" src=\"http:\/\/blog.utp.edu.co\/laboratorioredes\/files\/2011\/03\/lab1_6.png\" alt=\"\" width=\"816\" height=\"206\" srcset=\"https:\/\/blog.utp.edu.co\/laboratorioredes\/files\/2011\/03\/lab1_6.png 816w, https:\/\/blog.utp.edu.co\/laboratorioredes\/files\/2011\/03\/lab1_6-300x75.png 300w\" sizes=\"auto, (max-width: 816px) 100vw, 816px\" \/><\/a><\/p>\n<p>Ahora le puede preguntar la direcci\u00f3n IP del servidor de alg\u00fan compa\u00f1er@ y ver que escribi\u00f3 en la pagina web, claro si fue lo suficientemente creativo para escribir algo diferente a lo que usted escribi\u00f3.<\/p>\n<p>Despu\u00e9s de realizada esta tarea correctamente vamos a utilizar un analizador de protocolos, antes conocido como sniffer llamando Wireshark, este ya debe estar instalado en su equipo Windows.<\/p>\n<p><a href=\"http:\/\/blog.utp.edu.co\/laboratorioredes\/files\/2011\/03\/lab1_7.png\"><img loading=\"lazy\" decoding=\"async\" class=\"alignnone size-full wp-image-75\" src=\"http:\/\/blog.utp.edu.co\/laboratorioredes\/files\/2011\/03\/lab1_7.png\" alt=\"\" width=\"770\" height=\"609\" srcset=\"https:\/\/blog.utp.edu.co\/laboratorioredes\/files\/2011\/03\/lab1_7.png 770w, https:\/\/blog.utp.edu.co\/laboratorioredes\/files\/2011\/03\/lab1_7-300x237.png 300w\" sizes=\"auto, (max-width: 770px) 100vw, 770px\" \/><\/a><\/p>\n<p>Este analizador tiene muchas herramientas y funcionalidades, nosotros solo vamos a utilizar algunas en nuestro laboratorio, las personas interesadas se pueden leer el manual y me ense\u00f1an como utilizarlo, por el momento vamos a verificar que el Wireshark este funcionando adecuadamente, para seleccionamos el men\u00fa <em>Capture<\/em> la\u00a0opci\u00f3n\u00a0<em>Interfaces.<\/em><\/p>\n<p><a href=\"http:\/\/blog.utp.edu.co\/laboratorioredes\/files\/2011\/03\/lab1_8.png\"><img loading=\"lazy\" decoding=\"async\" class=\"alignnone size-full wp-image-74\" src=\"http:\/\/blog.utp.edu.co\/laboratorioredes\/files\/2011\/03\/lab1_8.png\" alt=\"\" width=\"766\" height=\"611\" srcset=\"https:\/\/blog.utp.edu.co\/laboratorioredes\/files\/2011\/03\/lab1_8.png 766w, https:\/\/blog.utp.edu.co\/laboratorioredes\/files\/2011\/03\/lab1_8-300x239.png 300w\" sizes=\"auto, (max-width: 766px) 100vw, 766px\" \/><\/a><\/p>\n<p>En esta opci\u00f3n nos debe mostrar una ventana con la(s) interface(s) que tiene el dispositivo, para cada una de ellas muestra una\u00a0descripci\u00f3n, la\u00a0direcci\u00f3n\u00a0IP, paquetes y paquetes\/s, y al frente de cada uno de ellos tres botones, si por alg\u00fan motivo no se ve\u00a0ninguna\u00a0de esta informaci\u00f3n haga el resto de laboratorio con un compa\u00f1ero por que esa platica se\u00a0perdi\u00f3.<\/p>\n<p><a href=\"http:\/\/blog.utp.edu.co\/laboratorioredes\/files\/2011\/03\/lab1_9.png\"><img loading=\"lazy\" decoding=\"async\" class=\"alignnone size-full wp-image-73\" src=\"http:\/\/blog.utp.edu.co\/laboratorioredes\/files\/2011\/03\/lab1_9.png\" alt=\"\" width=\"768\" height=\"615\" srcset=\"https:\/\/blog.utp.edu.co\/laboratorioredes\/files\/2011\/03\/lab1_9.png 768w, https:\/\/blog.utp.edu.co\/laboratorioredes\/files\/2011\/03\/lab1_9-300x240.png 300w\" sizes=\"auto, (max-width: 768px) 100vw, 768px\" \/><\/a><\/p>\n<p>Vamos a hacer click en el\u00a0bot\u00f3n\u00a0<em>Start<\/em> que esta al frente de la interface que tiene la direcci\u00f3n IP configurada su maquina Windows, inmediatamente vamos a empezar a ver la captara de paquetes entrantes y salientes de su tarjeta o interface de red (NIC).<\/p>\n<p><a href=\"http:\/\/blog.utp.edu.co\/laboratorioredes\/files\/2011\/03\/lab1_111.png\"><img loading=\"lazy\" decoding=\"async\" class=\"alignnone size-full wp-image-72\" src=\"http:\/\/blog.utp.edu.co\/laboratorioredes\/files\/2011\/03\/lab1_111.png\" alt=\"\" width=\"764\" height=\"613\" srcset=\"https:\/\/blog.utp.edu.co\/laboratorioredes\/files\/2011\/03\/lab1_111.png 764w, https:\/\/blog.utp.edu.co\/laboratorioredes\/files\/2011\/03\/lab1_111-300x240.png 300w\" sizes=\"auto, (max-width: 764px) 100vw, 764px\" \/><\/a><\/p>\n<p>Despu\u00e9s vamos a ir al navegador web de Windows y vamos a abrir una pagina web de alg\u00fan companer@ que no hayamos abierto antes, despu\u00e9s de que la pagina abra correctamente y veamos la pagina cambiamos al wireshark y detenemos la captura de paquetes<\/p>\n<p><a href=\"http:\/\/blog.utp.edu.co\/laboratorioredes\/files\/2011\/03\/lab1_12.png\"><img loading=\"lazy\" decoding=\"async\" class=\"alignnone size-full wp-image-71\" src=\"http:\/\/blog.utp.edu.co\/laboratorioredes\/files\/2011\/03\/lab1_12.png\" alt=\"\" width=\"766\" height=\"613\" srcset=\"https:\/\/blog.utp.edu.co\/laboratorioredes\/files\/2011\/03\/lab1_12.png 766w, https:\/\/blog.utp.edu.co\/laboratorioredes\/files\/2011\/03\/lab1_12-300x240.png 300w\" sizes=\"auto, (max-width: 766px) 100vw, 766px\" \/><\/a><\/p>\n<p>Lo que vemos en esta ventana son todos los paquetes que su interface ha enviado y recibido, lo que debemos hacer ahora es filtrar los paquetes por aquellos que nos interesan, para hacer esto escribimos una\u00a0expresi\u00f3n\u00a0de filtrado en el espacio de <em>Filter <\/em>como lo muestra la imagen, recuerde que la\u00a0direcci\u00f3n\u00a0IP que debe utilizar es la direcci\u00f3n que escribi\u00f3 en el navegador web del windows, si la\u00a0expresi\u00f3n\u00a0queda bien escrita el cuadro quedara en verde sino en rojo, despu\u00e9s hacemos click en el\u00a0bot\u00f3n\u00a0Apply y solo los paquetes que concuerden con la expresi\u00f3n quedar\u00e1n en el listado de paquetes.<\/p>\n<p><a href=\"http:\/\/blog.utp.edu.co\/laboratorioredes\/files\/2011\/03\/lab1_resultadobusqueda.png\"><img loading=\"lazy\" decoding=\"async\" class=\"alignnone size-full wp-image-69\" src=\"http:\/\/blog.utp.edu.co\/laboratorioredes\/files\/2011\/03\/lab1_resultadobusqueda.png\" alt=\"\" width=\"765\" height=\"615\" srcset=\"https:\/\/blog.utp.edu.co\/laboratorioredes\/files\/2011\/03\/lab1_resultadobusqueda.png 765w, https:\/\/blog.utp.edu.co\/laboratorioredes\/files\/2011\/03\/lab1_resultadobusqueda-300x241.png 300w\" sizes=\"auto, (max-width: 765px) 100vw, 765px\" \/><\/a><\/p>\n<p>Ahora podemos observar uno por uno, navegando entre los paneles podemos ver la informaci\u00f3n detallada de cada uno de los paquetes y los encabezados de los protocolos en cada uno de las capas del modelo TCP\/IP.<\/p>\n<p><a href=\"http:\/\/blog.utp.edu.co\/laboratorioredes\/files\/2011\/03\/lab1_vercontenidopaquetes.png\"><img loading=\"lazy\" decoding=\"async\" class=\"alignnone size-full wp-image-105\" src=\"http:\/\/blog.utp.edu.co\/laboratorioredes\/files\/2011\/03\/lab1_vercontenidopaquetes.png\" alt=\"\" width=\"999\" height=\"707\" srcset=\"https:\/\/blog.utp.edu.co\/laboratorioredes\/files\/2011\/03\/lab1_vercontenidopaquetes.png 999w, https:\/\/blog.utp.edu.co\/laboratorioredes\/files\/2011\/03\/lab1_vercontenidopaquetes-300x212.png 300w\" sizes=\"auto, (max-width: 999px) 100vw, 999px\" \/><\/a><\/p>\n<p>Despu\u00e9s de ver la esto hacemos click derecho sobre uno de los paquetes del listado y seleccionamos la opci\u00f3n <em>Fallow TCP Stream<\/em> y analizamos el resultado, que podemos concluir?<\/p>\n<p><a href=\"http:\/\/blog.utp.edu.co\/laboratorioredes\/files\/2011\/03\/lab1_seguirtcp.png\"><img loading=\"lazy\" decoding=\"async\" class=\"alignnone size-full wp-image-68\" src=\"http:\/\/blog.utp.edu.co\/laboratorioredes\/files\/2011\/03\/lab1_seguirtcp.png\" alt=\"\" width=\"763\" height=\"621\" srcset=\"https:\/\/blog.utp.edu.co\/laboratorioredes\/files\/2011\/03\/lab1_seguirtcp.png 763w, https:\/\/blog.utp.edu.co\/laboratorioredes\/files\/2011\/03\/lab1_seguirtcp-300x244.png 300w\" sizes=\"auto, (max-width: 763px) 100vw, 763px\" \/><\/a><\/p>\n<p>Que estamos viendo aqui?<\/p>\n<p><a href=\"http:\/\/blog.utp.edu.co\/laboratorioredes\/files\/2011\/03\/lab1_resultado.png\"><img loading=\"lazy\" decoding=\"async\" class=\"alignnone size-full wp-image-107\" src=\"http:\/\/blog.utp.edu.co\/laboratorioredes\/files\/2011\/03\/lab1_resultado.png\" alt=\"\" width=\"774\" height=\"555\" srcset=\"https:\/\/blog.utp.edu.co\/laboratorioredes\/files\/2011\/03\/lab1_resultado.png 774w, https:\/\/blog.utp.edu.co\/laboratorioredes\/files\/2011\/03\/lab1_resultado-300x215.png 300w\" sizes=\"auto, (max-width: 774px) 100vw, 774px\" \/><\/a><\/p>\n<p>Si, por alg\u00fan motivo cometimos un error y tenemos que iniciar nuevamente el proceso de captura seguimos lo pasos , cuando nos pregunte si deseamos guardar la captura actual, simplemente seleccionamos continuar sin guardar<\/p>\n<p><a href=\"http:\/\/blog.utp.edu.co\/laboratorioredes\/files\/2011\/03\/lab1_continuesinguardar.png\"><img loading=\"lazy\" decoding=\"async\" class=\"alignnone size-full wp-image-70\" src=\"http:\/\/blog.utp.edu.co\/laboratorioredes\/files\/2011\/03\/lab1_continuesinguardar.png\" alt=\"\" width=\"770\" height=\"617\" srcset=\"https:\/\/blog.utp.edu.co\/laboratorioredes\/files\/2011\/03\/lab1_continuesinguardar.png 770w, https:\/\/blog.utp.edu.co\/laboratorioredes\/files\/2011\/03\/lab1_continuesinguardar-300x240.png 300w\" sizes=\"auto, (max-width: 770px) 100vw, 770px\" \/><\/a><\/p>\n","protected":false},"excerpt":{"rendered":"<p>Ahora vamos utilizar un servidor web instalado en el servidor Linux llamado Apache, los servicios de este tipo se est\u00e1n ejecutando en el servidor permanentemente. Lo primero que se debe hacer es encontrar la\u00a0direcci\u00f3n\u00a0IP que el servidor tiene asignada, recordemos &hellip; <a href=\"https:\/\/blog.utp.edu.co\/laboratorioredes\/1er-laboratorio\/\">Sigue leyendo <span class=\"meta-nav\">&rarr;<\/span><\/a><\/p>\n","protected":false},"author":253,"featured_media":46,"parent":0,"menu_order":0,"comment_status":"open","ping_status":"open","template":"","meta":{"footnotes":""},"class_list":["post-45","page","type-page","status-publish","has-post-thumbnail","hentry"],"_links":{"self":[{"href":"https:\/\/blog.utp.edu.co\/laboratorioredes\/wp-json\/wp\/v2\/pages\/45","targetHints":{"allow":["GET"]}}],"collection":[{"href":"https:\/\/blog.utp.edu.co\/laboratorioredes\/wp-json\/wp\/v2\/pages"}],"about":[{"href":"https:\/\/blog.utp.edu.co\/laboratorioredes\/wp-json\/wp\/v2\/types\/page"}],"author":[{"embeddable":true,"href":"https:\/\/blog.utp.edu.co\/laboratorioredes\/wp-json\/wp\/v2\/users\/253"}],"replies":[{"embeddable":true,"href":"https:\/\/blog.utp.edu.co\/laboratorioredes\/wp-json\/wp\/v2\/comments?post=45"}],"version-history":[{"count":12,"href":"https:\/\/blog.utp.edu.co\/laboratorioredes\/wp-json\/wp\/v2\/pages\/45\/revisions"}],"predecessor-version":[{"id":58,"href":"https:\/\/blog.utp.edu.co\/laboratorioredes\/wp-json\/wp\/v2\/pages\/45\/revisions\/58"}],"wp:featuredmedia":[{"embeddable":true,"href":"https:\/\/blog.utp.edu.co\/laboratorioredes\/wp-json\/wp\/v2\/media\/46"}],"wp:attachment":[{"href":"https:\/\/blog.utp.edu.co\/laboratorioredes\/wp-json\/wp\/v2\/media?parent=45"}],"curies":[{"name":"wp","href":"https:\/\/api.w.org\/{rel}","templated":true}]}}