{"id":127,"date":"2011-04-06T00:01:16","date_gmt":"2011-04-06T00:01:16","guid":{"rendered":"http:\/\/blog.utp.edu.co\/laboratorioredes\/"},"modified":"2011-04-06T15:08:47","modified_gmt":"2011-04-06T15:08:47","slug":"laboratorio-simulador","status":"publish","type":"page","link":"https:\/\/blog.utp.edu.co\/laboratorioredes\/laboratorio-simulador\/","title":{"rendered":"Simulador Lab"},"content":{"rendered":"<p>El simulador que vamos a utilizar se llama el Packet Tracert, la \u00faltima\u00a0versi\u00f3n\u00a0es la 5.3.2, as\u00ed que algunas\u00a0caracter\u00edsticas\u00a0pueden cambiar entre versiones, pero estas son\u00a0m\u00ednimas\u00a0y no deben afectar el desarrollo de nuestras actividades. \u00a0Este laboratorio no es acerca del simulador as\u00ed que por favor \u00a0no pregunte g\u00fcevo&#8230;cosas que no vienen al caso o que ustedes con su inteligencia pueden buscar solitos.<\/p>\n<p><strong>Nota: es muy importante que las preguntas que se hacen en el laboratorio las respondan&#8230; ya que\u00a0podr\u00edan\u00a0ser parte de un\u00a0pr\u00f3ximo\u00a0parcial<\/strong><\/p>\n<p>Al abrir el programa podemos observar que la \u00a0herramienta muy f\u00e1cil de manejar, cuando vayamos a utilizar alguna de est\u00e1s caracter\u00edsticas dar\u00e9 las aclaraciones respectivas, nuevamente si tiene alguna preguntas acerca de la herramienta, lean el manual, pero no se distraiga haciendo g\u00fcevo.. cosas diferentes al laboratorio, ya despu\u00e9s en la casita puede jugar todo lo que le de la &#8230; quiere<\/p>\n<p><strong>Tarea 1<\/strong><\/p>\n<p><strong>Paso 1. <\/strong>Lo primero que vamos a hacer es agregar un router, as\u00ed que en la parte inferior izquierda buscamos los router, hacemos click sobre el icono de este y vemos como en el panel de la derecha se visualizan los diferentes routers que tiene el simulador. \u00a0Escogemos el 1841\u00a0arrastr\u00e1ndolo\u00a0hacia el \u00e1rea de trabajo o haciendo click sobre el una vez y despu\u00e9s otro click sobre el \u00e1rea de trabajo.<\/p>\n<p><a href=\"http:\/\/blog.utp.edu.co\/laboratorioredes\/files\/2011\/04\/pk14.png\"><img loading=\"lazy\" decoding=\"async\" class=\"alignnone size-full wp-image-176\" src=\"http:\/\/blog.utp.edu.co\/laboratorioredes\/files\/2011\/04\/pk14.png\" alt=\"\" width=\"820\" height=\"659\" srcset=\"https:\/\/blog.utp.edu.co\/laboratorioredes\/files\/2011\/04\/pk14.png 820w, https:\/\/blog.utp.edu.co\/laboratorioredes\/files\/2011\/04\/pk14-300x241.png 300w\" sizes=\"auto, (max-width: 820px) 100vw, 820px\" \/><\/a><\/p>\n<p><a href=\"http:\/\/blog.utp.edu.co\/laboratorioredes\/files\/2011\/04\/pk21.png\"><img loading=\"lazy\" decoding=\"async\" class=\"alignnone size-full wp-image-177\" src=\"http:\/\/blog.utp.edu.co\/laboratorioredes\/files\/2011\/04\/pk21.png\" alt=\"\" width=\"480\" height=\"124\" srcset=\"https:\/\/blog.utp.edu.co\/laboratorioredes\/files\/2011\/04\/pk21.png 480w, https:\/\/blog.utp.edu.co\/laboratorioredes\/files\/2011\/04\/pk21-300x77.png 300w\" sizes=\"auto, (max-width: 480px) 100vw, 480px\" \/><\/a><\/p>\n<p><a href=\"http:\/\/blog.utp.edu.co\/laboratorioredes\/files\/2011\/04\/pk31.png\"><img loading=\"lazy\" decoding=\"async\" class=\"alignnone size-full wp-image-178\" src=\"http:\/\/blog.utp.edu.co\/laboratorioredes\/files\/2011\/04\/pk31.png\" alt=\"\" width=\"964\" height=\"575\" srcset=\"https:\/\/blog.utp.edu.co\/laboratorioredes\/files\/2011\/04\/pk31.png 964w, https:\/\/blog.utp.edu.co\/laboratorioredes\/files\/2011\/04\/pk31-300x178.png 300w\" sizes=\"auto, (max-width: 964px) 100vw, 964px\" \/><\/a><\/p>\n<p><strong>Paso 2. <\/strong>Si hacemos click sobre el router inmediatamente se abre una ventana con tres\u00a0pesta\u00f1as, <em>Physical, Config y CLI,<\/em> por el momento nos vamos a concentrar el <em>CLI<\/em><\/p>\n<p><em> <\/em><\/p>\n<p><strong>Paso 3. <\/strong>En esta pesta\u00f1a de <em>CLI<\/em> aparece la siguiente pregunta, <em>Continue with configuration dialog [yes\/no]<\/em>, escribimos <em>no.<\/em> Inmendiatamente despu\u00e9s debe salir un mensaje que dice <em>Press RETURN to get started, <\/em>para los que no saben que significa es presione Enter para iniciar.<\/p>\n<p><a href=\"http:\/\/blog.utp.edu.co\/laboratorioredes\/files\/2011\/04\/pk41.png\"><img loading=\"lazy\" decoding=\"async\" class=\"alignnone size-full wp-image-169\" src=\"http:\/\/blog.utp.edu.co\/laboratorioredes\/files\/2011\/04\/pk41.png\" alt=\"\" width=\"680\" height=\"508\" \/><\/a><\/p>\n<p>Al hacer esto vemos el indicador del que hablamos en clase.\u00a0<strong>En que tipo de usuario estamos?_______________________________<\/strong><\/p>\n<p><strong>Paso 4. <\/strong>En este modo tenemos \u00a0acceso a un n\u00famero limitado de comandos, para saber que comandos podemos ejecutar escribimos el signo de\u00a0interrogaci\u00f3n\u00a0<em>?<\/em>.<\/p>\n<p><a href=\"http:\/\/blog.utp.edu.co\/laboratorioredes\/files\/2011\/04\/pk61.png\"><img loading=\"lazy\" decoding=\"async\" class=\"alignnone size-full wp-image-168\" src=\"http:\/\/blog.utp.edu.co\/laboratorioredes\/files\/2011\/04\/pk61.png\" alt=\"\" width=\"646\" height=\"508\" \/><\/a><\/p>\n<p><strong>Cuantos comandos podemos ejecutar?__________________________________<\/strong><\/p>\n<p><strong>De todos estos comandos escriba los que conoce y para que sirven?<\/strong>._____________________________________________________________________________________<\/p>\n<p><strong>Paso 5. <\/strong>Ejecute el comando <em>show version<\/em>, \u00a0y de la salida de este comando identifique cual es la\u00a0versi\u00f3n\u00a0del sistema operativo y cual es el nombre del archivo de la imagen del sistema operativo, <strong>al igual en que lugar se esta guardando dicho archivo?_____________<\/strong>. <strong>Cuantas interfaces tiene<\/strong>?___________________________. <strong>Cuanta memoria tiene para la NVRAM ?<\/strong>_________________________ y <strong>cuanta en la flash?<\/strong>____________________ Se debe ver algo parecido a esto.<\/p>\n<p><a href=\"http:\/\/blog.utp.edu.co\/laboratorioredes\/files\/2011\/04\/pk71.png\"><img loading=\"lazy\" decoding=\"async\" class=\"alignnone size-full wp-image-167\" src=\"http:\/\/blog.utp.edu.co\/laboratorioredes\/files\/2011\/04\/pk71.png\" alt=\"\" width=\"644\" height=\"801\" \/><\/a><\/p>\n<p><strong>Paso 6. <\/strong>Escribiendo la palabra <em>enable<\/em> cambiamos de modo de usuario, en que<strong> modo estamos ahora?_________________________<\/strong>, <strong>como lo notamos?______________________<\/strong><\/p>\n<p><strong>Paso 7. <\/strong><strong>Ahora veamos cuales comandos podemos ejecutar desde este modo?________<\/strong><\/p>\n<p><strong>Paso 8. <\/strong>Despu\u00e9s de esto vamos a examinar dos archivos muy importantes en el router, el archivo de\u00a0configuraci\u00f3n\u00a0de inicio y el archivo de\u00a0configuraci\u00f3n\u00a0en\u00a0ejecuci\u00f3n, el primero es el cual\u00a0utiliza\u00a0el router \u00a0cada vez que se inicia. Como\u00a0todav\u00eda\u00a0no existe este archivo lo creamos copiando la configuraci\u00f3n en ejecuci\u00f3n de la siguiente manera. Cuando nos pregunte <em>Destination file [startup-config]<\/em> Simplemente presionamos <em>Enter<\/em><\/p>\n<p><em> <\/em><\/p>\n<p><a href=\"http:\/\/blog.utp.edu.co\/laboratorioredes\/files\/2011\/04\/pk82.png\"><img loading=\"lazy\" decoding=\"async\" class=\"alignnone size-full wp-image-183\" src=\"http:\/\/blog.utp.edu.co\/laboratorioredes\/files\/2011\/04\/pk82.png\" alt=\"\" width=\"591\" height=\"89\" srcset=\"https:\/\/blog.utp.edu.co\/laboratorioredes\/files\/2011\/04\/pk82.png 591w, https:\/\/blog.utp.edu.co\/laboratorioredes\/files\/2011\/04\/pk82-300x45.png 300w\" sizes=\"auto, (max-width: 591px) 100vw, 591px\" \/><\/a><\/p>\n<p><strong>Paso 9. <\/strong>El segundo es la configuraci\u00f3n que el router esta utilizando, asi que si se hace un cambio y este no se guarda en el archivo de configuraci\u00f3n de inicio los cambios se\u00a0perder\u00e1n. Para ver este archivo ejecutamos el comando que se ve en la imagen. Como el archivo es mas grande que el tama\u00f1o de la ventana el lo muestra por partes, para ir pasando de pagina en pagina lo hacemos con la <em>barra\u00a0espaciadora<\/em>, y si queremos pasar de rengl\u00f3n en regl\u00f3n, lo hacemos con la tecla <em>Enter<\/em>, nos damos cuenta de esto porque en la parte inferior de la pantalla aparece la palabra <em>&#8211;More&#8211;<\/em>, si simplemente no queremos llegar al final del archivo presionamos la tecla <em>q.<\/em><\/p>\n<p><em><a href=\"http:\/\/blog.utp.edu.co\/laboratorioredes\/files\/2011\/04\/pk91.png\"><img loading=\"lazy\" decoding=\"async\" class=\"alignnone size-full wp-image-165\" src=\"http:\/\/blog.utp.edu.co\/laboratorioredes\/files\/2011\/04\/pk91.png\" alt=\"\" width=\"645\" height=\"712\" \/><\/a><\/em><\/p>\n<p><strong>Paso 10. <\/strong>Ahora vamos a hacer nuestro primer cambio, entramos al modo de\u00a0configuraci\u00f3n\u00a0global y cambiamos el nombre del router por <em>Pereira. <\/em>Como esto lo vimos en clase muestro el resultado\u00a0despu\u00e9s\u00a0de hacerlo<\/p>\n<p><a href=\"http:\/\/blog.utp.edu.co\/laboratorioredes\/files\/2011\/04\/pk101.png\"><img loading=\"lazy\" decoding=\"async\" class=\"alignnone size-full wp-image-185\" src=\"http:\/\/blog.utp.edu.co\/laboratorioredes\/files\/2011\/04\/pk101.png\" alt=\"\" width=\"592\" height=\"20\" srcset=\"https:\/\/blog.utp.edu.co\/laboratorioredes\/files\/2011\/04\/pk101.png 592w, https:\/\/blog.utp.edu.co\/laboratorioredes\/files\/2011\/04\/pk101-300x10.png 300w\" sizes=\"auto, (max-width: 592px) 100vw, 592px\" \/><\/a><\/p>\n<p><span style=\"color: #000000\"><strong>Paso 11. <\/strong>Los comando\u00a0<em>show<\/em> y\u00a0<em>copy<\/em> s\u00f3lo pueden ejecutarse desde el modo privilegiado asi que para salir de configuraci\u00f3n global debemos escribir\u00a0<em>exit.<\/em>Despu\u00e9s de este comando sale un mensaje de depuraci\u00f3n, simplemente presionamos <em>Enter<\/em> nuevamente.<\/span><\/p>\n<p><span style=\"color: #000000\"><a href=\"http:\/\/blog.utp.edu.co\/laboratorioredes\/files\/2011\/04\/pk111.png\"><img loading=\"lazy\" decoding=\"async\" class=\"alignnone size-full wp-image-186\" src=\"http:\/\/blog.utp.edu.co\/laboratorioredes\/files\/2011\/04\/pk111.png\" alt=\"\" width=\"592\" height=\"91\" srcset=\"https:\/\/blog.utp.edu.co\/laboratorioredes\/files\/2011\/04\/pk111.png 592w, https:\/\/blog.utp.edu.co\/laboratorioredes\/files\/2011\/04\/pk111-300x46.png 300w\" sizes=\"auto, (max-width: 592px) 100vw, 592px\" \/><\/a><\/span><\/p>\n<p><span style=\"color: #000000\"><strong>Paso 12.<\/strong><em> <\/em>Ahora visualizamos ambos archivos y verificamos como en el de ejecuci\u00f3n se ve el cambio de nombre de router <em>Pereira<\/em> mientras que en el de inicio debe aparecer el nombre anterior <em>Router<\/em><\/span><\/p>\n<p><a href=\"http:\/\/blog.utp.edu.co\/laboratorioredes\/files\/2011\/04\/pk121.png\"><img loading=\"lazy\" decoding=\"async\" class=\"alignnone size-full wp-image-187\" src=\"http:\/\/blog.utp.edu.co\/laboratorioredes\/files\/2011\/04\/pk121.png\" alt=\"\" width=\"590\" height=\"213\" srcset=\"https:\/\/blog.utp.edu.co\/laboratorioredes\/files\/2011\/04\/pk121.png 590w, https:\/\/blog.utp.edu.co\/laboratorioredes\/files\/2011\/04\/pk121-300x108.png 300w\" sizes=\"auto, (max-width: 590px) 100vw, 590px\" \/><\/a><\/p>\n<p><a href=\"http:\/\/blog.utp.edu.co\/laboratorioredes\/files\/2011\/04\/pk131.png\"><img loading=\"lazy\" decoding=\"async\" class=\"alignnone size-full wp-image-188\" src=\"http:\/\/blog.utp.edu.co\/laboratorioredes\/files\/2011\/04\/pk131.png\" alt=\"\" width=\"593\" height=\"162\" srcset=\"https:\/\/blog.utp.edu.co\/laboratorioredes\/files\/2011\/04\/pk131.png 593w, https:\/\/blog.utp.edu.co\/laboratorioredes\/files\/2011\/04\/pk131-300x81.png 300w\" sizes=\"auto, (max-width: 593px) 100vw, 593px\" \/><\/a><\/p>\n<p><strong>Paso 13. <\/strong>Para guardar los cambios \u00a0hechos en el archivo en\u00a0ejecuci\u00f3n\u00a0al archivo de inicio se debe lo mismo del paso 8<\/p>\n<p><strong>Paso 14.<\/strong> Ahora verificamos ambos archivos y observamos como se han guardado los cambios como lo hicimos en el paso 12.<\/p>\n<p><strong>Tarea 2<\/strong><\/p>\n<p>Ahora lo que vamos a hacer es agregar una\u00a0Interface\u00a0serial al router, este router tiene dos m\u00f3dulos para su crecimiento, es decir es escalable, as\u00ed como los que compran para la casa \ud83d\ude1b<\/p>\n<p><strong>Paso 1.<\/strong><span style=\"color: #000000\"> Pasamos a la pesta\u00f1a <\/span><em>Physical,<\/em><span style=\"color: #000000\"> aqu\u00ed podemos ver la parte trasera de este modelo de router, vemos las interfaces <em>FastEthernet, console, aux<\/em>, \u00a0dos <em>slots<\/em> en donde van los m\u00f3dulos de <\/span>expansi\u00f3n<span style=\"color: #000000\"> y finalmente el interruptor que sirve para apagar y prender el router. \u00a0En la parte izquierda vemos un listado de los m\u00f3dulos que se pueden agregar a este router, para nuestro laboratorio vamos a utilizar el <em>WIC-2T, <\/em>seleccionamos este m\u00f3dulo y arrastramos la imagen de modulo desde la parte inferior derecha hasta el <em>slot 0, <\/em>como se ve en la imagen.<\/span><\/p>\n<p><a href=\"http:\/\/blog.utp.edu.co\/laboratorioredes\/files\/2011\/04\/pktarea2_18.png\"><img loading=\"lazy\" decoding=\"async\" class=\"alignnone size-full wp-image-189\" src=\"http:\/\/blog.utp.edu.co\/laboratorioredes\/files\/2011\/04\/pktarea2_18.png\" alt=\"\" width=\"1057\" height=\"501\" srcset=\"https:\/\/blog.utp.edu.co\/laboratorioredes\/files\/2011\/04\/pktarea2_18.png 1057w, https:\/\/blog.utp.edu.co\/laboratorioredes\/files\/2011\/04\/pktarea2_18-300x142.png 300w, https:\/\/blog.utp.edu.co\/laboratorioredes\/files\/2011\/04\/pktarea2_18-1024x485.png 1024w\" sizes=\"auto, (max-width: 1057px) 100vw, 1057px\" \/><\/a><\/p>\n<p><a href=\"http:\/\/blog.utp.edu.co\/laboratorioredes\/files\/2011\/04\/pktarea2_21.png\"><img loading=\"lazy\" decoding=\"async\" class=\"alignnone size-full wp-image-190\" src=\"http:\/\/blog.utp.edu.co\/laboratorioredes\/files\/2011\/04\/pktarea2_21.png\" alt=\"\" width=\"1061\" height=\"507\" srcset=\"https:\/\/blog.utp.edu.co\/laboratorioredes\/files\/2011\/04\/pktarea2_21.png 1061w, https:\/\/blog.utp.edu.co\/laboratorioredes\/files\/2011\/04\/pktarea2_21-300x143.png 300w, https:\/\/blog.utp.edu.co\/laboratorioredes\/files\/2011\/04\/pktarea2_21-1024x489.png 1024w\" sizes=\"auto, (max-width: 1061px) 100vw, 1061px\" \/><\/a><\/p>\n<p>Le salio un error?, pues lea el mensaje y solucione el problema \ud83d\ude42<\/p>\n<p>Debe quedar\u00a0as\u00ed:<\/p>\n<p><a href=\"http:\/\/blog.utp.edu.co\/laboratorioredes\/files\/2011\/04\/pktarea2_31.png\"><img loading=\"lazy\" decoding=\"async\" class=\"alignnone size-full wp-image-191\" src=\"http:\/\/blog.utp.edu.co\/laboratorioredes\/files\/2011\/04\/pktarea2_31.png\" alt=\"\" width=\"1070\" height=\"243\" srcset=\"https:\/\/blog.utp.edu.co\/laboratorioredes\/files\/2011\/04\/pktarea2_31.png 1070w, https:\/\/blog.utp.edu.co\/laboratorioredes\/files\/2011\/04\/pktarea2_31-300x68.png 300w, https:\/\/blog.utp.edu.co\/laboratorioredes\/files\/2011\/04\/pktarea2_31-1024x232.png 1024w\" sizes=\"auto, (max-width: 1070px) 100vw, 1070px\" \/><\/a><\/p>\n<p><strong>Paso 2.<\/strong> Despu\u00e9s de instalar las interfaces seriales correctamente en el <em>slot 0<\/em> y de prender el router, regresamos a la pesta\u00f1a del <em>CLI<\/em> e ingresamos al modo de usuario, aqu\u00ed ejecutamos el comando <em>show version<\/em>,<strong> que diferencias vemos con la salida del mismo comando en la Tarea 1?______________________________________________________________________<\/strong><\/p>\n<p><a href=\"http:\/\/blog.utp.edu.co\/laboratorioredes\/files\/2011\/04\/pktarea2_41.png\"><img loading=\"lazy\" decoding=\"async\" class=\"alignnone size-full wp-image-192\" src=\"http:\/\/blog.utp.edu.co\/laboratorioredes\/files\/2011\/04\/pktarea2_41.png\" alt=\"\" width=\"654\" height=\"469\" srcset=\"https:\/\/blog.utp.edu.co\/laboratorioredes\/files\/2011\/04\/pktarea2_41.png 654w, https:\/\/blog.utp.edu.co\/laboratorioredes\/files\/2011\/04\/pktarea2_41-300x215.png 300w\" sizes=\"auto, (max-width: 654px) 100vw, 654px\" \/><\/a><\/p>\n<p><span style=\"color: #000000\"><strong>Paso 3. <\/strong>Ahora vamos a conectar una topolog\u00eda como lo hicimos en la clase anterior, debemos empezar de la siguiente manera.<\/span><\/p>\n<p><span style=\"color: #000000\"><a href=\"http:\/\/blog.utp.edu.co\/laboratorioredes\/files\/2011\/04\/pktarea2_51.png\"><img loading=\"lazy\" decoding=\"async\" class=\"alignnone size-full wp-image-193\" src=\"http:\/\/blog.utp.edu.co\/laboratorioredes\/files\/2011\/04\/pktarea2_51.png\" alt=\"\" width=\"966\" height=\"578\" srcset=\"https:\/\/blog.utp.edu.co\/laboratorioredes\/files\/2011\/04\/pktarea2_51.png 966w, https:\/\/blog.utp.edu.co\/laboratorioredes\/files\/2011\/04\/pktarea2_51-300x179.png 300w\" sizes=\"auto, (max-width: 966px) 100vw, 966px\" \/><\/a><\/span><\/p>\n<p><span style=\"color: #000000\">Es muy importante que escojan el icono de conexi\u00f3n que se ve en la figura y que la conexi\u00f3n la hagan del router 0 al router 1, no es que tenga que ser as\u00ed, s\u00f3lo para el desarrollo del laboratorio<\/span><\/p>\n<p><span style=\"color: #000000\"><a href=\"http:\/\/blog.utp.edu.co\/laboratorioredes\/files\/2011\/04\/pktarea2_61.png\"><img loading=\"lazy\" decoding=\"async\" class=\"alignnone size-full wp-image-194\" src=\"http:\/\/blog.utp.edu.co\/laboratorioredes\/files\/2011\/04\/pktarea2_61.png\" alt=\"\" width=\"967\" height=\"582\" srcset=\"https:\/\/blog.utp.edu.co\/laboratorioredes\/files\/2011\/04\/pktarea2_61.png 967w, https:\/\/blog.utp.edu.co\/laboratorioredes\/files\/2011\/04\/pktarea2_61-300x180.png 300w\" sizes=\"auto, (max-width: 967px) 100vw, 967px\" \/><\/a><\/span><\/p>\n<p><span style=\"color: #000000\"><a href=\"http:\/\/blog.utp.edu.co\/laboratorioredes\/files\/2011\/04\/pktarea2_61.png\"><\/a><a href=\"http:\/\/blog.utp.edu.co\/laboratorioredes\/files\/2011\/04\/pktarea2_71.png\"><img loading=\"lazy\" decoding=\"async\" class=\"alignnone size-full wp-image-195\" src=\"http:\/\/blog.utp.edu.co\/laboratorioredes\/files\/2011\/04\/pktarea2_71.png\" alt=\"\" width=\"967\" height=\"580\" srcset=\"https:\/\/blog.utp.edu.co\/laboratorioredes\/files\/2011\/04\/pktarea2_71.png 967w, https:\/\/blog.utp.edu.co\/laboratorioredes\/files\/2011\/04\/pktarea2_71-300x179.png 300w\" sizes=\"auto, (max-width: 967px) 100vw, 967px\" \/><\/a><\/span><\/p>\n<p><span style=\"color: #000000\"><a href=\"http:\/\/blog.utp.edu.co\/laboratorioredes\/files\/2011\/04\/pktarea2_81.png\"><img loading=\"lazy\" decoding=\"async\" class=\"alignnone size-full wp-image-196\" src=\"http:\/\/blog.utp.edu.co\/laboratorioredes\/files\/2011\/04\/pktarea2_81.png\" alt=\"\" width=\"965\" height=\"582\" srcset=\"https:\/\/blog.utp.edu.co\/laboratorioredes\/files\/2011\/04\/pktarea2_81.png 965w, https:\/\/blog.utp.edu.co\/laboratorioredes\/files\/2011\/04\/pktarea2_81-300x180.png 300w\" sizes=\"auto, (max-width: 965px) 100vw, 965px\" \/><\/a><\/span><\/p>\n<p><span style=\"color: #000000\">Ahora seleccionamos el cable con el cual debemos conectar un router con el switch, y seleccionamos en cual puerto del router. <\/span><\/p>\n<p><span style=\"color: #000000\"><a href=\"http:\/\/blog.utp.edu.co\/laboratorioredes\/files\/2011\/04\/pktarea2_91.png\"><img loading=\"lazy\" decoding=\"async\" class=\"alignnone size-full wp-image-197\" src=\"http:\/\/blog.utp.edu.co\/laboratorioredes\/files\/2011\/04\/pktarea2_91.png\" alt=\"\" width=\"967\" height=\"582\" srcset=\"https:\/\/blog.utp.edu.co\/laboratorioredes\/files\/2011\/04\/pktarea2_91.png 967w, https:\/\/blog.utp.edu.co\/laboratorioredes\/files\/2011\/04\/pktarea2_91-300x180.png 300w\" sizes=\"auto, (max-width: 967px) 100vw, 967px\" \/><\/a><\/span><\/p>\n<p><span style=\"color: #000000\">y seleccionamos el puerto del switch, generalmente se debe seleccionar el puerto con mayor ancho de banda, pero en este switch todos los puertos tienen el mismo ancho de banda.<\/span><\/p>\n<p><span style=\"color: #000000\"><a href=\"http:\/\/blog.utp.edu.co\/laboratorioredes\/files\/2011\/04\/pktarea2_101.png\"><img loading=\"lazy\" decoding=\"async\" class=\"alignnone size-full wp-image-198\" src=\"http:\/\/blog.utp.edu.co\/laboratorioredes\/files\/2011\/04\/pktarea2_101.png\" alt=\"\" width=\"966\" height=\"580\" srcset=\"https:\/\/blog.utp.edu.co\/laboratorioredes\/files\/2011\/04\/pktarea2_101.png 966w, https:\/\/blog.utp.edu.co\/laboratorioredes\/files\/2011\/04\/pktarea2_101-300x180.png 300w\" sizes=\"auto, (max-width: 966px) 100vw, 966px\" \/><\/a><\/span><\/p>\n<p><span style=\"color: #000000\"><a href=\"http:\/\/blog.utp.edu.co\/laboratorioredes\/files\/2011\/04\/pktarea2_111.png\"><img loading=\"lazy\" decoding=\"async\" class=\"alignnone size-full wp-image-199\" src=\"http:\/\/blog.utp.edu.co\/laboratorioredes\/files\/2011\/04\/pktarea2_111.png\" alt=\"\" width=\"966\" height=\"581\" srcset=\"https:\/\/blog.utp.edu.co\/laboratorioredes\/files\/2011\/04\/pktarea2_111.png 966w, https:\/\/blog.utp.edu.co\/laboratorioredes\/files\/2011\/04\/pktarea2_111-300x180.png 300w\" sizes=\"auto, (max-width: 966px) 100vw, 966px\" \/><\/a><\/span><\/p>\n<p><span style=\"color: #000000\"><a href=\"http:\/\/blog.utp.edu.co\/laboratorioredes\/files\/2011\/04\/pktarea2_121.png\"><img loading=\"lazy\" decoding=\"async\" class=\"alignnone size-full wp-image-200\" src=\"http:\/\/blog.utp.edu.co\/laboratorioredes\/files\/2011\/04\/pktarea2_121.png\" alt=\"\" width=\"967\" height=\"578\" srcset=\"https:\/\/blog.utp.edu.co\/laboratorioredes\/files\/2011\/04\/pktarea2_121.png 967w, https:\/\/blog.utp.edu.co\/laboratorioredes\/files\/2011\/04\/pktarea2_121-300x179.png 300w\" sizes=\"auto, (max-width: 967px) 100vw, 967px\" \/><\/a><\/span><\/p>\n<p><span style=\"color: #000000\"><a href=\"http:\/\/blog.utp.edu.co\/laboratorioredes\/files\/2011\/04\/pktarea2_131.png\"><img loading=\"lazy\" decoding=\"async\" class=\"alignnone size-full wp-image-201\" src=\"http:\/\/blog.utp.edu.co\/laboratorioredes\/files\/2011\/04\/pktarea2_131.png\" alt=\"\" width=\"966\" height=\"582\" srcset=\"https:\/\/blog.utp.edu.co\/laboratorioredes\/files\/2011\/04\/pktarea2_131.png 966w, https:\/\/blog.utp.edu.co\/laboratorioredes\/files\/2011\/04\/pktarea2_131-300x180.png 300w\" sizes=\"auto, (max-width: 966px) 100vw, 966px\" \/><\/a><\/span><\/p>\n<p><span style=\"color: #000000\"><a href=\"http:\/\/blog.utp.edu.co\/laboratorioredes\/files\/2011\/04\/pktarea2_141.png\"><img loading=\"lazy\" decoding=\"async\" class=\"alignnone size-full wp-image-202\" src=\"http:\/\/blog.utp.edu.co\/laboratorioredes\/files\/2011\/04\/pktarea2_141.png\" alt=\"\" width=\"965\" height=\"578\" srcset=\"https:\/\/blog.utp.edu.co\/laboratorioredes\/files\/2011\/04\/pktarea2_141.png 965w, https:\/\/blog.utp.edu.co\/laboratorioredes\/files\/2011\/04\/pktarea2_141-300x179.png 300w\" sizes=\"auto, (max-width: 965px) 100vw, 965px\" \/><\/a><\/span><\/p>\n<p><span style=\"color: #000000\">Hasta tener una topolog\u00eda de la siguiente manera<\/span><\/p>\n<p><span style=\"color: #000000\"><strong><span style=\"font-family: Georgia, 'Times New Roman', 'Bitstream Charter', Times, serif;line-height: 19px;font-weight: normal\"><img loading=\"lazy\" decoding=\"async\" class=\"alignnone size-full wp-image-203\" src=\"http:\/\/blog.utp.edu.co\/laboratorioredes\/files\/2011\/04\/pktarea2_151.png\" alt=\"\" width=\"855\" height=\"688\" srcset=\"https:\/\/blog.utp.edu.co\/laboratorioredes\/files\/2011\/04\/pktarea2_151.png 855w, https:\/\/blog.utp.edu.co\/laboratorioredes\/files\/2011\/04\/pktarea2_151-300x241.png 300w\" sizes=\"auto, (max-width: 855px) 100vw, 855px\" \/><\/span><\/strong><\/span><\/p>\n<p><span style=\"color: #000000\"><strong>Paso 4.<\/strong> Ahora empezamos a configurar los routers como lo hicimos en clase, primero el router 0<\/span><\/p>\n<p><span style=\"color: #000000\"><a href=\"http:\/\/blog.utp.edu.co\/laboratorioredes\/files\/2011\/04\/pktarea2_161.png\"><img loading=\"lazy\" decoding=\"async\" class=\"alignnone size-full wp-image-204\" src=\"http:\/\/blog.utp.edu.co\/laboratorioredes\/files\/2011\/04\/pktarea2_161.png\" alt=\"\" width=\"609\" height=\"295\" srcset=\"https:\/\/blog.utp.edu.co\/laboratorioredes\/files\/2011\/04\/pktarea2_161.png 609w, https:\/\/blog.utp.edu.co\/laboratorioredes\/files\/2011\/04\/pktarea2_161-300x145.png 300w\" sizes=\"auto, (max-width: 609px) 100vw, 609px\" \/><\/a><\/span><\/p>\n<p><strong>Paso 5<\/strong>. Seguimos con el Router 1<\/p>\n<p><a href=\"http:\/\/blog.utp.edu.co\/laboratorioredes\/files\/2011\/04\/pktarea2_171.png\"><img loading=\"lazy\" decoding=\"async\" class=\"alignnone size-full wp-image-205\" src=\"http:\/\/blog.utp.edu.co\/laboratorioredes\/files\/2011\/04\/pktarea2_171.png\" alt=\"\" width=\"630\" height=\"245\" srcset=\"https:\/\/blog.utp.edu.co\/laboratorioredes\/files\/2011\/04\/pktarea2_171.png 630w, https:\/\/blog.utp.edu.co\/laboratorioredes\/files\/2011\/04\/pktarea2_171-300x116.png 300w\" sizes=\"auto, (max-width: 630px) 100vw, 630px\" \/><\/a><\/p>\n","protected":false},"excerpt":{"rendered":"<p>El simulador que vamos a utilizar se llama el Packet Tracert, la \u00faltima\u00a0versi\u00f3n\u00a0es la 5.3.2, as\u00ed que algunas\u00a0caracter\u00edsticas\u00a0pueden cambiar entre versiones, pero estas son\u00a0m\u00ednimas\u00a0y no deben afectar el desarrollo de nuestras actividades. \u00a0Este laboratorio no es acerca del simulador as\u00ed &hellip; <a href=\"https:\/\/blog.utp.edu.co\/laboratorioredes\/laboratorio-simulador\/\">Sigue leyendo <span class=\"meta-nav\">&rarr;<\/span><\/a><\/p>\n","protected":false},"author":253,"featured_media":175,"parent":0,"menu_order":0,"comment_status":"open","ping_status":"closed","template":"","meta":{"footnotes":""},"class_list":["post-127","page","type-page","status-publish","has-post-thumbnail","hentry"],"_links":{"self":[{"href":"https:\/\/blog.utp.edu.co\/laboratorioredes\/wp-json\/wp\/v2\/pages\/127","targetHints":{"allow":["GET"]}}],"collection":[{"href":"https:\/\/blog.utp.edu.co\/laboratorioredes\/wp-json\/wp\/v2\/pages"}],"about":[{"href":"https:\/\/blog.utp.edu.co\/laboratorioredes\/wp-json\/wp\/v2\/types\/page"}],"author":[{"embeddable":true,"href":"https:\/\/blog.utp.edu.co\/laboratorioredes\/wp-json\/wp\/v2\/users\/253"}],"replies":[{"embeddable":true,"href":"https:\/\/blog.utp.edu.co\/laboratorioredes\/wp-json\/wp\/v2\/comments?post=127"}],"version-history":[{"count":29,"href":"https:\/\/blog.utp.edu.co\/laboratorioredes\/wp-json\/wp\/v2\/pages\/127\/revisions"}],"predecessor-version":[{"id":134,"href":"https:\/\/blog.utp.edu.co\/laboratorioredes\/wp-json\/wp\/v2\/pages\/127\/revisions\/134"}],"wp:featuredmedia":[{"embeddable":true,"href":"https:\/\/blog.utp.edu.co\/laboratorioredes\/wp-json\/wp\/v2\/media\/175"}],"wp:attachment":[{"href":"https:\/\/blog.utp.edu.co\/laboratorioredes\/wp-json\/wp\/v2\/media?parent=127"}],"curies":[{"name":"wp","href":"https:\/\/api.w.org\/{rel}","templated":true}]}}