{"id":109,"date":"2011-03-11T19:41:06","date_gmt":"2011-03-11T19:41:06","guid":{"rendered":"http:\/\/blog.utp.edu.co\/laboratorioredes\/"},"modified":"2011-03-12T17:45:22","modified_gmt":"2011-03-12T17:45:22","slug":"segundo-laboratorio","status":"publish","type":"page","link":"https:\/\/blog.utp.edu.co\/laboratorioredes\/segundo-laboratorio\/","title":{"rendered":"Segundo Laboratorio"},"content":{"rendered":"<p>En este laboratorio vamos a hacer algo similar al segundo, solo que en esta vez \u00a0vamos a comparar el protocolo ftp con el scp, ambos sirven para transferir archivos pero uno lo hace de forma segura y el otro no.<\/p>\n<p>Vamos a descargar los siguientes programas<\/p>\n<p><a href=\"http:\/\/www.utp.edu.co\/~fgallego\/FileZillaPortable_3.3.5.1.paf.exe\">FileZilla Portable<\/a><\/p>\n<p><a href=\"http:\/\/www.utp.edu.co\/~fgallego\/WinSCPPortable_4.2.9.paf.exe\">WinScp Portable<\/a><\/p>\n<p>Estos dos aplicativos son aplicativos portables, eso significa que los podemos instalar en nuestras memorias USB y utilizarlas en cualquier equipo, muy\u00a0\u00fatiles\u00a0cuando no tenemos permisos para instalar aplicativos en el sistema operativo \u00f3 simplemente para no tener que descargarlas cada\u00a0ocasi\u00f3n\u00a0que cambiemos de equipo, todo el software que estamos utilizando es libre, las pueden encontrar en <a href=\"\/\/portableapps.com\/apps\">\ufeffhttp:\/\/portableapps.com\/apps<\/a><\/p>\n<p>El primero que vamos a abrir es el <em>FileZila<\/em>, podemos ver los campos<\/p>\n<ul>\n<li><em>Servidor <\/em>la direccion IP de su servidor FTP, recuerda cual es?<\/li>\n<li><em> Nombre de usuario<\/em> Es el usuario que existe el el servidor y puede usar este servicio, cuando es un servidor FTP p\u00fablico, generalmente este usuario es <em>anonymous<\/em>, para nuestro caso es el usuario con el cual nos autenticamos en el servidor Linux, lo recuerda?<\/li>\n<li><em>contrase\u00f1a<\/em> pues la contrase\u00f1a del usuario, cual es?<\/li>\n<li><em>puerto,<\/em> cual es el puerto por el cual se conecta el cliente \u00a0al servidor FTP?<\/li>\n<\/ul>\n<p>Antes de conectarnos al servidor FTP iniciamos la captura de paquetes con el <em>Wireshark<\/em> despu\u00e9s de esto\u00a0hacemos click en el bot\u00f3n <em>conexi\u00f3n r\u00e1pida<\/em> del <em>FileZila<\/em><\/p>\n<p><em><a href=\"http:\/\/blog.utp.edu.co\/laboratorioredes\/files\/2011\/03\/lab2_fz1.png\"><img loading=\"lazy\" decoding=\"async\" class=\"alignnone size-full wp-image-123\" src=\"http:\/\/blog.utp.edu.co\/laboratorioredes\/files\/2011\/03\/lab2_fz1.png\" alt=\"\" width=\"899\" height=\"184\" srcset=\"https:\/\/blog.utp.edu.co\/laboratorioredes\/files\/2011\/03\/lab2_fz1.png 899w, https:\/\/blog.utp.edu.co\/laboratorioredes\/files\/2011\/03\/lab2_fz1-300x61.png 300w\" sizes=\"auto, (max-width: 899px) 100vw, 899px\" \/><\/a><\/em><\/p>\n","protected":false},"excerpt":{"rendered":"<p>En este laboratorio vamos a hacer algo similar al segundo, solo que en esta vez \u00a0vamos a comparar el protocolo ftp con el scp, ambos sirven para transferir archivos pero uno lo hace de forma segura y el otro no. &hellip; <a href=\"https:\/\/blog.utp.edu.co\/laboratorioredes\/segundo-laboratorio\/\">Sigue leyendo <span class=\"meta-nav\">&rarr;<\/span><\/a><\/p>\n","protected":false},"author":253,"featured_media":123,"parent":0,"menu_order":0,"comment_status":"open","ping_status":"open","template":"","meta":{"footnotes":""},"class_list":["post-109","page","type-page","status-publish","has-post-thumbnail","hentry"],"_links":{"self":[{"href":"https:\/\/blog.utp.edu.co\/laboratorioredes\/wp-json\/wp\/v2\/pages\/109","targetHints":{"allow":["GET"]}}],"collection":[{"href":"https:\/\/blog.utp.edu.co\/laboratorioredes\/wp-json\/wp\/v2\/pages"}],"about":[{"href":"https:\/\/blog.utp.edu.co\/laboratorioredes\/wp-json\/wp\/v2\/types\/page"}],"author":[{"embeddable":true,"href":"https:\/\/blog.utp.edu.co\/laboratorioredes\/wp-json\/wp\/v2\/users\/253"}],"replies":[{"embeddable":true,"href":"https:\/\/blog.utp.edu.co\/laboratorioredes\/wp-json\/wp\/v2\/comments?post=109"}],"version-history":[{"count":11,"href":"https:\/\/blog.utp.edu.co\/laboratorioredes\/wp-json\/wp\/v2\/pages\/109\/revisions"}],"predecessor-version":[{"id":111,"href":"https:\/\/blog.utp.edu.co\/laboratorioredes\/wp-json\/wp\/v2\/pages\/109\/revisions\/111"}],"wp:featuredmedia":[{"embeddable":true,"href":"https:\/\/blog.utp.edu.co\/laboratorioredes\/wp-json\/wp\/v2\/media\/123"}],"wp:attachment":[{"href":"https:\/\/blog.utp.edu.co\/laboratorioredes\/wp-json\/wp\/v2\/media?parent=109"}],"curies":[{"name":"wp","href":"https:\/\/api.w.org\/{rel}","templated":true}]}}