{"id":81,"date":"2024-03-20T07:58:23","date_gmt":"2024-03-20T12:58:23","guid":{"rendered":"https:\/\/blog.utp.edu.co\/juanestebanrodriguezvillada\/?page_id=81"},"modified":"2024-03-20T08:39:38","modified_gmt":"2024-03-20T13:39:38","slug":"blog","status":"publish","type":"page","link":"https:\/\/blog.utp.edu.co\/juanestebanrodriguezvillada\/blog\/","title":{"rendered":"Blog"},"content":{"rendered":"\n<p><\/p>\n\n\n\n<div class=\"wp-block-query is-layout-flow wp-block-query-is-layout-flow\"><ul class=\"wp-block-post-template is-layout-flow wp-block-post-template-is-layout-flow\"><li class=\"wp-block-post post-132 post type-post status-publish format-standard hentry category-sin-categoria\">\n<h2 class=\"wp-block-post-title\"><a href=\"https:\/\/blog.utp.edu.co\/juanestebanrodriguezvillada\/eficiencia-energetica-en-sistemas-industriales-camino-hacia-la-sostenibilidad\/\" target=\"_self\" >Eficiencia Energ\u00e9tica en Sistemas Industriales: Camino Hacia la Sostenibilidad<\/a><\/h2>\n\n\n\n<div class=\"wp-block-post-excerpt\"><p class=\"wp-block-post-excerpt__excerpt\">La eficiencia energ\u00e9tica es un aspecto crucial en la gesti\u00f3n de sistemas industriales modernos. No solo contribuye a la reducci\u00f3n [&hellip;] <\/p><\/div>\n\n\n<hr class=\"wp-block-separator has-css-opacity\" \/>\n\n\n<div class=\"wp-block-post-date\"><time datetime=\"2024-05-19T13:15:01-05:00\">19 de mayo de 2024<\/time><\/div>\n<\/li><li class=\"wp-block-post post-130 post type-post status-publish format-standard hentry category-sin-categoria\">\n<h2 class=\"wp-block-post-title\"><a href=\"https:\/\/blog.utp.edu.co\/juanestebanrodriguezvillada\/modbus-de-sus-inicios-a-su-papel-esencial-en-la-automatizacion-industrial\/\" target=\"_self\" >Modbus: De sus Inicios a su Papel Esencial en la Automatizaci\u00f3n Industrial<\/a><\/h2>\n\n\n\n<div class=\"wp-block-post-excerpt\"><p class=\"wp-block-post-excerpt__excerpt\">Introducci\u00f3n Modbus es uno de los protocolos de comunicaci\u00f3n m\u00e1s utilizados en la automatizaci\u00f3n industrial y los sistemas de control. [&hellip;] <\/p><\/div>\n\n\n<hr class=\"wp-block-separator has-css-opacity\" \/>\n\n\n<div class=\"wp-block-post-date\"><time datetime=\"2024-05-19T12:38:14-05:00\">19 de mayo de 2024<\/time><\/div>\n<\/li><li class=\"wp-block-post post-124 post type-post status-publish format-standard hentry category-sin-categoria\">\n<h2 class=\"wp-block-post-title\"><a href=\"https:\/\/blog.utp.edu.co\/juanestebanrodriguezvillada\/implementacion-del-arranque-wye-delta-con-frenado-por-contracorriente-usando-raspberry-pi-pico\/\" target=\"_self\" >Implementaci\u00f3n del Arranque WYE-DELTA con Frenado por Contracorriente Usando Raspberry Pi Pico<\/a><\/h2>\n\n\n\n<div class=\"wp-block-post-excerpt\"><p class=\"wp-block-post-excerpt__excerpt\">Introducci\u00f3n En la ingenier\u00eda el\u00e9ctrica, el m\u00e9todo de arranque WYE-Delta es esencial para el arranque suave de motores de inducci\u00f3n. [&hellip;] <\/p><\/div>\n\n\n<hr class=\"wp-block-separator has-css-opacity\" \/>\n\n\n<div class=\"wp-block-post-date\"><time datetime=\"2024-05-19T12:20:15-05:00\">19 de mayo de 2024<\/time><\/div>\n<\/li><\/ul><\/div>\n","protected":false},"excerpt":{"rendered":"","protected":false},"author":6484,"featured_media":0,"parent":0,"menu_order":0,"comment_status":"closed","ping_status":"closed","template":"","meta":{"site-sidebar-layout":"default","site-content-layout":"","ast-site-content-layout":"default","site-content-style":"default","site-sidebar-style":"default","ast-global-header-display":"","ast-banner-title-visibility":"","ast-main-header-display":"","ast-hfb-above-header-display":"","ast-hfb-below-header-display":"","ast-hfb-mobile-header-display":"","site-post-title":"","ast-breadcrumbs-content":"","ast-featured-img":"","footer-sml-layout":"","ast-disable-related-posts":"","theme-transparent-header-meta":"","adv-header-id-meta":"","stick-header-meta":"","header-above-stick-meta":"","header-main-stick-meta":"","header-below-stick-meta":"","astra-migrate-meta-layouts":"default","ast-page-background-enabled":"default","ast-page-background-meta":{"desktop":{"background-color":"var(--ast-global-color-4)","background-image":"","background-repeat":"repeat","background-position":"center center","background-size":"auto","background-attachment":"scroll","background-type":"","background-media":"","overlay-type":"","overlay-color":"","overlay-opacity":"","overlay-gradient":""},"tablet":{"background-color":"","background-image":"","background-repeat":"repeat","background-position":"center center","background-size":"auto","background-attachment":"scroll","background-type":"","background-media":"","overlay-type":"","overlay-color":"","overlay-opacity":"","overlay-gradient":""},"mobile":{"background-color":"","background-image":"","background-repeat":"repeat","background-position":"center center","background-size":"auto","background-attachment":"scroll","background-type":"","background-media":"","overlay-type":"","overlay-color":"","overlay-opacity":"","overlay-gradient":""}},"ast-content-background-meta":{"desktop":{"background-color":"var(--ast-global-color-5)","background-image":"","background-repeat":"repeat","background-position":"center center","background-size":"auto","background-attachment":"scroll","background-type":"","background-media":"","overlay-type":"","overlay-color":"","overlay-opacity":"","overlay-gradient":""},"tablet":{"background-color":"var(--ast-global-color-5)","background-image":"","background-repeat":"repeat","background-position":"center center","background-size":"auto","background-attachment":"scroll","background-type":"","background-media":"","overlay-type":"","overlay-color":"","overlay-opacity":"","overlay-gradient":""},"mobile":{"background-color":"var(--ast-global-color-5)","background-image":"","background-repeat":"repeat","background-position":"center center","background-size":"auto","background-attachment":"scroll","background-type":"","background-media":"","overlay-type":"","overlay-color":"","overlay-opacity":"","overlay-gradient":""}},"footnotes":""},"class_list":["post-81","page","type-page","status-publish","hentry"],"_links":{"self":[{"href":"https:\/\/blog.utp.edu.co\/juanestebanrodriguezvillada\/wp-json\/wp\/v2\/pages\/81","targetHints":{"allow":["GET"]}}],"collection":[{"href":"https:\/\/blog.utp.edu.co\/juanestebanrodriguezvillada\/wp-json\/wp\/v2\/pages"}],"about":[{"href":"https:\/\/blog.utp.edu.co\/juanestebanrodriguezvillada\/wp-json\/wp\/v2\/types\/page"}],"author":[{"embeddable":true,"href":"https:\/\/blog.utp.edu.co\/juanestebanrodriguezvillada\/wp-json\/wp\/v2\/users\/6484"}],"replies":[{"embeddable":true,"href":"https:\/\/blog.utp.edu.co\/juanestebanrodriguezvillada\/wp-json\/wp\/v2\/comments?post=81"}],"version-history":[{"count":2,"href":"https:\/\/blog.utp.edu.co\/juanestebanrodriguezvillada\/wp-json\/wp\/v2\/pages\/81\/revisions"}],"predecessor-version":[{"id":101,"href":"https:\/\/blog.utp.edu.co\/juanestebanrodriguezvillada\/wp-json\/wp\/v2\/pages\/81\/revisions\/101"}],"wp:attachment":[{"href":"https:\/\/blog.utp.edu.co\/juanestebanrodriguezvillada\/wp-json\/wp\/v2\/media?parent=81"}],"curies":[{"name":"wp","href":"https:\/\/api.w.org\/{rel}","templated":true}]}}