{"id":73,"date":"2024-03-20T07:53:29","date_gmt":"2024-03-20T12:53:29","guid":{"rendered":"https:\/\/blog.utp.edu.co\/juanestebanrodriguezvillada\/?page_id=73"},"modified":"2024-05-19T13:29:26","modified_gmt":"2024-05-19T18:29:26","slug":"inicio","status":"publish","type":"page","link":"https:\/\/blog.utp.edu.co\/juanestebanrodriguezvillada\/","title":{"rendered":"Inicio"},"content":{"rendered":"\n<h1 class=\"wp-block-heading\">Juan Esteban Rodr\u00edguez Villada<\/h1>\n\n\n\n<p>Tecn\u00f3logo en Electricidad &#8211; Estudiante de Ingenier\u00eda El\u00e9ctrica<\/p>\n\n\n\n<figure class=\"wp-block-image size-large\"><img loading=\"lazy\" decoding=\"async\" width=\"1024\" height=\"473\" src=\"https:\/\/blog.utp.edu.co\/juanestebanrodriguezvillada\/files\/2024\/05\/IMG_20220730_151831-1024x473.jpg\" alt=\"\" class=\"wp-image-137\" srcset=\"https:\/\/blog.utp.edu.co\/juanestebanrodriguezvillada\/files\/2024\/05\/IMG_20220730_151831-1024x473.jpg 1024w, https:\/\/blog.utp.edu.co\/juanestebanrodriguezvillada\/files\/2024\/05\/IMG_20220730_151831-300x139.jpg 300w, https:\/\/blog.utp.edu.co\/juanestebanrodriguezvillada\/files\/2024\/05\/IMG_20220730_151831-768x355.jpg 768w, https:\/\/blog.utp.edu.co\/juanestebanrodriguezvillada\/files\/2024\/05\/IMG_20220730_151831-1536x709.jpg 1536w, https:\/\/blog.utp.edu.co\/juanestebanrodriguezvillada\/files\/2024\/05\/IMG_20220730_151831-2048x946.jpg 2048w\" sizes=\"auto, (max-width: 1024px) 100vw, 1024px\" \/><\/figure>\n\n\n\n<p><br><\/p>\n\n\n\n<h2 class=\"wp-block-heading\">Un poco sobre M\u00ed<\/h2>\n\n\n\n<p>Soy Juan Esteban Rodr\u00edguez Villada, apasionado de la naturaleza y la tecnolog\u00eda. Desde muy joven, he sentido una profunda conexi\u00f3n con el entorno natural, desde los r\u00edos, bosques y p\u00e1ramos hasta la fauna y la flora que habitan en ellos. Mi amor por el planeta ha sido una fuente constante de inspiraci\u00f3n en mi vida y en mi carrera profesional.  <mark class=\"has-inline-color has-ast-global-color-1-color\"><a href=\"https:\/\/blog.utp.edu.co\/juanestebanrodriguezvillada\/sobre-mi\/\" data-type=\"link\" data-id=\"https:\/\/blog.utp.edu.co\/juanestebanrodriguezvillada\/sobre-mi\/\">Sobre m\u00ed<\/a><\/mark><\/p>\n\n\n\n<p><br><\/p>\n\n\n\n<p><br><\/p>\n\n\n\n<p><\/p>\n","protected":false},"excerpt":{"rendered":"<p>Juan Esteban Rodr\u00edguez Villada Tecn\u00f3logo en Electricidad &#8211; Estudiante de Ingenier\u00eda El\u00e9ctrica Un poco sobre M\u00ed Soy Juan Esteban Rodr\u00edguez [&hellip;]<\/p>\n","protected":false},"author":6484,"featured_media":0,"parent":0,"menu_order":0,"comment_status":"closed","ping_status":"closed","template":"","meta":{"site-sidebar-layout":"default","site-content-layout":"","ast-site-content-layout":"default","site-content-style":"default","site-sidebar-style":"default","ast-global-header-display":"","ast-banner-title-visibility":"","ast-main-header-display":"","ast-hfb-above-header-display":"","ast-hfb-below-header-display":"","ast-hfb-mobile-header-display":"","site-post-title":"disabled","ast-breadcrumbs-content":"","ast-featured-img":"","footer-sml-layout":"","ast-disable-related-posts":"","theme-transparent-header-meta":"","adv-header-id-meta":"","stick-header-meta":"","header-above-stick-meta":"","header-main-stick-meta":"","header-below-stick-meta":"","astra-migrate-meta-layouts":"default","ast-page-background-enabled":"default","ast-page-background-meta":{"desktop":{"background-color":"var(--ast-global-color-4)","background-image":"","background-repeat":"repeat","background-position":"center center","background-size":"auto","background-attachment":"scroll","background-type":"","background-media":"","overlay-type":"","overlay-color":"","overlay-opacity":"","overlay-gradient":""},"tablet":{"background-color":"","background-image":"","background-repeat":"repeat","background-position":"center center","background-size":"auto","background-attachment":"scroll","background-type":"","background-media":"","overlay-type":"","overlay-color":"","overlay-opacity":"","overlay-gradient":""},"mobile":{"background-color":"","background-image":"","background-repeat":"repeat","background-position":"center center","background-size":"auto","background-attachment":"scroll","background-type":"","background-media":"","overlay-type":"","overlay-color":"","overlay-opacity":"","overlay-gradient":""}},"ast-content-background-meta":{"desktop":{"background-color":"var(--ast-global-color-5)","background-image":"","background-repeat":"repeat","background-position":"center center","background-size":"auto","background-attachment":"scroll","background-type":"","background-media":"","overlay-type":"","overlay-color":"","overlay-opacity":"","overlay-gradient":""},"tablet":{"background-color":"var(--ast-global-color-5)","background-image":"","background-repeat":"repeat","background-position":"center center","background-size":"auto","background-attachment":"scroll","background-type":"","background-media":"","overlay-type":"","overlay-color":"","overlay-opacity":"","overlay-gradient":""},"mobile":{"background-color":"var(--ast-global-color-5)","background-image":"","background-repeat":"repeat","background-position":"center center","background-size":"auto","background-attachment":"scroll","background-type":"","background-media":"","overlay-type":"","overlay-color":"","overlay-opacity":"","overlay-gradient":""}},"footnotes":""},"class_list":["post-73","page","type-page","status-publish","hentry"],"_links":{"self":[{"href":"https:\/\/blog.utp.edu.co\/juanestebanrodriguezvillada\/wp-json\/wp\/v2\/pages\/73","targetHints":{"allow":["GET"]}}],"collection":[{"href":"https:\/\/blog.utp.edu.co\/juanestebanrodriguezvillada\/wp-json\/wp\/v2\/pages"}],"about":[{"href":"https:\/\/blog.utp.edu.co\/juanestebanrodriguezvillada\/wp-json\/wp\/v2\/types\/page"}],"author":[{"embeddable":true,"href":"https:\/\/blog.utp.edu.co\/juanestebanrodriguezvillada\/wp-json\/wp\/v2\/users\/6484"}],"replies":[{"embeddable":true,"href":"https:\/\/blog.utp.edu.co\/juanestebanrodriguezvillada\/wp-json\/wp\/v2\/comments?post=73"}],"version-history":[{"count":3,"href":"https:\/\/blog.utp.edu.co\/juanestebanrodriguezvillada\/wp-json\/wp\/v2\/pages\/73\/revisions"}],"predecessor-version":[{"id":138,"href":"https:\/\/blog.utp.edu.co\/juanestebanrodriguezvillada\/wp-json\/wp\/v2\/pages\/73\/revisions\/138"}],"wp:attachment":[{"href":"https:\/\/blog.utp.edu.co\/juanestebanrodriguezvillada\/wp-json\/wp\/v2\/media?parent=73"}],"curies":[{"name":"wp","href":"https:\/\/api.w.org\/{rel}","templated":true}]}}