{"id":6,"date":"2025-11-04T15:37:11","date_gmt":"2025-11-04T14:37:11","guid":{"rendered":"https:\/\/blog.utp.edu.co\/juan-castano\/?page_id=6"},"modified":"2025-11-04T14:48:19","modified_gmt":"2025-11-04T19:48:19","slug":"inicio","status":"publish","type":"page","link":"https:\/\/blog.utp.edu.co\/juan-castano\/","title":{"rendered":"Inicio"},"content":{"rendered":"\n<div class=\"wp-block-cover alignfull\" style=\"margin-top:0;padding-top:5vw;padding-right:5vw;padding-bottom:5vw;padding-left:5vw;min-height:66vh;aspect-ratio:unset;\"><span aria-hidden=\"true\" class=\"wp-block-cover__background has-background-dim-100 has-background-dim has-background-gradient\" style=\"background:linear-gradient(90deg,rgb(35,74,20) 50%,rgb(118,118,118) 50%)\"><\/span><div class=\"wp-block-cover__inner-container is-layout-flow wp-block-cover-is-layout-flow\">\n<div class=\"wp-block-group wp-container-content-9cfa9a5a is-layout-constrained wp-container-core-group-is-layout-a1274fd4 wp-block-group-is-layout-constrained\">\n<div style=\"height:100px\" aria-hidden=\"true\" class=\"wp-block-spacer\"><\/div>\n\n\n\n<figure class=\"wp-block-image aligncenter size-full is-style-rounded\"><img loading=\"lazy\" decoding=\"async\" width=\"736\" height=\"592\" src=\"https:\/\/blog.utp.edu.co\/juan-castano\/files\/2025\/11\/Juancarlos.jpeg\" alt=\"\" class=\"wp-image-35\" style=\"box-shadow:var(--wp--preset--shadow--sharp)\" srcset=\"https:\/\/blog.utp.edu.co\/juan-castano\/files\/2025\/11\/Juancarlos.jpeg 736w, https:\/\/blog.utp.edu.co\/juan-castano\/files\/2025\/11\/Juancarlos-300x241.jpeg 300w\" sizes=\"auto, (max-width: 736px) 100vw, 736px\" \/><\/figure>\n\n\n\n<div style=\"height:48px\" aria-hidden=\"true\" class=\"wp-block-spacer\"><\/div>\n\n\n\n<h2 class=\"wp-block-heading alignwide has-text-align-center has-white-color has-text-color\" style=\"padding-left:32px;font-size:2vh;font-style:normal;font-weight:400;letter-spacing:12px;line-height:1;text-transform:uppercase\">Juan Carlos Casta\u00f1o BenjumeA<\/h2>\n\n\n\n<div style=\"height:35px\" aria-hidden=\"true\" class=\"wp-block-spacer\"><\/div>\n\n\n\n<div class=\"wp-block-group is-layout-constrained wp-block-group-is-layout-constrained\">\n<p class=\"has-ast-global-color-4-color has-text-color has-link-color wp-elements-f7d6d5036551999386d2b0e6971ddcf3\">Ingeniero Industrial \u2013 Universidad Tecnol\u00f3gica de Pereira<\/p>\n\n\n\n<p class=\"has-white-color has-text-color has-link-color wp-elements-ead4dc6ebe004a2fd55a4f85ab72534d\">Especializaci\u00f3n en Administracion del Desarrollo Humano \u2013 Universidad Tecnol\u00f3gica de Pereira<\/p>\n\n\n\n<p class=\"has-ast-global-color-4-color has-text-color has-link-color wp-elements-d4733957c776347ccfd40d15a6593c82\">Mag\u00edster en Administraci\u00f3n Econ\u00f3mica y Financiera \u2013 Universidad Tecnol\u00f3gica De Pereira<\/p>\n\n\n\n<p class=\"has-ast-global-color-4-color has-text-color has-link-color wp-elements-ba152425a52ab7cef83e54f1b0476a41\">Doctor en Ciencias de la Administraci\u00f3n \u2013 Universidad Nacional Aut\u00f3noma de M\u00e9xico<\/p>\n\n\n\n<p class=\"has-ast-global-color-4-color has-text-color has-link-color wp-elements-9be810efe960060b5f61405ad853be0f\"><strong>L\u00edneas de Inter\u00e9s:<\/strong>&nbsp;Administrativa.<\/p>\n\n\n\n<p class=\"has-ast-global-color-4-color has-text-color has-link-color wp-elements-6e951ccb5fb8dbca53bbaf86711f7724\"><strong>E-mail:<\/strong>&nbsp;jucasta@utp.edu.co<\/p>\n<\/div>\n\n\n\n<div style=\"height:100px\" aria-hidden=\"true\" class=\"wp-block-spacer\"><\/div>\n<\/div>\n<\/div><\/div>\n\n\n\n<div style=\"height:50px\" aria-hidden=\"true\" class=\"wp-block-spacer\"><\/div>\n\n\n\n<div class=\"wp-block-buttons is-content-justification-center is-layout-flex wp-container-core-buttons-is-layout-a89b3969 wp-block-buttons-is-layout-flex\">\n<div class=\"wp-block-button has-custom-width wp-block-button__width-75\"><a class=\"wp-block-button__link has-ast-global-color-4-color has-text-color has-background has-link-color wp-element-button\" href=\"https:\/\/comunicaciones.utp.edu.co\/85485\/historias\/juan-carlos-castano-benjumea-una-vida-tejida-con-la-universidad-tecnologica-de-pereira\/\" style=\"background-color:#1a4a14\" target=\"_blank\" rel=\"noreferrer noopener\">Una vida tejida con la Universidad Tecnol\u00f3gica de Pereira<\/a><\/div>\n<\/div>\n\n\n\n<div style=\"height:50px\" aria-hidden=\"true\" class=\"wp-block-spacer\"><\/div>\n\n\n\n<div class=\"wp-block-cover alignfull\"><span aria-hidden=\"true\" class=\"wp-block-cover__background has-background-dim-100 has-background-dim\" style=\"background-color:#767676\"><\/span><div class=\"wp-block-cover__inner-container is-layout-flow wp-block-cover-is-layout-flow\">\n<div class=\"wp-block-media-text alignwide is-stacked-on-mobile is-vertically-aligned-center is-image-fill-element has-ast-global-color-4-background-color has-background\" style=\"padding-top:var(--wp--preset--spacing--20);padding-right:var(--wp--preset--spacing--20);padding-bottom:var(--wp--preset--spacing--20);padding-left:var(--wp--preset--spacing--20);grid-template-columns:56% auto\"><figure class=\"wp-block-media-text__media\"><img loading=\"lazy\" decoding=\"async\" width=\"1000\" height=\"483\" src=\"https:\/\/blog.utp.edu.co\/juan-castano\/files\/2025\/11\/liderazgo.jpg\" alt=\"\" class=\"wp-image-41 size-full\" style=\"object-position:50% 50%\" srcset=\"https:\/\/blog.utp.edu.co\/juan-castano\/files\/2025\/11\/liderazgo.jpg 1000w, https:\/\/blog.utp.edu.co\/juan-castano\/files\/2025\/11\/liderazgo-300x145.jpg 300w, https:\/\/blog.utp.edu.co\/juan-castano\/files\/2025\/11\/liderazgo-768x371.jpg 768w\" sizes=\"auto, (max-width: 1000px) 100vw, 1000px\" \/><\/figure><div class=\"wp-block-media-text__content\">\n<h3 class=\"wp-block-heading has-text-align-center has-text-color\" style=\"color:#000000;font-size:32px\"><strong>Liderazgo Eficaz<\/strong><\/h3>\n\n\n\n<p class=\"has-text-color\" style=\"color:#000000;font-size:17px\">El liderazgo eficaz es el arte de movilizar voluntariamente a otros para luchar por aspiraciones compartidas. Su esencia se basa en la credibilidad del l\u00edder, cimentada en la coherencia entre sus palabras y acciones, y en la relaci\u00f3n de confianza que establece con sus seguidores.<\/p>\n\n\n\n<div class=\"wp-block-buttons is-content-justification-center is-layout-flex wp-container-core-buttons-is-layout-a89b3969 wp-block-buttons-is-layout-flex\">\n<div class=\"wp-block-button is-style-fill\"><a class=\"wp-block-button__link has-ast-global-color-4-color has-text-color has-background has-link-color wp-element-button\" href=\"https:\/\/blog.utp.edu.co\/juan-castano\/liderazgo-eficaz\/\" style=\"background-color:#1a4a14\">Ir a la Encuesta<\/a><\/div>\n<\/div>\n<\/div><\/div>\n<\/div><\/div>\n","protected":false},"excerpt":{"rendered":"","protected":false},"author":3281,"featured_media":0,"parent":0,"menu_order":0,"comment_status":"closed","ping_status":"closed","template":"","meta":{"site-sidebar-layout":"default","site-content-layout":"","ast-site-content-layout":"default","site-content-style":"default","site-sidebar-style":"default","ast-global-header-display":"","ast-banner-title-visibility":"","ast-main-header-display":"","ast-hfb-above-header-display":"","ast-hfb-below-header-display":"","ast-hfb-mobile-header-display":"","site-post-title":"disabled","ast-breadcrumbs-content":"","ast-featured-img":"","footer-sml-layout":"","ast-disable-related-posts":"","theme-transparent-header-meta":"","adv-header-id-meta":"","stick-header-meta":"","header-above-stick-meta":"","header-main-stick-meta":"","header-below-stick-meta":"","astra-migrate-meta-layouts":"default","ast-page-background-enabled":"default","ast-page-background-meta":{"desktop":{"background-color":"var(--ast-global-color-5)","background-image":"","background-repeat":"repeat","background-position":"center center","background-size":"auto","background-attachment":"scroll","background-type":"","background-media":"","overlay-type":"","overlay-color":"","overlay-opacity":"","overlay-gradient":""},"tablet":{"background-color":"","background-image":"","background-repeat":"repeat","background-position":"center center","background-size":"auto","background-attachment":"scroll","background-type":"","background-media":"","overlay-type":"","overlay-color":"","overlay-opacity":"","overlay-gradient":""},"mobile":{"background-color":"","background-image":"","background-repeat":"repeat","background-position":"center center","background-size":"auto","background-attachment":"scroll","background-type":"","background-media":"","overlay-type":"","overlay-color":"","overlay-opacity":"","overlay-gradient":""}},"ast-content-background-meta":{"desktop":{"background-color":"var(--ast-global-color-4)","background-image":"","background-repeat":"repeat","background-position":"center center","background-size":"auto","background-attachment":"scroll","background-type":"","background-media":"","overlay-type":"","overlay-color":"","overlay-opacity":"","overlay-gradient":""},"tablet":{"background-color":"var(--ast-global-color-4)","background-image":"","background-repeat":"repeat","background-position":"center center","background-size":"auto","background-attachment":"scroll","background-type":"","background-media":"","overlay-type":"","overlay-color":"","overlay-opacity":"","overlay-gradient":""},"mobile":{"background-color":"var(--ast-global-color-4)","background-image":"","background-repeat":"repeat","background-position":"center center","background-size":"auto","background-attachment":"scroll","background-type":"","background-media":"","overlay-type":"","overlay-color":"","overlay-opacity":"","overlay-gradient":""}},"footnotes":""},"class_list":["post-6","page","type-page","status-publish","hentry"],"_links":{"self":[{"href":"https:\/\/blog.utp.edu.co\/juan-castano\/wp-json\/wp\/v2\/pages\/6","targetHints":{"allow":["GET"]}}],"collection":[{"href":"https:\/\/blog.utp.edu.co\/juan-castano\/wp-json\/wp\/v2\/pages"}],"about":[{"href":"https:\/\/blog.utp.edu.co\/juan-castano\/wp-json\/wp\/v2\/types\/page"}],"author":[{"embeddable":true,"href":"https:\/\/blog.utp.edu.co\/juan-castano\/wp-json\/wp\/v2\/users\/3281"}],"replies":[{"embeddable":true,"href":"https:\/\/blog.utp.edu.co\/juan-castano\/wp-json\/wp\/v2\/comments?post=6"}],"version-history":[{"count":37,"href":"https:\/\/blog.utp.edu.co\/juan-castano\/wp-json\/wp\/v2\/pages\/6\/revisions"}],"predecessor-version":[{"id":8,"href":"https:\/\/blog.utp.edu.co\/juan-castano\/wp-json\/wp\/v2\/pages\/6\/revisions\/8"}],"wp:attachment":[{"href":"https:\/\/blog.utp.edu.co\/juan-castano\/wp-json\/wp\/v2\/media?parent=6"}],"curies":[{"name":"wp","href":"https:\/\/api.w.org\/{rel}","templated":true}]}}