{"id":981,"date":"2023-09-25T14:53:17","date_gmt":"2023-09-25T19:53:17","guid":{"rendered":"https:\/\/blog.utp.edu.co\/josetangarife\/?page_id=981"},"modified":"2023-12-11T14:38:56","modified_gmt":"2023-12-11T19:38:56","slug":"generacion-de-codigos-qr","status":"publish","type":"page","link":"https:\/\/blog.utp.edu.co\/josetangarife\/generacion-de-codigos-qr\/","title":{"rendered":"Generaci\u00f3n de c\u00f3digos QR"},"content":{"rendered":"\n<div class=\"wp-block-columns is-layout-flex wp-container-core-columns-is-layout-28f84493 wp-block-columns-is-layout-flex\">\n<div class=\"wp-block-column is-vertically-aligned-center is-layout-flow wp-block-column-is-layout-flow\" style=\"flex-basis:50%\">\n<h2 class=\"wp-block-heading has-text-align-center\" style=\"font-size:38px;line-height:1.4\"><strong>Los c\u00f3digos QR son una herramienta poderosa que puede usarse para una variedad de prop\u00f3sitos, como:<\/strong><\/h2>\n\n\n\n<div class=\"wp-block-columns is-layout-flex wp-container-core-columns-is-layout-28f84493 wp-block-columns-is-layout-flex\">\n<div class=\"wp-block-column is-layout-flow wp-block-column-is-layout-flow\">\n<ul class=\"wp-block-list\">\n<li><strong>Dirigir el tr\u00e1fico a su sitio web<\/strong><\/li>\n\n\n\n<li><strong>Compartir su informaci\u00f3n de contacto<\/strong><\/li>\n\n\n\n<li><strong>Ofrecer descuentos y promociones<\/strong><\/li>\n\n\n\n<li><strong>Recopilar datos de los clientes<\/strong><\/li>\n<\/ul>\n\n\n\n<p>Si est\u00e1 buscando una manera de mejorar su marketing y comunicaci\u00f3n, los c\u00f3digos QR son una excelente opci\u00f3n.<\/p>\n\n\n\n<p>Nuestros servicios de generaci\u00f3n de c\u00f3digos QR son profesionales y personalizados. Ofrecemos una variedad de opciones de personalizaci\u00f3n para que pueda crear c\u00f3digos QR que se adapten a sus necesidades espec\u00edficas.<\/p>\n\n\n\n<p><strong>Beneficios de nuestros servicios de generaci\u00f3n de c\u00f3digos QR:<\/strong><\/p>\n\n\n\n<ul class=\"wp-block-list\">\n<li><strong>Dise\u00f1o profesional:<\/strong> Nuestros dise\u00f1adores gr\u00e1ficos expertos crear\u00e1n c\u00f3digos QR que sean atractivos y llamativos.<\/li>\n\n\n\n<li><strong>Personalizaci\u00f3n:<\/strong> Ofrecemos una amplia gama de opciones de personalizaci\u00f3n para que pueda crear c\u00f3digos QR que se adapten a su marca y mensaje.<\/li>\n\n\n\n<li><strong>Eficiencia:<\/strong> Nuestro proceso de generaci\u00f3n de c\u00f3digos QR es r\u00e1pido y eficiente, lo que le permite obtener los c\u00f3digos QR que necesita r\u00e1pidamente.<\/li>\n<\/ul>\n<\/div>\n\n\n\n<div class=\"wp-block-column is-layout-flow wp-block-column-is-layout-flow\">\n<p><strong>Contacte con nosotros hoy mismo para obtener m\u00e1s informaci\u00f3n sobre nuestros servicios de generaci\u00f3n de c\u00f3digos QR.<\/strong><\/p>\n\n\n\n<p><strong>Algunos de los servicios que ofrecemos incluyen:<\/strong><\/p>\n\n\n\n<ul class=\"wp-block-list\">\n<li><strong>Generaci\u00f3n de c\u00f3digos QR para cualquier tipo de contenido<\/strong><\/li>\n\n\n\n<li><strong>Personalizaci\u00f3n del dise\u00f1o de los c\u00f3digos QR<\/strong><\/li>\n\n\n\n<li><strong>Inclusi\u00f3n de logotipos y gr\u00e1ficos<\/strong><\/li>\n\n\n\n<li><strong>Generador de c\u00f3digos QR en l\u00ednea<\/strong><\/li>\n\n\n\n<li><strong>Integraci\u00f3n de c\u00f3digos QR en su sitio web o aplicaci\u00f3n<\/strong><\/li>\n<\/ul>\n\n\n\n<p><strong>Estamos seguros de que podemos ayudarlo a crear c\u00f3digos QR que cumplan con sus necesidades y objetivos.<\/strong><\/p>\n\n\n\n<div class=\"wp-block-buttons is-content-justification-center is-layout-flex wp-container-core-buttons-is-layout-a89b3969 wp-block-buttons-is-layout-flex\">\n<div class=\"wp-block-button has-custom-width wp-block-button__width-75\"><a class=\"wp-block-button__link has-white-color has-ast-global-color-1-background-color has-text-color has-background wp-element-button\" href=\"https:\/\/blog.utp.edu.co\/josetangarife\/contactame\/\">Cont\u00e1ctame<\/a><\/div>\n<\/div>\n<\/div>\n<\/div>\n<\/div>\n\n\n\n<div class=\"wp-block-column is-vertically-aligned-center is-layout-flow wp-block-column-is-layout-flow\" style=\"flex-basis:50%\">\n<div class=\"wp-block-group wp-container-content-9cfa9a5a is-vertical is-layout-flex wp-container-core-group-is-layout-39f00d35 wp-block-group-is-layout-flex\">\n<figure class=\"wp-block-image size-full is-style-default wp-duotone-unset-1\"><img loading=\"lazy\" decoding=\"async\" width=\"1148\" height=\"1148\" src=\"https:\/\/blog.utp.edu.co\/josetangarife\/files\/2023\/11\/qr-code-jose-tangarife.png\" alt=\"\" class=\"wp-image-1323\" srcset=\"https:\/\/blog.utp.edu.co\/josetangarife\/files\/2023\/11\/qr-code-jose-tangarife.png 1148w, https:\/\/blog.utp.edu.co\/josetangarife\/files\/2023\/11\/qr-code-jose-tangarife-300x300.png 300w, https:\/\/blog.utp.edu.co\/josetangarife\/files\/2023\/11\/qr-code-jose-tangarife-1024x1024.png 1024w, https:\/\/blog.utp.edu.co\/josetangarife\/files\/2023\/11\/qr-code-jose-tangarife-150x150.png 150w, https:\/\/blog.utp.edu.co\/josetangarife\/files\/2023\/11\/qr-code-jose-tangarife-768x768.png 768w\" sizes=\"auto, (max-width: 1148px) 100vw, 1148px\" \/><\/figure>\n\n\n\n<div style=\"height:48px;width:0px\" aria-hidden=\"true\" class=\"wp-block-spacer wp-container-content-eb1ede72\"><\/div>\n\n\n\n<h2 class=\"wp-block-heading alignwide has-text-align-center has-ast-global-color-2-color has-text-color\" style=\"padding-left:32px;font-size:50px;font-style:normal;font-weight:400;letter-spacing:32px;line-height:1;text-transform:uppercase\">Mi QR<\/h2>\n<\/div>\n<\/div>\n<\/div>\n\n\n\n<h2 class=\"wp-block-heading has-text-align-center has-white-background-color has-background\">QRs Generados para tarjetas de presentaci\u00f3n digital<\/h2>\n\n\n\n<div class=\"wp-block-columns is-layout-flex wp-container-core-columns-is-layout-28f84493 wp-block-columns-is-layout-flex\">\n<div class=\"wp-block-column is-layout-flow wp-block-column-is-layout-flow\">\n<figure class=\"wp-block-image aligncenter size-medium is-style-default\"><img loading=\"lazy\" decoding=\"async\" width=\"300\" height=\"300\" src=\"https:\/\/blog.utp.edu.co\/josetangarife\/files\/2023\/10\/WhatsApp-Image-2023-10-26-at-19.28.04-300x300.jpeg\" alt=\"\" class=\"wp-image-1152\" srcset=\"https:\/\/blog.utp.edu.co\/josetangarife\/files\/2023\/10\/WhatsApp-Image-2023-10-26-at-19.28.04-300x300.jpeg 300w, https:\/\/blog.utp.edu.co\/josetangarife\/files\/2023\/10\/WhatsApp-Image-2023-10-26-at-19.28.04-1024x1024.jpeg 1024w, https:\/\/blog.utp.edu.co\/josetangarife\/files\/2023\/10\/WhatsApp-Image-2023-10-26-at-19.28.04-150x150.jpeg 150w, https:\/\/blog.utp.edu.co\/josetangarife\/files\/2023\/10\/WhatsApp-Image-2023-10-26-at-19.28.04-768x768.jpeg 768w, https:\/\/blog.utp.edu.co\/josetangarife\/files\/2023\/10\/WhatsApp-Image-2023-10-26-at-19.28.04.jpeg 1127w\" sizes=\"auto, (max-width: 300px) 100vw, 300px\" \/><\/figure>\n\n\n\n<h1 class=\"wp-block-heading has-text-align-center\">Karen Tangarife Gallego<\/h1>\n\n\n\n<div class=\"wp-block-buttons is-content-justification-center is-layout-flex wp-container-core-buttons-is-layout-a89b3969 wp-block-buttons-is-layout-flex\">\n<div class=\"wp-block-button has-custom-width wp-block-button__width-100 has-custom-font-size has-medium-font-size\"><a class=\"wp-block-button__link has-white-color has-ast-global-color-1-background-color has-text-color has-background has-link-color has-text-align-center wp-element-button\" href=\"https:\/\/blog.utp.edu.co\/josetangarife\/tarjetas-digitales-profesionales\/karen-tangarife-gallego\/\" target=\"_blank\" rel=\"noreferrer noopener\">Asesora de servicios en CEFAS<\/a><\/div>\n<\/div>\n<\/div>\n\n\n\n<div class=\"wp-block-column is-layout-flow wp-block-column-is-layout-flow\">\n<figure class=\"wp-block-image aligncenter size-medium\"><img loading=\"lazy\" decoding=\"async\" width=\"300\" height=\"300\" src=\"https:\/\/blog.utp.edu.co\/josetangarife\/files\/2023\/10\/qr-code-claudia-mazo-300x300.png\" alt=\"\" class=\"wp-image-1228\" srcset=\"https:\/\/blog.utp.edu.co\/josetangarife\/files\/2023\/10\/qr-code-claudia-mazo-300x300.png 300w, https:\/\/blog.utp.edu.co\/josetangarife\/files\/2023\/10\/qr-code-claudia-mazo-1024x1024.png 1024w, https:\/\/blog.utp.edu.co\/josetangarife\/files\/2023\/10\/qr-code-claudia-mazo-150x150.png 150w, https:\/\/blog.utp.edu.co\/josetangarife\/files\/2023\/10\/qr-code-claudia-mazo-768x768.png 768w, https:\/\/blog.utp.edu.co\/josetangarife\/files\/2023\/10\/qr-code-claudia-mazo.png 1113w\" sizes=\"auto, (max-width: 300px) 100vw, 300px\" \/><\/figure>\n\n\n\n<h1 class=\"wp-block-heading has-text-align-center\">Claudia Mazo<\/h1>\n\n\n\n<div class=\"wp-block-buttons is-content-justification-center is-layout-flex wp-container-core-buttons-is-layout-a89b3969 wp-block-buttons-is-layout-flex\">\n<div class=\"wp-block-button has-custom-width wp-block-button__width-100\"><a class=\"wp-block-button__link has-white-color has-ast-global-color-1-background-color has-text-color has-background has-link-color has-text-align-center wp-element-button\" href=\"https:\/\/blog.utp.edu.co\/josetangarife\/tarjetas-digitales-profesionales\/claudia-mazo\/\">Contadora P\u00fablica Titulada<\/a><\/div>\n<\/div>\n<\/div>\n\n\n\n<div class=\"wp-block-column is-layout-flow wp-block-column-is-layout-flow\">\n<figure class=\"wp-block-image aligncenter size-medium\"><img loading=\"lazy\" decoding=\"async\" width=\"300\" height=\"300\" src=\"https:\/\/blog.utp.edu.co\/josetangarife\/files\/2023\/11\/qr-code-valen-300x300.png\" alt=\"\" class=\"wp-image-1265\" srcset=\"https:\/\/blog.utp.edu.co\/josetangarife\/files\/2023\/11\/qr-code-valen-300x300.png 300w, https:\/\/blog.utp.edu.co\/josetangarife\/files\/2023\/11\/qr-code-valen-1024x1024.png 1024w, https:\/\/blog.utp.edu.co\/josetangarife\/files\/2023\/11\/qr-code-valen-150x150.png 150w, https:\/\/blog.utp.edu.co\/josetangarife\/files\/2023\/11\/qr-code-valen-768x768.png 768w, https:\/\/blog.utp.edu.co\/josetangarife\/files\/2023\/11\/qr-code-valen.png 1098w\" sizes=\"auto, (max-width: 300px) 100vw, 300px\" \/><\/figure>\n\n\n\n<h1 class=\"wp-block-heading has-text-align-center\">Valentina Villarreal<\/h1>\n\n\n\n<div class=\"wp-block-buttons is-content-justification-center is-layout-flex wp-container-core-buttons-is-layout-a89b3969 wp-block-buttons-is-layout-flex\">\n<div class=\"wp-block-button has-custom-width wp-block-button__width-100\"><a class=\"wp-block-button__link has-white-color has-ast-global-color-1-background-color has-text-color has-background has-link-color has-text-align-center wp-element-button\" href=\"https:\/\/blog.utp.edu.co\/josetangarife\/tarjetas-digitales-profesionales\/valentina-villareal-gonzalez\/\" target=\"_blank\" rel=\"noreferrer noopener\">Abogada &#8211; Especialista en Derecho de Familia<\/a><\/div>\n<\/div>\n<\/div>\n\n\n\n<div class=\"wp-block-column is-layout-flow wp-block-column-is-layout-flow\">\n<figure class=\"wp-block-image aligncenter size-medium\"><img loading=\"lazy\" decoding=\"async\" width=\"300\" height=\"300\" src=\"https:\/\/blog.utp.edu.co\/josetangarife\/files\/2023\/11\/qr-code-leonardo-cardona-300x300.png\" alt=\"\" class=\"wp-image-1317\" srcset=\"https:\/\/blog.utp.edu.co\/josetangarife\/files\/2023\/11\/qr-code-leonardo-cardona-300x300.png 300w, https:\/\/blog.utp.edu.co\/josetangarife\/files\/2023\/11\/qr-code-leonardo-cardona-1024x1024.png 1024w, https:\/\/blog.utp.edu.co\/josetangarife\/files\/2023\/11\/qr-code-leonardo-cardona-150x150.png 150w, https:\/\/blog.utp.edu.co\/josetangarife\/files\/2023\/11\/qr-code-leonardo-cardona-768x768.png 768w, https:\/\/blog.utp.edu.co\/josetangarife\/files\/2023\/11\/qr-code-leonardo-cardona.png 1083w\" sizes=\"auto, (max-width: 300px) 100vw, 300px\" \/><\/figure>\n\n\n\n<h1 class=\"wp-block-heading has-text-align-center\">Leonardo Cardona<\/h1>\n\n\n\n<div class=\"wp-block-buttons is-content-justification-center is-layout-flex wp-container-core-buttons-is-layout-a89b3969 wp-block-buttons-is-layout-flex\">\n<div class=\"wp-block-button has-custom-width wp-block-button__width-100\"><a class=\"wp-block-button__link has-white-color has-ast-global-color-1-background-color has-text-color has-background has-link-color has-text-align-center wp-element-button\" href=\"https:\/\/blog.utp.edu.co\/josetangarife\/tarjetas-digitales-profesionales\/leonardo-cardona\/\" target=\"_blank\" rel=\"noreferrer noopener\">Coordinador Comercial en DELTAPLUS<\/a><\/div>\n<\/div>\n<\/div>\n<\/div>\n","protected":false},"excerpt":{"rendered":"<p>Los c\u00f3digos QR son una herramienta poderosa que puede usarse para una variedad de prop\u00f3sitos, como: Si est\u00e1 buscando una manera de mejorar su marketing y comunicaci\u00f3n, los c\u00f3digos QR son una excelente opci\u00f3n. Nuestros servicios de generaci\u00f3n de c\u00f3digos QR son profesionales y personalizados. Ofrecemos una variedad de opciones de personalizaci\u00f3n para que pueda [&hellip;]<\/p>\n","protected":false},"author":3281,"featured_media":0,"parent":0,"menu_order":0,"comment_status":"closed","ping_status":"closed","template":"","meta":{"_uag_custom_page_level_css":"","site-sidebar-layout":"default","site-content-layout":"","ast-site-content-layout":"default","site-content-style":"default","site-sidebar-style":"default","ast-global-header-display":"","ast-banner-title-visibility":"","ast-main-header-display":"","ast-hfb-above-header-display":"","ast-hfb-below-header-display":"","ast-hfb-mobile-header-display":"","site-post-title":"","ast-breadcrumbs-content":"","ast-featured-img":"","footer-sml-layout":"","ast-disable-related-posts":"","theme-transparent-header-meta":"","adv-header-id-meta":"","stick-header-meta":"","header-above-stick-meta":"","header-main-stick-meta":"","header-below-stick-meta":"","astra-migrate-meta-layouts":"set","ast-page-background-enabled":"default","ast-page-background-meta":{"desktop":{"background-color":"var(--ast-global-color-4)","background-image":"","background-repeat":"repeat","background-position":"center center","background-size":"auto","background-attachment":"scroll","background-type":"","background-media":"","overlay-type":"","overlay-color":"","overlay-opacity":"","overlay-gradient":""},"tablet":{"background-color":"","background-image":"","background-repeat":"repeat","background-position":"center center","background-size":"auto","background-attachment":"scroll","background-type":"","background-media":"","overlay-type":"","overlay-color":"","overlay-opacity":"","overlay-gradient":""},"mobile":{"background-color":"","background-image":"","background-repeat":"repeat","background-position":"center center","background-size":"auto","background-attachment":"scroll","background-type":"","background-media":"","overlay-type":"","overlay-color":"","overlay-opacity":"","overlay-gradient":""}},"ast-content-background-meta":{"desktop":{"background-color":"var(--ast-global-color-5)","background-image":"","background-repeat":"repeat","background-position":"center center","background-size":"auto","background-attachment":"scroll","background-type":"","background-media":"","overlay-type":"","overlay-color":"","overlay-opacity":"","overlay-gradient":""},"tablet":{"background-color":"var(--ast-global-color-5)","background-image":"","background-repeat":"repeat","background-position":"center center","background-size":"auto","background-attachment":"scroll","background-type":"","background-media":"","overlay-type":"","overlay-color":"","overlay-opacity":"","overlay-gradient":""},"mobile":{"background-color":"var(--ast-global-color-5)","background-image":"","background-repeat":"repeat","background-position":"center center","background-size":"auto","background-attachment":"scroll","background-type":"","background-media":"","overlay-type":"","overlay-color":"","overlay-opacity":"","overlay-gradient":""}},"footnotes":""},"class_list":["post-981","page","type-page","status-publish","hentry"],"uagb_featured_image_src":{"full":false,"thumbnail":false,"medium":false,"medium_large":false,"large":false,"1536x1536":false,"2048x2048":false},"uagb_author_info":{"display_name":"jltg","author_link":"https:\/\/blog.utp.edu.co\/josetangarife\/author\/joseluis\/"},"uagb_comment_info":0,"uagb_excerpt":"Los c\u00f3digos QR son una herramienta poderosa que puede usarse para una variedad de prop\u00f3sitos, como: Si est\u00e1 buscando una manera de mejorar su marketing y comunicaci\u00f3n, los c\u00f3digos QR son una excelente opci\u00f3n. Nuestros servicios de generaci\u00f3n de c\u00f3digos QR son profesionales y personalizados. Ofrecemos una variedad de opciones de personalizaci\u00f3n para que pueda&hellip;","_links":{"self":[{"href":"https:\/\/blog.utp.edu.co\/josetangarife\/wp-json\/wp\/v2\/pages\/981","targetHints":{"allow":["GET"]}}],"collection":[{"href":"https:\/\/blog.utp.edu.co\/josetangarife\/wp-json\/wp\/v2\/pages"}],"about":[{"href":"https:\/\/blog.utp.edu.co\/josetangarife\/wp-json\/wp\/v2\/types\/page"}],"author":[{"embeddable":true,"href":"https:\/\/blog.utp.edu.co\/josetangarife\/wp-json\/wp\/v2\/users\/3281"}],"replies":[{"embeddable":true,"href":"https:\/\/blog.utp.edu.co\/josetangarife\/wp-json\/wp\/v2\/comments?post=981"}],"version-history":[{"count":22,"href":"https:\/\/blog.utp.edu.co\/josetangarife\/wp-json\/wp\/v2\/pages\/981\/revisions"}],"predecessor-version":[{"id":1354,"href":"https:\/\/blog.utp.edu.co\/josetangarife\/wp-json\/wp\/v2\/pages\/981\/revisions\/1354"}],"wp:attachment":[{"href":"https:\/\/blog.utp.edu.co\/josetangarife\/wp-json\/wp\/v2\/media?parent=981"}],"curies":[{"name":"wp","href":"https:\/\/api.w.org\/{rel}","templated":true}]}}