{"id":957,"date":"2023-09-25T11:18:13","date_gmt":"2023-09-25T16:18:13","guid":{"rendered":"https:\/\/blog.utp.edu.co\/josetangarife\/?page_id=957"},"modified":"2023-11-21T09:43:15","modified_gmt":"2023-11-21T14:43:15","slug":"tarjetas-digitales-profesionales","status":"publish","type":"page","link":"https:\/\/blog.utp.edu.co\/josetangarife\/tarjetas-digitales-profesionales\/","title":{"rendered":"Tarjetas Digitales Profesionales"},"content":{"rendered":"\n<div class=\"wp-block-group alignfull has-background is-layout-flow wp-block-group-is-layout-flow\" style=\"background-color:#06752f1c;padding-top:6vw;padding-right:6vw;padding-bottom:6vw;padding-left:6vw\">\n<div class=\"wp-block-group is-vertical is-nowrap is-layout-flex wp-container-core-group-is-layout-36fd9ea3 wp-block-group-is-layout-flex\" style=\"padding-right:0;padding-left:0\">\n<h6 class=\"wp-block-heading has-text-color\" id=\"ecosystem\" style=\"color:#000000;font-size:16px\">SERVICIOS<\/h6>\n\n\n\n<p class=\"has-text-color\" style=\"color:#000000;font-size:6vw;font-style:normal;font-weight:700;letter-spacing:0px;line-height:0.9;text-decoration:none;text-transform:none\"><strong>Impresiona con tu Tarjeta Digital Profesional!<\/strong><\/p>\n<\/div>\n\n\n\n<div style=\"height:1vw\" aria-hidden=\"true\" class=\"wp-block-spacer\"><\/div>\n\n\n\n<div class=\"wp-block-group alignwide has-medium-font-size is-vertical is-nowrap is-layout-flex wp-container-core-group-is-layout-7946b6b8 wp-block-group-is-layout-flex\" style=\"padding-top:0;padding-right:0;padding-bottom:0;padding-left:0\">\n<div class=\"wp-block-columns alignwide is-layout-flex wp-container-core-columns-is-layout-21b20327 wp-block-columns-is-layout-flex\">\n<div class=\"wp-block-column is-layout-flow wp-block-column-is-layout-flow\" style=\"flex-basis:33.38%\">\n<p class=\"has-text-align-center has-text-color has-medium-font-size\" style=\"color:#000000\">\u00bfEst\u00e1s buscando una forma moderna y elegante de presentarte en el mundo digital? Como desarrollador web con experiencia en dise\u00f1o y desarrollo de tarjetas personales digitales, estoy aqu\u00ed para ayudarte a destacarte en l\u00ednea.<\/p>\n\n\n\n<h3 class=\"wp-block-heading has-text-align-center has-text-color has-large-font-size\" style=\"color:#000000\"><strong>\u00bfPor qu\u00e9 elegir nuestras Tarjetas Digitales?<\/strong><\/h3>\n\n\n\n<ul class=\"has-medium-font-size wp-block-list\">\n<li><strong>Dise\u00f1o Personalizado:<\/strong> Crear\u00e9 una tarjeta digital que refleje tu estilo y personalidad, adapt\u00e1ndola a tus necesidades y preferencias. Cada dise\u00f1o es completamente personalizado para que puedas transmitir tu mensaje de manera efectiva.<\/li>\n\n\n\n<li><strong>Interactividad:<\/strong> Tus contactos podr\u00e1n interactuar con tu tarjeta digital. Nuestras tarjetas digitales van m\u00e1s all\u00e1 de lo est\u00e1tico. Agregamos elementos interactivos como botones de contacto directo, enlaces a redes sociales y formularios de contacto para una experiencia din\u00e1mica.<\/li>\n\n\n\n<li><strong>Compatibilidad:<\/strong> Las tarjetas digitales que dise\u00f1amos son completamente accesibles desde cualquier dispositivo, ya sea un ordenador de escritorio, una tablet o un smartphone.<\/li>\n\n\n\n<li><strong>Eco-Amigables:<\/strong> Contribuye al medio ambiente al reducir el uso de papel. Nuestras tarjetas digitales son sostenibles y f\u00e1ciles de compartir en l\u00ednea.<\/li>\n<\/ul>\n<\/div>\n\n\n\n<div class=\"wp-block-column is-vertically-aligned-center is-layout-flow wp-block-column-is-layout-flow\" style=\"flex-basis:33%\">\n<div style=\"height:2vw\" aria-hidden=\"true\" class=\"wp-block-spacer\"><\/div>\n\n\n\n<figure class=\"wp-block-image size-full\"><img loading=\"lazy\" decoding=\"async\" width=\"500\" height=\"682\" src=\"https:\/\/blog.utp.edu.co\/josetangarife\/files\/2023\/09\/telefono-2.png\" alt=\"\" class=\"wp-image-972\" srcset=\"https:\/\/blog.utp.edu.co\/josetangarife\/files\/2023\/09\/telefono-2.png 500w, https:\/\/blog.utp.edu.co\/josetangarife\/files\/2023\/09\/telefono-2-220x300.png 220w\" sizes=\"auto, (max-width: 500px) 100vw, 500px\" \/><\/figure>\n<\/div>\n\n\n\n<div class=\"wp-block-column is-vertically-aligned-center is-layout-flow wp-block-column-is-layout-flow\" style=\"flex-basis:33.62%\">\n<figure class=\"wp-block-image size-full\"><img loading=\"lazy\" decoding=\"async\" width=\"750\" height=\"935\" src=\"https:\/\/blog.utp.edu.co\/josetangarife\/files\/2023\/09\/Manita-Identificame-final-1.png\" alt=\"\" class=\"wp-image-973\" srcset=\"https:\/\/blog.utp.edu.co\/josetangarife\/files\/2023\/09\/Manita-Identificame-final-1.png 750w, https:\/\/blog.utp.edu.co\/josetangarife\/files\/2023\/09\/Manita-Identificame-final-1-241x300.png 241w\" sizes=\"auto, (max-width: 750px) 100vw, 750px\" \/><\/figure>\n<\/div>\n<\/div>\n\n\n\n<div class=\"wp-block-columns alignwide is-layout-flex wp-container-core-columns-is-layout-c24efe4f wp-block-columns-is-layout-flex\">\n<div class=\"wp-block-column is-vertically-aligned-center is-layout-flow wp-block-column-is-layout-flow\" style=\"flex-basis:69%\">\n<figure class=\"wp-block-image size-full\"><img loading=\"lazy\" decoding=\"async\" width=\"987\" height=\"476\" src=\"https:\/\/blog.utp.edu.co\/josetangarife\/files\/2023\/09\/18hydxx-alldevices_0rf0d80rf0d8000000.png\" alt=\"\" class=\"wp-image-975\" srcset=\"https:\/\/blog.utp.edu.co\/josetangarife\/files\/2023\/09\/18hydxx-alldevices_0rf0d80rf0d8000000.png 987w, https:\/\/blog.utp.edu.co\/josetangarife\/files\/2023\/09\/18hydxx-alldevices_0rf0d80rf0d8000000-300x145.png 300w, https:\/\/blog.utp.edu.co\/josetangarife\/files\/2023\/09\/18hydxx-alldevices_0rf0d80rf0d8000000-768x370.png 768w\" sizes=\"auto, (max-width: 987px) 100vw, 987px\" \/><\/figure>\n<\/div>\n\n\n\n<div class=\"wp-block-column is-vertically-aligned-center is-layout-flow wp-block-column-is-layout-flow\" style=\"flex-basis:33%\">\n<h3 class=\"wp-block-heading has-large-font-size\"><strong>\u00bfC\u00f3mo Funciona?<\/strong><\/h3>\n\n\n\n<ol class=\"has-medium-font-size wp-block-list\">\n<li><strong>Consulta Personal:<\/strong> Nos reuniremos para discutir tus necesidades y visiones.<\/li>\n\n\n\n<li><strong>Dise\u00f1o Personalizado:<\/strong> Crearemos un dise\u00f1o exclusivo que refleje tu identidad y metas profesionales.<\/li>\n\n\n\n<li><strong>Desarrollo y Pruebas:<\/strong> Trabajaremos en la programaci\u00f3n y funcionalidad de tu tarjeta digital.<\/li>\n\n\n\n<li><strong>Entrega Final:<\/strong> Una vez que est\u00e9s satisfecho con el resultado, te entregaremos tu tarjeta digital lista para compartir.<\/li>\n<\/ol>\n<\/div>\n<\/div>\n<\/div>\n\n\n\n<div style=\"height:100px\" aria-hidden=\"true\" class=\"wp-block-spacer\"><\/div>\n\n\n\n<h3 class=\"wp-block-heading has-text-align-center has-large-font-size\"><strong>\u00bfPor qu\u00e9 esperar? Impulsa tu presencia en l\u00ednea con una tarjeta digital \u00fanica y profesional. \u00a1Cont\u00e1ctanos hoy mismo para comenzar!<\/strong><\/h3>\n\n\n\n<h5 class=\"wp-block-heading has-text-align-center has-medium-font-size\">No pierdas la oportunidad de causar una impresi\u00f3n duradera en tus contactos y clientes potenciales. \u00a1Haz que tu tarjeta personal digital sea memorable y efectiva!<\/h5>\n<\/div>\n\n\n\n<div class=\"wp-block-buttons is-content-justification-center is-layout-flex wp-container-core-buttons-is-layout-a89b3969 wp-block-buttons-is-layout-flex\">\n<div class=\"wp-block-button has-custom-width wp-block-button__width-50\"><a class=\"wp-block-button__link has-white-color has-ast-global-color-1-background-color has-text-color has-background wp-element-button\" href=\"https:\/\/blog.utp.edu.co\/josetangarife\/contactame\/\"><strong>Cont\u00e1ctame&#8230;<\/strong><\/a><\/div>\n<\/div>\n\n\n\n<div style=\"height:100px\" aria-hidden=\"true\" class=\"wp-block-spacer\"><\/div>\n\n\n\n<h2 class=\"wp-block-heading has-text-align-center\">Algunas Tarjetas<\/h2>\n\n\n\n<div class=\"wp-block-columns has-white-background-color has-background is-layout-flex wp-container-core-columns-is-layout-28f84493 wp-block-columns-is-layout-flex\">\n<div class=\"wp-block-column has-background is-layout-flow wp-block-column-is-layout-flow\" style=\"background-color:#06752f1c\">\n<figure class=\"wp-block-image aligncenter size-medium\"><img loading=\"lazy\" decoding=\"async\" width=\"300\" height=\"300\" src=\"https:\/\/blog.utp.edu.co\/josetangarife\/files\/2023\/10\/qr-code-Karen-300x300.png\" alt=\"\" class=\"wp-image-1197\" srcset=\"https:\/\/blog.utp.edu.co\/josetangarife\/files\/2023\/10\/qr-code-Karen-300x300.png 300w, https:\/\/blog.utp.edu.co\/josetangarife\/files\/2023\/10\/qr-code-Karen-1024x1024.png 1024w, https:\/\/blog.utp.edu.co\/josetangarife\/files\/2023\/10\/qr-code-Karen-150x150.png 150w, https:\/\/blog.utp.edu.co\/josetangarife\/files\/2023\/10\/qr-code-Karen-768x768.png 768w, https:\/\/blog.utp.edu.co\/josetangarife\/files\/2023\/10\/qr-code-Karen.png 1127w\" sizes=\"auto, (max-width: 300px) 100vw, 300px\" \/><\/figure>\n\n\n\n<h2 class=\"wp-block-heading has-text-align-center has-white-color has-text-color has-background\" style=\"background-color:#003d6d;padding-top:var(--wp--preset--spacing--20);padding-right:var(--wp--preset--spacing--20);padding-bottom:var(--wp--preset--spacing--20);padding-left:var(--wp--preset--spacing--20)\">Karen Tangarife Gallego<\/h2>\n\n\n\n<p class=\"has-text-align-center\">Asesora de Servicios<\/p>\n<\/div>\n\n\n\n<div class=\"wp-block-column has-background is-layout-flow wp-block-column-is-layout-flow\" style=\"background-color:#06752f1c\">\n<figure class=\"wp-block-image aligncenter size-medium\"><img loading=\"lazy\" decoding=\"async\" width=\"300\" height=\"300\" src=\"https:\/\/blog.utp.edu.co\/josetangarife\/files\/2023\/10\/qr-code-claudia-mazo-300x300.png\" alt=\"\" class=\"wp-image-1228\" srcset=\"https:\/\/blog.utp.edu.co\/josetangarife\/files\/2023\/10\/qr-code-claudia-mazo-300x300.png 300w, https:\/\/blog.utp.edu.co\/josetangarife\/files\/2023\/10\/qr-code-claudia-mazo-1024x1024.png 1024w, https:\/\/blog.utp.edu.co\/josetangarife\/files\/2023\/10\/qr-code-claudia-mazo-150x150.png 150w, https:\/\/blog.utp.edu.co\/josetangarife\/files\/2023\/10\/qr-code-claudia-mazo-768x768.png 768w, https:\/\/blog.utp.edu.co\/josetangarife\/files\/2023\/10\/qr-code-claudia-mazo.png 1113w\" sizes=\"auto, (max-width: 300px) 100vw, 300px\" \/><\/figure>\n\n\n\n<h2 class=\"wp-block-heading has-text-align-center has-white-color has-text-color has-background\" style=\"background-color:#003d6d;padding-top:var(--wp--preset--spacing--20);padding-right:var(--wp--preset--spacing--20);padding-bottom:var(--wp--preset--spacing--20);padding-left:var(--wp--preset--spacing--20)\">Claudia Mazo<\/h2>\n\n\n\n<p class=\"has-text-align-center\">Contadora P\u00fablica Titulada<\/p>\n<\/div>\n\n\n\n<div class=\"wp-block-column has-background is-layout-flow wp-block-column-is-layout-flow\" style=\"background-color:#06752f1c\">\n<figure class=\"wp-block-image aligncenter size-medium\"><img loading=\"lazy\" decoding=\"async\" width=\"300\" height=\"300\" src=\"https:\/\/blog.utp.edu.co\/josetangarife\/files\/2023\/11\/qr-code-valen-300x300.png\" alt=\"\" class=\"wp-image-1265\" srcset=\"https:\/\/blog.utp.edu.co\/josetangarife\/files\/2023\/11\/qr-code-valen-300x300.png 300w, https:\/\/blog.utp.edu.co\/josetangarife\/files\/2023\/11\/qr-code-valen-1024x1024.png 1024w, https:\/\/blog.utp.edu.co\/josetangarife\/files\/2023\/11\/qr-code-valen-150x150.png 150w, https:\/\/blog.utp.edu.co\/josetangarife\/files\/2023\/11\/qr-code-valen-768x768.png 768w, https:\/\/blog.utp.edu.co\/josetangarife\/files\/2023\/11\/qr-code-valen.png 1098w\" sizes=\"auto, (max-width: 300px) 100vw, 300px\" \/><\/figure>\n\n\n\n<h2 class=\"wp-block-heading has-text-align-center has-white-color has-text-color has-background\" style=\"background-color:#003d6d;padding-top:var(--wp--preset--spacing--20);padding-right:var(--wp--preset--spacing--20);padding-bottom:var(--wp--preset--spacing--20);padding-left:var(--wp--preset--spacing--20)\">Valentina Villarreal<\/h2>\n\n\n\n<p class=\"has-text-align-center\">Abogada, Especialista en Derecho de Familia<\/p>\n<\/div>\n\n\n\n<div class=\"wp-block-column has-background is-layout-flow wp-block-column-is-layout-flow\" style=\"background-color:#06752f1c\">\n<figure class=\"wp-block-image aligncenter size-medium\"><img loading=\"lazy\" decoding=\"async\" width=\"300\" height=\"300\" src=\"https:\/\/blog.utp.edu.co\/josetangarife\/files\/2023\/11\/qr-code-leonardo-cardona-300x300.png\" alt=\"\" class=\"wp-image-1317\" srcset=\"https:\/\/blog.utp.edu.co\/josetangarife\/files\/2023\/11\/qr-code-leonardo-cardona-300x300.png 300w, https:\/\/blog.utp.edu.co\/josetangarife\/files\/2023\/11\/qr-code-leonardo-cardona-1024x1024.png 1024w, https:\/\/blog.utp.edu.co\/josetangarife\/files\/2023\/11\/qr-code-leonardo-cardona-150x150.png 150w, https:\/\/blog.utp.edu.co\/josetangarife\/files\/2023\/11\/qr-code-leonardo-cardona-768x768.png 768w, https:\/\/blog.utp.edu.co\/josetangarife\/files\/2023\/11\/qr-code-leonardo-cardona.png 1083w\" sizes=\"auto, (max-width: 300px) 100vw, 300px\" \/><\/figure>\n\n\n\n<h2 class=\"wp-block-heading has-text-align-center has-white-color has-text-color has-background\" style=\"background-color:#003d6d;padding-top:var(--wp--preset--spacing--20);padding-right:var(--wp--preset--spacing--20);padding-bottom:var(--wp--preset--spacing--20);padding-left:var(--wp--preset--spacing--20)\">Leonardo Cardona<\/h2>\n\n\n\n<p class=\"has-text-align-center\">Coordinador Comercial en DELTAPLUS<\/p>\n<\/div>\n<\/div>\n","protected":false},"excerpt":{"rendered":"<p>SERVICIOS Impresiona con tu Tarjeta Digital Profesional! \u00bfEst\u00e1s buscando una forma moderna y elegante de presentarte en el mundo digital? Como desarrollador web con experiencia en dise\u00f1o y desarrollo de tarjetas personales digitales, estoy aqu\u00ed para ayudarte a destacarte en l\u00ednea. \u00bfPor qu\u00e9 elegir nuestras Tarjetas Digitales? \u00bfC\u00f3mo Funciona? \u00bfPor qu\u00e9 esperar? Impulsa tu presencia [&hellip;]<\/p>\n","protected":false},"author":3281,"featured_media":0,"parent":0,"menu_order":0,"comment_status":"closed","ping_status":"closed","template":"","meta":{"_uag_custom_page_level_css":"","site-sidebar-layout":"default","site-content-layout":"","ast-site-content-layout":"default","site-content-style":"default","site-sidebar-style":"default","ast-global-header-display":"","ast-banner-title-visibility":"","ast-main-header-display":"","ast-hfb-above-header-display":"","ast-hfb-below-header-display":"","ast-hfb-mobile-header-display":"","site-post-title":"","ast-breadcrumbs-content":"","ast-featured-img":"","footer-sml-layout":"","ast-disable-related-posts":"","theme-transparent-header-meta":"","adv-header-id-meta":"","stick-header-meta":"","header-above-stick-meta":"","header-main-stick-meta":"","header-below-stick-meta":"","astra-migrate-meta-layouts":"set","ast-page-background-enabled":"default","ast-page-background-meta":{"desktop":{"background-color":"var(--ast-global-color-4)","background-image":"","background-repeat":"repeat","background-position":"center center","background-size":"auto","background-attachment":"scroll","background-type":"","background-media":"","overlay-type":"","overlay-color":"","overlay-opacity":"","overlay-gradient":""},"tablet":{"background-color":"","background-image":"","background-repeat":"repeat","background-position":"center center","background-size":"auto","background-attachment":"scroll","background-type":"","background-media":"","overlay-type":"","overlay-color":"","overlay-opacity":"","overlay-gradient":""},"mobile":{"background-color":"","background-image":"","background-repeat":"repeat","background-position":"center center","background-size":"auto","background-attachment":"scroll","background-type":"","background-media":"","overlay-type":"","overlay-color":"","overlay-opacity":"","overlay-gradient":""}},"ast-content-background-meta":{"desktop":{"background-color":"var(--ast-global-color-5)","background-image":"","background-repeat":"repeat","background-position":"center center","background-size":"auto","background-attachment":"scroll","background-type":"","background-media":"","overlay-type":"","overlay-color":"","overlay-opacity":"","overlay-gradient":""},"tablet":{"background-color":"var(--ast-global-color-5)","background-image":"","background-repeat":"repeat","background-position":"center center","background-size":"auto","background-attachment":"scroll","background-type":"","background-media":"","overlay-type":"","overlay-color":"","overlay-opacity":"","overlay-gradient":""},"mobile":{"background-color":"var(--ast-global-color-5)","background-image":"","background-repeat":"repeat","background-position":"center center","background-size":"auto","background-attachment":"scroll","background-type":"","background-media":"","overlay-type":"","overlay-color":"","overlay-opacity":"","overlay-gradient":""}},"footnotes":""},"class_list":["post-957","page","type-page","status-publish","hentry"],"uagb_featured_image_src":{"full":false,"thumbnail":false,"medium":false,"medium_large":false,"large":false,"1536x1536":false,"2048x2048":false},"uagb_author_info":{"display_name":"jltg","author_link":"https:\/\/blog.utp.edu.co\/josetangarife\/author\/joseluis\/"},"uagb_comment_info":0,"uagb_excerpt":"SERVICIOS Impresiona con tu Tarjeta Digital Profesional! \u00bfEst\u00e1s buscando una forma moderna y elegante de presentarte en el mundo digital? Como desarrollador web con experiencia en dise\u00f1o y desarrollo de tarjetas personales digitales, estoy aqu\u00ed para ayudarte a destacarte en l\u00ednea. \u00bfPor qu\u00e9 elegir nuestras Tarjetas Digitales? \u00bfC\u00f3mo Funciona? \u00bfPor qu\u00e9 esperar? Impulsa tu presencia&hellip;","_links":{"self":[{"href":"https:\/\/blog.utp.edu.co\/josetangarife\/wp-json\/wp\/v2\/pages\/957","targetHints":{"allow":["GET"]}}],"collection":[{"href":"https:\/\/blog.utp.edu.co\/josetangarife\/wp-json\/wp\/v2\/pages"}],"about":[{"href":"https:\/\/blog.utp.edu.co\/josetangarife\/wp-json\/wp\/v2\/types\/page"}],"author":[{"embeddable":true,"href":"https:\/\/blog.utp.edu.co\/josetangarife\/wp-json\/wp\/v2\/users\/3281"}],"replies":[{"embeddable":true,"href":"https:\/\/blog.utp.edu.co\/josetangarife\/wp-json\/wp\/v2\/comments?post=957"}],"version-history":[{"count":17,"href":"https:\/\/blog.utp.edu.co\/josetangarife\/wp-json\/wp\/v2\/pages\/957\/revisions"}],"predecessor-version":[{"id":1322,"href":"https:\/\/blog.utp.edu.co\/josetangarife\/wp-json\/wp\/v2\/pages\/957\/revisions\/1322"}],"wp:attachment":[{"href":"https:\/\/blog.utp.edu.co\/josetangarife\/wp-json\/wp\/v2\/media?parent=957"}],"curies":[{"name":"wp","href":"https:\/\/api.w.org\/{rel}","templated":true}]}}