{"id":298,"date":"2021-05-23T04:44:20","date_gmt":"2021-05-23T09:44:20","guid":{"rendered":"https:\/\/blog.utp.edu.co\/josetangarife\/home\/"},"modified":"2025-08-04T07:43:37","modified_gmt":"2025-08-04T12:43:37","slug":"inicio","status":"publish","type":"page","link":"https:\/\/blog.utp.edu.co\/josetangarife\/","title":{"rendered":"Inicio"},"content":{"rendered":"\n<div class=\"wp-block-uagb-container uagb-block-7f00c7dd alignfull uagb-is-root-container\"><div class=\"uagb-container-inner-blocks-wrap\">\n<div class=\"wp-block-uagb-container uagb-block-722f0c1a\">\n<div class=\"wp-block-uagb-advanced-heading uagb-block-2931fba3\"><h4 class=\"uagb-heading-text\">Hola, soy:<\/h4><div class=\"uagb-separator\"><\/div><\/div>\n\n\n\n<div class=\"wp-block-uagb-info-box uagb-block-d16d4471 uagb-infobox__content-wrap  uagb-infobox-icon-above-title uagb-infobox-image-valign-top\"><div class=\"uagb-ifb-content\"><div class=\"uagb-ifb-title-wrap\"><h1 class=\"uagb-ifb-title\">Ing. Jose Luis Tangarife Gallego<\/h1><\/div><p class=\"uagb-ifb-desc\">Desarrollador Web<\/p><\/div><\/div>\n\n\n\n<div class=\"wp-block-uagb-icon-list uagb-block-0a3c3046\"><div class=\"uagb-icon-list__wrap\">\n<div class=\"wp-block-uagb-icon-list-child uagb-block-d0ac43fd\"><a target=\"_self\" aria-label=\"jltg@utp.edu.co\" rel=\"noopener noreferrer\" href=\"#\"> <\/a><span class=\"uagb-icon-list__source-wrap\"><svg xmlns=\"https:\/\/www.w3.org\/2000\/svg\" viewBox=\"0 0 512 512\"><path d=\"M464 64C490.5 64 512 85.49 512 112C512 127.1 504.9 141.3 492.8 150.4L275.2 313.6C263.8 322.1 248.2 322.1 236.8 313.6L19.2 150.4C7.113 141.3 0 127.1 0 112C0 85.49 21.49 64 48 64H464zM217.6 339.2C240.4 356.3 271.6 356.3 294.4 339.2L512 176V384C512 419.3 483.3 448 448 448H64C28.65 448 0 419.3 0 384V176L217.6 339.2z\"><\/path><\/svg><\/span><span class=\"uagb-icon-list__label\">jltg@utp.edu.co<\/span><\/div>\n\n\n\n<div class=\"wp-block-uagb-icon-list-child uagb-block-b9fd1127\"><a target=\"_self\" aria-label=\"312 878 22 02\" rel=\"noopener noreferrer\" href=\"tel:3128782202\"> <\/a><span class=\"uagb-icon-list__source-wrap\"><svg xmlns=\"https:\/\/www.w3.org\/2000\/svg\" viewBox=\"0 0 512 512\"><path d=\"M511.2 387l-23.25 100.8c-3.266 14.25-15.79 24.22-30.46 24.22C205.2 512 0 306.8 0 54.5c0-14.66 9.969-27.2 24.22-30.45l100.8-23.25C139.7-2.602 154.7 5.018 160.8 18.92l46.52 108.5c5.438 12.78 1.77 27.67-8.98 36.45L144.5 207.1c33.98 69.22 90.26 125.5 159.5 159.5l44.08-53.8c8.688-10.78 23.69-14.51 36.47-8.975l108.5 46.51C506.1 357.2 514.6 372.4 511.2 387z\"><\/path><\/svg><\/span><span class=\"uagb-icon-list__label\">312 878 22 02<\/span><\/div>\n<\/div><\/div>\n<\/div>\n\n\n\n<div class=\"wp-block-uagb-container uagb-block-517094de\">\n<div class=\"wp-block-uagb-image aligncenter uagb-block-32215933 wp-block-uagb-image--layout-default wp-block-uagb-image--effect-static wp-block-uagb-image--align-center\"><figure class=\"wp-block-uagb-image__figure\"><img decoding=\"async\" srcset=\"https:\/\/blog.utp.edu.co\/josetangarife\/files\/2024\/01\/avatarjose2-110x300.png ,https:\/\/blog.utp.edu.co\/josetangarife\/files\/2024\/01\/avatarjose2.png 780w, https:\/\/blog.utp.edu.co\/josetangarife\/files\/2024\/01\/avatarjose2.png 360w\" sizes=\"auto, (max-width: 480px) 150px\" src=\"https:\/\/blog.utp.edu.co\/josetangarife\/files\/2024\/01\/avatarjose2-110x300.png\" alt=\"\" class=\"uag-image-1371\" width=\"110\" height=\"300\" title=\"\" loading=\"lazy\" role=\"img\"\/><\/figure><\/div>\n<\/div>\n<\/div><\/div>\n\n\n\n<div class=\"wp-block-uagb-container uagb-block-baafe6bd alignfull uagb-is-root-container\"><div class=\"uagb-container-inner-blocks-wrap\">\n<div class=\"wp-block-uagb-info-box uagb-block-34fa4a7a uagb-infobox__content-wrap  uagb-infobox-icon-above-title uagb-infobox-image-valign-top\"><div class=\"uagb-ifb-content\"><div class=\"uagb-ifb-title-wrap\"><span class=\"uagb-ifb-title-prefix\"><strong>Acerca de mi:<\/strong><\/span><h2 class=\"uagb-ifb-title\">Soy un desarrollador web con m\u00e1s de 7 a\u00f1os de experiencia, ubicado en la ciudad de Pereira, Risaralda. Me especializo en crear sitios web y soluciones digitales de alta calidad, siempre enfocados en satisfacer las necesidades espec\u00edficas de cada cliente. Mi objetivo es aportar valor y seguridad en cada proyecto, garantizando resultados efectivos y duraderos.<\/h2><\/div><\/div><\/div>\n<\/div><\/div>\n\n\n\n<div class=\"wp-block-uagb-container uagb-block-98e1a914 alignfull uagb-is-root-container\"><div class=\"uagb-container-inner-blocks-wrap\">\n<div class=\"wp-block-uagb-container uagb-block-621ee4b9\">\n<div class=\"wp-block-uagb-advanced-heading uagb-block-b933cbba\"><h3 class=\"uagb-heading-text\"><strong>Desarrollo sitios web profesionales<\/strong><\/h3><div class=\"uagb-separator\"><\/div><\/div>\n\n\n\n<figure class=\"wp-block-image size-full\"><img loading=\"lazy\" decoding=\"async\" width=\"670\" height=\"670\" src=\"https:\/\/blog.utp.edu.co\/josetangarife\/files\/2021\/05\/bg-04-free-img.jpg\" alt=\"\" class=\"wp-image-265\" srcset=\"https:\/\/blog.utp.edu.co\/josetangarife\/files\/2021\/05\/bg-04-free-img.jpg 670w, https:\/\/blog.utp.edu.co\/josetangarife\/files\/2021\/05\/bg-04-free-img-300x300.jpg 300w, https:\/\/blog.utp.edu.co\/josetangarife\/files\/2021\/05\/bg-04-free-img-150x150.jpg 150w\" sizes=\"auto, (max-width: 670px) 100vw, 670px\" \/><\/figure>\n<\/div>\n\n\n\n<div class=\"wp-block-uagb-container uagb-block-284438f4\">\n<p class=\"has-text-align-left has-medium-font-size\">Con a\u00f1os de experiencia en desarrollo web en la Universidad Tecnol\u00f3gica de Pereira, he dominado las habilidades para comprender los requisitos del cliente de acuerdo con las \u00faltimas tendencias.<\/p>\n\n\n\n<p class=\"has-text-align-left has-medium-font-size\">He trabajado con empresas de diferentes nichos para que puedas confiar en m\u00ed para el tuyo. <\/p>\n\n\n\n<p class=\"has-text-align-left has-medium-font-size\">Durante estos a\u00f1os, he adquirido experiencia en diversas \u00e1reas de la programaci\u00f3n, desde desarrollo front-end, creaci\u00f3n de p\u00e1ginas de destino y correos electr\u00f3nicos personalizados, hasta mi rol actual como desarrollador web especializado en p\u00e1ginas web. He trabajado en m\u00faltiples proyectos activos, y puedo ofrecerte las mejores ideas y estrategias para impulsar el crecimiento de tu empresa. Te propongo una variedad de opciones para que podamos colaborar y llevar tu proyecto al siguiente nivel.<\/p>\n<\/div>\n<\/div><\/div>\n\n\n\n<div class=\"wp-block-uagb-container uagb-block-c9c27376 alignfull uagb-is-root-container\"><div class=\"uagb-container-inner-blocks-wrap\">\n<div class=\"wp-block-uagb-container uagb-block-7084fef3\">\n<div class=\"wp-block-uagb-info-box uagb-block-0860fd00 uagb-infobox__content-wrap  uagb-infobox-icon-above-title uagb-infobox-image-valign-top\"><div class=\"uagb-ifb-content\"><div class=\"uagb-ifb-title-wrap\"><h2 class=\"uagb-ifb-title\">Lo que hago<\/h2><\/div><p class=\"uagb-ifb-desc\">Honestidad, Cumplimiento y Respeto en Cada Tarea<\/p><\/div><\/div>\n<\/div>\n\n\n\n<div class=\"wp-block-uagb-container uagb-block-5775896a\">\n<div class=\"wp-block-uagb-image alignright uagb-block-f6e75ba1 wp-block-uagb-image--layout-default wp-block-uagb-image--effect-static wp-block-uagb-image--align-right\"><figure class=\"wp-block-uagb-image__figure\"><a class=\"\" href=\"https:\/\/blog.utp.edu.co\/josetangarife\/servicios\/\" target=\"\" rel=\"noopener\"><img decoding=\"async\" srcset=\"https:\/\/blog.utp.edu.co\/josetangarife\/files\/2021\/05\/arrow-01-free-img.png \" sizes=\"auto, (max-width: 480px) 150px\" src=\"https:\/\/blog.utp.edu.co\/josetangarife\/files\/2021\/05\/arrow-01-free-img.png\" alt=\"\" class=\"uag-image-52\" width=\"116\" height=\"46\" title=\"\" loading=\"lazy\" role=\"img\"\/><\/a><\/figure><\/div>\n<\/div>\n<\/div><\/div>\n\n\n\n<div class=\"wp-block-uagb-container uagb-block-0a329480 alignfull uagb-is-root-container\"><div class=\"uagb-container-inner-blocks-wrap\">\n<div class=\"wp-block-uagb-container uagb-block-47ec62dc\">\n<div class=\"wp-block-uagb-info-box uagb-block-476ad479 uagb-infobox__content-wrap  uagb-infobox-icon-left uagb-infobox-left uagb-infobox-stacked-mobile uagb-infobox-image-valign-top\"><div class=\"uagb-ifb-icon-wrap\"><svg xmlns=\"https:\/\/www.w3.org\/2000\/svg\" viewBox=\"0 0 512 512\"><path d=\"M492.7 42.75C517.7 67.74 517.7 108.3 492.7 133.3L436.3 189.7L322.3 75.72L378.7 19.32C403.7-5.678 444.3-5.678 469.3 19.32L492.7 42.75zM44.89 353.2L299.7 98.34L413.7 212.3L158.8 467.1C152.1 473.8 143.8 478.7 134.6 481.4L30.59 511.1C22.21 513.5 13.19 511.1 7.03 504.1C.8669 498.8-1.47 489.8 .9242 481.4L30.65 377.4C33.26 368.2 38.16 359.9 44.89 353.2zM249.4 103.4L103.4 249.4L16 161.9C-2.745 143.2-2.745 112.8 16 94.06L94.06 16C112.8-2.745 143.2-2.745 161.9 16L181.7 35.76C181.4 36.05 181 36.36 180.7 36.69L116.7 100.7C110.4 106.9 110.4 117.1 116.7 123.3C122.9 129.6 133.1 129.6 139.3 123.3L203.3 59.31C203.6 58.99 203.1 58.65 204.2 58.3L249.4 103.4zM453.7 307.8C453.4 308 453 308.4 452.7 308.7L388.7 372.7C382.4 378.9 382.4 389.1 388.7 395.3C394.9 401.6 405.1 401.6 411.3 395.3L475.3 331.3C475.6 330.1 475.1 330.6 476.2 330.3L496 350.1C514.7 368.8 514.7 399.2 496 417.9L417.9 496C399.2 514.7 368.8 514.7 350.1 496L262.6 408.6L408.6 262.6L453.7 307.8z\"><\/path><\/svg><\/div><div class=\"uagb-ifb-content\"><div class=\"uagb-ifb-title-wrap\"><h4 class=\"uagb-ifb-title\">SOPORTE WEB<\/h4><\/div><\/div><\/div>\n<\/div>\n\n\n\n<div class=\"wp-block-uagb-container uagb-block-29a02d11\">\n<div class=\"wp-block-uagb-info-box uagb-block-ea755c8a uagb-infobox__content-wrap  uagb-infobox-icon-left uagb-infobox-left uagb-infobox-stacked-mobile uagb-infobox-image-valign-top\"><div class=\"uagb-ifb-icon-wrap\"><svg xmlns=\"https:\/\/www.w3.org\/2000\/svg\" viewBox=\"0 0 512 512\"><path d=\"M492.7 42.75C517.7 67.74 517.7 108.3 492.7 133.3L436.3 189.7L322.3 75.72L378.7 19.32C403.7-5.678 444.3-5.678 469.3 19.32L492.7 42.75zM44.89 353.2L299.7 98.34L413.7 212.3L158.8 467.1C152.1 473.8 143.8 478.7 134.6 481.4L30.59 511.1C22.21 513.5 13.19 511.1 7.03 504.1C.8669 498.8-1.47 489.8 .9242 481.4L30.65 377.4C33.26 368.2 38.16 359.9 44.89 353.2zM249.4 103.4L103.4 249.4L16 161.9C-2.745 143.2-2.745 112.8 16 94.06L94.06 16C112.8-2.745 143.2-2.745 161.9 16L181.7 35.76C181.4 36.05 181 36.36 180.7 36.69L116.7 100.7C110.4 106.9 110.4 117.1 116.7 123.3C122.9 129.6 133.1 129.6 139.3 123.3L203.3 59.31C203.6 58.99 203.1 58.65 204.2 58.3L249.4 103.4zM453.7 307.8C453.4 308 453 308.4 452.7 308.7L388.7 372.7C382.4 378.9 382.4 389.1 388.7 395.3C394.9 401.6 405.1 401.6 411.3 395.3L475.3 331.3C475.6 330.1 475.1 330.6 476.2 330.3L496 350.1C514.7 368.8 514.7 399.2 496 417.9L417.9 496C399.2 514.7 368.8 514.7 350.1 496L262.6 408.6L408.6 262.6L453.7 307.8z\"><\/path><\/svg><\/div><div class=\"uagb-ifb-content\"><div class=\"uagb-ifb-title-wrap\"><h4 class=\"uagb-ifb-title\">WEB DEVELOPMENT\u200b<\/h4><\/div><\/div><\/div>\n<\/div>\n\n\n\n<div class=\"wp-block-uagb-container uagb-block-6a7cb0c7\">\n<div class=\"wp-block-uagb-info-box uagb-block-410b0d4b uagb-infobox__content-wrap  uagb-infobox-icon-left uagb-infobox-left uagb-infobox-stacked-mobile uagb-infobox-image-valign-top\"><div class=\"uagb-ifb-icon-wrap\"><svg xmlns=\"https:\/\/www.w3.org\/2000\/svg\" viewBox=\"0 0 640 512\"><path d=\"M128 96h384v256h64V80C576 53.63 554.4 32 528 32h-416C85.63 32 64 53.63 64 80V352h64V96zM624 384h-608C7.25 384 0 391.3 0 400V416c0 35.25 28.75 64 64 64h512c35.25 0 64-28.75 64-64v-16C640 391.3 632.8 384 624 384zM365.9 286.2C369.8 290.1 374.9 292 380 292s10.23-1.938 14.14-5.844l48-48c7.812-7.813 7.812-20.5 0-28.31l-48-48c-7.812-7.813-20.47-7.813-28.28 0c-7.812 7.813-7.812 20.5 0 28.31l33.86 33.84l-33.86 33.84C358 265.7 358 278.4 365.9 286.2zM274.1 161.9c-7.812-7.813-20.47-7.813-28.28 0l-48 48c-7.812 7.813-7.812 20.5 0 28.31l48 48C249.8 290.1 254.9 292 260 292s10.23-1.938 14.14-5.844c7.812-7.813 7.812-20.5 0-28.31L240.3 224l33.86-33.84C281.1 182.4 281.1 169.7 274.1 161.9z\"><\/path><\/svg><\/div><div class=\"uagb-ifb-content\"><div class=\"uagb-ifb-title-wrap\"><h4 class=\"uagb-ifb-title\">APP DEVELOPMENT\u200b<\/h4><\/div><\/div><\/div>\n<\/div>\n\n\n\n<div class=\"wp-block-uagb-container uagb-block-b41323a3\">\n<div class=\"wp-block-uagb-info-box uagb-block-00d7ed6f uagb-infobox__content-wrap  uagb-infobox-icon-left uagb-infobox-left uagb-infobox-stacked-mobile uagb-infobox-image-valign-top\"><div class=\"uagb-ifb-icon-wrap\"><svg xmlns=\"https:\/\/www.w3.org\/2000\/svg\" viewBox=\"0 0 384 512\"><path d=\"M304 0h-224c-35.35 0-64 28.65-64 64v384c0 35.35 28.65 64 64 64h224c35.35 0 64-28.65 64-64V64C368 28.65 339.3 0 304 0zM192 480c-17.75 0-32-14.25-32-32s14.25-32 32-32s32 14.25 32 32S209.8 480 192 480zM304 64v320h-224V64H304z\"><\/path><\/svg><\/div><div class=\"uagb-ifb-content\"><div class=\"uagb-ifb-title-wrap\"><h4 class=\"uagb-ifb-title\">CHAT ONLINE<\/h4><\/div><p class=\"uagb-ifb-desc\"><br><\/p><\/div><\/div>\n<\/div>\n<\/div><\/div>\n\n\n\n<div class=\"wp-block-uagb-container uagb-block-0d54374d alignfull uagb-is-root-container\"><div class=\"uagb-container-inner-blocks-wrap\">\n<div class=\"wp-block-uagb-container uagb-block-39775653\">\n<div class=\"wp-block-uagb-info-box uagb-block-91be4233 uagb-infobox__content-wrap  uagb-infobox-icon-left uagb-infobox-left uagb-infobox-stacked-mobile uagb-infobox-image-valign-top\"><div class=\"uagb-ifb-icon-wrap\"><svg xmlns=\"https:\/\/www.w3.org\/2000\/svg\" viewBox=\"0 0 512 512\"><path d=\"M492.7 42.75C517.7 67.74 517.7 108.3 492.7 133.3L436.3 189.7L322.3 75.72L378.7 19.32C403.7-5.678 444.3-5.678 469.3 19.32L492.7 42.75zM44.89 353.2L299.7 98.34L413.7 212.3L158.8 467.1C152.1 473.8 143.8 478.7 134.6 481.4L30.59 511.1C22.21 513.5 13.19 511.1 7.03 504.1C.8669 498.8-1.47 489.8 .9242 481.4L30.65 377.4C33.26 368.2 38.16 359.9 44.89 353.2zM249.4 103.4L103.4 249.4L16 161.9C-2.745 143.2-2.745 112.8 16 94.06L94.06 16C112.8-2.745 143.2-2.745 161.9 16L181.7 35.76C181.4 36.05 181 36.36 180.7 36.69L116.7 100.7C110.4 106.9 110.4 117.1 116.7 123.3C122.9 129.6 133.1 129.6 139.3 123.3L203.3 59.31C203.6 58.99 203.1 58.65 204.2 58.3L249.4 103.4zM453.7 307.8C453.4 308 453 308.4 452.7 308.7L388.7 372.7C382.4 378.9 382.4 389.1 388.7 395.3C394.9 401.6 405.1 401.6 411.3 395.3L475.3 331.3C475.6 330.1 475.1 330.6 476.2 330.3L496 350.1C514.7 368.8 514.7 399.2 496 417.9L417.9 496C399.2 514.7 368.8 514.7 350.1 496L262.6 408.6L408.6 262.6L453.7 307.8z\"><\/path><\/svg><\/div><div class=\"uagb-ifb-content\"><div class=\"uagb-ifb-title-wrap\"><h4 class=\"uagb-ifb-title\">LADING PAGE<\/h4><\/div><\/div><\/div>\n<\/div>\n\n\n\n<div class=\"wp-block-uagb-container uagb-block-c9d5146b\">\n<div class=\"wp-block-uagb-info-box uagb-block-defcd054 uagb-infobox__content-wrap  uagb-infobox-icon-left uagb-infobox-left uagb-infobox-stacked-mobile uagb-infobox-image-valign-top\"><div class=\"uagb-ifb-icon-wrap\"><svg xmlns=\"https:\/\/www.w3.org\/2000\/svg\" viewBox=\"0 0 512 512\"><path d=\"M492.7 42.75C517.7 67.74 517.7 108.3 492.7 133.3L436.3 189.7L322.3 75.72L378.7 19.32C403.7-5.678 444.3-5.678 469.3 19.32L492.7 42.75zM44.89 353.2L299.7 98.34L413.7 212.3L158.8 467.1C152.1 473.8 143.8 478.7 134.6 481.4L30.59 511.1C22.21 513.5 13.19 511.1 7.03 504.1C.8669 498.8-1.47 489.8 .9242 481.4L30.65 377.4C33.26 368.2 38.16 359.9 44.89 353.2zM249.4 103.4L103.4 249.4L16 161.9C-2.745 143.2-2.745 112.8 16 94.06L94.06 16C112.8-2.745 143.2-2.745 161.9 16L181.7 35.76C181.4 36.05 181 36.36 180.7 36.69L116.7 100.7C110.4 106.9 110.4 117.1 116.7 123.3C122.9 129.6 133.1 129.6 139.3 123.3L203.3 59.31C203.6 58.99 203.1 58.65 204.2 58.3L249.4 103.4zM453.7 307.8C453.4 308 453 308.4 452.7 308.7L388.7 372.7C382.4 378.9 382.4 389.1 388.7 395.3C394.9 401.6 405.1 401.6 411.3 395.3L475.3 331.3C475.6 330.1 475.1 330.6 476.2 330.3L496 350.1C514.7 368.8 514.7 399.2 496 417.9L417.9 496C399.2 514.7 368.8 514.7 350.1 496L262.6 408.6L408.6 262.6L453.7 307.8z\"><\/path><\/svg><\/div><div class=\"uagb-ifb-content\"><div class=\"uagb-ifb-title-wrap\"><h4 class=\"uagb-ifb-title\">BLOGS<\/h4><\/div><\/div><\/div>\n<\/div>\n\n\n\n<div class=\"wp-block-uagb-container uagb-block-e42f86c0\">\n<div class=\"wp-block-uagb-info-box uagb-block-6534f108 uagb-infobox__content-wrap  uagb-infobox-icon-left uagb-infobox-left uagb-infobox-stacked-mobile uagb-infobox-image-valign-top\"><div class=\"uagb-ifb-icon-wrap\"><svg xmlns=\"https:\/\/www.w3.org\/2000\/svg\" viewBox=\"0 0 640 512\"><path d=\"M128 96h384v256h64V80C576 53.63 554.4 32 528 32h-416C85.63 32 64 53.63 64 80V352h64V96zM624 384h-608C7.25 384 0 391.3 0 400V416c0 35.25 28.75 64 64 64h512c35.25 0 64-28.75 64-64v-16C640 391.3 632.8 384 624 384zM365.9 286.2C369.8 290.1 374.9 292 380 292s10.23-1.938 14.14-5.844l48-48c7.812-7.813 7.812-20.5 0-28.31l-48-48c-7.812-7.813-20.47-7.813-28.28 0c-7.812 7.813-7.812 20.5 0 28.31l33.86 33.84l-33.86 33.84C358 265.7 358 278.4 365.9 286.2zM274.1 161.9c-7.812-7.813-20.47-7.813-28.28 0l-48 48c-7.812 7.813-7.812 20.5 0 28.31l48 48C249.8 290.1 254.9 292 260 292s10.23-1.938 14.14-5.844c7.812-7.813 7.812-20.5 0-28.31L240.3 224l33.86-33.84C281.1 182.4 281.1 169.7 274.1 161.9z\"><\/path><\/svg><\/div><div class=\"uagb-ifb-content\"><div class=\"uagb-ifb-title-wrap\"><h4 class=\"uagb-ifb-title\">TARJETA DE PRESENTACI\u00d3N<\/h4><\/div><\/div><\/div>\n<\/div>\n\n\n\n<div class=\"wp-block-uagb-container uagb-block-d3167a55\">\n<div class=\"wp-block-uagb-info-box uagb-block-36be0f3d uagb-infobox__content-wrap  uagb-infobox-icon-left uagb-infobox-left uagb-infobox-stacked-mobile uagb-infobox-image-valign-top\"><div class=\"uagb-ifb-icon-wrap\"><svg xmlns=\"https:\/\/www.w3.org\/2000\/svg\" viewBox=\"0 0 640 512\"><path d=\"M128 96h384v256h64V80C576 53.63 554.4 32 528 32h-416C85.63 32 64 53.63 64 80V352h64V96zM624 384h-608C7.25 384 0 391.3 0 400V416c0 35.25 28.75 64 64 64h512c35.25 0 64-28.75 64-64v-16C640 391.3 632.8 384 624 384zM365.9 286.2C369.8 290.1 374.9 292 380 292s10.23-1.938 14.14-5.844l48-48c7.812-7.813 7.812-20.5 0-28.31l-48-48c-7.812-7.813-20.47-7.813-28.28 0c-7.812 7.813-7.812 20.5 0 28.31l33.86 33.84l-33.86 33.84C358 265.7 358 278.4 365.9 286.2zM274.1 161.9c-7.812-7.813-20.47-7.813-28.28 0l-48 48c-7.812 7.813-7.812 20.5 0 28.31l48 48C249.8 290.1 254.9 292 260 292s10.23-1.938 14.14-5.844c7.812-7.813 7.812-20.5 0-28.31L240.3 224l33.86-33.84C281.1 182.4 281.1 169.7 274.1 161.9z\"><\/path><\/svg><\/div><div class=\"uagb-ifb-content\"><div class=\"uagb-ifb-title-wrap\"><h4 class=\"uagb-ifb-title\">GENERADOR DE C\u00d3DIGOS QR<\/h4><\/div><\/div><\/div>\n<\/div>\n<\/div><\/div>\n\n\n\n<div class=\"wp-block-uagb-container uagb-block-02a3dba2 alignfull uagb-is-root-container\"><div class=\"uagb-container-inner-blocks-wrap\"><\/div><\/div>\n\n\n\n<p><\/p>\n","protected":false},"excerpt":{"rendered":"<p>Hola, soy: Desarrollo sitios web profesionales Con a\u00f1os de experiencia en desarrollo web en la Universidad Tecnol\u00f3gica de Pereira, he dominado las habilidades para comprender los requisitos del cliente de acuerdo con las \u00faltimas tendencias. He trabajado con empresas de diferentes nichos para que puedas confiar en m\u00ed para el tuyo. Durante estos a\u00f1os, he [&hellip;]<\/p>\n","protected":false},"author":3281,"featured_media":0,"parent":0,"menu_order":0,"comment_status":"closed","ping_status":"closed","template":"","meta":{"_uag_custom_page_level_css":"","site-sidebar-layout":"no-sidebar","site-content-layout":"page-builder","ast-site-content-layout":"full-width-container","site-content-style":"unboxed","site-sidebar-style":"unboxed","ast-global-header-display":"","ast-banner-title-visibility":"","ast-main-header-display":"","ast-hfb-above-header-display":"","ast-hfb-below-header-display":"","ast-hfb-mobile-header-display":"","site-post-title":"disabled","ast-breadcrumbs-content":"disabled","ast-featured-img":"disabled","footer-sml-layout":"","ast-disable-related-posts":"","theme-transparent-header-meta":"enabled","adv-header-id-meta":"","stick-header-meta":"","header-above-stick-meta":"","header-main-stick-meta":"","header-below-stick-meta":"","astra-migrate-meta-layouts":"set","ast-page-background-enabled":"default","ast-page-background-meta":{"desktop":{"background-color":"var(--ast-global-color-4)","background-image":"","background-repeat":"repeat","background-position":"center center","background-size":"auto","background-attachment":"scroll","background-type":"","background-media":"","overlay-type":"","overlay-color":"","overlay-opacity":"","overlay-gradient":""},"tablet":{"background-color":"","background-image":"","background-repeat":"repeat","background-position":"center center","background-size":"auto","background-attachment":"scroll","background-type":"","background-media":"","overlay-type":"","overlay-color":"","overlay-opacity":"","overlay-gradient":""},"mobile":{"background-color":"","background-image":"","background-repeat":"repeat","background-position":"center center","background-size":"auto","background-attachment":"scroll","background-type":"","background-media":"","overlay-type":"","overlay-color":"","overlay-opacity":"","overlay-gradient":""}},"ast-content-background-meta":{"desktop":{"background-color":"var(--ast-global-color-5)","background-image":"","background-repeat":"repeat","background-position":"center center","background-size":"auto","background-attachment":"scroll","background-type":"","background-media":"","overlay-type":"","overlay-color":"","overlay-opacity":"","overlay-gradient":""},"tablet":{"background-color":"var(--ast-global-color-5)","background-image":"","background-repeat":"repeat","background-position":"center center","background-size":"auto","background-attachment":"scroll","background-type":"","background-media":"","overlay-type":"","overlay-color":"","overlay-opacity":"","overlay-gradient":""},"mobile":{"background-color":"var(--ast-global-color-5)","background-image":"","background-repeat":"repeat","background-position":"center center","background-size":"auto","background-attachment":"scroll","background-type":"","background-media":"","overlay-type":"","overlay-color":"","overlay-opacity":"","overlay-gradient":""}},"footnotes":""},"class_list":["post-298","page","type-page","status-publish","hentry"],"uagb_featured_image_src":{"full":false,"thumbnail":false,"medium":false,"medium_large":false,"large":false,"1536x1536":false,"2048x2048":false},"uagb_author_info":{"display_name":"jltg","author_link":"https:\/\/blog.utp.edu.co\/josetangarife\/author\/joseluis\/"},"uagb_comment_info":0,"uagb_excerpt":"Hola, soy: Desarrollo sitios web profesionales Con a\u00f1os de experiencia en desarrollo web en la Universidad Tecnol\u00f3gica de Pereira, he dominado las habilidades para comprender los requisitos del cliente de acuerdo con las \u00faltimas tendencias. He trabajado con empresas de diferentes nichos para que puedas confiar en m\u00ed para el tuyo. Durante estos a\u00f1os, he&hellip;","_links":{"self":[{"href":"https:\/\/blog.utp.edu.co\/josetangarife\/wp-json\/wp\/v2\/pages\/298","targetHints":{"allow":["GET"]}}],"collection":[{"href":"https:\/\/blog.utp.edu.co\/josetangarife\/wp-json\/wp\/v2\/pages"}],"about":[{"href":"https:\/\/blog.utp.edu.co\/josetangarife\/wp-json\/wp\/v2\/types\/page"}],"author":[{"embeddable":true,"href":"https:\/\/blog.utp.edu.co\/josetangarife\/wp-json\/wp\/v2\/users\/3281"}],"replies":[{"embeddable":true,"href":"https:\/\/blog.utp.edu.co\/josetangarife\/wp-json\/wp\/v2\/comments?post=298"}],"version-history":[{"count":41,"href":"https:\/\/blog.utp.edu.co\/josetangarife\/wp-json\/wp\/v2\/pages\/298\/revisions"}],"predecessor-version":[{"id":1561,"href":"https:\/\/blog.utp.edu.co\/josetangarife\/wp-json\/wp\/v2\/pages\/298\/revisions\/1561"}],"wp:attachment":[{"href":"https:\/\/blog.utp.edu.co\/josetangarife\/wp-json\/wp\/v2\/media?parent=298"}],"curies":[{"name":"wp","href":"https:\/\/api.w.org\/{rel}","templated":true}]}}