{"id":1201,"date":"2023-10-30T09:27:11","date_gmt":"2023-10-30T14:27:11","guid":{"rendered":"https:\/\/blog.utp.edu.co\/josetangarife\/?page_id=1201"},"modified":"2023-11-21T08:22:14","modified_gmt":"2023-11-21T13:22:14","slug":"claudia-mazo","status":"publish","type":"page","link":"https:\/\/blog.utp.edu.co\/josetangarife\/tarjetas-digitales-profesionales\/claudia-mazo\/","title":{"rendered":"Claudia Mazo"},"content":{"rendered":"\n<div class=\"wp-block-cover is-light\"><span aria-hidden=\"true\" class=\"wp-block-cover__background has-background-dim-0 has-background-dim\"><\/span><img loading=\"lazy\" decoding=\"async\" width=\"1064\" height=\"650\" class=\"wp-block-cover__image-background wp-image-1206\" alt=\"\" src=\"https:\/\/blog.utp.edu.co\/josetangarife\/files\/2023\/10\/fondo.jpg\" data-object-fit=\"cover\" srcset=\"https:\/\/blog.utp.edu.co\/josetangarife\/files\/2023\/10\/fondo.jpg 1064w, https:\/\/blog.utp.edu.co\/josetangarife\/files\/2023\/10\/fondo-300x183.jpg 300w, https:\/\/blog.utp.edu.co\/josetangarife\/files\/2023\/10\/fondo-1024x626.jpg 1024w, https:\/\/blog.utp.edu.co\/josetangarife\/files\/2023\/10\/fondo-768x469.jpg 768w\" sizes=\"auto, (max-width: 1064px) 100vw, 1064px\" \/><div class=\"wp-block-cover__inner-container is-layout-constrained wp-container-core-cover-is-layout-db9edeb8 wp-block-cover-is-layout-constrained\">\n<div data-aos= \"fade-left\" data-aos-duration=\"400\" data-aos-delay=\"0\" data-aos-easing=\"ease\" data-aos-once=\"true\" class=\"wp-block-uagb-info-box uagb-block-793811dc uagb-infobox__content-wrap  uagb-infobox-icon-below-title uagb-infobox-image-valign-top\"><div class=\"uagb-ifb-content\"><div class=\"uagb-ifb-title-wrap\"><h1 class=\"uagb-ifb-title\">CLAUDIA MAZO<\/h1><\/div><div class=\"uagb-ifb-separator\"><\/div><div class=\"uagb-ifb-image-content\"><img decoding=\"async\" src=\"https:\/\/blog.utp.edu.co\/josetangarife\/files\/2023\/10\/Claudia-Mazo-300x300.jpg\" alt=\"\" width=\"300\" height=\"300\" loading=\"lazy\"\/><\/div><p class=\"uagb-ifb-desc\">Contadora Publica Titulada<\/p><\/div><\/div>\n<\/div><\/div>\n\n\n\n<h4 class=\"wp-block-heading has-text-align-center has-white-background-color has-text-color has-background has-large-font-size\" style=\"color:#d00315;margin-top:0;margin-right:0;margin-bottom:0;margin-left:0;padding-top:0;padding-right:0;padding-bottom:0;padding-left:0\">Cont\u00e1ctame<\/h4>\n\n\n\n<div class=\"wp-block-columns has-background is-layout-flex wp-container-core-columns-is-layout-1ec2ec05 wp-block-columns-is-layout-flex\" style=\"background:linear-gradient(173deg,rgb(255,255,255) 55%,rgb(47,206,185) 100%);margin-top:0;margin-bottom:0;padding-top:0;padding-right:0;padding-bottom:0;padding-left:0\">\n<div class=\"wp-block-column is-layout-flow wp-block-column-is-layout-flow\">\n<div data-aos= \"fade-right\" data-aos-duration=\"400\" data-aos-delay=\"0\" data-aos-easing=\"ease\" data-aos-once=\"true\" class=\"wp-block-uagb-image aligncenter uagb-block-97806a00 wp-block-uagb-image--layout-default wp-block-uagb-image--effect-static wp-block-uagb-image--align-center\"><figure class=\"wp-block-uagb-image__figure\"><a class=\"\" href=\"mailto:csmazo@hotmail.com\" target=\"_blank\" rel=\"noreferrer noopener\"><img decoding=\"async\" srcset=\"https:\/\/blog.utp.edu.co\/josetangarife\/files\/2023\/10\/mensaje.png ,https:\/\/blog.utp.edu.co\/josetangarife\/files\/2023\/10\/mensaje.png 780w, https:\/\/blog.utp.edu.co\/josetangarife\/files\/2023\/10\/mensaje.png 360w\" sizes=\"auto, (max-width: 480px) 150px\" src=\"https:\/\/blog.utp.edu.co\/josetangarife\/files\/2023\/10\/mensaje.png\" alt=\"\" class=\"uag-image-1208\" width=\"99\" height=\"100\" title=\"\" loading=\"lazy\"\/><\/a><\/figure><\/div>\n<\/div>\n\n\n\n<div class=\"wp-block-column is-layout-flow wp-block-column-is-layout-flow\">\n<div data-aos= \"fade-right\" data-aos-duration=\"400\" data-aos-delay=\"0\" data-aos-easing=\"ease\" data-aos-once=\"true\" class=\"wp-block-uagb-image aligncenter uagb-block-0fae4ea4 wp-block-uagb-image--layout-default wp-block-uagb-image--effect-static wp-block-uagb-image--align-center\"><figure class=\"wp-block-uagb-image__figure\"><a class=\"\" href=\"https:\/\/wa.me\/573104172438\" target=\"_blank\" rel=\"noreferrer noopener\"><img decoding=\"async\" srcset=\"https:\/\/blog.utp.edu.co\/josetangarife\/files\/2023\/10\/whatsapp.png ,https:\/\/blog.utp.edu.co\/josetangarife\/files\/2023\/10\/whatsapp.png 780w, https:\/\/blog.utp.edu.co\/josetangarife\/files\/2023\/10\/whatsapp.png 360w\" sizes=\"auto, (max-width: 480px) 150px\" src=\"https:\/\/blog.utp.edu.co\/josetangarife\/files\/2023\/10\/whatsapp.png\" alt=\"\" class=\"uag-image-1209\" width=\"100\" height=\"100\" title=\"\" loading=\"lazy\"\/><\/a><\/figure><\/div>\n<\/div>\n\n\n\n<div class=\"wp-block-column is-layout-flow wp-block-column-is-layout-flow\">\n<div data-aos= \"fade-right\" data-aos-duration=\"400\" data-aos-delay=\"0\" data-aos-easing=\"ease\" data-aos-once=\"true\" class=\"wp-block-uagb-image aligncenter uagb-block-e920c7a0 wp-block-uagb-image--layout-default wp-block-uagb-image--effect-static wp-block-uagb-image--align-center\"><figure class=\"wp-block-uagb-image__figure\"><a class=\"\" href=\"https:\/\/www.linkedin.com\/in\/claudia-mazo-5ab98654\/\" target=\"_blank\" rel=\"noreferrer noopener\"><img decoding=\"async\" srcset=\"https:\/\/blog.utp.edu.co\/josetangarife\/files\/2023\/10\/linkedin-1.png ,https:\/\/blog.utp.edu.co\/josetangarife\/files\/2023\/10\/linkedin-1.png 780w, https:\/\/blog.utp.edu.co\/josetangarife\/files\/2023\/10\/linkedin-1.png 360w\" sizes=\"auto, (max-width: 480px) 150px\" src=\"https:\/\/blog.utp.edu.co\/josetangarife\/files\/2023\/10\/linkedin-1.png\" alt=\"\" class=\"uag-image-1216\" width=\"100\" height=\"100\" title=\"\" loading=\"lazy\"\/><\/a><\/figure><\/div>\n<\/div>\n<\/div>\n\n\n\n<div data-aos= \"fade-up\" data-aos-duration=\"400\" data-aos-delay=\"0\" data-aos-easing=\"ease\" data-aos-once=\"true\" class=\"wp-block-uagb-tabs uagb-block-397936fd uagb-tabs__wrap uagb-tabs__hstyle4-desktop uagb-tabs__vstyle6-tablet uagb-tabs__stack1-mobile\" data-tab-active=\"0\"><ul class=\"uagb-tabs__panel uagb-tabs__align-center\" role=\"tablist\"><li class=\"uagb-tab uagb-tabs__active\" role=\"none\"><a href=\"#uagb-tabs__tab0\" class=\"uagb-tabs-list uagb-tabs__icon-position-left\" data-tab=\"0\" role=\"tab\"><span class=\"uagb-tabs__icon\"><svg xmlns=\"https:\/\/www.w3.org\/2000\/svg\" viewBox=\"0 0 512 512\"><path d=\"M288 82.74L297.4 73.37C309.9 60.88 330.1 60.88 342.6 73.37C355.1 85.87 355.1 106.1 342.6 118.6L278.6 182.6C266.1 195.1 245.9 195.1 233.4 182.6L169.4 118.6C156.9 106.1 156.9 85.87 169.4 73.37C181.9 60.88 202.1 60.88 214.6 73.37L223.1 82.75V32C223.1 14.33 238.3 0 255.1 0C273.7 0 288 14.33 288 32L288 82.74zM438.6 342.6C426.1 355.1 405.9 355.1 393.4 342.6L329.4 278.6C316.9 266.1 316.9 245.9 329.4 233.4L393.4 169.4C405.9 156.9 426.1 156.9 438.6 169.4C451.1 181.9 451.1 202.1 438.6 214.6L429.3 223.1H480C497.7 223.1 512 238.3 512 255.1C512 273.7 497.7 287.1 480 287.1H429.3L438.6 297.4C451.1 309.9 451.1 330.1 438.6 342.6V342.6zM288 256C288 273.7 273.7 288 256 288C238.3 288 224 273.7 224 256C224 238.3 238.3 224 256 224C273.7 224 288 238.3 288 256zM182.6 233.4C195.1 245.9 195.1 266.1 182.6 278.6L118.6 342.6C106.1 355.1 85.87 355.1 73.37 342.6C60.88 330.1 60.88 309.9 73.37 297.4L82.75 288H32C14.33 288 0 273.7 0 256C0 238.3 14.33 224 32 224H82.74L73.37 214.6C60.88 202.1 60.88 181.9 73.37 169.4C85.87 156.9 106.1 156.9 118.6 169.4L182.6 233.4zM169.4 438.6C156.9 426.1 156.9 405.9 169.4 393.4L233.4 329.4C245.9 316.9 266.1 316.9 278.6 329.4L342.6 393.4C355.1 405.9 355.1 426.1 342.6 438.6C330.1 451.1 309.9 451.1 297.4 438.6L288 429.3V480C288 497.7 273.7 512 256 512C238.3 512 224 497.7 224 480V429.3L214.6 438.6C202.1 451.1 181.9 451.1 169.4 438.6H169.4z\"><\/path><\/svg><\/span>Asesor\u00edas Contables<\/a><\/li><li class=\"uagb-tab \" role=\"none\"><a href=\"#uagb-tabs__tab1\" class=\"uagb-tabs-list uagb-tabs__icon-position-left\" data-tab=\"1\" role=\"tab\"><span class=\"uagb-tabs__icon\"><svg xmlns=\"https:\/\/www.w3.org\/2000\/svg\" viewBox=\"0 0 512 512\"><path d=\"M288 82.74L297.4 73.37C309.9 60.88 330.1 60.88 342.6 73.37C355.1 85.87 355.1 106.1 342.6 118.6L278.6 182.6C266.1 195.1 245.9 195.1 233.4 182.6L169.4 118.6C156.9 106.1 156.9 85.87 169.4 73.37C181.9 60.88 202.1 60.88 214.6 73.37L223.1 82.75V32C223.1 14.33 238.3 0 255.1 0C273.7 0 288 14.33 288 32L288 82.74zM438.6 342.6C426.1 355.1 405.9 355.1 393.4 342.6L329.4 278.6C316.9 266.1 316.9 245.9 329.4 233.4L393.4 169.4C405.9 156.9 426.1 156.9 438.6 169.4C451.1 181.9 451.1 202.1 438.6 214.6L429.3 223.1H480C497.7 223.1 512 238.3 512 255.1C512 273.7 497.7 287.1 480 287.1H429.3L438.6 297.4C451.1 309.9 451.1 330.1 438.6 342.6V342.6zM288 256C288 273.7 273.7 288 256 288C238.3 288 224 273.7 224 256C224 238.3 238.3 224 256 224C273.7 224 288 238.3 288 256zM182.6 233.4C195.1 245.9 195.1 266.1 182.6 278.6L118.6 342.6C106.1 355.1 85.87 355.1 73.37 342.6C60.88 330.1 60.88 309.9 73.37 297.4L82.75 288H32C14.33 288 0 273.7 0 256C0 238.3 14.33 224 32 224H82.74L73.37 214.6C60.88 202.1 60.88 181.9 73.37 169.4C85.87 156.9 106.1 156.9 118.6 169.4L182.6 233.4zM169.4 438.6C156.9 426.1 156.9 405.9 169.4 393.4L233.4 329.4C245.9 316.9 266.1 316.9 278.6 329.4L342.6 393.4C355.1 405.9 355.1 426.1 342.6 438.6C330.1 451.1 309.9 451.1 297.4 438.6L288 429.3V480C288 497.7 273.7 512 256 512C238.3 512 224 497.7 224 480V429.3L214.6 438.6C202.1 451.1 181.9 451.1 169.4 438.6H169.4z\"><\/path><\/svg><\/span>Tributarias y Financieras<\/a><\/li><li class=\"uagb-tab \" role=\"none\"><a href=\"#uagb-tabs__tab2\" class=\"uagb-tabs-list uagb-tabs__icon-position-left\" data-tab=\"2\" role=\"tab\"><span class=\"uagb-tabs__icon\"><svg xmlns=\"https:\/\/www.w3.org\/2000\/svg\" viewBox=\"0 0 512 512\"><path d=\"M288 82.74L297.4 73.37C309.9 60.88 330.1 60.88 342.6 73.37C355.1 85.87 355.1 106.1 342.6 118.6L278.6 182.6C266.1 195.1 245.9 195.1 233.4 182.6L169.4 118.6C156.9 106.1 156.9 85.87 169.4 73.37C181.9 60.88 202.1 60.88 214.6 73.37L223.1 82.75V32C223.1 14.33 238.3 0 255.1 0C273.7 0 288 14.33 288 32L288 82.74zM438.6 342.6C426.1 355.1 405.9 355.1 393.4 342.6L329.4 278.6C316.9 266.1 316.9 245.9 329.4 233.4L393.4 169.4C405.9 156.9 426.1 156.9 438.6 169.4C451.1 181.9 451.1 202.1 438.6 214.6L429.3 223.1H480C497.7 223.1 512 238.3 512 255.1C512 273.7 497.7 287.1 480 287.1H429.3L438.6 297.4C451.1 309.9 451.1 330.1 438.6 342.6V342.6zM288 256C288 273.7 273.7 288 256 288C238.3 288 224 273.7 224 256C224 238.3 238.3 224 256 224C273.7 224 288 238.3 288 256zM182.6 233.4C195.1 245.9 195.1 266.1 182.6 278.6L118.6 342.6C106.1 355.1 85.87 355.1 73.37 342.6C60.88 330.1 60.88 309.9 73.37 297.4L82.75 288H32C14.33 288 0 273.7 0 256C0 238.3 14.33 224 32 224H82.74L73.37 214.6C60.88 202.1 60.88 181.9 73.37 169.4C85.87 156.9 106.1 156.9 118.6 169.4L182.6 233.4zM169.4 438.6C156.9 426.1 156.9 405.9 169.4 393.4L233.4 329.4C245.9 316.9 266.1 316.9 278.6 329.4L342.6 393.4C355.1 405.9 355.1 426.1 342.6 438.6C330.1 451.1 309.9 451.1 297.4 438.6L288 429.3V480C288 497.7 273.7 512 256 512C238.3 512 224 497.7 224 480V429.3L214.6 438.6C202.1 451.1 181.9 451.1 169.4 438.6H169.4z\"><\/path><\/svg><\/span>Declaraciones de Renta<\/a><\/li><\/ul><div class=\"uagb-tabs__body-wrap\">\n<div data-aos= \"fade-up\" data-aos-duration=\"400\" data-aos-delay=\"0\" data-aos-easing=\"ease\" data-aos-once=\"true\" class=\"wp-block-uagb-tabs-child uagb-tabs__body-container uagb-inner-tab-0\" aria-labelledby=\"uagb-tabs__tab0\">\n<h3 class=\"wp-block-heading has-text-align-center\">Estoy aqu\u00ed para brindarte mi experiencia y conocimiento en asesor\u00eda contable, ayud\u00e1ndote a mantener tus finanzas en orden, cumplir con tus obligaciones fiscales y optimizar la gesti\u00f3n financiera de tu negocio. <\/h3>\n\n\n\n<h3 class=\"wp-block-heading has-text-align-center\">Conf\u00eda en mi compromiso y pasi\u00f3n por la excelencia en asesoramiento contable para alcanzar tus metas financieras con \u00e9xito.<\/h3>\n<\/div>\n\n\n\n<div data-aos= \"fade-up\" data-aos-duration=\"400\" data-aos-delay=\"0\" data-aos-easing=\"ease\" data-aos-once=\"true\" class=\"wp-block-uagb-tabs-child uagb-tabs__body-container uagb-inner-tab-1\" aria-labelledby=\"uagb-tabs__tab1\">\n<h3 class=\"wp-block-heading has-text-align-center\">Te ofrezco asesoramiento especializado en cuestiones tributarias y financieras para maximizar tus recursos y cumplir con las regulaciones fiscales. <\/h3>\n\n\n\n<h3 class=\"wp-block-heading has-text-align-center\">Mi compromiso es ayudarte a tomar decisiones financieras informadas y estrat\u00e9gicas, permiti\u00e9ndote alcanzar el \u00e9xito en tus objetivos financieros.<\/h3>\n\n\n\n<h3 class=\"wp-block-heading has-text-align-center\"> Conf\u00eda en mi experiencia y dedicaci\u00f3n para optimizar tu situaci\u00f3n fiscal y financiera.<\/h3>\n<\/div>\n\n\n\n<div data-aos= \"fade-up\" data-aos-duration=\"400\" data-aos-delay=\"0\" data-aos-easing=\"ease\" data-aos-once=\"true\" class=\"wp-block-uagb-tabs-child uagb-tabs__body-container uagb-inner-tab-2\" aria-labelledby=\"uagb-tabs__tab2\">\n<h3 class=\"wp-block-heading has-text-align-center\">Como Contadora P\u00fablica titulada, me enorgullece ofrecer un servicio integral de elaboraci\u00f3n de declaraciones de renta, tanto para personas naturales como para empresas. <\/h3>\n\n\n\n<h3 class=\"wp-block-heading has-text-align-center\">Entiendo lo complejo que puede ser el proceso tributario y el impacto que tiene en tus finanzas, por lo que me comprometo a simplificarlo para ti.<\/h3>\n\n\n\n<h3 class=\"wp-block-heading has-text-align-center\">Con mi experiencia y conocimientos, puedes tener la tranquilidad de que tus declaraciones de renta estar\u00e1n en manos de un profesional comprometido con tu \u00e9xito financiero. <\/h3>\n\n\n\n<h3 class=\"wp-block-heading has-text-align-center\">No dejes que las preocupaciones tributarias te abrumen, perm\u00edteme ayudarte a aliviar esa carga y optimizar tu situaci\u00f3n fiscal.<\/h3>\n<\/div>\n<\/div><\/div>\n\n\n\n<figure class=\"wp-block-image size-full is-resized whatsapp\"><a href=\"https:\/\/wa.me\/573104172438\" target=\"_blank\" rel=\"noreferrer noopener\"><img loading=\"lazy\" decoding=\"async\" width=\"512\" height=\"512\" src=\"https:\/\/blog.utp.edu.co\/josetangarife\/files\/2023\/10\/whatsapp.png\" alt=\"Escr\u00edbeme y pregunta por lo que necesitas...\" class=\"wp-image-1209\" style=\"object-fit:cover;width:100px;height:100px\" srcset=\"https:\/\/blog.utp.edu.co\/josetangarife\/files\/2023\/10\/whatsapp.png 512w, https:\/\/blog.utp.edu.co\/josetangarife\/files\/2023\/10\/whatsapp-300x300.png 300w, https:\/\/blog.utp.edu.co\/josetangarife\/files\/2023\/10\/whatsapp-150x150.png 150w\" sizes=\"auto, (max-width: 512px) 100vw, 512px\" \/><\/a><\/figure>\n","protected":false},"excerpt":{"rendered":"<p>Cont\u00e1ctame<\/p>\n","protected":false},"author":3281,"featured_media":1228,"parent":957,"menu_order":0,"comment_status":"closed","ping_status":"closed","template":"","meta":{"_uag_custom_page_level_css":"","site-sidebar-layout":"default","site-content-layout":"","ast-site-content-layout":"default","site-content-style":"default","site-sidebar-style":"default","ast-global-header-display":"disabled","ast-banner-title-visibility":"disabled","ast-main-header-display":"","ast-hfb-above-header-display":"","ast-hfb-below-header-display":"","ast-hfb-mobile-header-display":"","site-post-title":"","ast-breadcrumbs-content":"disabled","ast-featured-img":"","footer-sml-layout":"disabled","ast-disable-related-posts":"","theme-transparent-header-meta":"","adv-header-id-meta":"","stick-header-meta":"","header-above-stick-meta":"","header-main-stick-meta":"","header-below-stick-meta":"","astra-migrate-meta-layouts":"set","ast-page-background-enabled":"default","ast-page-background-meta":{"desktop":{"background-color":"var(--ast-global-color-4)","background-image":"","background-repeat":"repeat","background-position":"center center","background-size":"auto","background-attachment":"scroll","background-type":"","background-media":"","overlay-type":"","overlay-color":"","overlay-opacity":"","overlay-gradient":""},"tablet":{"background-color":"","background-image":"","background-repeat":"repeat","background-position":"center center","background-size":"auto","background-attachment":"scroll","background-type":"","background-media":"","overlay-type":"","overlay-color":"","overlay-opacity":"","overlay-gradient":""},"mobile":{"background-color":"","background-image":"","background-repeat":"repeat","background-position":"center center","background-size":"auto","background-attachment":"scroll","background-type":"","background-media":"","overlay-type":"","overlay-color":"","overlay-opacity":"","overlay-gradient":""}},"ast-content-background-meta":{"desktop":{"background-color":"var(--ast-global-color-5)","background-image":"","background-repeat":"repeat","background-position":"center center","background-size":"auto","background-attachment":"scroll","background-type":"","background-media":"","overlay-type":"","overlay-color":"","overlay-opacity":"","overlay-gradient":""},"tablet":{"background-color":"var(--ast-global-color-5)","background-image":"","background-repeat":"repeat","background-position":"center center","background-size":"auto","background-attachment":"scroll","background-type":"","background-media":"","overlay-type":"","overlay-color":"","overlay-opacity":"","overlay-gradient":""},"mobile":{"background-color":"var(--ast-global-color-5)","background-image":"","background-repeat":"repeat","background-position":"center center","background-size":"auto","background-attachment":"scroll","background-type":"","background-media":"","overlay-type":"","overlay-color":"","overlay-opacity":"","overlay-gradient":""}},"footnotes":""},"class_list":["post-1201","page","type-page","status-publish","has-post-thumbnail","hentry"],"uagb_featured_image_src":{"full":["https:\/\/blog.utp.edu.co\/josetangarife\/files\/2023\/10\/qr-code-claudia-mazo.png",1113,1113,false],"thumbnail":["https:\/\/blog.utp.edu.co\/josetangarife\/files\/2023\/10\/qr-code-claudia-mazo-150x150.png",150,150,true],"medium":["https:\/\/blog.utp.edu.co\/josetangarife\/files\/2023\/10\/qr-code-claudia-mazo-300x300.png",300,300,true],"medium_large":["https:\/\/blog.utp.edu.co\/josetangarife\/files\/2023\/10\/qr-code-claudia-mazo-768x768.png",768,768,true],"large":["https:\/\/blog.utp.edu.co\/josetangarife\/files\/2023\/10\/qr-code-claudia-mazo-1024x1024.png",1024,1024,true],"1536x1536":["https:\/\/blog.utp.edu.co\/josetangarife\/files\/2023\/10\/qr-code-claudia-mazo.png",1113,1113,false],"2048x2048":["https:\/\/blog.utp.edu.co\/josetangarife\/files\/2023\/10\/qr-code-claudia-mazo.png",1113,1113,false]},"uagb_author_info":{"display_name":"jltg","author_link":"https:\/\/blog.utp.edu.co\/josetangarife\/author\/joseluis\/"},"uagb_comment_info":0,"uagb_excerpt":"Cont\u00e1ctame","_links":{"self":[{"href":"https:\/\/blog.utp.edu.co\/josetangarife\/wp-json\/wp\/v2\/pages\/1201","targetHints":{"allow":["GET"]}}],"collection":[{"href":"https:\/\/blog.utp.edu.co\/josetangarife\/wp-json\/wp\/v2\/pages"}],"about":[{"href":"https:\/\/blog.utp.edu.co\/josetangarife\/wp-json\/wp\/v2\/types\/page"}],"author":[{"embeddable":true,"href":"https:\/\/blog.utp.edu.co\/josetangarife\/wp-json\/wp\/v2\/users\/3281"}],"replies":[{"embeddable":true,"href":"https:\/\/blog.utp.edu.co\/josetangarife\/wp-json\/wp\/v2\/comments?post=1201"}],"version-history":[{"count":24,"href":"https:\/\/blog.utp.edu.co\/josetangarife\/wp-json\/wp\/v2\/pages\/1201\/revisions"}],"predecessor-version":[{"id":1320,"href":"https:\/\/blog.utp.edu.co\/josetangarife\/wp-json\/wp\/v2\/pages\/1201\/revisions\/1320"}],"up":[{"embeddable":true,"href":"https:\/\/blog.utp.edu.co\/josetangarife\/wp-json\/wp\/v2\/pages\/957"}],"wp:featuredmedia":[{"embeddable":true,"href":"https:\/\/blog.utp.edu.co\/josetangarife\/wp-json\/wp\/v2\/media\/1228"}],"wp:attachment":[{"href":"https:\/\/blog.utp.edu.co\/josetangarife\/wp-json\/wp\/v2\/media?parent=1201"}],"curies":[{"name":"wp","href":"https:\/\/api.w.org\/{rel}","templated":true}]}}