{"id":527,"date":"2014-02-13T13:14:13","date_gmt":"2014-02-13T13:14:13","guid":{"rendered":"http:\/\/blog.utp.edu.co\/jnsanchez\/?page_id=527"},"modified":"2014-03-12T16:42:02","modified_gmt":"2014-03-12T16:42:02","slug":"laboratorio-de-electronica-i-te3c1","status":"publish","type":"page","link":"https:\/\/blog.utp.edu.co\/jnsanchez\/laboratorio-de-electronica-i-te3c1\/","title":{"rendered":"Laboratorio de Electr\u00f3nica I TE3C1"},"content":{"rendered":"<p>Gu\u00edas de Laboratorio de Electr\u00f3nica I del profesor Edison Duque Cardona<\/p>\n<p><a href=\"http:\/\/blog.utp.edu.co\/jnsanchez\/files\/2014\/02\/practica-1.pdf\">practica 1<\/a><\/p>\n<p><a href=\"http:\/\/blog.utp.edu.co\/jnsanchez\/files\/2014\/02\/practica2.pdf\">practica2<\/a><\/p>\n<p><a href=\"http:\/\/blog.utp.edu.co\/jnsanchez\/files\/2014\/02\/practica3.pdf\">practica3<\/a><\/p>\n<p><a href=\"http:\/\/blog.utp.edu.co\/jnsanchez\/files\/2014\/02\/practica4.pdf\">practica4<\/a><\/p>\n<p><a href=\"http:\/\/blog.utp.edu.co\/jnsanchez\/files\/2014\/02\/practica5.pdf\">practica5<\/a>\u00a0\u00a0<a href=\"http:\/\/blog.utp.edu.co\/jnsanchez\/files\/2014\/02\/SENSOR-DE-TEMPERATURA-LM335-pract-5-.pdf\">SENSOR DE TEMPERATURA LM335 pract 5<\/a>\u00a0\u00a0<a href=\"http:\/\/blog.utp.edu.co\/jnsanchez\/files\/2014\/02\/Amplificadores-operacionales.pdf\">Amplificadores-operacionales<\/a><\/p>\n<p><a href=\"http:\/\/blog.utp.edu.co\/jnsanchez\/files\/2014\/02\/Practica6.pdf\">Practica6<\/a>\u00a0 \u00a0<a href=\"http:\/\/blog.utp.edu.co\/jnsanchez\/files\/2014\/02\/se\u00f1al-salida-operacional.docx\">se\u00f1al salida operacional<\/a><\/p>\n<p><a href=\"http:\/\/blog.utp.edu.co\/jnsanchez\/files\/2014\/02\/practica7.pdf\">practica7<\/a><\/p>\n<p><a href=\"http:\/\/blog.utp.edu.co\/jnsanchez\/files\/2014\/02\/practica8.pdf\">practica8<\/a><\/p>\n<p><a href=\"http:\/\/blog.utp.edu.co\/jnsanchez\/files\/2014\/02\/practica9.pdf\">practica9<\/a><\/p>\n<p><a href=\"http:\/\/blog.utp.edu.co\/jnsanchez\/files\/2014\/02\/practica10.pdf\">practica10<\/a><\/p>\n<p><a href=\"http:\/\/blog.utp.edu.co\/jnsanchez\/files\/2014\/02\/practica11.pdf\">practica11<\/a><\/p>\n<p><a href=\"http:\/\/blog.utp.edu.co\/jnsanchez\/files\/2014\/02\/practica12.pdf\">practica12<\/a><\/p>\n<p>&nbsp;<\/p>\n","protected":false},"excerpt":{"rendered":"<p>Gu\u00edas de Laboratorio de Electr\u00f3nica I del profesor Edison Duque Cardona practica 1 practica2 practica3 practica4 practica5\u00a0\u00a0SENSOR DE TEMPERATURA LM335 pract 5\u00a0\u00a0Amplificadores-operacionales Practica6\u00a0 \u00a0se\u00f1al salida operacional practica7 practica8 practica9 practica10 practica11 practica12 &nbsp;<\/p>\n","protected":false},"author":163,"featured_media":0,"parent":0,"menu_order":0,"comment_status":"open","ping_status":"open","template":"","meta":{"footnotes":""},"class_list":["post-527","page","type-page","status-publish","hentry"],"_links":{"self":[{"href":"https:\/\/blog.utp.edu.co\/jnsanchez\/wp-json\/wp\/v2\/pages\/527","targetHints":{"allow":["GET"]}}],"collection":[{"href":"https:\/\/blog.utp.edu.co\/jnsanchez\/wp-json\/wp\/v2\/pages"}],"about":[{"href":"https:\/\/blog.utp.edu.co\/jnsanchez\/wp-json\/wp\/v2\/types\/page"}],"author":[{"embeddable":true,"href":"https:\/\/blog.utp.edu.co\/jnsanchez\/wp-json\/wp\/v2\/users\/163"}],"replies":[{"embeddable":true,"href":"https:\/\/blog.utp.edu.co\/jnsanchez\/wp-json\/wp\/v2\/comments?post=527"}],"version-history":[{"count":5,"href":"https:\/\/blog.utp.edu.co\/jnsanchez\/wp-json\/wp\/v2\/pages\/527\/revisions"}],"predecessor-version":[{"id":555,"href":"https:\/\/blog.utp.edu.co\/jnsanchez\/wp-json\/wp\/v2\/pages\/527\/revisions\/555"}],"wp:attachment":[{"href":"https:\/\/blog.utp.edu.co\/jnsanchez\/wp-json\/wp\/v2\/media?parent=527"}],"curies":[{"name":"wp","href":"https:\/\/api.w.org\/{rel}","templated":true}]}}