{"id":4,"date":"2010-11-08T20:31:23","date_gmt":"2010-11-08T20:31:23","guid":{"rendered":"http:\/\/blog.utp.edu.co\/jnsanchez\/"},"modified":"2024-09-15T21:42:04","modified_gmt":"2024-09-16T02:42:04","slug":"fisica-basica","status":"publish","type":"page","link":"https:\/\/blog.utp.edu.co\/jnsanchez\/fisica-basica\/","title":{"rendered":"F\u00edsica B\u00e1sica TE 153"},"content":{"rendered":"<p>Los talleres est\u00e1n hechos por tema, vistos en clase.<\/p>\n<p><a href=\"https:\/\/drive.google.com\/file\/d\/1_XpJSESiHvkR8fiDGdHl8VFieE58Gxzy\/view?usp=sharing\">taller-No1<\/a><\/p>\n<p>Tema: Conversi\u00f3n de unidades<\/p>\n<p><a href=\"https:\/\/drive.google.com\/file\/d\/1bXWICjveFBM_8p2H4le5nQUw39qpJCWP\/view?usp=sharing\">taller No2-FB<\/a><\/p>\n<p><a href=\"https:\/\/drive.google.com\/file\/d\/1wSDT_rBNpw9QY9mPSzV_WxB5uJhMJE1Y\/view?usp=sharing\">taller-No2<\/a><\/p>\n<p>Tema: Posici\u00f3n y desplazamiento, velocidad media e instant\u00e1nea y aceleraci\u00f3n media e instant\u00e1nea.<\/p>\n<p><a href=\"http:\/\/blog.utp.edu.co\/jnsanchez\/files\/2020\/03\/taller-No.3-FB.pdf\">taller No.3-FB<\/a><\/p>\n<p><a href=\"https:\/\/drive.google.com\/file\/d\/14wHjXH42WFjYyDCCp-HekxoDVffgabl9\/view?usp=sharing\">taller-No3<\/a><\/p>\n<p>Tema: Cinem\u00e1tica, movimiento en una dimensi\u00f3n con aceleraci\u00f3n constante y ca\u00edda libre<\/p>\n<p><a href=\"http:\/\/blog.utp.edu.co\/jnsanchez\/files\/2020\/04\/taller-No.4-FB-2.pdf\">taller No.4-FB<\/a><\/p>\n<p><a href=\"https:\/\/drive.google.com\/file\/d\/1c_q9n5r-8hB_9E4ClhnkFUrMaKG7oYYt\/view?usp=sharing\">taller-No4<\/a><\/p>\n<p>Tema: Movimiento en dos dimensiones (parab\u00f3lico), movimiento circular uniforme (mcu) y aceleraci\u00f3n radial y tangencial<\/p>\n<p><a href=\"https:\/\/drive.google.com\/file\/d\/1UVUqx924CVz40sfVL9YuWkDf2ZYu-YXh\/view?usp=sharing\">Taller No5-FB<\/a><\/p>\n<p><a href=\"https:\/\/drive.google.com\/file\/d\/1NTL2EEb4Mwl5LtIfp2V5QJExCOPNYrgF\/view?usp=sharing\">taller-No5<\/a><\/p>\n<p>Tema: Leyes de Newton sin fricci\u00f3n<\/p>\n<p><a href=\"http:\/\/blog.utp.edu.co\/jnsanchez\/files\/2020\/05\/taller-No.6-FB.pdf\">taller No.6-FB<\/a><\/p>\n<p><a href=\"https:\/\/drive.google.com\/file\/d\/1Pq7hL_mPEu97rlt9seUlBefCwWM1OO_c\/view?usp=sharing\">taller-No6<\/a><\/p>\n<p>Tema: Leyes de Newton con fricci\u00f3n y Din\u00e1mica del movimiento circular uniforme<\/p>\n<p><a href=\"http:\/\/blog.utp.edu.co\/jnsanchez\/files\/2010\/11\/taller-No7-FB1.pdf\">taller No7 FB<\/a><\/p>\n<p>Tema: Trabajo realizado por una fuerza constante y variable<\/p>\n<p><a href=\"http:\/\/blog.utp.edu.co\/jnsanchez\/files\/2010\/11\/taller-No8-FB1.pdf\">taller No8 FB<\/a><\/p>\n<p>Tema: Trabajo y conservaci\u00f3n de la energ\u00eda mec\u00e1nica<\/p>\n<div><\/div>\n<div><\/div>\n","protected":false},"excerpt":{"rendered":"<p>Los talleres est\u00e1n hechos por tema, vistos en clase. taller-No1 Tema: Conversi\u00f3n de unidades taller No2-FB taller-No2 Tema: Posici\u00f3n y desplazamiento, velocidad media e instant\u00e1nea y aceleraci\u00f3n media e instant\u00e1nea. taller No.3-FB taller-No3 Tema: Cinem\u00e1tica, movimiento en una dimensi\u00f3n con &hellip; <a href=\"https:\/\/blog.utp.edu.co\/jnsanchez\/fisica-basica\/\">Sigue leyendo <span class=\"meta-nav\">&rarr;<\/span><\/a><\/p>\n","protected":false},"author":163,"featured_media":8,"parent":0,"menu_order":0,"comment_status":"open","ping_status":"open","template":"","meta":{"footnotes":""},"class_list":["post-4","page","type-page","status-publish","has-post-thumbnail","hentry"],"_links":{"self":[{"href":"https:\/\/blog.utp.edu.co\/jnsanchez\/wp-json\/wp\/v2\/pages\/4","targetHints":{"allow":["GET"]}}],"collection":[{"href":"https:\/\/blog.utp.edu.co\/jnsanchez\/wp-json\/wp\/v2\/pages"}],"about":[{"href":"https:\/\/blog.utp.edu.co\/jnsanchez\/wp-json\/wp\/v2\/types\/page"}],"author":[{"embeddable":true,"href":"https:\/\/blog.utp.edu.co\/jnsanchez\/wp-json\/wp\/v2\/users\/163"}],"replies":[{"embeddable":true,"href":"https:\/\/blog.utp.edu.co\/jnsanchez\/wp-json\/wp\/v2\/comments?post=4"}],"version-history":[{"count":30,"href":"https:\/\/blog.utp.edu.co\/jnsanchez\/wp-json\/wp\/v2\/pages\/4\/revisions"}],"predecessor-version":[{"id":4370,"href":"https:\/\/blog.utp.edu.co\/jnsanchez\/wp-json\/wp\/v2\/pages\/4\/revisions\/4370"}],"wp:featuredmedia":[{"embeddable":true,"href":"https:\/\/blog.utp.edu.co\/jnsanchez\/wp-json\/wp\/v2\/media\/8"}],"wp:attachment":[{"href":"https:\/\/blog.utp.edu.co\/jnsanchez\/wp-json\/wp\/v2\/media?parent=4"}],"curies":[{"name":"wp","href":"https:\/\/api.w.org\/{rel}","templated":true}]}}