{"id":25,"date":"2011-03-02T21:10:49","date_gmt":"2011-03-02T21:10:49","guid":{"rendered":"http:\/\/blog.utp.edu.co\/jnsanchez\/"},"modified":"2024-08-16T00:16:01","modified_gmt":"2024-08-16T00:16:01","slug":"electricidad-basica-te-123","status":"publish","type":"page","link":"https:\/\/blog.utp.edu.co\/jnsanchez\/electricidad-basica-te-123\/","title":{"rendered":"Electricidad B\u00e1sica    TE 123"},"content":{"rendered":"<p><a href=\"https:\/\/drive.google.com\/file\/d\/1dQPFqA9S2zQx_FzesQ4yDkqXV-bcQsdm\/view?usp=sharing\">Taller No.1-EB<\/a><\/p>\n<p>Tema: Vectores y fuerzas de equilibrio<\/p>\n<p><a href=\"https:\/\/drive.google.com\/file\/d\/1gB9NP_8dstPvWGWtcSfsGMVyu0sfkbAa\/view?usp=sharing\">Taller No.2-EB<\/a><\/p>\n<p>Tema: Carga el\u00e9ctrica y ley de Coulomb<\/p>\n<p><a href=\"https:\/\/drive.google.com\/file\/d\/1k81Kkc6TPaPXBi8pUk1m0iNrocDfx1uF\/view?usp=sharing\">Taller No.3-EB<\/a><\/p>\n<p>Tema: Campo el\u00e9ctrico y carga puntual en un campo el\u00e9ctrico uniforme<\/p>\n<p><a href=\"http:\/\/blog.utp.edu.co\/jnsanchez\/files\/2011\/03\/Taller-No.4EB.pdf\">Taller No.4EB<\/a><\/p>\n<p>Tema: Energ\u00eda potencial el\u00e9ctrica y\u00a0potencial el\u00e9ctrico<\/p>\n<p><a href=\"http:\/\/blog.utp.edu.co\/jnsanchez\/files\/2011\/03\/taller-No.5EB.pdf\">taller No.5EB<\/a><\/p>\n<p>Tema: Capacitancia<\/p>\n<p><a href=\"http:\/\/blog.utp.edu.co\/jnsanchez\/files\/2011\/03\/taller-No.6-EB.pdf\">taller No.6-EB<\/a><\/p>\n<p>Tema: ejercicio 1 potencia, \u00a0ejercicio 2 ley de ohn\u00a0 y\u00a0 ejercicio 3\u00a0 temperatura<\/p>\n<p><a href=\"http:\/\/blog.utp.edu.co\/jnsanchez\/files\/2011\/03\/taller-No.7EB.pdf\">taller No.7EB<\/a><\/p>\n<p>Tema: Leyes de kirchhoff<\/p>\n","protected":false},"excerpt":{"rendered":"<p>Taller No.1-EB Tema: Vectores y fuerzas de equilibrio Taller No.2-EB Tema: Carga el\u00e9ctrica y ley de Coulomb Taller No.3-EB Tema: Campo el\u00e9ctrico y carga puntual en un campo el\u00e9ctrico uniforme Taller No.4EB Tema: Energ\u00eda potencial el\u00e9ctrica y\u00a0potencial el\u00e9ctrico taller No.5EB &hellip; <a href=\"https:\/\/blog.utp.edu.co\/jnsanchez\/electricidad-basica-te-123\/\">Sigue leyendo <span class=\"meta-nav\">&rarr;<\/span><\/a><\/p>\n","protected":false},"author":163,"featured_media":2291,"parent":0,"menu_order":0,"comment_status":"open","ping_status":"open","template":"","meta":{"footnotes":""},"class_list":["post-25","page","type-page","status-publish","has-post-thumbnail","hentry"],"_links":{"self":[{"href":"https:\/\/blog.utp.edu.co\/jnsanchez\/wp-json\/wp\/v2\/pages\/25","targetHints":{"allow":["GET"]}}],"collection":[{"href":"https:\/\/blog.utp.edu.co\/jnsanchez\/wp-json\/wp\/v2\/pages"}],"about":[{"href":"https:\/\/blog.utp.edu.co\/jnsanchez\/wp-json\/wp\/v2\/types\/page"}],"author":[{"embeddable":true,"href":"https:\/\/blog.utp.edu.co\/jnsanchez\/wp-json\/wp\/v2\/users\/163"}],"replies":[{"embeddable":true,"href":"https:\/\/blog.utp.edu.co\/jnsanchez\/wp-json\/wp\/v2\/comments?post=25"}],"version-history":[{"count":29,"href":"https:\/\/blog.utp.edu.co\/jnsanchez\/wp-json\/wp\/v2\/pages\/25\/revisions"}],"predecessor-version":[{"id":4366,"href":"https:\/\/blog.utp.edu.co\/jnsanchez\/wp-json\/wp\/v2\/pages\/25\/revisions\/4366"}],"wp:featuredmedia":[{"embeddable":true,"href":"https:\/\/blog.utp.edu.co\/jnsanchez\/wp-json\/wp\/v2\/media\/2291"}],"wp:attachment":[{"href":"https:\/\/blog.utp.edu.co\/jnsanchez\/wp-json\/wp\/v2\/media?parent=25"}],"curies":[{"name":"wp","href":"https:\/\/api.w.org\/{rel}","templated":true}]}}