{"id":2,"date":"2025-12-15T15:19:26","date_gmt":"2025-12-15T14:19:26","guid":{"rendered":"https:\/\/blog.utp.edu.co\/interpretacion-del-patrimonio\/?page_id=2"},"modified":"2025-12-15T10:42:13","modified_gmt":"2025-12-15T15:42:13","slug":"pagina-ejemplo","status":"publish","type":"page","link":"https:\/\/blog.utp.edu.co\/interpretacion-del-patrimonio\/pagina-ejemplo\/","title":{"rendered":"Textos Acad\u00e9micos"},"content":{"rendered":"\n<p>En este p\u00e1gina podr\u00e1n encontrar diversas publicaciones relacionadas con la interpretaci\u00f3n del patrimonio cultural, as\u00ed como documentos y medios audiovisuales de inter\u00e9s. <\/p>\n\n\n\n<h2 class=\"wp-block-heading\">Canal de Youtube <\/h2>\n\n\n\n<p>Les compartimos un canal de Youtube en el cual podr\u00e1n encontrar informaci\u00f3n relacionada con el monumento a Cristo Rey de Belalc\u00e1zar, adem\u00e1s de algunas de las sesiones de formaci\u00f3n en guianza tur\u00edstica y dise\u00f1o de actividades tur\u00edsticas orientadas por docentes de la Escuela de Turismo Sostenible de la UTP, pertenencientes al\u00a0<strong>Grupo de Investigaci\u00f3n en Turismo Sostenible.<\/strong><\/p>\n\n\n\n<p><a href=\"https:\/\/www.youtube.com\/@CristoreydeBelalcazarColombia\/videos\">https:\/\/www.youtube.com\/@CristoreydeBelalcazarColombia\/videos<\/a><\/p>\n\n\n<h2 class=\"wp-block-post-title\">Textos Acad\u00e9micos<\/h2>\n\n\n<p>Les compartimos algunos de los textos acad\u00e9micos escritos por el docente Andr\u00e9s Rivera Berr\u00edo que se encuentran en el repositorio institucional de la UTP, en los cuales podr\u00e1n encontrar informaci\u00f3n sobre la interpretaci\u00f3n del patrimonio y el dise\u00f1o de actividades tur\u00edsticas con principios de sostenibilidad. <\/p>\n\n\n\n<p><a href=\"https:\/\/www.bing.com\/search?q=actividades+tur%C3%ADsticas+con+sentido+y+para+consentir&amp;cvid=4e10cc3709034576bb19b737712ad7d9&amp;gs_lcrp=EgRlZGdlKgYIABBFGDkyBggAEEUYOTIGCAEQABhAMgYIAhAAGEDSAQkxMTcxMGowajSoAgOwAgE&amp;FORM=ANAB01&amp;PC=DCTS\">bing.com\/ck\/a?!&amp;&amp;p=7897b09117d2dee3519989d30613854bee9c75af76fc72436b9f9837d2e52f7cJmltdHM9MTc2NTc1NjgwMA&amp;ptn=3&amp;ver=2&amp;hsh=4&amp;fclid=2a3cd4cd-9382-617c-26e0-c0ee92fb60ef&amp;psq=actividades+tur\u00edsticas+con+sentido+y+para+consentir&amp;u=a1aHR0cHM6Ly9yZXBvc2l0b3Jpby51dHAuZWR1LmNvL2l0ZW1zLzM3N2M2ZDM1LWJlZGEtNGQ0Yy1hNjViLTMyN2ZhMDczZWE0OS9mdWxs&amp;ntb=1<\/a><\/p>\n\n\n\n<p><\/p>\n\n\n\n<p><\/p>\n","protected":false},"excerpt":{"rendered":"<p>En este p\u00e1gina podr\u00e1n encontrar diversas publicaciones relacionadas con la interpretaci\u00f3n del patrimonio cultural, as\u00ed como documentos y medios audiovisuales de inter\u00e9s. Canal de Youtube Les compartimos un canal de Youtube en el cual podr\u00e1n encontrar informaci\u00f3n relacionada con el monumento a Cristo Rey de Belalc\u00e1zar, adem\u00e1s de algunas de las sesiones de formaci\u00f3n en [&hellip;]<\/p>\n","protected":false},"author":365,"featured_media":0,"parent":0,"menu_order":0,"comment_status":"closed","ping_status":"open","template":"","meta":{"footnotes":""},"class_list":["post-2","page","type-page","status-publish","hentry"],"_links":{"self":[{"href":"https:\/\/blog.utp.edu.co\/interpretacion-del-patrimonio\/wp-json\/wp\/v2\/pages\/2","targetHints":{"allow":["GET"]}}],"collection":[{"href":"https:\/\/blog.utp.edu.co\/interpretacion-del-patrimonio\/wp-json\/wp\/v2\/pages"}],"about":[{"href":"https:\/\/blog.utp.edu.co\/interpretacion-del-patrimonio\/wp-json\/wp\/v2\/types\/page"}],"author":[{"embeddable":true,"href":"https:\/\/blog.utp.edu.co\/interpretacion-del-patrimonio\/wp-json\/wp\/v2\/users\/365"}],"replies":[{"embeddable":true,"href":"https:\/\/blog.utp.edu.co\/interpretacion-del-patrimonio\/wp-json\/wp\/v2\/comments?post=2"}],"version-history":[{"count":4,"href":"https:\/\/blog.utp.edu.co\/interpretacion-del-patrimonio\/wp-json\/wp\/v2\/pages\/2\/revisions"}],"predecessor-version":[{"id":50,"href":"https:\/\/blog.utp.edu.co\/interpretacion-del-patrimonio\/wp-json\/wp\/v2\/pages\/2\/revisions\/50"}],"wp:attachment":[{"href":"https:\/\/blog.utp.edu.co\/interpretacion-del-patrimonio\/wp-json\/wp\/v2\/media?parent=2"}],"curies":[{"name":"wp","href":"https:\/\/api.w.org\/{rel}","templated":true}]}}