{"id":421,"date":"2020-06-19T14:36:12","date_gmt":"2020-06-19T14:36:12","guid":{"rendered":"http:\/\/blog.utp.edu.co\/indicios18\/?page_id=421"},"modified":"2023-09-20T14:35:04","modified_gmt":"2023-09-20T19:35:04","slug":"contactenos","status":"publish","type":"page","link":"https:\/\/blog.utp.edu.co\/indicios18\/contactenos\/","title":{"rendered":"Cont\u00e1ctenos"},"content":{"rendered":"\n<div class=\"wp-block-columns is-layout-flex wp-container-core-columns-is-layout-9d6595d7 wp-block-columns-is-layout-flex\">\n<div class=\"wp-block-column is-layout-flow wp-block-column-is-layout-flow\" style=\"flex-basis:450px\">\n<p style=\"font-size:35px\"><strong>Ma. del Carmen Falc\u00f3n T.<\/strong><\/p>\n\n\n\n<details class=\"wp-block-details is-layout-flow wp-block-details-is-layout-flow\"><summary><br>PhD en Ciencias de la Educaci\u00f3n<br>Directora Grupo de Investigaci\u00f3n INDICIOS<br>Docente Escuela de Artes Visuales<br>Facultad de Bellas Artes y Humanidades<br>UNIVERSIDAD TECNOL\u00d3GICA DE PEREIRA<\/summary>\n<p><\/p>\n<\/details>\n<\/div>\n\n\n\n<div class=\"wp-block-column is-layout-flow wp-block-column-is-layout-flow\">\n<figure class=\"wp-block-image size-full is-resized\"><img loading=\"lazy\" decoding=\"async\" src=\"https:\/\/blog.utp.edu.co\/indicios18\/files\/2023\/09\/Ma.-del-Carmen-Falco\u0301n-T.png\" alt=\"Ma. del Carmen Falc\u00f3n T.\" class=\"wp-image-2979\" style=\"width:302px;height:302px\" width=\"302\" height=\"302\" srcset=\"https:\/\/blog.utp.edu.co\/indicios18\/files\/2023\/09\/Ma.-del-Carmen-Falco\u0301n-T.png 496w, https:\/\/blog.utp.edu.co\/indicios18\/files\/2023\/09\/Ma.-del-Carmen-Falco\u0301n-T-300x300.png 300w, https:\/\/blog.utp.edu.co\/indicios18\/files\/2023\/09\/Ma.-del-Carmen-Falco\u0301n-T-150x150.png 150w, https:\/\/blog.utp.edu.co\/indicios18\/files\/2023\/09\/Ma.-del-Carmen-Falco\u0301n-T-250x250.png 250w, https:\/\/blog.utp.edu.co\/indicios18\/files\/2023\/09\/Ma.-del-Carmen-Falco\u0301n-T-174x174.png 174w\" sizes=\"auto, (max-width: 302px) 100vw, 302px\" \/><\/figure>\n<\/div>\n<\/div>\n\n\n\n<p><a href=\"mailto:falcon@utp.edu.co\">falcon@utp.edu.co<\/a> <\/p>\n\n\n\n<p><a href=\"http:\/\/blog.utp.edu.co\/indicios18\/wp-admin\/grupoindicios@utp.edu.co\">grupoindicios@utp.edu.co<\/a><\/p>\n\n\n\n<p><a href=\"mailto:educacionyarte@utp.edu.co\">educacionyarte@utp.edu.co<\/a><\/p>\n\n\n\n<p><a href=\"http:\/\/blog.utp.edu.co\/indicios18\/\">http:\/\/blog.utp.edu.co\/indicios18\/<\/a><\/p>\n\n\n\n<figure class=\"wp-block-image size-large is-resized\"><img loading=\"lazy\" decoding=\"async\" src=\"http:\/\/blog.utp.edu.co\/indicios18\/files\/2023\/06\/INDICIOS1-1024x438.png\" alt=\"\" class=\"wp-image-2868\" style=\"object-fit:contain;width:717px;height:307px\" width=\"717\" height=\"307\" srcset=\"https:\/\/blog.utp.edu.co\/indicios18\/files\/2023\/06\/INDICIOS1-1024x438.png 1024w, https:\/\/blog.utp.edu.co\/indicios18\/files\/2023\/06\/INDICIOS1-300x128.png 300w, https:\/\/blog.utp.edu.co\/indicios18\/files\/2023\/06\/INDICIOS1-768x328.png 768w, https:\/\/blog.utp.edu.co\/indicios18\/files\/2023\/06\/INDICIOS1-1536x657.png 1536w, https:\/\/blog.utp.edu.co\/indicios18\/files\/2023\/06\/INDICIOS1-2048x876.png 2048w\" sizes=\"auto, (max-width: 717px) 100vw, 717px\" \/><\/figure>\n","protected":false},"excerpt":{"rendered":"<p>Ma. del Carmen Falc\u00f3n T. falcon@utp.edu.co grupoindicios@utp.edu.co educacionyarte@utp.edu.co http:\/\/blog.utp.edu.co\/indicios18\/<\/p>\n","protected":false},"author":3281,"featured_media":2868,"parent":0,"menu_order":0,"comment_status":"closed","ping_status":"closed","template":"","meta":{"footnotes":""},"class_list":["post-421","page","type-page","status-publish","has-post-thumbnail","hentry"],"_links":{"self":[{"href":"https:\/\/blog.utp.edu.co\/indicios18\/wp-json\/wp\/v2\/pages\/421","targetHints":{"allow":["GET"]}}],"collection":[{"href":"https:\/\/blog.utp.edu.co\/indicios18\/wp-json\/wp\/v2\/pages"}],"about":[{"href":"https:\/\/blog.utp.edu.co\/indicios18\/wp-json\/wp\/v2\/types\/page"}],"author":[{"embeddable":true,"href":"https:\/\/blog.utp.edu.co\/indicios18\/wp-json\/wp\/v2\/users\/3281"}],"replies":[{"embeddable":true,"href":"https:\/\/blog.utp.edu.co\/indicios18\/wp-json\/wp\/v2\/comments?post=421"}],"version-history":[{"count":12,"href":"https:\/\/blog.utp.edu.co\/indicios18\/wp-json\/wp\/v2\/pages\/421\/revisions"}],"predecessor-version":[{"id":2982,"href":"https:\/\/blog.utp.edu.co\/indicios18\/wp-json\/wp\/v2\/pages\/421\/revisions\/2982"}],"wp:featuredmedia":[{"embeddable":true,"href":"https:\/\/blog.utp.edu.co\/indicios18\/wp-json\/wp\/v2\/media\/2868"}],"wp:attachment":[{"href":"https:\/\/blog.utp.edu.co\/indicios18\/wp-json\/wp\/v2\/media?parent=421"}],"curies":[{"name":"wp","href":"https:\/\/api.w.org\/{rel}","templated":true}]}}