{"id":381,"date":"2020-06-19T14:31:09","date_gmt":"2020-06-19T14:31:09","guid":{"rendered":"http:\/\/blog.utp.edu.co\/indicios18\/?page_id=381"},"modified":"2023-10-10T16:17:48","modified_gmt":"2023-10-10T21:17:48","slug":"quienes-somos","status":"publish","type":"page","link":"https:\/\/blog.utp.edu.co\/indicios18\/quienes-somos\/","title":{"rendered":"Qui\u00e9nes Somos"},"content":{"rendered":"\n<figure class=\"wp-block-image size-large is-resized is-style-default\"><img loading=\"lazy\" decoding=\"async\" src=\"https:\/\/blog.utp.edu.co\/indicios18\/files\/2023\/07\/INDICIOS1-1024x669.jpg\" alt=\"\" class=\"wp-image-2889\" style=\"width:837px;height:546px\" width=\"837\" height=\"546\" srcset=\"https:\/\/blog.utp.edu.co\/indicios18\/files\/2023\/07\/INDICIOS1-1024x669.jpg 1024w, https:\/\/blog.utp.edu.co\/indicios18\/files\/2023\/07\/INDICIOS1-300x196.jpg 300w, https:\/\/blog.utp.edu.co\/indicios18\/files\/2023\/07\/INDICIOS1-768x502.jpg 768w, https:\/\/blog.utp.edu.co\/indicios18\/files\/2023\/07\/INDICIOS1-1536x1004.jpg 1536w, https:\/\/blog.utp.edu.co\/indicios18\/files\/2023\/07\/INDICIOS1-2048x1338.jpg 2048w\" sizes=\"auto, (max-width: 837px) 100vw, 837px\" \/><\/figure>\n\n\n\n<p><\/p>\n\n\n\n<p class=\"has-text-align-left\">Somos un grupo de investigaci\u00f3n cuyos objetivos se relacionan a continuaci\u00f3n.<\/p>\n\n\n\n<p><strong>Objetivo General: <\/strong><\/p>\n\n\n\n<p class=\"has-white-color has-text-color has-background\" style=\"background-color:#152726\"><strong>Profundizar en la educaci\u00f3n y el arte, como campos de conocimiento interdisciplinario, aplicados para la transformaci\u00f3n pedag\u00f3gica con proyectos de intervenci\u00f3n en \u00e1mbitos educativos, sociales y culturales. <\/strong><\/p>\n\n\n\n<p><strong>Objetivos espec\u00edficos:<\/strong><\/p>\n\n\n\n<ul class=\"wp-block-list\">\n<li>Construir un plan de trabajo que analice las prioridades de investigaci\u00f3n en las pr\u00e1cticas educativas.<\/li>\n<\/ul>\n\n\n\n<p><\/p>\n\n\n\n<ul class=\"wp-block-list\">\n<li>Estructurar una base de datos que permita la selecci\u00f3n y secuencia de las necesidades observadas de acuerdo a las l\u00edneas de investigaci\u00f3n propuestas.<\/li>\n<\/ul>\n\n\n\n<p><\/p>\n\n\n\n<ul class=\"wp-block-list\">\n<li>Estudiar los componentes esenciales del grupo: Educaci\u00f3n y Arte, dirigidos a establecer la caracterizaci\u00f3n de las pr\u00e1cticas educativas como insumo de nuevas propuestas pedag\u00f3gicas en diversas disciplinas.<\/li>\n<\/ul>\n\n\n\n<p><\/p>\n\n\n\n<ul class=\"wp-block-list\">\n<li>Desarrollar proyectos encaminados al fortalecimiento acad\u00e9mico de la Universidad en funci\u00f3n de la educaci\u00f3n, investigaci\u00f3n y proyecci\u00f3n social.<\/li>\n<\/ul>\n\n\n\n<p><\/p>\n\n\n\n<ul class=\"wp-block-list\">\n<li>Configurar espacios de capacitaci\u00f3n en educaci\u00f3n, investigaci\u00f3n y extensi\u00f3n que afiancen la construcci\u00f3n de Comunidad Acad\u00e9mica.<\/li>\n<\/ul>\n\n\n\n<p><\/p>\n\n\n\n<ul class=\"wp-block-list\">\n<li>Ofrecer a la Comunidad acad\u00e9mica de la Facultad de Bellas Artes y Humanidades consultor\u00eda y asesor\u00eda t\u00e9cnica, pedag\u00f3gica, e investigativa en correspondencia a las l\u00edneas de investigaci\u00f3n del grupo.<\/li>\n<\/ul>\n\n\n\n<p><\/p>\n\n\n\n<ul class=\"wp-block-list\">\n<li>Desarrollar espacios de intercambio, reflexi\u00f3n, cooperaci\u00f3n entre personas e instituciones que compartan la filosof\u00eda del grupo.<\/li>\n<\/ul>\n\n\n\n<p><\/p>\n\n\n\n<ul class=\"wp-block-list\">\n<li>Contribuir a integrar a la Facultad de Bellas Artes y Humanidades a las redes de conocimiento virtual en lo local, regional, nacional e internacional.<\/li>\n<\/ul>\n\n\n\n<div style=\"height:100px\" aria-hidden=\"true\" class=\"wp-block-spacer\"><\/div>\n\n\n\n<hr class=\"wp-block-separator has-alpha-channel-opacity\" \/>\n\n\n\n<figure class=\"wp-block-image size-large\"><img loading=\"lazy\" decoding=\"async\" width=\"1024\" height=\"110\" src=\"http:\/\/blog.utp.edu.co\/indicios18\/files\/2023\/06\/INDICIOS2-1024x110.png\" alt=\"\" class=\"wp-image-2864\" srcset=\"https:\/\/blog.utp.edu.co\/indicios18\/files\/2023\/06\/INDICIOS2-1024x110.png 1024w, https:\/\/blog.utp.edu.co\/indicios18\/files\/2023\/06\/INDICIOS2-300x32.png 300w, https:\/\/blog.utp.edu.co\/indicios18\/files\/2023\/06\/INDICIOS2-768x82.png 768w, https:\/\/blog.utp.edu.co\/indicios18\/files\/2023\/06\/INDICIOS2-1536x165.png 1536w, https:\/\/blog.utp.edu.co\/indicios18\/files\/2023\/06\/INDICIOS2-2048x220.png 2048w\" sizes=\"auto, (max-width: 1024px) 100vw, 1024px\" \/><\/figure>\n","protected":false},"excerpt":{"rendered":"<p>Somos un grupo de investigaci\u00f3n cuyos objetivos se relacionan a continuaci\u00f3n. Objetivo General: Profundizar en la educaci\u00f3n y el arte, como campos de conocimiento interdisciplinario, aplicados para la transformaci\u00f3n pedag\u00f3gica con proyectos de intervenci\u00f3n en \u00e1mbitos educativos, sociales y culturales. Objetivos espec\u00edficos:<\/p>\n","protected":false},"author":3281,"featured_media":2873,"parent":0,"menu_order":0,"comment_status":"closed","ping_status":"closed","template":"","meta":{"footnotes":""},"class_list":["post-381","page","type-page","status-publish","has-post-thumbnail","hentry"],"_links":{"self":[{"href":"https:\/\/blog.utp.edu.co\/indicios18\/wp-json\/wp\/v2\/pages\/381","targetHints":{"allow":["GET"]}}],"collection":[{"href":"https:\/\/blog.utp.edu.co\/indicios18\/wp-json\/wp\/v2\/pages"}],"about":[{"href":"https:\/\/blog.utp.edu.co\/indicios18\/wp-json\/wp\/v2\/types\/page"}],"author":[{"embeddable":true,"href":"https:\/\/blog.utp.edu.co\/indicios18\/wp-json\/wp\/v2\/users\/3281"}],"replies":[{"embeddable":true,"href":"https:\/\/blog.utp.edu.co\/indicios18\/wp-json\/wp\/v2\/comments?post=381"}],"version-history":[{"count":32,"href":"https:\/\/blog.utp.edu.co\/indicios18\/wp-json\/wp\/v2\/pages\/381\/revisions"}],"predecessor-version":[{"id":3023,"href":"https:\/\/blog.utp.edu.co\/indicios18\/wp-json\/wp\/v2\/pages\/381\/revisions\/3023"}],"wp:featuredmedia":[{"embeddable":true,"href":"https:\/\/blog.utp.edu.co\/indicios18\/wp-json\/wp\/v2\/media\/2873"}],"wp:attachment":[{"href":"https:\/\/blog.utp.edu.co\/indicios18\/wp-json\/wp\/v2\/media?parent=381"}],"curies":[{"name":"wp","href":"https:\/\/api.w.org\/{rel}","templated":true}]}}