{"id":2931,"date":"2023-09-19T13:05:41","date_gmt":"2023-09-19T18:05:41","guid":{"rendered":"https:\/\/blog.utp.edu.co\/indicios18\/?page_id=2931"},"modified":"2023-10-10T16:18:19","modified_gmt":"2023-10-10T21:18:19","slug":"mision-y-vision","status":"publish","type":"page","link":"https:\/\/blog.utp.edu.co\/indicios18\/mision-y-vision\/","title":{"rendered":"Misi\u00f3n y Visi\u00f3n"},"content":{"rendered":"\n<h1 class=\"wp-block-heading has-text-align-center has-white-color has-text-color has-background\" style=\"background-color:#152726;font-size:35px\"><strong><em>Misi\u00f3n y Visi\u00f3n del grupo de investigaci\u00f3n<\/em><\/strong> INDICIOS: Educaci\u00f3n, Arte<\/h1>\n\n\n\n<div style=\"height:100px\" aria-hidden=\"true\" class=\"wp-block-spacer\"><\/div>\n\n\n\n<p class=\"has-medium-font-size\"><strong>MISI\u00d3N:<\/strong><\/p>\n\n\n\n<p style=\"font-size:17px\">Generar estrategias que posibiliten el desarrollo de capacidades y conocimientos para la innovaci\u00f3n y contextualizaci\u00f3n de pr\u00e1cticas educativas, pedag\u00f3gicas y did\u00e1cticas en curr\u00edculos acad\u00e9micos, donde las artes y la educaci\u00f3n, se constituyan en campos de conocimiento interdisciplinar y reflexivo; configurando espacios de formaci\u00f3n en educaci\u00f3n, investigaci\u00f3n y extensi\u00f3n, que fortalezcan la construcci\u00f3n de la Comunidad Acad\u00e9mica de la UTP y su Proyecto Educativo Institucional.<\/p>\n\n\n\n<p class=\"has-medium-font-size\"><strong>VISI\u00d3N:<\/strong><\/p>\n\n\n\n<p style=\"font-size:17px\">La visi\u00f3n del Grupo de Investigaci\u00f3n INDICIOS: Educaci\u00f3n y Arte, es generar una evoluci\u00f3n pedag\u00f3gica sustancial, que facilite la transformaci\u00f3n del sujeto, con una formaci\u00f3n integral que le permita afrontar las din\u00e1micas del mundo contempor\u00e1neo.<\/p>\n\n\n\n<div style=\"height:100px\" aria-hidden=\"true\" class=\"wp-block-spacer\"><\/div>\n\n\n\n<hr class=\"wp-block-separator has-alpha-channel-opacity\" \/>\n\n\n\n<figure class=\"wp-block-image size-large\"><img loading=\"lazy\" decoding=\"async\" width=\"1024\" height=\"110\" src=\"http:\/\/blog.utp.edu.co\/indicios18\/files\/2023\/06\/INDICIOS2-1024x110.png\" alt=\"\" class=\"wp-image-2864\" srcset=\"https:\/\/blog.utp.edu.co\/indicios18\/files\/2023\/06\/INDICIOS2-1024x110.png 1024w, https:\/\/blog.utp.edu.co\/indicios18\/files\/2023\/06\/INDICIOS2-300x32.png 300w, https:\/\/blog.utp.edu.co\/indicios18\/files\/2023\/06\/INDICIOS2-768x82.png 768w, https:\/\/blog.utp.edu.co\/indicios18\/files\/2023\/06\/INDICIOS2-1536x165.png 1536w, https:\/\/blog.utp.edu.co\/indicios18\/files\/2023\/06\/INDICIOS2-2048x220.png 2048w\" sizes=\"auto, (max-width: 1024px) 100vw, 1024px\" \/><\/figure>\n","protected":false},"excerpt":{"rendered":"<p>Misi\u00f3n y Visi\u00f3n del grupo de investigaci\u00f3n INDICIOS: Educaci\u00f3n, Arte MISI\u00d3N: Generar estrategias que posibiliten el desarrollo de capacidades y conocimientos para la innovaci\u00f3n y contextualizaci\u00f3n de pr\u00e1cticas educativas, pedag\u00f3gicas y did\u00e1cticas en curr\u00edculos acad\u00e9micos, donde las artes y la educaci\u00f3n, se constituyan en campos de conocimiento interdisciplinar y reflexivo; configurando espacios de formaci\u00f3n en <a href=\"https:\/\/blog.utp.edu.co\/indicios18\/mision-y-vision\/\" rel=\"nofollow\"><span class=\"sr-only\">Leer m\u00e1sMisi\u00f3n y Visi\u00f3n<\/span>[&hellip;]<\/a><\/p>\n","protected":false},"author":989,"featured_media":0,"parent":0,"menu_order":0,"comment_status":"closed","ping_status":"closed","template":"","meta":{"footnotes":""},"class_list":["post-2931","page","type-page","status-publish","hentry"],"_links":{"self":[{"href":"https:\/\/blog.utp.edu.co\/indicios18\/wp-json\/wp\/v2\/pages\/2931","targetHints":{"allow":["GET"]}}],"collection":[{"href":"https:\/\/blog.utp.edu.co\/indicios18\/wp-json\/wp\/v2\/pages"}],"about":[{"href":"https:\/\/blog.utp.edu.co\/indicios18\/wp-json\/wp\/v2\/types\/page"}],"author":[{"embeddable":true,"href":"https:\/\/blog.utp.edu.co\/indicios18\/wp-json\/wp\/v2\/users\/989"}],"replies":[{"embeddable":true,"href":"https:\/\/blog.utp.edu.co\/indicios18\/wp-json\/wp\/v2\/comments?post=2931"}],"version-history":[{"count":11,"href":"https:\/\/blog.utp.edu.co\/indicios18\/wp-json\/wp\/v2\/pages\/2931\/revisions"}],"predecessor-version":[{"id":3024,"href":"https:\/\/blog.utp.edu.co\/indicios18\/wp-json\/wp\/v2\/pages\/2931\/revisions\/3024"}],"wp:attachment":[{"href":"https:\/\/blog.utp.edu.co\/indicios18\/wp-json\/wp\/v2\/media?parent=2931"}],"curies":[{"name":"wp","href":"https:\/\/api.w.org\/{rel}","templated":true}]}}